{"id":4021,"date":"2020-03-18T15:21:48","date_gmt":"2020-03-18T15:21:48","guid":{"rendered":"https:\/\/web.velvetmedia.it\/vicenzi-usa\/?page_id=4021"},"modified":"2025-02-28T09:21:16","modified_gmt":"2025-02-28T09:21:16","slug":"une-saga-centenaire","status":"publish","type":"page","link":"https:\/\/www.matildevicenzi.com\/ca-fr\/une-saga-centenaire\/","title":{"rendered":"Une saga centenaire"},"content":{"rendered":"<p><section id=\"bt_bb_section69f2ec48bc3d8\" class=\"bt_bb_section bt_bb_color_scheme_1 bt_bb_layout_wide bt_bb_full_screen bt_bb_vertical_align_top bt_bb_hidden_xs bt_bb_hidden_ms bt_bb_hidden_sm\" style=\"; --section-primary-color:#ffffff; --section-secondary-color:#191919;;background-color:#fdf6e5;\" data-bt-override-class=\"null\"><div class=\"bt_bb_background_image_holder_wrapper\"><div class=\"bt_bb_background_image_holder\"  data-parallax-zoom-start=\"1\" data-parallax-zoom-end=\"1\" data-parallax-blur-start=\"0\" data-parallax-blur-end=\"0\" data-parallax-opacity-start=\"1\" data-parallax-opacity-end=\"1\" style=\" background-image:url(&#039;https:\/\/www.matildevicenzi.com\/ca-fr\/wp-content\/uploads\/sites\/21\/2020\/03\/about-bg.jpg&#039;);\"><\/div><\/div><div class=\"bt_bb_port\"><div class=\"bt_bb_cell\"><div class=\"bt_bb_cell_inner\"><div class=\"bt_bb_row \"  data-bt-override-class=\"{}\"><div class=\"bt_bb_row_holder\" ><div  class=\"bt_bb_column col-xxl-12 col-xl-12 bt_bb_vertical_align_middle bt_bb_align_center bt_bb_padding_normal bt_bb_animation_fade_in animate\" style=\"; --column-width:12;\" data-width=\"12\" data-bt-override-class=\"{}\"><div class=\"bt_bb_column_content\"><div class=\"bt_bb_column_content_inner\"><div class=\"bt_bb_image bt_bb_shape_square bt_bb_target_self bt_bb_align_inherit bt_bb_hover_style_simple bt_bb_content_display_always bt_bb_content_align_middle\" data-bt-override-class=\"{}\"><span><img decoding=\"async\" src=\"https:\/\/www.matildevicenzi.com\/ca-fr\/wp-content\/plugins\/bold-page-builder\/img\/placeholder.png\" alt=\"Placeholder image\" title=\"Placeholder image\"><\/span><\/div><\/div><\/div><\/div><\/div><\/div><\/div><!-- cell_inner --><\/div><!-- cell --><\/div><!-- port --><\/section><section id=\"bt_bb_section69f2ec48bc9c3\" class=\"bt_bb_section bt_bb_color_scheme_1 bt_bb_layout_wide bt_bb_full_screen bt_bb_vertical_align_top bt_bb_hidden_md bt_bb_hidden_lg\" style=\"; --section-primary-color:#ffffff; --section-secondary-color:#191919;;background-color:#fdf6e5;\" data-bt-override-class=\"null\"><div class=\"bt_bb_background_image_holder_wrapper\"><div class=\"bt_bb_background_image_holder\"  data-parallax-zoom-start=\"1\" data-parallax-zoom-end=\"1\" data-parallax-blur-start=\"0\" data-parallax-blur-end=\"0\" data-parallax-opacity-start=\"1\" data-parallax-opacity-end=\"1\" style=\" background-image:url(&#039;https:\/\/www.matildevicenzi.com\/ca-fr\/wp-content\/uploads\/sites\/21\/2020\/03\/about-bg-sm.jpg&#039;);\"><\/div><\/div><div class=\"bt_bb_port\"><div class=\"bt_bb_cell\"><div class=\"bt_bb_cell_inner\"><div class=\"bt_bb_row  bt_bb_hidden_xs bt_bb_hidden_ms bt_bb_hidden_sm\"  data-bt-override-class=\"{}\"><div class=\"bt_bb_row_holder\" ><div  class=\"bt_bb_column col-xxl-12 col-xl-12 bt_bb_vertical_align_middle bt_bb_align_center bt_bb_padding_normal bt_bb_animation_fade_in animate\" style=\"; --column-width:12;\" data-width=\"12\" data-bt-override-class=\"{}\"><div class=\"bt_bb_column_content\"><div class=\"bt_bb_column_content_inner\"><div class=\"bt_bb_image bt_bb_shape_square bt_bb_target_self bt_bb_align_inherit bt_bb_hover_style_simple bt_bb_content_display_always bt_bb_content_align_middle\" data-bt-override-class=\"{}\"><span><img decoding=\"async\" src=\"https:\/\/www.matildevicenzi.com\/ca-fr\/wp-content\/plugins\/bold-page-builder\/img\/placeholder.png\" alt=\"Placeholder image\" title=\"Placeholder image\"><\/span><\/div><\/div><\/div><\/div><\/div><\/div><\/div><!-- cell_inner --><\/div><!-- cell --><\/div><!-- port --><\/section><section id=\"bt_bb_section69f2ec48bcc18\" class=\"bt_bb_section bt_bb_color_scheme_1 bt_bb_layout_wide bt_bb_vertical_align_middle\" style=\"; --section-primary-color:#ffffff; --section-secondary-color:#191919;;background-color:#ffffff;\" data-bt-override-class=\"null\"><div class=\"bt_bb_port\"><div class=\"bt_bb_cell\"><div class=\"bt_bb_cell_inner\"><div class=\"bt_bb_row \"  data-bt-override-class=\"{}\"><div class=\"bt_bb_row_holder\" ><div  class=\"bt_bb_column col-xxl-2 col-xl-2 bt_bb_vertical_align_middle bt_bb_align_center bt_bb_padding_normal bt_bb_animation_fade_in animate\" style=\"; --column-width:2;\" data-width=\"2\" data-bt-override-class=\"{}\"><div class=\"bt_bb_column_content\"><div class=\"bt_bb_column_content_inner\"><\/div><\/div><\/div><div  class=\"bt_bb_column col-xxl-8 col-xl-8 bt_bb_vertical_align_top bt_bb_align_center bt_bb_padding_normal\" style=\"; --column-width:8;\" data-width=\"8\" data-bt-override-class=\"{}\"><div class=\"bt_bb_column_content\"><div class=\"bt_bb_column_content_inner\"><div class=\"bt_bb_separator bt_bb_border_style_none bt_bb_bottom_spacing_medium\" data-bt-override-class=\"null\"><\/div><header class=\"bt_bb_headline bt_bb_font_weight_normal bt_bb_color_scheme_5 bt_bb_dash_none bt_bb_size_large bt_bb_align_inherit\" style=\";font-family:&#039;Dancing Script&#039;; --primary-color:#191919; --secondary-color:#786b49;;color:#f0bb35;border-color:#f0bb35;\" data-bt-override-class=\"{&quot;bt_bb_size_&quot;:{&quot;current_class&quot;:&quot;bt_bb_size_large&quot;,&quot;def&quot;:&quot;large&quot;,&quot;xl&quot;:&quot;large&quot;},&quot;bt_bb_align_&quot;:{&quot;current_class&quot;:&quot;bt_bb_align_inherit&quot;,&quot;def&quot;:&quot;inherit&quot;,&quot;xl&quot;:&quot;inherit&quot;}}\"><h1 style=\"font-family:'Dancing Script'\" class=\"bt_bb_headline_tag\"><span class=\"bt_bb_headline_content\"><span>Une saga centenaire<\/span><\/span><\/h1><\/header><div class=\"bt_bb_separator bt_bb_border_style_none bt_bb_bottom_spacing_normal\" data-bt-override-class=\"null\"><\/div><\/div><\/div><\/div><div  class=\"bt_bb_column col-xxl-2 col-xl-2 bt_bb_vertical_align_top bt_bb_align_left bt_bb_padding_normal\" style=\"; --column-width:2;\" data-width=\"2\" data-bt-override-class=\"{}\"><div class=\"bt_bb_column_content\"><div class=\"bt_bb_column_content_inner\"><\/div><\/div><\/div><\/div><\/div><\/div><!-- cell_inner --><\/div><!-- cell --><\/div><!-- port --><\/section><section id=\"bt_bb_section69f2ec48bd0ef\" class=\"bt_bb_section bt_bb_color_scheme_2 bt_bb_layout_wide bt_bb_vertical_align_middle\" style=\"; --section-primary-color:#191919; --section-secondary-color:#ffffff;;background-color:#ffffff;\" data-bt-override-class=\"null\"><div class=\"bt_bb_port\"><div class=\"bt_bb_cell\"><div class=\"bt_bb_cell_inner\"><div class=\"bt_bb_row  pl-50 pr-50 pl-30 pr-30\"  data-bt-override-class=\"{}\"><div class=\"bt_bb_row_holder\" ><div  class=\"bt_bb_column col-xxl-2 col-xl-2 bt_bb_vertical_align_middle bt_bb_align_center bt_bb_padding_normal bt_bb_animation_fade_in animate\" style=\"; --column-width:2;\" data-width=\"2\" data-bt-override-class=\"{}\"><div class=\"bt_bb_column_content\"><div class=\"bt_bb_column_content_inner\"><\/div><\/div><\/div><div  class=\"bt_bb_column col-xxl-8 col-xl-8 bt_bb_vertical_align_top bt_bb_align_center bt_bb_padding_normal\" style=\"; --column-width:8;\" data-width=\"8\" data-bt-override-class=\"{}\"><div class=\"bt_bb_column_content\"><div class=\"bt_bb_column_content_inner\"><div class=\"bt_bb_separator bt_bb_border_style_none bt_bb_top_spacing_normal\" data-bt-override-class=\"null\"><\/div><header class=\"bt_bb_headline yellow-text bt_bb_color_scheme_2 bt_bb_dash_none bt_bb_size_small bt_bb_align_inherit yellow-text\" style=\"; --primary-color:#191919; --secondary-color:#ffffff;;color:#f0bb35;border-color:#f0bb35;\" data-bt-override-class=\"{&quot;bt_bb_size_&quot;:{&quot;current_class&quot;:&quot;bt_bb_size_small&quot;,&quot;def&quot;:&quot;small&quot;,&quot;xl&quot;:&quot;small&quot;},&quot;bt_bb_align_&quot;:{&quot;current_class&quot;:&quot;bt_bb_align_inherit&quot;,&quot;def&quot;:&quot;inherit&quot;,&quot;xl&quot;:&quot;inherit&quot;}}\"><h4 class=\"bt_bb_headline_tag\"><span class=\"bt_bb_headline_content\"><span>Le r\u00eave d'une femme du 19e si\u00e8cle. L'h\u00e9ritage d'une entreprise familiale unique en son genre.<\/span><\/span><\/h4><\/header><div class=\"bt_bb_separator bt_bb_border_style_none bt_bb_bottom_spacing_medium\" data-bt-override-class=\"null\"><\/div><div  class=\"bt_bb_text\" ><\/p>\n<p>N\u00e9e en 1866, Matilde Vicenzi est la fondatrice de l&rsquo;entreprise qui porte encore aujourd&rsquo;hui son nom.<\/p>\n<p>\n<\/div><div class=\"bt_bb_separator bt_bb_border_style_none bt_bb_bottom_spacing_normal\" data-bt-override-class=\"null\"><\/div><div  class=\"bt_bb_text\" ><\/p>\n<p>Passionn\u00e9e de p\u00e2tisserie, Matilde g\u00e8re sa propre boutique dans les faubourgs de V\u00e9rone au d\u00e9but du XXe si\u00e8cle\u00a0: le premier document officiel faisant r\u00e9f\u00e9rence \u00e0 son premier petit magasin date de 1905.<\/p>\n<p>\n<\/div><div class=\"bt_bb_separator bt_bb_border_style_none bt_bb_bottom_spacing_normal\" data-bt-override-class=\"null\"><\/div><div  class=\"bt_bb_text\" ><\/p>\n<h5>Laiss\u00e9e veuve par son mari Sante, elle d\u00e9veloppe l&rsquo;activit\u00e9 de fabrication de biscuits et de p\u00e2tisseries avec soin et passion. Sa touche toute f\u00e9minine et la qualit\u00e9 des ingr\u00e9dients garantissent un succ\u00e8s croissant \u00e0 ses produits, non seulement \u00e0 V\u00e9rone, mais aussi dans toute l&rsquo;Italie.<\/h5>\n<p>\n<\/div><div  class=\"bt_bb_text\" ><\/p>\n<p>Cette femme tr\u00e8s charismatique est un exemple unique d&rsquo;entrepreneuriat f\u00e9minin au d\u00e9but du si\u00e8cle. Elle est ensuite devenue une source d&rsquo;inspiration pour son petit-fils Giuseppe Vicenzi, qui a transform\u00e9 l&rsquo;entreprise familiale en un leader sur le march\u00e9 et qui, aujourd&rsquo;hui encore, conduit l&rsquo;expansion de l&rsquo;entreprise dans le monde entier.<\/p>\n<p>\n<\/div><div class=\"bt_bb_separator bt_bb_border_style_none bt_bb_top_spacing_large bt_bb_bottom_spacing_normal\" data-bt-override-class=\"null\"><\/div><\/div><\/div><\/div><div  class=\"bt_bb_column col-xxl-2 col-xl-2 bt_bb_vertical_align_top bt_bb_align_left bt_bb_padding_normal\" style=\"; --column-width:2;\" data-width=\"2\" data-bt-override-class=\"{}\"><div class=\"bt_bb_column_content\"><div class=\"bt_bb_column_content_inner\"><\/div><\/div><\/div><\/div><\/div><\/div><!-- cell_inner --><\/div><!-- cell --><\/div><!-- port --><\/section><section id=\"bt_bb_section69f2ec48bd691\" class=\"bt_bb_section bt_bb_layout_wide bt_bb_vertical_align_top bg-gradient-yellow\"  data-bt-override-class=\"null\"><div class=\"bt_bb_port\"><div class=\"bt_bb_cell\"><div class=\"bt_bb_cell_inner\"><div class=\"bt_bb_row \"  data-bt-override-class=\"{}\"><div class=\"bt_bb_row_holder\" ><div  class=\"bt_bb_column col-xxl-3 col-xl-3 bt_bb_vertical_align_middle bt_bb_align_center bt_bb_padding_normal bt_bb_animation_fade_in animate\" style=\"; --column-width:3;\" data-width=\"3\" data-bt-override-class=\"{}\"><div class=\"bt_bb_column_content\"><div class=\"bt_bb_column_content_inner\"><\/div><\/div><\/div><div  class=\"bt_bb_column col-xxl-6 col-xl-6 bt_bb_vertical_align_middle bt_bb_align_center bt_bb_padding_normal\" style=\"; --column-width:6;\" data-width=\"6\" data-bt-override-class=\"{}\"><div class=\"bt_bb_column_content\"><div class=\"bt_bb_column_content_inner\"><div class=\"bt_bb_image bt_bb_shape_square bt_bb_target_self bt_bb_align_inherit bt_bb_hover_style_simple bt_bb_content_display_always bt_bb_content_align_middle\" data-bt-override-class=\"{}\"><span><img fetchpriority=\"high\" decoding=\"async\" width=\"600\" height=\"600\" src=\"https:\/\/www.matildevicenzi.com\/ca-fr\/wp-content\/uploads\/sites\/21\/2020\/03\/Una-storia-di-famiglia.jpg\" class=\"attachment-full size-full\" alt=\"https:\/\/www.matildevicenzi.com\/ca-fr\/wp-content\/uploads\/sites\/21\/2020\/03\/Una-storia-di-famiglia.jpg\" data-full_image_src=\"https:\/\/www.matildevicenzi.com\/ca-fr\/wp-content\/uploads\/sites\/21\/2020\/03\/Una-storia-di-famiglia.jpg\" title=\"Una storia di famiglia\" srcset=\"https:\/\/www.matildevicenzi.com\/ca-fr\/wp-content\/uploads\/sites\/21\/2020\/03\/Una-storia-di-famiglia.jpg 600w, https:\/\/www.matildevicenzi.com\/ca-fr\/wp-content\/uploads\/sites\/21\/2020\/03\/Una-storia-di-famiglia-160x160.jpg 160w, https:\/\/www.matildevicenzi.com\/ca-fr\/wp-content\/uploads\/sites\/21\/2020\/03\/Una-storia-di-famiglia-320x320.jpg 320w\" sizes=\"(max-width: 600px) 100vw, 600px\" \/><\/span><\/div><div class=\"bt_bb_separator bt_bb_border_style_none bt_bb_top_spacing_medium\" data-bt-override-class=\"null\"><\/div><\/div><\/div><\/div><div  class=\"bt_bb_column col-xxl-3 col-xl-3 bt_bb_vertical_align_top bt_bb_align_left bt_bb_padding_normal\" style=\"; --column-width:3;\" data-width=\"3\" data-bt-override-class=\"{}\"><div class=\"bt_bb_column_content\"><div class=\"bt_bb_column_content_inner\"><\/div><\/div><\/div><\/div><\/div><\/div><!-- cell_inner --><\/div><!-- cell --><\/div><!-- port --><\/section><section id=\"bt_bb_section69f2ec48bf85a\" class=\"bt_bb_section bt_bb_color_scheme_2 bt_bb_layout_wide bt_bb_vertical_align_middle\" style=\"; --section-primary-color:#191919; --section-secondary-color:#ffffff;;background-color:#fdf6e5;\" data-bt-override-class=\"null\"><div class=\"bt_bb_port\"><div class=\"bt_bb_cell\"><div class=\"bt_bb_cell_inner\"><div class=\"bt_bb_row  pl-50 pr-50 pl-30 pr-30\"  data-bt-override-class=\"{}\"><div class=\"bt_bb_row_holder\" ><div  class=\"bt_bb_column col-xxl-2 col-xl-2 bt_bb_vertical_align_middle bt_bb_align_center bt_bb_padding_normal bt_bb_animation_fade_in animate\" style=\"; --column-width:2;\" data-width=\"2\" data-bt-override-class=\"{}\"><div class=\"bt_bb_column_content\"><div class=\"bt_bb_column_content_inner\"><\/div><\/div><\/div><div  class=\"bt_bb_column col-xxl-8 col-xl-8 bt_bb_vertical_align_top bt_bb_align_center bt_bb_padding_normal\" style=\"; --column-width:8;\" data-width=\"8\" data-bt-override-class=\"{}\"><div class=\"bt_bb_column_content\"><div class=\"bt_bb_column_content_inner\"><div class=\"bt_bb_separator bt_bb_border_style_none bt_bb_top_spacing_small bt_bb_bottom_spacing_medium\" data-bt-override-class=\"null\"><\/div><header class=\"bt_bb_headline yellow-text bt_bb_color_scheme_2 bt_bb_dash_none bt_bb_size_small bt_bb_align_inherit yellow-text\" style=\"; --primary-color:#191919; --secondary-color:#ffffff;;color:#f0bb35;border-color:#f0bb35;\" data-bt-override-class=\"{&quot;bt_bb_size_&quot;:{&quot;current_class&quot;:&quot;bt_bb_size_small&quot;,&quot;def&quot;:&quot;small&quot;,&quot;xl&quot;:&quot;small&quot;},&quot;bt_bb_align_&quot;:{&quot;current_class&quot;:&quot;bt_bb_align_inherit&quot;,&quot;def&quot;:&quot;inherit&quot;,&quot;xl&quot;:&quot;inherit&quot;}}\"><h4 class=\"bt_bb_headline_tag\"><span class=\"bt_bb_headline_content\"><span>Le livre de recettes original<\/span><\/span><\/h4><\/header><div class=\"bt_bb_separator bt_bb_border_style_none bt_bb_bottom_spacing_medium\" data-bt-override-class=\"null\"><\/div><div  class=\"bt_bb_text\" ><\/p>\n<p>Matilde fabriquait des macarons Amaretti, des biscuits \u00e0 la cuill\u00e8re Vicenzovo et des feuillet\u00e9s Millefoglie dans le respect des traditions italiennes. Pour garantir la transmission du go\u00fbt unique et distinctif de ses produits, elle a \u00e9crit, avec tout l&rsquo;amour et la pr\u00e9cision d&rsquo;antan, ses recettes dans un petit carnet.<\/p>\n<p>\n<\/div><div class=\"bt_bb_separator bt_bb_border_style_none bt_bb_bottom_spacing_normal\" data-bt-override-class=\"null\"><\/div><div  class=\"bt_bb_text\" ><\/p>\n<p>Le petit livre de recettes de la fondatrice est encore aujourd&rsquo;hui une source d&rsquo;inspiration pour les cr\u00e9ations sucr\u00e9es et surtout un exemple important des racines artisanales authentiques qui ont conduit aux produits de la Pasticceria Matilde Vicenzi, qui ont toujours suivi les pr\u00e9ceptes de la grande tradition de la p\u00e2tisserie fine italienne.<\/p>\n<p>\n<\/div><div class=\"bt_bb_separator bt_bb_border_style_none bt_bb_bottom_spacing_normal\" data-bt-override-class=\"null\"><\/div><div  class=\"bt_bb_text\" ><\/p>\n<p>Le livre de recettes original est encore fi\u00e8rement conserv\u00e9 au si\u00e8ge de l&rsquo;entreprise \u00e0 V\u00e9rone.<\/p>\n<p>\n<\/div><div class=\"bt_bb_separator bt_bb_border_style_none bt_bb_bottom_spacing_medium\" data-bt-override-class=\"null\"><\/div><\/div><\/div><\/div><div  class=\"bt_bb_column col-xxl-2 col-xl-2 bt_bb_vertical_align_top bt_bb_align_left bt_bb_padding_normal\" style=\"; --column-width:2;\" data-width=\"2\" data-bt-override-class=\"{}\"><div class=\"bt_bb_column_content\"><div class=\"bt_bb_column_content_inner\"><\/div><\/div><\/div><\/div><\/div><\/div><!-- cell_inner --><\/div><!-- cell --><\/div><!-- port --><\/section><section id=\"bt_bb_section69f2ec48bfd02\" class=\"bt_bb_section bt_bb_color_scheme_2 bt_bb_layout_wide bt_bb_vertical_align_middle\" style=\"; --section-primary-color:#191919; --section-secondary-color:#ffffff;;background-color:#fdf6e5;\" data-bt-override-class=\"null\"><div class=\"bt_bb_port\"><div class=\"bt_bb_cell\"><div class=\"bt_bb_cell_inner\"><div class=\"bt_bb_row \"  data-bt-override-class=\"{}\"><div class=\"bt_bb_row_holder\" ><div  class=\"bt_bb_column col-xxl-3 col-xl-3 bt_bb_vertical_align_middle bt_bb_align_center bt_bb_padding_normal bt_bb_animation_fade_in animate\" style=\"; --column-width:3;\" data-width=\"3\" data-bt-override-class=\"{}\"><div class=\"bt_bb_column_content\"><div class=\"bt_bb_column_content_inner\"><\/div><\/div><\/div><div  class=\"bt_bb_column col-xxl-6 col-xl-6 bt_bb_vertical_align_top bt_bb_align_center bt_bb_padding_normal\" style=\"; --column-width:6;\" data-width=\"6\" data-bt-override-class=\"{}\"><div class=\"bt_bb_column_content\"><div class=\"bt_bb_column_content_inner\"><div class=\"bt_bb_image bt_bb_shape_square bt_bb_target_self bt_bb_align_inherit bt_bb_hover_style_simple bt_bb_content_display_always bt_bb_content_align_middle\" data-bt-override-class=\"{}\"><span><img decoding=\"async\" width=\"1024\" height=\"721\" src=\"https:\/\/www.matildevicenzi.com\/ca-fr\/wp-content\/uploads\/sites\/21\/2020\/03\/recipe-book.jpg\" class=\"attachment-full size-full\" alt=\"https:\/\/www.matildevicenzi.com\/ca-fr\/wp-content\/uploads\/sites\/21\/2020\/03\/recipe-book.jpg\" data-full_image_src=\"https:\/\/www.matildevicenzi.com\/ca-fr\/wp-content\/uploads\/sites\/21\/2020\/03\/recipe-book.jpg\" title=\"recipe-book\" srcset=\"https:\/\/www.matildevicenzi.com\/ca-fr\/wp-content\/uploads\/sites\/21\/2020\/03\/recipe-book.jpg 1024w, https:\/\/www.matildevicenzi.com\/ca-fr\/wp-content\/uploads\/sites\/21\/2020\/03\/recipe-book-640x451.jpg 640w, https:\/\/www.matildevicenzi.com\/ca-fr\/wp-content\/uploads\/sites\/21\/2020\/03\/recipe-book-768x541.jpg 768w, https:\/\/www.matildevicenzi.com\/ca-fr\/wp-content\/uploads\/sites\/21\/2020\/03\/recipe-book-320x225.jpg 320w\" sizes=\"(max-width: 1024px) 100vw, 1024px\" \/><\/span><\/div><div class=\"bt_bb_separator bt_bb_border_style_none bt_bb_top_spacing_large bt_bb_bottom_spacing_normal\" data-bt-override-class=\"null\"><\/div><\/div><\/div><\/div><div  class=\"bt_bb_column col-xxl-3 col-xl-3 bt_bb_vertical_align_top bt_bb_align_left bt_bb_padding_normal\" style=\"; --column-width:3;\" data-width=\"3\" data-bt-override-class=\"{}\"><div class=\"bt_bb_column_content\"><div class=\"bt_bb_column_content_inner\"><\/div><\/div><\/div><\/div><\/div><\/div><!-- cell_inner --><\/div><!-- cell --><\/div><!-- port --><\/section><\/p>\n","protected":false},"excerpt":{"rendered":"","protected":false},"author":1,"featured_media":0,"parent":0,"menu_order":0,"comment_status":"closed","ping_status":"closed","template":"","meta":{"_acf_changed":false,"footnotes":""},"class_list":["post-4021","page","type-page","status-publish","hentry"],"acf":[],"yoast_head":"<!-- This site is optimized with the Yoast SEO plugin v26.2 - https:\/\/yoast.com\/wordpress\/plugins\/seo\/ -->\n<title>Une saga centenaire - Vicenzi Canada<\/title>\n<meta name=\"description\" content=\"With over 100 years of heritage, Matilde Vicenzi is a pastry maker with top quality at heart. Discover the story of the company and of its founding family.\" \/>\n<meta name=\"robots\" content=\"index, follow, max-snippet:-1, max-image-preview:large, max-video-preview:-1\" \/>\n<link rel=\"canonical\" href=\"https:\/\/www.matildevicenzi.com\/ca-fr\/une-saga-centenaire\/\" \/>\n<meta property=\"og:locale\" content=\"fr_CA\" \/>\n<meta property=\"og:type\" content=\"article\" \/>\n<meta property=\"og:title\" content=\"Une saga centenaire - Vicenzi Canada\" \/>\n<meta property=\"og:description\" content=\"With over 100 years of heritage, Matilde Vicenzi is a pastry maker with top quality at heart. Discover the story of the company and of its founding family.\" \/>\n<meta property=\"og:url\" content=\"https:\/\/www.matildevicenzi.com\/ca-fr\/une-saga-centenaire\/\" \/>\n<meta property=\"og:site_name\" content=\"Vicenzi Canada\" \/>\n<meta property=\"article:modified_time\" content=\"2025-02-28T09:21:16+00:00\" \/>\n<meta name=\"twitter:card\" content=\"summary_large_image\" \/>\n<meta name=\"twitter:label1\" content=\"Estimation du temps de lecture\" \/>\n\t<meta name=\"twitter:data1\" content=\"12 minutes\" \/>\n<script type=\"application\/ld+json\" class=\"yoast-schema-graph\">{\"@context\":\"https:\/\/schema.org\",\"@graph\":[{\"@type\":\"WebPage\",\"@id\":\"https:\/\/www.matildevicenzi.com\/ca-fr\/une-saga-centenaire\/\",\"url\":\"https:\/\/www.matildevicenzi.com\/ca-fr\/une-saga-centenaire\/\",\"name\":\"Une saga centenaire - Vicenzi Canada\",\"isPartOf\":{\"@id\":\"https:\/\/www.matildevicenzi.com\/ca-fr\/#website\"},\"datePublished\":\"2020-03-18T15:21:48+00:00\",\"dateModified\":\"2025-02-28T09:21:16+00:00\",\"description\":\"With over 100 years of heritage, Matilde Vicenzi is a pastry maker with top quality at heart. Discover the story of the company and of its founding family.\",\"breadcrumb\":{\"@id\":\"https:\/\/www.matildevicenzi.com\/ca-fr\/une-saga-centenaire\/#breadcrumb\"},\"inLanguage\":\"fr-CA\",\"potentialAction\":[{\"@type\":\"ReadAction\",\"target\":[\"https:\/\/www.matildevicenzi.com\/ca-fr\/une-saga-centenaire\/\"]}]},{\"@type\":\"BreadcrumbList\",\"@id\":\"https:\/\/www.matildevicenzi.com\/ca-fr\/une-saga-centenaire\/#breadcrumb\",\"itemListElement\":[{\"@type\":\"ListItem\",\"position\":1,\"name\":\"Matilde Vicenzi\",\"item\":\"https:\/\/www.matildevicenzi.com\/ca-fr\/\"},{\"@type\":\"ListItem\",\"position\":2,\"name\":\"Une saga centenaire\"}]},{\"@type\":\"WebSite\",\"@id\":\"https:\/\/www.matildevicenzi.com\/ca-fr\/#website\",\"url\":\"https:\/\/www.matildevicenzi.com\/ca-fr\/\",\"name\":\"Vicenzi Canada\",\"description\":\"\",\"potentialAction\":[{\"@type\":\"SearchAction\",\"target\":{\"@type\":\"EntryPoint\",\"urlTemplate\":\"https:\/\/www.matildevicenzi.com\/ca-fr\/?s={search_term_string}\"},\"query-input\":{\"@type\":\"PropertyValueSpecification\",\"valueRequired\":true,\"valueName\":\"search_term_string\"}}],\"inLanguage\":\"fr-CA\"}]}<\/script>\n<!-- \/ Yoast SEO plugin. -->","yoast_head_json":{"title":"Une saga centenaire - Vicenzi Canada","description":"With over 100 years of heritage, Matilde Vicenzi is a pastry maker with top quality at heart. Discover the story of the company and of its founding family.","robots":{"index":"index","follow":"follow","max-snippet":"max-snippet:-1","max-image-preview":"max-image-preview:large","max-video-preview":"max-video-preview:-1"},"canonical":"https:\/\/www.matildevicenzi.com\/ca-fr\/une-saga-centenaire\/","og_locale":"fr_CA","og_type":"article","og_title":"Une saga centenaire - Vicenzi Canada","og_description":"With over 100 years of heritage, Matilde Vicenzi is a pastry maker with top quality at heart. Discover the story of the company and of its founding family.","og_url":"https:\/\/www.matildevicenzi.com\/ca-fr\/une-saga-centenaire\/","og_site_name":"Vicenzi Canada","article_modified_time":"2025-02-28T09:21:16+00:00","twitter_card":"summary_large_image","twitter_misc":{"Estimation du temps de lecture":"12 minutes"},"schema":{"@context":"https:\/\/schema.org","@graph":[{"@type":"WebPage","@id":"https:\/\/www.matildevicenzi.com\/ca-fr\/une-saga-centenaire\/","url":"https:\/\/www.matildevicenzi.com\/ca-fr\/une-saga-centenaire\/","name":"Une saga centenaire - Vicenzi Canada","isPartOf":{"@id":"https:\/\/www.matildevicenzi.com\/ca-fr\/#website"},"datePublished":"2020-03-18T15:21:48+00:00","dateModified":"2025-02-28T09:21:16+00:00","description":"With over 100 years of heritage, Matilde Vicenzi is a pastry maker with top quality at heart. Discover the story of the company and of its founding family.","breadcrumb":{"@id":"https:\/\/www.matildevicenzi.com\/ca-fr\/une-saga-centenaire\/#breadcrumb"},"inLanguage":"fr-CA","potentialAction":[{"@type":"ReadAction","target":["https:\/\/www.matildevicenzi.com\/ca-fr\/une-saga-centenaire\/"]}]},{"@type":"BreadcrumbList","@id":"https:\/\/www.matildevicenzi.com\/ca-fr\/une-saga-centenaire\/#breadcrumb","itemListElement":[{"@type":"ListItem","position":1,"name":"Matilde Vicenzi","item":"https:\/\/www.matildevicenzi.com\/ca-fr\/"},{"@type":"ListItem","position":2,"name":"Une saga centenaire"}]},{"@type":"WebSite","@id":"https:\/\/www.matildevicenzi.com\/ca-fr\/#website","url":"https:\/\/www.matildevicenzi.com\/ca-fr\/","name":"Vicenzi Canada","description":"","potentialAction":[{"@type":"SearchAction","target":{"@type":"EntryPoint","urlTemplate":"https:\/\/www.matildevicenzi.com\/ca-fr\/?s={search_term_string}"},"query-input":{"@type":"PropertyValueSpecification","valueRequired":true,"valueName":"search_term_string"}}],"inLanguage":"fr-CA"}]}},"_links":{"self":[{"href":"https:\/\/www.matildevicenzi.com\/ca-fr\/wp-json\/wp\/v2\/pages\/4021","targetHints":{"allow":["GET"]}}],"collection":[{"href":"https:\/\/www.matildevicenzi.com\/ca-fr\/wp-json\/wp\/v2\/pages"}],"about":[{"href":"https:\/\/www.matildevicenzi.com\/ca-fr\/wp-json\/wp\/v2\/types\/page"}],"author":[{"embeddable":true,"href":"https:\/\/www.matildevicenzi.com\/ca-fr\/wp-json\/wp\/v2\/users\/1"}],"replies":[{"embeddable":true,"href":"https:\/\/www.matildevicenzi.com\/ca-fr\/wp-json\/wp\/v2\/comments?post=4021"}],"version-history":[{"count":7,"href":"https:\/\/www.matildevicenzi.com\/ca-fr\/wp-json\/wp\/v2\/pages\/4021\/revisions"}],"predecessor-version":[{"id":14645,"href":"https:\/\/www.matildevicenzi.com\/ca-fr\/wp-json\/wp\/v2\/pages\/4021\/revisions\/14645"}],"wp:attachment":[{"href":"https:\/\/www.matildevicenzi.com\/ca-fr\/wp-json\/wp\/v2\/media?parent=4021"}],"curies":[{"name":"wp","href":"https:\/\/api.w.org\/{rel}","templated":true}]}}