{"id":4176,"date":"2020-03-19T14:53:36","date_gmt":"2020-03-19T14:53:36","guid":{"rendered":"https:\/\/web.velvetmedia.it\/vicenzi-usa\/?page_id=4176"},"modified":"2025-02-28T09:31:34","modified_gmt":"2025-02-28T09:31:34","slug":"durabilite","status":"publish","type":"page","link":"https:\/\/www.matildevicenzi.com\/ca-fr\/durabilite\/","title":{"rendered":"Durabilit\u00e9"},"content":{"rendered":"<p><section id=\"bt_bb_section69f2ea7b2e8ec\" class=\"bt_bb_section bt_bb_layout_wide bt_bb_vertical_align_middle\" style=\";background-color:#fdf6e5;\" data-bt-override-class=\"null\"><div class=\"bt_bb_port\"><div class=\"bt_bb_cell\"><div class=\"bt_bb_cell_inner\"><div class=\"bt_bb_row  pl-50 pr-50 pl-30 pr-30\"  data-bt-override-class=\"{}\"><div class=\"bt_bb_row_holder\" ><div  class=\"bt_bb_column col-xxl-2 col-xl-2 bt_bb_vertical_align_middle bt_bb_align_center bt_bb_padding_normal bt_bb_animation_fade_in animate\" style=\"; --column-width:2;\" data-width=\"2\" data-bt-override-class=\"{}\"><div class=\"bt_bb_column_content\"><div class=\"bt_bb_column_content_inner\"><\/div><\/div><\/div><div  class=\"bt_bb_column col-xxl-8 col-xl-8 bt_bb_vertical_align_top bt_bb_align_center bt_bb_padding_normal\" style=\"; --column-width:8;\" data-width=\"8\" data-bt-override-class=\"{}\"><div class=\"bt_bb_column_content\"><div class=\"bt_bb_column_content_inner\"><div class=\"bt_bb_separator bt_bb_border_style_none bt_bb_top_spacing_large bt_bb_bottom_spacing_medium\" data-bt-override-class=\"null\"><\/div><header class=\"bt_bb_headline bt_bb_font_weight_normal bt_bb_color_scheme_5 bt_bb_dash_none bt_bb_size_large bt_bb_align_inherit\" style=\";font-family:&#039;Dancing Script&#039;; --primary-color:#191919; --secondary-color:#786b49;;color:#f0bb35;border-color:#f0bb35;\" data-bt-override-class=\"{&quot;bt_bb_size_&quot;:{&quot;current_class&quot;:&quot;bt_bb_size_large&quot;,&quot;def&quot;:&quot;large&quot;,&quot;xl&quot;:&quot;large&quot;},&quot;bt_bb_align_&quot;:{&quot;current_class&quot;:&quot;bt_bb_align_inherit&quot;,&quot;def&quot;:&quot;inherit&quot;,&quot;xl&quot;:&quot;inherit&quot;}}\"><h1 style=\"font-family:'Dancing Script'\" class=\"bt_bb_headline_tag\"><span class=\"bt_bb_headline_content\"><span>Durabilit\u00e9<\/span><\/span><\/h1><\/header><div class=\"bt_bb_separator bt_bb_border_style_none bt_bb_bottom_spacing_medium\" data-bt-override-class=\"null\"><\/div><div  class=\"bt_bb_text\" ><\/p>\n<h5 style=\"text-align: center;\">Chez Vicenzi, nous avons d\u00e9cid\u00e9 de nous engager dans la sauvegarde de la plan\u00e8te en int\u00e9grant les priorit\u00e9s du d\u00e9veloppement durable dans nos choix strat\u00e9giques. Afin d&rsquo;accro\u00eetre l&rsquo;impact positif de nos actions, nous avons impliqu\u00e9 dans ce processus toutes les parties prenantes concern\u00e9es, tant internes qu&rsquo;externes. Cela nous a permis d&rsquo;identifier les aspects les plus pertinents sur lesquels se concentrer et de les traiter efficacement.<\/h5>\n<p>\n<\/div><div class=\"bt_bb_separator bt_bb_border_style_none bt_bb_top_spacing_large\" data-bt-override-class=\"null\"><\/div><\/div><\/div><\/div><div  class=\"bt_bb_column col-xxl-2 col-xl-2 bt_bb_vertical_align_top bt_bb_align_left bt_bb_padding_normal\" style=\"; --column-width:2;\" data-width=\"2\" data-bt-override-class=\"{}\"><div class=\"bt_bb_column_content\"><div class=\"bt_bb_column_content_inner\"><\/div><\/div><\/div><\/div><\/div><\/div><!-- cell_inner --><\/div><!-- cell --><\/div><!-- port --><\/section><section id=\"bt_bb_section69f2ea7b2eec3\" class=\"bt_bb_section bt_bb_layout_wide bt_bb_vertical_align_top bg-gradient-white\"  data-bt-override-class=\"null\"><div class=\"bt_bb_port\"><div class=\"bt_bb_cell\"><div class=\"bt_bb_cell_inner\"><div class=\"bt_bb_row \"  data-bt-override-class=\"{}\"><div class=\"bt_bb_row_holder\" ><div  class=\"bt_bb_column col-xxl-2 col-xl-2 bt_bb_vertical_align_middle bt_bb_align_center bt_bb_padding_normal bt_bb_animation_fade_in animate\" style=\"; --column-width:2;\" data-width=\"2\" data-bt-override-class=\"{}\"><div class=\"bt_bb_column_content\"><div class=\"bt_bb_column_content_inner\"><\/div><\/div><\/div><div  class=\"bt_bb_column col-xxl-8 col-xl-8 bt_bb_vertical_align_middle bt_bb_align_center bt_bb_padding_normal\" style=\"; --column-width:8;\" data-width=\"8\" data-bt-override-class=\"{}\"><div class=\"bt_bb_column_content\"><div class=\"bt_bb_column_content_inner\"><div class=\"bt_bb_image bt_bb_shape_square bt_bb_target_self bt_bb_align_inherit bt_bb_hover_style_simple bt_bb_content_display_always bt_bb_content_align_middle\" data-bt-override-class=\"{}\"><span><img fetchpriority=\"high\" decoding=\"async\" width=\"1200\" height=\"590\" src=\"https:\/\/www.matildevicenzi.com\/ca-fr\/wp-content\/uploads\/sites\/21\/2020\/03\/sustainability.jpg\" class=\"attachment-full size-full\" alt=\"https:\/\/www.matildevicenzi.com\/ca-fr\/wp-content\/uploads\/sites\/21\/2020\/03\/sustainability.jpg\" data-full_image_src=\"https:\/\/www.matildevicenzi.com\/ca-fr\/wp-content\/uploads\/sites\/21\/2020\/03\/sustainability.jpg\" title=\"sustainability\" srcset=\"https:\/\/www.matildevicenzi.com\/ca-fr\/wp-content\/uploads\/sites\/21\/2020\/03\/sustainability.jpg 1200w, https:\/\/www.matildevicenzi.com\/ca-fr\/wp-content\/uploads\/sites\/21\/2020\/03\/sustainability-640x315.jpg 640w, https:\/\/www.matildevicenzi.com\/ca-fr\/wp-content\/uploads\/sites\/21\/2020\/03\/sustainability-768x378.jpg 768w, https:\/\/www.matildevicenzi.com\/ca-fr\/wp-content\/uploads\/sites\/21\/2020\/03\/sustainability-320x157.jpg 320w\" sizes=\"(max-width: 1200px) 100vw, 1200px\" \/><\/span><\/div><div class=\"bt_bb_separator bt_bb_border_style_none bt_bb_top_spacing_medium\" data-bt-override-class=\"null\"><\/div><\/div><\/div><\/div><div  class=\"bt_bb_column col-xxl-2 col-xl-2 bt_bb_vertical_align_top bt_bb_align_left bt_bb_padding_normal\" style=\"; --column-width:2;\" data-width=\"2\" data-bt-override-class=\"{}\"><div class=\"bt_bb_column_content\"><div class=\"bt_bb_column_content_inner\"><\/div><\/div><\/div><\/div><\/div><\/div><!-- cell_inner --><\/div><!-- cell --><\/div><!-- port --><\/section><section id=\"bt_bb_section69f2ea7b2f692\" class=\"bt_bb_section bt_bb_color_scheme_2 bt_bb_layout_wide bt_bb_vertical_align_middle bt_bb_top_spacing_medium bt_bb_bottom_spacing_large\" style=\"; --section-primary-color:#191919; --section-secondary-color:#ffffff;;background-color:#ffffff;\" data-bt-override-class=\"null\"><div class=\"bt_bb_port\"><div class=\"bt_bb_cell\"><div class=\"bt_bb_cell_inner\"><div class=\"bt_bb_row \"  data-bt-override-class=\"{}\"><div class=\"bt_bb_row_holder\" ><div  class=\"bt_bb_column col-xxl-2 col-xl-2 bt_bb_vertical_align_middle bt_bb_align_center bt_bb_padding_normal bt_bb_animation_fade_in animate\" style=\"; --column-width:2;\" data-width=\"2\" data-bt-override-class=\"{}\"><div class=\"bt_bb_column_content\"><div class=\"bt_bb_column_content_inner\"><\/div><\/div><\/div><div  class=\"bt_bb_column col-xxl-8 col-xl-8 bt_bb_vertical_align_top bt_bb_align_center bt_bb_padding_normal\" style=\"; --column-width:8;\" data-width=\"8\" data-bt-override-class=\"{}\"><div class=\"bt_bb_column_content\"><div class=\"bt_bb_column_content_inner\"><div  class=\"bt_bb_text\" ><\/p>\n<p style=\"text-align: center;\">Nos efforts se concentrent \u00e0 la fois <strong>sur les aspects sociaux et environnementaux<\/strong>, \u00e0 savoir :<\/p>\n<p>\n<\/div><div class=\"bt_bb_separator bt_bb_border_style_none bt_bb_top_spacing_medium\" data-bt-override-class=\"null\"><\/div><\/div><\/div><\/div><div  class=\"bt_bb_column col-xxl-2 col-xl-2 bt_bb_vertical_align_top bt_bb_align_left bt_bb_padding_normal\" style=\"; --column-width:2;\" data-width=\"2\" data-bt-override-class=\"{}\"><div class=\"bt_bb_column_content\"><div class=\"bt_bb_column_content_inner\"><\/div><\/div><\/div><\/div><\/div><div class=\"bt_bb_row bt_bb_row_width_boxed_1200 bt_bb_row_width_boxed \"  data-bt-override-class=\"{}\"><div class=\"bt_bb_row_holder\" ><div  class=\"bt_bb_column col-xxl-4 col-xl-4 bt_bb_vertical_align_middle bt_bb_align_left bt_bb_padding_normal bt_bb_animation_fade_in animate\" style=\"; --column-width:4;\" data-width=\"4\" data-bt-override-class=\"{}\"><div class=\"bt_bb_column_content\"><div class=\"bt_bb_column_content_inner\"><div  class=\"bt_bb_text\" ><\/p>\n<ul>\n<li>La <strong>s\u00e9lection des mati\u00e8res premi\u00e8res<\/strong> qui implique l&rsquo;analyse de diff\u00e9rents facteurs, tels que le respect des recettes traditionnelles, l&rsquo;origine des ingr\u00e9dients et l&rsquo;attention port\u00e9e \u00e0 la durabilit\u00e9 environnementale\u00a0;<\/li>\n<\/ul>\n<p>\n<\/div><\/div><\/div><\/div><div  class=\"bt_bb_column col-xxl-4 col-xl-4 bt_bb_vertical_align_top bt_bb_align_left bt_bb_padding_normal\" style=\"; --column-width:4;\" data-width=\"4\" data-bt-override-class=\"{}\"><div class=\"bt_bb_column_content\"><div class=\"bt_bb_column_content_inner\"><div  class=\"bt_bb_text\" ><\/p>\n<ul>\n<li>L&rsquo;<strong>attention port\u00e9e \u00e0 la valeur nutritionnelle<\/strong> des produits afin de permettre aux consommateurs ayant des besoins alimentaires particuliers d&rsquo;appr\u00e9cier le go\u00fbt unique de la p\u00e2tisserie fine italienne\u00a0;<\/li>\n<\/ul>\n<p>\n<\/div><\/div><\/div><\/div><div  class=\"bt_bb_column col-xxl-4 col-xl-4 bt_bb_vertical_align_top bt_bb_align_left bt_bb_padding_normal\" style=\"; --column-width:4;\" data-width=\"4\" data-bt-override-class=\"{}\"><div class=\"bt_bb_column_content\"><div class=\"bt_bb_column_content_inner\"><div  class=\"bt_bb_text\" ><\/p>\n<ul>\n<li>La gestion de l&rsquo;<strong>impact environnemental<\/strong> des activit\u00e9s de production et de conditionnement.<\/li>\n<\/ul>\n<p>\n<\/div><\/div><\/div><\/div><\/div><\/div><div class=\"bt_bb_row \"  data-bt-override-class=\"{}\"><div class=\"bt_bb_row_holder\" ><div  class=\"bt_bb_column col-xxl-2 col-xl-2 bt_bb_vertical_align_middle bt_bb_align_center bt_bb_padding_normal bt_bb_animation_fade_in animate\" style=\"; --column-width:2;\" data-width=\"2\" data-bt-override-class=\"{}\"><div class=\"bt_bb_column_content\"><div class=\"bt_bb_column_content_inner\"><\/div><\/div><\/div><div  class=\"bt_bb_column col-xxl-8 col-xl-8 bt_bb_vertical_align_top bt_bb_align_center bt_bb_padding_normal\" style=\"; --column-width:8;\" data-width=\"8\" data-bt-override-class=\"{}\"><div class=\"bt_bb_column_content\"><div class=\"bt_bb_column_content_inner\"><div class=\"bt_bb_separator bt_bb_border_style_none bt_bb_top_spacing_large bt_bb_hidden_xs bt_bb_hidden_ms\" data-bt-override-class=\"null\"><\/div><div class=\"bt_bb_separator bt_bb_border_style_none bt_bb_top_spacing_medium bt_bb_hidden_sm bt_bb_hidden_md bt_bb_hidden_lg\" data-bt-override-class=\"null\"><\/div><div  class=\"bt_bb_text\" ><\/p>\n<p style=\"text-align: center;\">Comme l&rsquo;a r\u00e9cemment d\u00e9clar\u00e9<strong> notre pr\u00e9sident Giuseppe Vicenzi<\/strong> :<\/p>\n<p>\n<\/div><div class=\"bt_bb_separator bt_bb_border_style_none bt_bb_top_spacing_normal\" data-bt-override-class=\"null\"><\/div><div  class=\"bt_bb_text\" ><\/p>\n<h5 class=\"\" style=\"text-align: center;\"><em>\u201cAujourd&rsquo;hui plus que jamais, chacun d&rsquo;entre nous a la possibilit\u00e9 d&rsquo;apporter sa contribution, ne serait-ce qu&rsquo;en adoptant les bons gestes, et c&rsquo;est ce que Vicenzi, avec l&rsquo;ensemble de son personnel, s&rsquo;engage \u00e0 faire.\u201d<\/em><\/h5>\n<p>\n<\/div><div class=\"bt_bb_separator bt_bb_border_style_none bt_bb_top_spacing_medium\" data-bt-override-class=\"null\"><\/div><div  class=\"bt_bb_text\" ><\/p>\n<p style=\"text-align: center;\">Pour plus de d\u00e9tails, veuillez lire la derni\u00e8re \u00e9dition de notre rapport de durabilit\u00e9 ainsi que notre code \u00e9thique.<\/p>\n<p>\n<\/div><div class=\"bt_bb_separator bt_bb_border_style_none bt_bb_top_spacing_medium\" data-bt-override-class=\"null\"><\/div><div class=\"bt_bb_button uppercase-text btn-yellow bt_bb_color_scheme_5 bt_bb_icon_position_left bt_bb_style_outline bt_bb_size_normal bt_bb_width_inline bt_bb_shape_inherit bt_bb_target_blank bt_bb_align_inherit\" style=\"; --primary-color:#191919; --secondary-color:#786b49;\" data-bt-override-class=\"{&quot;bt_bb_size_&quot;:{&quot;current_class&quot;:&quot;bt_bb_size_normal&quot;,&quot;def&quot;:&quot;normal&quot;,&quot;xl&quot;:&quot;normal&quot;},&quot;bt_bb_align_&quot;:{&quot;current_class&quot;:&quot;bt_bb_align_inherit&quot;,&quot;def&quot;:&quot;inherit&quot;,&quot;xl&quot;:&quot;inherit&quot;}}\"><a href=\"\/ca-fr\/wp-content\/uploads\/sites\/21\/2024\/07\/Vicenzi-sustainability-report-2023.pdf\" target=\"_blank\" class=\"bt_bb_link\" title=\"Durabilit\u00e9 2023\"><span class=\"bt_bb_button_text\" >Durabilit\u00e9 2023<\/span><span  data-ico-essential=\"&#xe965;\" class=\"bt_bb_icon_holder\"><\/span><\/a><\/div><div class=\"bt_bb_separator bt_bb_border_style_none bt_bb_bottom_spacing_small bt_bb_hidden_md bt_bb_hidden_lg\" data-bt-override-class=\"null\"><\/div><div class=\"bt_bb_button uppercase-text btn-yellow bt_bb_color_scheme_5 bt_bb_icon_position_left bt_bb_style_outline bt_bb_size_normal bt_bb_width_inline bt_bb_shape_inherit bt_bb_target_blank bt_bb_align_inherit\" style=\"; --primary-color:#191919; --secondary-color:#786b49;\" data-bt-override-class=\"{&quot;bt_bb_size_&quot;:{&quot;current_class&quot;:&quot;bt_bb_size_normal&quot;,&quot;def&quot;:&quot;normal&quot;,&quot;xl&quot;:&quot;normal&quot;},&quot;bt_bb_align_&quot;:{&quot;current_class&quot;:&quot;bt_bb_align_inherit&quot;,&quot;def&quot;:&quot;inherit&quot;,&quot;xl&quot;:&quot;inherit&quot;}}\"><a href=\"\/ca-fr\/wp-content\/uploads\/sites\/21\/2024\/07\/Ethical-Code-Vicenzi.pdf\" target=\"_blank\" class=\"bt_bb_link\" title=\"Code \u00e9thique 2023\"><span class=\"bt_bb_button_text\" >Code \u00e9thique 2023<\/span><span  data-ico-essential=\"&#xe965;\" class=\"bt_bb_icon_holder\"><\/span><\/a><\/div><div class=\"bt_bb_separator bt_bb_border_style_none bt_bb_bottom_spacing_medium bt_bb_hidden_xs bt_bb_hidden_ms bt_bb_hidden_sm\" data-bt-override-class=\"null\"><\/div><\/div><\/div><\/div><div  class=\"bt_bb_column col-xxl-2 col-xl-2 bt_bb_vertical_align_top bt_bb_align_left bt_bb_padding_normal\" style=\"; --column-width:2;\" data-width=\"2\" data-bt-override-class=\"{}\"><div class=\"bt_bb_column_content\"><div class=\"bt_bb_column_content_inner\"><\/div><\/div><\/div><\/div><\/div><\/div><!-- cell_inner --><\/div><!-- cell --><\/div><!-- port --><\/section><\/p>\n","protected":false},"excerpt":{"rendered":"","protected":false},"author":1,"featured_media":0,"parent":0,"menu_order":0,"comment_status":"closed","ping_status":"closed","template":"","meta":{"_acf_changed":false,"footnotes":""},"class_list":["post-4176","page","type-page","status-publish","hentry"],"acf":[],"yoast_head":"<!-- This site is optimized with the Yoast SEO plugin v26.2 - https:\/\/yoast.com\/wordpress\/plugins\/seo\/ -->\n<title>Durabilit\u00e9 - Vicenzi Canada<\/title>\n<meta name=\"robots\" content=\"index, follow, max-snippet:-1, max-image-preview:large, max-video-preview:-1\" \/>\n<link rel=\"canonical\" href=\"https:\/\/www.matildevicenzi.com\/ca-fr\/durabilite\/\" \/>\n<meta property=\"og:locale\" content=\"fr_CA\" \/>\n<meta property=\"og:type\" content=\"article\" \/>\n<meta property=\"og:title\" content=\"Durabilit\u00e9 - Vicenzi Canada\" \/>\n<meta property=\"og:url\" content=\"https:\/\/www.matildevicenzi.com\/ca-fr\/durabilite\/\" \/>\n<meta property=\"og:site_name\" content=\"Vicenzi Canada\" \/>\n<meta property=\"article:modified_time\" content=\"2025-02-28T09:31:34+00:00\" \/>\n<meta name=\"twitter:card\" content=\"summary_large_image\" \/>\n<meta name=\"twitter:label1\" content=\"Estimation du temps de lecture\" \/>\n\t<meta name=\"twitter:data1\" content=\"8 minutes\" \/>\n<script type=\"application\/ld+json\" class=\"yoast-schema-graph\">{\"@context\":\"https:\/\/schema.org\",\"@graph\":[{\"@type\":\"WebPage\",\"@id\":\"https:\/\/www.matildevicenzi.com\/ca-fr\/durabilite\/\",\"url\":\"https:\/\/www.matildevicenzi.com\/ca-fr\/durabilite\/\",\"name\":\"Durabilit\u00e9 - Vicenzi Canada\",\"isPartOf\":{\"@id\":\"https:\/\/www.matildevicenzi.com\/ca-fr\/#website\"},\"datePublished\":\"2020-03-19T14:53:36+00:00\",\"dateModified\":\"2025-02-28T09:31:34+00:00\",\"breadcrumb\":{\"@id\":\"https:\/\/www.matildevicenzi.com\/ca-fr\/durabilite\/#breadcrumb\"},\"inLanguage\":\"fr-CA\",\"potentialAction\":[{\"@type\":\"ReadAction\",\"target\":[\"https:\/\/www.matildevicenzi.com\/ca-fr\/durabilite\/\"]}]},{\"@type\":\"BreadcrumbList\",\"@id\":\"https:\/\/www.matildevicenzi.com\/ca-fr\/durabilite\/#breadcrumb\",\"itemListElement\":[{\"@type\":\"ListItem\",\"position\":1,\"name\":\"Matilde Vicenzi\",\"item\":\"https:\/\/www.matildevicenzi.com\/ca-fr\/\"},{\"@type\":\"ListItem\",\"position\":2,\"name\":\"Durabilit\u00e9\"}]},{\"@type\":\"WebSite\",\"@id\":\"https:\/\/www.matildevicenzi.com\/ca-fr\/#website\",\"url\":\"https:\/\/www.matildevicenzi.com\/ca-fr\/\",\"name\":\"Vicenzi Canada\",\"description\":\"\",\"potentialAction\":[{\"@type\":\"SearchAction\",\"target\":{\"@type\":\"EntryPoint\",\"urlTemplate\":\"https:\/\/www.matildevicenzi.com\/ca-fr\/?s={search_term_string}\"},\"query-input\":{\"@type\":\"PropertyValueSpecification\",\"valueRequired\":true,\"valueName\":\"search_term_string\"}}],\"inLanguage\":\"fr-CA\"}]}<\/script>\n<!-- \/ Yoast SEO plugin. -->","yoast_head_json":{"title":"Durabilit\u00e9 - Vicenzi Canada","robots":{"index":"index","follow":"follow","max-snippet":"max-snippet:-1","max-image-preview":"max-image-preview:large","max-video-preview":"max-video-preview:-1"},"canonical":"https:\/\/www.matildevicenzi.com\/ca-fr\/durabilite\/","og_locale":"fr_CA","og_type":"article","og_title":"Durabilit\u00e9 - Vicenzi Canada","og_url":"https:\/\/www.matildevicenzi.com\/ca-fr\/durabilite\/","og_site_name":"Vicenzi Canada","article_modified_time":"2025-02-28T09:31:34+00:00","twitter_card":"summary_large_image","twitter_misc":{"Estimation du temps de lecture":"8 minutes"},"schema":{"@context":"https:\/\/schema.org","@graph":[{"@type":"WebPage","@id":"https:\/\/www.matildevicenzi.com\/ca-fr\/durabilite\/","url":"https:\/\/www.matildevicenzi.com\/ca-fr\/durabilite\/","name":"Durabilit\u00e9 - Vicenzi Canada","isPartOf":{"@id":"https:\/\/www.matildevicenzi.com\/ca-fr\/#website"},"datePublished":"2020-03-19T14:53:36+00:00","dateModified":"2025-02-28T09:31:34+00:00","breadcrumb":{"@id":"https:\/\/www.matildevicenzi.com\/ca-fr\/durabilite\/#breadcrumb"},"inLanguage":"fr-CA","potentialAction":[{"@type":"ReadAction","target":["https:\/\/www.matildevicenzi.com\/ca-fr\/durabilite\/"]}]},{"@type":"BreadcrumbList","@id":"https:\/\/www.matildevicenzi.com\/ca-fr\/durabilite\/#breadcrumb","itemListElement":[{"@type":"ListItem","position":1,"name":"Matilde Vicenzi","item":"https:\/\/www.matildevicenzi.com\/ca-fr\/"},{"@type":"ListItem","position":2,"name":"Durabilit\u00e9"}]},{"@type":"WebSite","@id":"https:\/\/www.matildevicenzi.com\/ca-fr\/#website","url":"https:\/\/www.matildevicenzi.com\/ca-fr\/","name":"Vicenzi Canada","description":"","potentialAction":[{"@type":"SearchAction","target":{"@type":"EntryPoint","urlTemplate":"https:\/\/www.matildevicenzi.com\/ca-fr\/?s={search_term_string}"},"query-input":{"@type":"PropertyValueSpecification","valueRequired":true,"valueName":"search_term_string"}}],"inLanguage":"fr-CA"}]}},"_links":{"self":[{"href":"https:\/\/www.matildevicenzi.com\/ca-fr\/wp-json\/wp\/v2\/pages\/4176","targetHints":{"allow":["GET"]}}],"collection":[{"href":"https:\/\/www.matildevicenzi.com\/ca-fr\/wp-json\/wp\/v2\/pages"}],"about":[{"href":"https:\/\/www.matildevicenzi.com\/ca-fr\/wp-json\/wp\/v2\/types\/page"}],"author":[{"embeddable":true,"href":"https:\/\/www.matildevicenzi.com\/ca-fr\/wp-json\/wp\/v2\/users\/1"}],"replies":[{"embeddable":true,"href":"https:\/\/www.matildevicenzi.com\/ca-fr\/wp-json\/wp\/v2\/comments?post=4176"}],"version-history":[{"count":19,"href":"https:\/\/www.matildevicenzi.com\/ca-fr\/wp-json\/wp\/v2\/pages\/4176\/revisions"}],"predecessor-version":[{"id":14652,"href":"https:\/\/www.matildevicenzi.com\/ca-fr\/wp-json\/wp\/v2\/pages\/4176\/revisions\/14652"}],"wp:attachment":[{"href":"https:\/\/www.matildevicenzi.com\/ca-fr\/wp-json\/wp\/v2\/media?parent=4176"}],"curies":[{"name":"wp","href":"https:\/\/api.w.org\/{rel}","templated":true}]}}