{"id":4198,"date":"2020-03-20T07:26:36","date_gmt":"2020-03-20T07:26:36","guid":{"rendered":"https:\/\/web.velvetmedia.it\/vicenzi-usa\/?page_id=4198"},"modified":"2025-02-28T09:26:51","modified_gmt":"2025-02-28T09:26:51","slug":"rd","status":"publish","type":"page","link":"https:\/\/www.matildevicenzi.com\/ca-fr\/rd\/","title":{"rendered":"R&amp;D"},"content":{"rendered":"<p><section id=\"bt_bb_section69f2e9d1a3616\" class=\"bt_bb_section bt_bb_color_scheme_1 bt_bb_layout_wide bt_bb_vertical_align_middle\" style=\"; --section-primary-color:#ffffff; --section-secondary-color:#191919;;background-color:#fdf6e5;\" data-bt-override-class=\"null\"><div class=\"bt_bb_port\"><div class=\"bt_bb_cell\"><div class=\"bt_bb_cell_inner\"><div class=\"bt_bb_row  pl-50 pr-50 pl-30 pr-30\"  data-bt-override-class=\"{}\"><div class=\"bt_bb_row_holder\" ><div  class=\"bt_bb_column col-xxl-2 col-xl-2 bt_bb_vertical_align_middle bt_bb_align_center bt_bb_padding_normal bt_bb_animation_fade_in animate\" style=\"; --column-width:2;\" data-width=\"2\" data-bt-override-class=\"{}\"><div class=\"bt_bb_column_content\"><div class=\"bt_bb_column_content_inner\"><\/div><\/div><\/div><div  class=\"bt_bb_column col-xxl-8 col-xl-8 bt_bb_vertical_align_top bt_bb_align_center bt_bb_padding_normal\" style=\"; --column-width:8;\" data-width=\"8\" data-bt-override-class=\"{}\"><div class=\"bt_bb_column_content\"><div class=\"bt_bb_column_content_inner\"><div class=\"bt_bb_separator bt_bb_border_style_none bt_bb_top_spacing_large bt_bb_bottom_spacing_medium\" data-bt-override-class=\"null\"><\/div><header class=\"bt_bb_headline bt_bb_font_weight_normal bt_bb_color_scheme_5 bt_bb_dash_none bt_bb_size_large bt_bb_align_inherit\" style=\";font-family:&#039;Dancing Script&#039;; --primary-color:#191919; --secondary-color:#786b49;;color:#f0bb35;border-color:#f0bb35;\" data-bt-override-class=\"{}\"><h1 style=\"font-family:'Dancing Script'\" class=\"bt_bb_headline_tag\"><span class=\"bt_bb_headline_content\"><span>R&amp;D<\/span><\/span><\/h1><\/header><div class=\"bt_bb_separator bt_bb_border_style_none bt_bb_bottom_spacing_medium\" data-bt-override-class=\"null\"><\/div><div  class=\"bt_bb_text\" ><\/p>\n<h5 style=\"text-align: center;\">Nous sommes fiers de promouvoir la tradition italienne de la confiserie dans le monde, en faisant de chaque d\u00e9gustation un moment de douceur et de plaisir. C&rsquo;est pourquoi, dans nos laboratoires de V\u00e9rone, le d\u00e9partement cr\u00e9atif de recherche et d\u00e9veloppement propose constamment des produits conformes aux tendances et \u00e0 l&rsquo;\u00e9volution de la consommation dans chaque pays, en introduisant de nouvelles saveurs et des portions adapt\u00e9es \u00e0 toutes les exigences de d\u00e9gustation.<\/h5>\n<p>\n<\/div><div class=\"bt_bb_separator bt_bb_border_style_none bt_bb_bottom_spacing_large\" data-bt-override-class=\"null\"><\/div><\/div><\/div><\/div><div  class=\"bt_bb_column col-xxl-2 col-xl-2 bt_bb_vertical_align_top bt_bb_align_left bt_bb_padding_normal\" style=\"; --column-width:2;\" data-width=\"2\" data-bt-override-class=\"{}\"><div class=\"bt_bb_column_content\"><div class=\"bt_bb_column_content_inner\"><\/div><\/div><\/div><\/div><\/div><\/div><!-- cell_inner --><\/div><!-- cell --><\/div><!-- port --><\/section><section id=\"bt_bb_section69f2e9d1a3c26\" class=\"bt_bb_section bt_bb_layout_wide bt_bb_vertical_align_top bg-gradient-white\"  data-bt-override-class=\"null\"><div class=\"bt_bb_port\"><div class=\"bt_bb_cell\"><div class=\"bt_bb_cell_inner\"><div class=\"bt_bb_row \"  data-bt-override-class=\"{}\"><div class=\"bt_bb_row_holder\" ><div  class=\"bt_bb_column col-xxl-2 col-xl-2 bt_bb_vertical_align_middle bt_bb_align_center bt_bb_padding_normal bt_bb_animation_fade_in animate\" style=\"; --column-width:2;\" data-width=\"2\" data-bt-override-class=\"{}\"><div class=\"bt_bb_column_content\"><div class=\"bt_bb_column_content_inner\"><\/div><\/div><\/div><div  class=\"bt_bb_column col-xxl-8 col-xl-8 bt_bb_vertical_align_middle bt_bb_align_center bt_bb_padding_normal\" style=\"; --column-width:8;\" data-width=\"8\" data-bt-override-class=\"{}\"><div class=\"bt_bb_column_content\"><div class=\"bt_bb_column_content_inner\"><div class=\"bt_bb_image bt_bb_shape_square bt_bb_target_self bt_bb_align_inherit bt_bb_hover_style_simple bt_bb_content_display_always bt_bb_content_align_middle\" data-bt-override-class=\"{}\"><span><img fetchpriority=\"high\" decoding=\"async\" width=\"1200\" height=\"590\" src=\"https:\/\/www.matildevicenzi.com\/ca-fr\/wp-content\/uploads\/sites\/21\/2020\/03\/research-and-development.jpg\" class=\"attachment-full size-full\" alt=\"https:\/\/www.matildevicenzi.com\/ca-fr\/wp-content\/uploads\/sites\/21\/2020\/03\/research-and-development.jpg\" data-full_image_src=\"https:\/\/www.matildevicenzi.com\/ca-fr\/wp-content\/uploads\/sites\/21\/2020\/03\/research-and-development.jpg\" title=\"research-and-development\" srcset=\"https:\/\/www.matildevicenzi.com\/ca-fr\/wp-content\/uploads\/sites\/21\/2020\/03\/research-and-development.jpg 1200w, https:\/\/www.matildevicenzi.com\/ca-fr\/wp-content\/uploads\/sites\/21\/2020\/03\/research-and-development-640x315.jpg 640w, https:\/\/www.matildevicenzi.com\/ca-fr\/wp-content\/uploads\/sites\/21\/2020\/03\/research-and-development-768x378.jpg 768w, https:\/\/www.matildevicenzi.com\/ca-fr\/wp-content\/uploads\/sites\/21\/2020\/03\/research-and-development-320x157.jpg 320w\" sizes=\"(max-width: 1200px) 100vw, 1200px\" \/><\/span><\/div><\/div><\/div><\/div><div  class=\"bt_bb_column col-xxl-2 col-xl-2 bt_bb_vertical_align_top bt_bb_align_left bt_bb_padding_normal\" style=\"; --column-width:2;\" data-width=\"2\" data-bt-override-class=\"{}\"><div class=\"bt_bb_column_content\"><div class=\"bt_bb_column_content_inner\"><\/div><\/div><\/div><\/div><\/div><\/div><!-- cell_inner --><\/div><!-- cell --><\/div><!-- port --><\/section><section id=\"bt_bb_section69f2e9d1a46a6\" class=\"bt_bb_section bt_bb_color_scheme_2 bt_bb_layout_wide bt_bb_vertical_align_middle bt_bb_top_spacing_large bt_bb_bottom_spacing_large\" style=\"; --section-primary-color:#191919; --section-secondary-color:#ffffff;;background-color:#ffffff;\" data-bt-override-class=\"null\"><div class=\"bt_bb_port\"><div class=\"bt_bb_cell\"><div class=\"bt_bb_cell_inner\"><div class=\"bt_bb_row  pl-50 pr-50 pl-30 pr-30\"  data-bt-override-class=\"{}\"><div class=\"bt_bb_row_holder\" ><div  class=\"bt_bb_column col-xxl-2 col-xl-2 bt_bb_vertical_align_middle bt_bb_align_center bt_bb_padding_normal bt_bb_animation_fade_in animate\" style=\"; --column-width:2;\" data-width=\"2\" data-bt-override-class=\"{}\"><div class=\"bt_bb_column_content\"><div class=\"bt_bb_column_content_inner\"><\/div><\/div><\/div><div  class=\"bt_bb_column col-xxl-8 col-xl-8 bt_bb_vertical_align_top bt_bb_align_center bt_bb_padding_normal\" style=\"; --column-width:8;\" data-width=\"8\" data-bt-override-class=\"{}\"><div class=\"bt_bb_column_content\"><div class=\"bt_bb_column_content_inner\"><div  class=\"bt_bb_text\" ><\/p>\n<p>Nous investissons \u00e9galement beaucoup dans le d\u00e9veloppement de solutions d&#8217;emballage innovantes pour pr\u00e9server les propri\u00e9t\u00e9s organoleptiques de nos p\u00e2tisseries.<\/p>\n<p>\n<\/div><div class=\"bt_bb_separator bt_bb_border_style_none bt_bb_bottom_spacing_normal\" data-bt-override-class=\"null\"><\/div><div  class=\"bt_bb_text\" ><\/p>\n<p>En misant sur l&rsquo;innovation, en am\u00e9liorant constamment nos gammes de produits et en effectuant des tests sp\u00e9cifiques sur la satisfaction des clients et la qualit\u00e9 des produits, nous renfor\u00e7ons notre position de leader dans l&rsquo;art de la confiserie et veillons \u00e0 perp\u00e9tuer les saveurs originales des recettes traditionnelles.<\/p>\n<p>\n<\/div><\/div><\/div><\/div><div  class=\"bt_bb_column col-xxl-2 col-xl-2 bt_bb_vertical_align_top bt_bb_align_left bt_bb_padding_normal\" style=\"; --column-width:2;\" data-width=\"2\" data-bt-override-class=\"{}\"><div class=\"bt_bb_column_content\"><div class=\"bt_bb_column_content_inner\"><\/div><\/div><\/div><\/div><\/div><\/div><!-- cell_inner --><\/div><!-- cell --><\/div><!-- port --><\/section><\/p>\n","protected":false},"excerpt":{"rendered":"","protected":false},"author":1,"featured_media":0,"parent":0,"menu_order":0,"comment_status":"closed","ping_status":"closed","template":"","meta":{"_acf_changed":false,"footnotes":""},"class_list":["post-4198","page","type-page","status-publish","hentry"],"acf":[],"yoast_head":"<!-- This site is optimized with the Yoast SEO plugin v26.2 - https:\/\/yoast.com\/wordpress\/plugins\/seo\/ -->\n<title>R&amp;D - Vicenzi Canada<\/title>\n<meta name=\"robots\" content=\"index, follow, max-snippet:-1, max-image-preview:large, max-video-preview:-1\" \/>\n<link rel=\"canonical\" href=\"https:\/\/www.matildevicenzi.com\/ca-fr\/rd\/\" \/>\n<meta property=\"og:locale\" content=\"fr_CA\" \/>\n<meta property=\"og:type\" content=\"article\" \/>\n<meta property=\"og:title\" content=\"R&amp;D - Vicenzi Canada\" \/>\n<meta property=\"og:url\" content=\"https:\/\/www.matildevicenzi.com\/ca-fr\/rd\/\" \/>\n<meta property=\"og:site_name\" content=\"Vicenzi Canada\" \/>\n<meta property=\"article:modified_time\" content=\"2025-02-28T09:26:51+00:00\" \/>\n<meta name=\"twitter:card\" content=\"summary_large_image\" \/>\n<meta name=\"twitter:label1\" content=\"Estimation du temps de lecture\" \/>\n\t<meta name=\"twitter:data1\" content=\"5 minutes\" \/>\n<script type=\"application\/ld+json\" class=\"yoast-schema-graph\">{\"@context\":\"https:\/\/schema.org\",\"@graph\":[{\"@type\":\"WebPage\",\"@id\":\"https:\/\/www.matildevicenzi.com\/ca-fr\/rd\/\",\"url\":\"https:\/\/www.matildevicenzi.com\/ca-fr\/rd\/\",\"name\":\"R&amp;D - Vicenzi Canada\",\"isPartOf\":{\"@id\":\"https:\/\/www.matildevicenzi.com\/ca-fr\/#website\"},\"datePublished\":\"2020-03-20T07:26:36+00:00\",\"dateModified\":\"2025-02-28T09:26:51+00:00\",\"breadcrumb\":{\"@id\":\"https:\/\/www.matildevicenzi.com\/ca-fr\/rd\/#breadcrumb\"},\"inLanguage\":\"fr-CA\",\"potentialAction\":[{\"@type\":\"ReadAction\",\"target\":[\"https:\/\/www.matildevicenzi.com\/ca-fr\/rd\/\"]}]},{\"@type\":\"BreadcrumbList\",\"@id\":\"https:\/\/www.matildevicenzi.com\/ca-fr\/rd\/#breadcrumb\",\"itemListElement\":[{\"@type\":\"ListItem\",\"position\":1,\"name\":\"Matilde Vicenzi\",\"item\":\"https:\/\/www.matildevicenzi.com\/ca-fr\/\"},{\"@type\":\"ListItem\",\"position\":2,\"name\":\"R&amp;D\"}]},{\"@type\":\"WebSite\",\"@id\":\"https:\/\/www.matildevicenzi.com\/ca-fr\/#website\",\"url\":\"https:\/\/www.matildevicenzi.com\/ca-fr\/\",\"name\":\"Vicenzi Canada\",\"description\":\"\",\"potentialAction\":[{\"@type\":\"SearchAction\",\"target\":{\"@type\":\"EntryPoint\",\"urlTemplate\":\"https:\/\/www.matildevicenzi.com\/ca-fr\/?s={search_term_string}\"},\"query-input\":{\"@type\":\"PropertyValueSpecification\",\"valueRequired\":true,\"valueName\":\"search_term_string\"}}],\"inLanguage\":\"fr-CA\"}]}<\/script>\n<!-- \/ Yoast SEO plugin. -->","yoast_head_json":{"title":"R&amp;D - Vicenzi Canada","robots":{"index":"index","follow":"follow","max-snippet":"max-snippet:-1","max-image-preview":"max-image-preview:large","max-video-preview":"max-video-preview:-1"},"canonical":"https:\/\/www.matildevicenzi.com\/ca-fr\/rd\/","og_locale":"fr_CA","og_type":"article","og_title":"R&amp;D - Vicenzi Canada","og_url":"https:\/\/www.matildevicenzi.com\/ca-fr\/rd\/","og_site_name":"Vicenzi Canada","article_modified_time":"2025-02-28T09:26:51+00:00","twitter_card":"summary_large_image","twitter_misc":{"Estimation du temps de lecture":"5 minutes"},"schema":{"@context":"https:\/\/schema.org","@graph":[{"@type":"WebPage","@id":"https:\/\/www.matildevicenzi.com\/ca-fr\/rd\/","url":"https:\/\/www.matildevicenzi.com\/ca-fr\/rd\/","name":"R&amp;D - Vicenzi Canada","isPartOf":{"@id":"https:\/\/www.matildevicenzi.com\/ca-fr\/#website"},"datePublished":"2020-03-20T07:26:36+00:00","dateModified":"2025-02-28T09:26:51+00:00","breadcrumb":{"@id":"https:\/\/www.matildevicenzi.com\/ca-fr\/rd\/#breadcrumb"},"inLanguage":"fr-CA","potentialAction":[{"@type":"ReadAction","target":["https:\/\/www.matildevicenzi.com\/ca-fr\/rd\/"]}]},{"@type":"BreadcrumbList","@id":"https:\/\/www.matildevicenzi.com\/ca-fr\/rd\/#breadcrumb","itemListElement":[{"@type":"ListItem","position":1,"name":"Matilde Vicenzi","item":"https:\/\/www.matildevicenzi.com\/ca-fr\/"},{"@type":"ListItem","position":2,"name":"R&amp;D"}]},{"@type":"WebSite","@id":"https:\/\/www.matildevicenzi.com\/ca-fr\/#website","url":"https:\/\/www.matildevicenzi.com\/ca-fr\/","name":"Vicenzi Canada","description":"","potentialAction":[{"@type":"SearchAction","target":{"@type":"EntryPoint","urlTemplate":"https:\/\/www.matildevicenzi.com\/ca-fr\/?s={search_term_string}"},"query-input":{"@type":"PropertyValueSpecification","valueRequired":true,"valueName":"search_term_string"}}],"inLanguage":"fr-CA"}]}},"_links":{"self":[{"href":"https:\/\/www.matildevicenzi.com\/ca-fr\/wp-json\/wp\/v2\/pages\/4198","targetHints":{"allow":["GET"]}}],"collection":[{"href":"https:\/\/www.matildevicenzi.com\/ca-fr\/wp-json\/wp\/v2\/pages"}],"about":[{"href":"https:\/\/www.matildevicenzi.com\/ca-fr\/wp-json\/wp\/v2\/types\/page"}],"author":[{"embeddable":true,"href":"https:\/\/www.matildevicenzi.com\/ca-fr\/wp-json\/wp\/v2\/users\/1"}],"replies":[{"embeddable":true,"href":"https:\/\/www.matildevicenzi.com\/ca-fr\/wp-json\/wp\/v2\/comments?post=4198"}],"version-history":[{"count":4,"href":"https:\/\/www.matildevicenzi.com\/ca-fr\/wp-json\/wp\/v2\/pages\/4198\/revisions"}],"predecessor-version":[{"id":14649,"href":"https:\/\/www.matildevicenzi.com\/ca-fr\/wp-json\/wp\/v2\/pages\/4198\/revisions\/14649"}],"wp:attachment":[{"href":"https:\/\/www.matildevicenzi.com\/ca-fr\/wp-json\/wp\/v2\/media?parent=4198"}],"curies":[{"name":"wp","href":"https:\/\/api.w.org\/{rel}","templated":true}]}}