{"id":8236,"date":"2022-10-25T10:07:29","date_gmt":"2022-10-25T10:07:29","guid":{"rendered":"https:\/\/www.matildevicenzi.com\/staging-us\/?page_id=8236"},"modified":"2026-01-16T14:28:57","modified_gmt":"2026-01-16T14:28:57","slug":"boites-classiques-italiennes","status":"publish","type":"page","link":"https:\/\/www.matildevicenzi.com\/ca-fr\/produits\/boites-classiques-italiennes\/","title":{"rendered":"Bo\u00eetes Classiques italiennes"},"content":{"rendered":"<p><section id=\"bt_bb_section69f3864cb6242\" class=\"bt_bb_section bt_bb_color_scheme_1 bt_bb_layout_wide bt_bb_vertical_align_middle bt_bb_top_spacing_large bt_bb_bottom_spacing_large\" style=\"; --section-primary-color:#ffffff; --section-secondary-color:#191919;;background-color:#ffffff;\" data-bt-override-class=\"null\"><div class=\"bt_bb_port\"><div class=\"bt_bb_cell\"><div class=\"bt_bb_cell_inner\"><div class=\"bt_bb_row bt_bb_row_width_boxed_1200 bt_bb_row_width_boxed  pl-50 pr-50 pl-30 pr-30\"  data-bt-override-class=\"{}\"><div class=\"bt_bb_row_holder\" ><div  class=\"bt_bb_column col-xxl-6 col-xl-6 pl-0 pr-0 bt_bb_vertical_align_middle bt_bb_align_left bt_bb_padding_text_indent\" style=\"; --column-width:6;\" data-width=\"6\" data-bt-override-class=\"{}\"><div class=\"bt_bb_column_content\"><div class=\"bt_bb_column_content_inner\"><div  class=\"bt_bb_text\" ><\/p>\n<div class=\"breadcrumb\"><span><span><a href=\"https:\/\/www.matildevicenzi.com\/ca-fr\/\">Matilde Vicenzi<\/a><\/span><\/span><\/div>\n<p>\n<\/div><header class=\"bt_bb_headline bt_bb_font_weight_normal bt_bb_color_scheme_5 bt_bb_dash_none bt_bb_size_large bt_bb_align_inherit\" style=\";font-family:&#039;Dancing Script&#039;; --primary-color:#191919; --secondary-color:#786b49;;color:#f0bb35;border-color:#f0bb35;\" data-bt-override-class=\"{&quot;bt_bb_size_&quot;:{&quot;current_class&quot;:&quot;bt_bb_size_large&quot;,&quot;def&quot;:&quot;large&quot;,&quot;xl&quot;:&quot;large&quot;},&quot;bt_bb_align_&quot;:{&quot;current_class&quot;:&quot;bt_bb_align_inherit&quot;,&quot;def&quot;:&quot;inherit&quot;,&quot;xl&quot;:&quot;inherit&quot;}}\"><h1 style=\"font-family:'Dancing Script'\" class=\"bt_bb_headline_tag\"><span class=\"bt_bb_headline_content\"><span>Bo\u00eetes Classiques italiennes<\/span><\/span><\/h1><\/header><div class=\"bt_bb_separator bt_bb_border_style_none bt_bb_bottom_spacing_medium\" data-bt-override-class=\"null\"><\/div><div  class=\"bt_bb_text\" ><\/p>\n<h5 class=\"\" style=\"text-align: left;\">Cette gamme sp\u00e9ciale est consacr\u00e9e \u00e0 un \u00e9ventail unique des p\u00e2tisseries italiennes de la tradition que nous fabriquons depuis 1905. Des authentiques biscuits \u00e0 la cuill\u00e8re Vicenzovo aux Amaretti d&rsquo;Italie les plus moelleux, en passant par les feuillet\u00e9s les plus croustillants, ne manquez pas l&rsquo;occasion d&rsquo;offrir \u00e0 vos proches ces bo\u00eetes aux tr\u00e9sors pleines de d\u00e9lices.<\/h5>\n<p>\n<\/div><div class=\"bt_bb_separator bt_bb_border_style_none bt_bb_bottom_spacing_medium\" data-bt-override-class=\"null\"><\/div><\/div><\/div><\/div><div  class=\"bt_bb_column col-xxl-6 col-xl-6 bt_bb_vertical_align_middle bt_bb_align_center bt_bb_padding_normal bt_bb_animation_fade_in animate\" style=\"; --column-width:6;\" data-width=\"6\" data-bt-override-class=\"{}\"><div class=\"bt_bb_column_content\"><div class=\"bt_bb_column_content_inner\"><div class=\"bt_bb_separator bt_bb_border_style_none bt_bb_top_spacing_medium bt_bb_hidden_md bt_bb_hidden_lg\" data-bt-override-class=\"null\"><\/div><div class=\"bt_bb_image bt_bb_shape_square bt_bb_target_self bt_bb_align_inherit bt_bb_hover_style_simple bt_bb_content_display_always bt_bb_content_align_middle\" data-bt-override-class=\"{&quot;bt_bb_align_&quot;:{&quot;current_class&quot;:&quot;bt_bb_align_inherit&quot;,&quot;def&quot;:&quot;inherit&quot;,&quot;xl&quot;:&quot;inherit&quot;}}\"><span><img fetchpriority=\"high\" decoding=\"async\" width=\"640\" height=\"800\" src=\"https:\/\/www.matildevicenzi.com\/ca-fr\/wp-content\/uploads\/sites\/21\/2024\/07\/classic-tins-640x800.jpg\" class=\"attachment-medium size-medium\" alt=\"https:\/\/www.matildevicenzi.com\/ca-fr\/wp-content\/uploads\/sites\/21\/2024\/07\/classic-tins-640x800.jpg\" data-full_image_src=\"https:\/\/www.matildevicenzi.com\/ca-fr\/wp-content\/uploads\/sites\/21\/2024\/07\/classic-tins.jpg\" title=\"classic-tins\" srcset=\"https:\/\/www.matildevicenzi.com\/ca-fr\/wp-content\/uploads\/sites\/21\/2024\/07\/classic-tins-640x800.jpg 640w, https:\/\/www.matildevicenzi.com\/ca-fr\/wp-content\/uploads\/sites\/21\/2024\/07\/classic-tins-768x960.jpg 768w, https:\/\/www.matildevicenzi.com\/ca-fr\/wp-content\/uploads\/sites\/21\/2024\/07\/classic-tins-320x400.jpg 320w, https:\/\/www.matildevicenzi.com\/ca-fr\/wp-content\/uploads\/sites\/21\/2024\/07\/classic-tins-600x750.jpg 600w, https:\/\/www.matildevicenzi.com\/ca-fr\/wp-content\/uploads\/sites\/21\/2024\/07\/classic-tins.jpg 1200w\" sizes=\"(max-width: 640px) 100vw, 640px\" \/><\/span><\/div><\/div><\/div><\/div><\/div><\/div><\/div><!-- cell_inner --><\/div><!-- cell --><\/div><!-- port --><\/section><section id=\"our-products\" class=\"bt_bb_section bt_bb_layout_wide bt_bb_vertical_align_top bt_bb_top_spacing_large bt_bb_bottom_spacing_large\" style=\";background-color:#fdf6e5;\" data-bt-override-class=\"null\"><div class=\"bt_bb_port\"><div class=\"bt_bb_cell\"><div class=\"bt_bb_cell_inner\"><div class=\"bt_bb_row bt_bb_row_width_boxed_1200 bt_bb_row_width_boxed \"  data-bt-override-class=\"{}\"><div class=\"bt_bb_row_holder\" ><div  class=\"bt_bb_column col-xxl-6 col-xl-6 pl-100 pr-100 pl-20 pr-20 bt_bb_vertical_align_top bt_bb_align_center bt_bb_padding_normal bt_bb_animation_fade_in animate\" style=\"; --column-width:6;\" data-width=\"6\" data-bt-override-class=\"{}\"><div class=\"bt_bb_column_content\"><div class=\"bt_bb_column_content_inner\"><div data-bb-version=\"5.4.7\" class=\"bt_bb_image bt_bb_shape_square bt_bb_target_self bt_bb_align_inherit bt_bb_hover_style_simple bt_bb_content_display_always bt_bb_content_align_middle\" data-bt-override-class=\"{&quot;bt_bb_align_&quot;:{&quot;current_class&quot;:&quot;bt_bb_align_inherit&quot;,&quot;def&quot;:&quot;inherit&quot;},&quot;bt_bb_content_display_&quot;:{&quot;current_class&quot;:&quot;bt_bb_content_display_always&quot;,&quot;def&quot;:&quot;always&quot;},&quot;bt_bb_animation_&quot;:{&quot;current_class&quot;:&quot;bt_bb_animation_no_animation&quot;,&quot;def&quot;:&quot;no_animation&quot;}}\"><a href=\"https:\/\/www.matildevicenzi.com\/ca-fr\/produits\/classic-italian-tins\/boite-millefoglie-de-matilde\/\"  target=\"_self\" title=\"Millefoglie-di-Matilde-Tin-box\"><img decoding=\"async\" width=\"1000\" height=\"1000\" src=\"https:\/\/www.matildevicenzi.com\/ca-fr\/wp-content\/uploads\/sites\/21\/2026\/01\/Millefoglie-di-Matilde-Tin-box.png\" class=\"attachment-large size-large\" alt=\"https:\/\/www.matildevicenzi.com\/ca-fr\/wp-content\/uploads\/sites\/21\/2026\/01\/Millefoglie-di-Matilde-Tin-box.png\" data-full_image_src=\"https:\/\/www.matildevicenzi.com\/ca-fr\/wp-content\/uploads\/sites\/21\/2026\/01\/Millefoglie-di-Matilde-Tin-box.png\" title=\"Millefoglie-di-Matilde-Tin-box\" srcset=\"https:\/\/www.matildevicenzi.com\/ca-fr\/wp-content\/uploads\/sites\/21\/2026\/01\/Millefoglie-di-Matilde-Tin-box.png 1000w, https:\/\/www.matildevicenzi.com\/ca-fr\/wp-content\/uploads\/sites\/21\/2026\/01\/Millefoglie-di-Matilde-Tin-box-640x640.png 640w, https:\/\/www.matildevicenzi.com\/ca-fr\/wp-content\/uploads\/sites\/21\/2026\/01\/Millefoglie-di-Matilde-Tin-box-160x160.png 160w, https:\/\/www.matildevicenzi.com\/ca-fr\/wp-content\/uploads\/sites\/21\/2026\/01\/Millefoglie-di-Matilde-Tin-box-768x768.png 768w, https:\/\/www.matildevicenzi.com\/ca-fr\/wp-content\/uploads\/sites\/21\/2026\/01\/Millefoglie-di-Matilde-Tin-box-320x320.png 320w, https:\/\/www.matildevicenzi.com\/ca-fr\/wp-content\/uploads\/sites\/21\/2026\/01\/Millefoglie-di-Matilde-Tin-box-300x300.png 300w, https:\/\/www.matildevicenzi.com\/ca-fr\/wp-content\/uploads\/sites\/21\/2026\/01\/Millefoglie-di-Matilde-Tin-box-600x600.png 600w, https:\/\/www.matildevicenzi.com\/ca-fr\/wp-content\/uploads\/sites\/21\/2026\/01\/Millefoglie-di-Matilde-Tin-box-100x100.png 100w\" sizes=\"(max-width: 1000px) 100vw, 1000px\" \/><\/a><\/div><div class=\"bt_bb_separator bt_bb_border_style_none bt_bb_top_spacing_medium bt_bb_hidden_md bt_bb_hidden_lg\" data-bt-override-class=\"null\"><\/div><header class=\"bt_bb_headline bt_bb_color_scheme_5 bt_bb_dash_none bt_bb_size_normal bt_bb_align_inherit bt_bb_hidden_md bt_bb_hidden_lg\" style=\"; --primary-color:#191919; --secondary-color:#786b49;;color:#4a4a4a;border-color:#4a4a4a;\" data-bt-override-class=\"{&quot;bt_bb_size_&quot;:{&quot;current_class&quot;:&quot;bt_bb_size_normal&quot;,&quot;def&quot;:&quot;normal&quot;,&quot;xl&quot;:&quot;normal&quot;},&quot;bt_bb_align_&quot;:{&quot;current_class&quot;:&quot;bt_bb_align_inherit&quot;,&quot;def&quot;:&quot;inherit&quot;,&quot;xl&quot;:&quot;inherit&quot;}}\"><h4 style=\"font-size:34px\" class=\"bt_bb_headline_tag\"><span class=\"bt_bb_headline_content\"><span>Bo\u00eete Millefoglie de Matilde<\/span><\/span><\/h4><\/header><div class=\"bt_bb_separator bt_bb_border_style_none bt_bb_bottom_spacing_medium bt_bb_hidden_md bt_bb_hidden_lg\" data-bt-override-class=\"null\"><\/div><div class=\"bt_bb_button uppercase-text btn-yellow bt_bb_color_scheme_5 bt_bb_icon_position_left bt_bb_style_outline bt_bb_size_normal bt_bb_width_inline bt_bb_shape_inherit bt_bb_target_self bt_bb_align_inherit bt_bb_hidden_md bt_bb_hidden_lg\" style=\"; --primary-color:#191919; --secondary-color:#786b49;\" data-bt-override-class=\"{&quot;bt_bb_size_&quot;:{&quot;current_class&quot;:&quot;bt_bb_size_normal&quot;,&quot;def&quot;:&quot;normal&quot;,&quot;xl&quot;:&quot;normal&quot;},&quot;bt_bb_align_&quot;:{&quot;current_class&quot;:&quot;bt_bb_align_inherit&quot;,&quot;def&quot;:&quot;inherit&quot;,&quot;xl&quot;:&quot;inherit&quot;}}\"><a href=\"https:\/\/www.matildevicenzi.com\/ca-fr\/produits\/classic-italian-tins\/boite-millefoglie-de-matilde\/\" target=\"_self\" class=\"bt_bb_link\" title=\"An savoir plus\"><span class=\"bt_bb_button_text\" >An savoir plus<\/span><\/a><\/div><\/div><\/div><\/div><div  class=\"bt_bb_column col-xxl-6 col-xl-6 bt_bb_vertical_align_middle bt_bb_align_left bt_bb_padding_normal bt_bb_hidden_xs bt_bb_hidden_ms bt_bb_hidden_sm\" style=\"; --column-width:6;\" data-width=\"6\" data-bt-override-class=\"{}\"><div class=\"bt_bb_column_content\"><div class=\"bt_bb_column_content_inner\"><div class=\"bt_bb_separator bt_bb_border_style_none bt_bb_top_spacing_medium\" data-bt-override-class=\"null\"><\/div><header class=\"bt_bb_headline bt_bb_color_scheme_5 bt_bb_dash_none bt_bb_size_normal bt_bb_align_inherit\" style=\"; --primary-color:#191919; --secondary-color:#786b49;;color:#4a4a4a;border-color:#4a4a4a;\" data-bt-override-class=\"{&quot;bt_bb_size_&quot;:{&quot;current_class&quot;:&quot;bt_bb_size_normal&quot;,&quot;def&quot;:&quot;normal&quot;,&quot;xl&quot;:&quot;normal&quot;},&quot;bt_bb_align_&quot;:{&quot;current_class&quot;:&quot;bt_bb_align_inherit&quot;,&quot;def&quot;:&quot;inherit&quot;,&quot;xl&quot;:&quot;inherit&quot;}}\"><h4 style=\"font-size:34px\" class=\"bt_bb_headline_tag\"><span class=\"bt_bb_headline_content\"><span>Bo\u00eete Millefoglie de Matilde<\/span><\/span><\/h4><\/header><div class=\"bt_bb_separator bt_bb_border_style_none bt_bb_bottom_spacing_medium\" data-bt-override-class=\"null\"><\/div><div class=\"bt_bb_button uppercase-text btn-yellow bt_bb_color_scheme_5 bt_bb_icon_position_left bt_bb_style_outline bt_bb_size_normal bt_bb_width_inline bt_bb_shape_inherit bt_bb_target_self bt_bb_align_inherit\" style=\"; --primary-color:#191919; --secondary-color:#786b49;\" data-bt-override-class=\"{&quot;bt_bb_size_&quot;:{&quot;current_class&quot;:&quot;bt_bb_size_normal&quot;,&quot;def&quot;:&quot;normal&quot;,&quot;xl&quot;:&quot;normal&quot;},&quot;bt_bb_align_&quot;:{&quot;current_class&quot;:&quot;bt_bb_align_inherit&quot;,&quot;def&quot;:&quot;inherit&quot;,&quot;xl&quot;:&quot;inherit&quot;}}\"><a href=\"https:\/\/www.matildevicenzi.com\/ca-fr\/produits\/classic-italian-tins\/boite-millefoglie-de-matilde\/\" target=\"_self\" class=\"bt_bb_link\" title=\"En savoir plus\"><span class=\"bt_bb_button_text\" >En savoir plus<\/span><\/a><\/div><div class=\"bt_bb_separator bt_bb_border_style_none bt_bb_top_spacing_large bt_bb_bottom_spacing_medium\" data-bt-override-class=\"null\"><\/div><\/div><\/div><\/div><\/div><\/div><div class=\"bt_bb_row \"  data-bt-override-class=\"{}\"><div class=\"bt_bb_row_holder\" ><div  class=\"bt_bb_column col-xxl-12 col-xl-12 bt_bb_vertical_align_top bt_bb_align_left bt_bb_padding_normal\" style=\"; --column-width:12;\" data-width=\"12\" data-bt-override-class=\"{}\"><div class=\"bt_bb_column_content\"><div class=\"bt_bb_column_content_inner\"><div class=\"bt_bb_separator bt_bb_border_style_none bt_bb_top_spacing_normal\" data-bt-override-class=\"null\"><\/div><\/div><\/div><\/div><\/div><\/div><div class=\"bt_bb_row bt_bb_row_width_boxed_1200 bt_bb_row_width_boxed \"  data-bt-override-class=\"{}\"><div class=\"bt_bb_row_holder\" ><div  class=\"bt_bb_column col-xxl-6 col-xl-6 bt_bb_vertical_align_middle bt_bb_align_right bt_bb_padding_normal bt_bb_hidden_xs bt_bb_hidden_ms bt_bb_hidden_sm\" style=\"; --column-width:6;\" data-width=\"6\" data-bt-override-class=\"{}\"><div class=\"bt_bb_column_content\"><div class=\"bt_bb_column_content_inner\"><div class=\"bt_bb_separator bt_bb_border_style_none bt_bb_top_spacing_medium\" data-bt-override-class=\"null\"><\/div><header class=\"bt_bb_headline bt_bb_color_scheme_5 bt_bb_dash_none bt_bb_size_normal bt_bb_align_inherit\" style=\"; --primary-color:#191919; --secondary-color:#786b49;;color:#4a4a4a;border-color:#4a4a4a;\" data-bt-override-class=\"{&quot;bt_bb_size_&quot;:{&quot;current_class&quot;:&quot;bt_bb_size_normal&quot;,&quot;def&quot;:&quot;normal&quot;,&quot;xl&quot;:&quot;normal&quot;},&quot;bt_bb_align_&quot;:{&quot;current_class&quot;:&quot;bt_bb_align_inherit&quot;,&quot;def&quot;:&quot;inherit&quot;,&quot;xl&quot;:&quot;inherit&quot;}}\"><h4 style=\"font-size:34px\" class=\"bt_bb_headline_tag\"><span class=\"bt_bb_headline_content\"><span>Bo\u00eete Minivoglie<\/span><\/span><\/h4><\/header><div class=\"bt_bb_separator bt_bb_border_style_none bt_bb_bottom_spacing_medium\" data-bt-override-class=\"null\"><\/div><div class=\"bt_bb_button uppercase-text btn-yellow bt_bb_color_scheme_5 bt_bb_icon_position_left bt_bb_style_outline bt_bb_size_normal bt_bb_width_inline bt_bb_shape_inherit bt_bb_target_self bt_bb_align_inherit\" style=\"; --primary-color:#191919; --secondary-color:#786b49;\" data-bt-override-class=\"{&quot;bt_bb_size_&quot;:{&quot;current_class&quot;:&quot;bt_bb_size_normal&quot;,&quot;def&quot;:&quot;normal&quot;,&quot;xl&quot;:&quot;normal&quot;},&quot;bt_bb_align_&quot;:{&quot;current_class&quot;:&quot;bt_bb_align_inherit&quot;,&quot;def&quot;:&quot;inherit&quot;,&quot;xl&quot;:&quot;inherit&quot;}}\"><a href=\"https:\/\/www.matildevicenzi.com\/ca-fr\/produits\/classic-italian-tins\/boite-minivoglie\/\" target=\"_self\" class=\"bt_bb_link\" title=\"En savoir plus\"><span class=\"bt_bb_button_text\" >En savoir plus<\/span><\/a><\/div><div class=\"bt_bb_separator bt_bb_border_style_none bt_bb_top_spacing_large bt_bb_bottom_spacing_medium\" data-bt-override-class=\"null\"><\/div><\/div><\/div><\/div><div  class=\"bt_bb_column col-xxl-6 col-xl-6 pl-100 pr-100 pl-20 pr-20 bt_bb_vertical_align_top bt_bb_align_center bt_bb_padding_normal bt_bb_animation_fade_in animate\" style=\"; --column-width:6;\" data-width=\"6\" data-bt-override-class=\"{}\"><div class=\"bt_bb_column_content\"><div class=\"bt_bb_column_content_inner\"><div class=\"bt_bb_image bt_bb_shape_square bt_bb_target_self bt_bb_align_inherit bt_bb_hover_style_simple bt_bb_content_display_always bt_bb_content_align_middle\" data-bt-override-class=\"{&quot;bt_bb_align_&quot;:{&quot;current_class&quot;:&quot;bt_bb_align_inherit&quot;,&quot;def&quot;:&quot;inherit&quot;,&quot;xl&quot;:&quot;inherit&quot;}}\"><a href=\"https:\/\/www.matildevicenzi.com\/ca-fr\/produits\/classic-italian-tins\/boite-minivoglie\/\"  target=\"_self\" title=\"minivoglie-tin\"><img decoding=\"async\" width=\"450\" height=\"450\" src=\"https:\/\/www.matildevicenzi.com\/ca-fr\/wp-content\/uploads\/sites\/21\/2024\/06\/minivoglie-tin.png\" class=\"attachment-large size-large\" alt=\"https:\/\/www.matildevicenzi.com\/ca-fr\/wp-content\/uploads\/sites\/21\/2024\/06\/minivoglie-tin.png\" data-full_image_src=\"https:\/\/www.matildevicenzi.com\/ca-fr\/wp-content\/uploads\/sites\/21\/2024\/06\/minivoglie-tin.png\" title=\"minivoglie-tin\" srcset=\"https:\/\/www.matildevicenzi.com\/ca-fr\/wp-content\/uploads\/sites\/21\/2024\/06\/minivoglie-tin.png 450w, https:\/\/www.matildevicenzi.com\/ca-fr\/wp-content\/uploads\/sites\/21\/2024\/06\/minivoglie-tin-160x160.png 160w, https:\/\/www.matildevicenzi.com\/ca-fr\/wp-content\/uploads\/sites\/21\/2024\/06\/minivoglie-tin-320x320.png 320w, https:\/\/www.matildevicenzi.com\/ca-fr\/wp-content\/uploads\/sites\/21\/2024\/06\/minivoglie-tin-300x300.png 300w, https:\/\/www.matildevicenzi.com\/ca-fr\/wp-content\/uploads\/sites\/21\/2024\/06\/minivoglie-tin-100x100.png 100w\" sizes=\"(max-width: 450px) 100vw, 450px\" \/><\/a><\/div><div class=\"bt_bb_separator bt_bb_border_style_none bt_bb_top_spacing_medium bt_bb_hidden_md bt_bb_hidden_lg\" data-bt-override-class=\"null\"><\/div><header class=\"bt_bb_headline bt_bb_color_scheme_5 bt_bb_dash_none bt_bb_size_normal bt_bb_align_inherit bt_bb_hidden_md bt_bb_hidden_lg\" style=\"; --primary-color:#191919; --secondary-color:#786b49;;color:#4a4a4a;border-color:#4a4a4a;\" data-bt-override-class=\"{&quot;bt_bb_size_&quot;:{&quot;current_class&quot;:&quot;bt_bb_size_normal&quot;,&quot;def&quot;:&quot;normal&quot;,&quot;xl&quot;:&quot;normal&quot;},&quot;bt_bb_align_&quot;:{&quot;current_class&quot;:&quot;bt_bb_align_inherit&quot;,&quot;def&quot;:&quot;inherit&quot;,&quot;xl&quot;:&quot;inherit&quot;}}\"><h4 style=\"font-size:34px\" class=\"bt_bb_headline_tag\"><span class=\"bt_bb_headline_content\"><span>Bo\u00eete Minivoglie<\/span><\/span><\/h4><\/header><div class=\"bt_bb_separator bt_bb_border_style_none bt_bb_bottom_spacing_medium bt_bb_hidden_md bt_bb_hidden_lg\" data-bt-override-class=\"null\"><\/div><div class=\"bt_bb_button uppercase-text btn-yellow bt_bb_color_scheme_5 bt_bb_icon_position_left bt_bb_style_outline bt_bb_size_normal bt_bb_width_inline bt_bb_shape_inherit bt_bb_target_self bt_bb_align_inherit bt_bb_hidden_md bt_bb_hidden_lg\" style=\"; --primary-color:#191919; --secondary-color:#786b49;\" data-bt-override-class=\"{&quot;bt_bb_size_&quot;:{&quot;current_class&quot;:&quot;bt_bb_size_normal&quot;,&quot;def&quot;:&quot;normal&quot;,&quot;xl&quot;:&quot;normal&quot;},&quot;bt_bb_align_&quot;:{&quot;current_class&quot;:&quot;bt_bb_align_inherit&quot;,&quot;def&quot;:&quot;inherit&quot;,&quot;xl&quot;:&quot;inherit&quot;}}\"><a href=\"https:\/\/www.matildevicenzi.com\/ca-fr\/produits\/classic-italian-tins\/boite-minivoglie\/\" target=\"_self\" class=\"bt_bb_link\" title=\"En savoir plus\"><span class=\"bt_bb_button_text\" >En savoir plus<\/span><\/a><\/div><\/div><\/div><\/div><\/div><\/div><div class=\"bt_bb_row \"  data-bt-override-class=\"{}\"><div class=\"bt_bb_row_holder\" ><div  class=\"bt_bb_column col-xxl-12 col-xl-12 bt_bb_vertical_align_top bt_bb_align_left bt_bb_padding_normal\" style=\"; --column-width:12;\" data-width=\"12\" data-bt-override-class=\"{}\"><div class=\"bt_bb_column_content\"><div class=\"bt_bb_column_content_inner\"><div class=\"bt_bb_separator bt_bb_border_style_none bt_bb_top_spacing_normal\" data-bt-override-class=\"null\"><\/div><\/div><\/div><\/div><\/div><\/div><div class=\"bt_bb_row \"  data-bt-override-class=\"{}\"><div class=\"bt_bb_row_holder\" ><\/div><\/div><\/div><!-- cell_inner --><\/div><!-- cell --><\/div><!-- port --><\/section><\/p>\n","protected":false},"excerpt":{"rendered":"","protected":false},"author":1,"featured_media":0,"parent":3799,"menu_order":0,"comment_status":"closed","ping_status":"closed","template":"","meta":{"_acf_changed":false,"footnotes":""},"class_list":["post-8236","page","type-page","status-publish","hentry"],"acf":[],"yoast_head":"<!-- This site is optimized with the Yoast SEO plugin v26.2 - https:\/\/yoast.com\/wordpress\/plugins\/seo\/ -->\n<title>Bo\u00eetes Classiques italiennes - Vicenzi Canada<\/title>\n<meta name=\"robots\" content=\"index, follow, max-snippet:-1, max-image-preview:large, max-video-preview:-1\" \/>\n<link rel=\"canonical\" href=\"https:\/\/www.matildevicenzi.com\/ca-fr\/produits\/boites-classiques-italiennes\/\" \/>\n<meta property=\"og:locale\" content=\"fr_CA\" \/>\n<meta property=\"og:type\" content=\"article\" \/>\n<meta property=\"og:title\" content=\"Bo\u00eetes Classiques italiennes - Vicenzi Canada\" \/>\n<meta property=\"og:url\" content=\"https:\/\/www.matildevicenzi.com\/ca-fr\/produits\/boites-classiques-italiennes\/\" \/>\n<meta property=\"og:site_name\" content=\"Vicenzi Canada\" \/>\n<meta property=\"article:modified_time\" content=\"2026-01-16T14:28:57+00:00\" \/>\n<meta name=\"twitter:card\" content=\"summary_large_image\" \/>\n<meta name=\"twitter:label1\" content=\"Estimation du temps de lecture\" \/>\n\t<meta name=\"twitter:data1\" content=\"2 minutes\" \/>\n<script type=\"application\/ld+json\" class=\"yoast-schema-graph\">{\"@context\":\"https:\/\/schema.org\",\"@graph\":[{\"@type\":\"WebPage\",\"@id\":\"https:\/\/www.matildevicenzi.com\/ca-fr\/produits\/boites-classiques-italiennes\/\",\"url\":\"https:\/\/www.matildevicenzi.com\/ca-fr\/produits\/boites-classiques-italiennes\/\",\"name\":\"Bo\u00eetes Classiques italiennes - Vicenzi Canada\",\"isPartOf\":{\"@id\":\"https:\/\/www.matildevicenzi.com\/ca-fr\/#website\"},\"datePublished\":\"2022-10-25T10:07:29+00:00\",\"dateModified\":\"2026-01-16T14:28:57+00:00\",\"breadcrumb\":{\"@id\":\"https:\/\/www.matildevicenzi.com\/ca-fr\/produits\/boites-classiques-italiennes\/#breadcrumb\"},\"inLanguage\":\"fr-CA\",\"potentialAction\":[{\"@type\":\"ReadAction\",\"target\":[\"https:\/\/www.matildevicenzi.com\/ca-fr\/produits\/boites-classiques-italiennes\/\"]}]},{\"@type\":\"BreadcrumbList\",\"@id\":\"https:\/\/www.matildevicenzi.com\/ca-fr\/produits\/boites-classiques-italiennes\/#breadcrumb\",\"itemListElement\":[{\"@type\":\"ListItem\",\"position\":1,\"name\":\"Matilde Vicenzi\",\"item\":\"https:\/\/www.matildevicenzi.com\/ca-fr\/\"},{\"@type\":\"ListItem\",\"position\":2,\"name\":\"Produits\",\"item\":\"https:\/\/www.matildevicenzi.com\/ca-fr\/produits\/\"},{\"@type\":\"ListItem\",\"position\":3,\"name\":\"Bo\u00eetes Classiques italiennes\"}]},{\"@type\":\"WebSite\",\"@id\":\"https:\/\/www.matildevicenzi.com\/ca-fr\/#website\",\"url\":\"https:\/\/www.matildevicenzi.com\/ca-fr\/\",\"name\":\"Vicenzi Canada\",\"description\":\"\",\"potentialAction\":[{\"@type\":\"SearchAction\",\"target\":{\"@type\":\"EntryPoint\",\"urlTemplate\":\"https:\/\/www.matildevicenzi.com\/ca-fr\/?s={search_term_string}\"},\"query-input\":{\"@type\":\"PropertyValueSpecification\",\"valueRequired\":true,\"valueName\":\"search_term_string\"}}],\"inLanguage\":\"fr-CA\"}]}<\/script>\n<!-- \/ Yoast SEO plugin. -->","yoast_head_json":{"title":"Bo\u00eetes Classiques italiennes - Vicenzi Canada","robots":{"index":"index","follow":"follow","max-snippet":"max-snippet:-1","max-image-preview":"max-image-preview:large","max-video-preview":"max-video-preview:-1"},"canonical":"https:\/\/www.matildevicenzi.com\/ca-fr\/produits\/boites-classiques-italiennes\/","og_locale":"fr_CA","og_type":"article","og_title":"Bo\u00eetes Classiques italiennes - Vicenzi Canada","og_url":"https:\/\/www.matildevicenzi.com\/ca-fr\/produits\/boites-classiques-italiennes\/","og_site_name":"Vicenzi Canada","article_modified_time":"2026-01-16T14:28:57+00:00","twitter_card":"summary_large_image","twitter_misc":{"Estimation du temps de lecture":"2 minutes"},"schema":{"@context":"https:\/\/schema.org","@graph":[{"@type":"WebPage","@id":"https:\/\/www.matildevicenzi.com\/ca-fr\/produits\/boites-classiques-italiennes\/","url":"https:\/\/www.matildevicenzi.com\/ca-fr\/produits\/boites-classiques-italiennes\/","name":"Bo\u00eetes Classiques italiennes - Vicenzi Canada","isPartOf":{"@id":"https:\/\/www.matildevicenzi.com\/ca-fr\/#website"},"datePublished":"2022-10-25T10:07:29+00:00","dateModified":"2026-01-16T14:28:57+00:00","breadcrumb":{"@id":"https:\/\/www.matildevicenzi.com\/ca-fr\/produits\/boites-classiques-italiennes\/#breadcrumb"},"inLanguage":"fr-CA","potentialAction":[{"@type":"ReadAction","target":["https:\/\/www.matildevicenzi.com\/ca-fr\/produits\/boites-classiques-italiennes\/"]}]},{"@type":"BreadcrumbList","@id":"https:\/\/www.matildevicenzi.com\/ca-fr\/produits\/boites-classiques-italiennes\/#breadcrumb","itemListElement":[{"@type":"ListItem","position":1,"name":"Matilde Vicenzi","item":"https:\/\/www.matildevicenzi.com\/ca-fr\/"},{"@type":"ListItem","position":2,"name":"Produits","item":"https:\/\/www.matildevicenzi.com\/ca-fr\/produits\/"},{"@type":"ListItem","position":3,"name":"Bo\u00eetes Classiques italiennes"}]},{"@type":"WebSite","@id":"https:\/\/www.matildevicenzi.com\/ca-fr\/#website","url":"https:\/\/www.matildevicenzi.com\/ca-fr\/","name":"Vicenzi Canada","description":"","potentialAction":[{"@type":"SearchAction","target":{"@type":"EntryPoint","urlTemplate":"https:\/\/www.matildevicenzi.com\/ca-fr\/?s={search_term_string}"},"query-input":{"@type":"PropertyValueSpecification","valueRequired":true,"valueName":"search_term_string"}}],"inLanguage":"fr-CA"}]}},"_links":{"self":[{"href":"https:\/\/www.matildevicenzi.com\/ca-fr\/wp-json\/wp\/v2\/pages\/8236","targetHints":{"allow":["GET"]}}],"collection":[{"href":"https:\/\/www.matildevicenzi.com\/ca-fr\/wp-json\/wp\/v2\/pages"}],"about":[{"href":"https:\/\/www.matildevicenzi.com\/ca-fr\/wp-json\/wp\/v2\/types\/page"}],"author":[{"embeddable":true,"href":"https:\/\/www.matildevicenzi.com\/ca-fr\/wp-json\/wp\/v2\/users\/1"}],"replies":[{"embeddable":true,"href":"https:\/\/www.matildevicenzi.com\/ca-fr\/wp-json\/wp\/v2\/comments?post=8236"}],"version-history":[{"count":18,"href":"https:\/\/www.matildevicenzi.com\/ca-fr\/wp-json\/wp\/v2\/pages\/8236\/revisions"}],"predecessor-version":[{"id":14693,"href":"https:\/\/www.matildevicenzi.com\/ca-fr\/wp-json\/wp\/v2\/pages\/8236\/revisions\/14693"}],"up":[{"embeddable":true,"href":"https:\/\/www.matildevicenzi.com\/ca-fr\/wp-json\/wp\/v2\/pages\/3799"}],"wp:attachment":[{"href":"https:\/\/www.matildevicenzi.com\/ca-fr\/wp-json\/wp\/v2\/media?parent=8236"}],"curies":[{"name":"wp","href":"https:\/\/api.w.org\/{rel}","templated":true}]}}