{"id":6166,"date":"2020-10-27T07:45:21","date_gmt":"2020-10-27T07:45:21","guid":{"rendered":"http:\/\/matilde.kina.it\/?page_id=6166"},"modified":"2024-06-19T10:38:55","modified_gmt":"2024-06-19T08:38:55","slug":"produkte","status":"publish","type":"page","link":"https:\/\/www.matildevicenzi.com\/de\/produkte\/","title":{"rendered":"Produkte"},"content":{"rendered":"<p style=\"text-align: center\">Seit 1905 steht der Name Matilde Vicenzi f\u00fcr traditionelles italienisches Feingeb\u00e4ck. Dank ihrer Qualit\u00e4t ist die Marke seit jeher eine Referenz in Italien und weltweit f\u00fcr all jene, die den k\u00f6stlichen Geschmack und die ganze S\u00fc\u00dfe von echtem italienischem Geb\u00e4ck sch\u00e4tzen.<\/p>\n<p style=\"text-align: center\"><strong>Hochwertiges S\u00fc\u00dfgeb\u00e4ck kann nur aus einer gro\u00dfen Leidenschaft entstehen:<\/strong><strong>eine Leidenschaft, die in der Familie Vicenzi von Generation zu Generation weitergegeben wurde.<\/strong><\/p>\n<p style=\"text-align: center\">Seit den ersten L\u00f6ffelbiskuits haben die Geb\u00e4ckspezialit\u00e4ten von Matilde Vicenzi ihre Einzigartigkeit bewahrt. Alle Produkte haben einen unvergleichlichen, aromatischen und unerreicht vielseitigen Geschmack: Die Classics sind zeitlos und die Rezepte bieten Inspiration f\u00fcr Kreationen.<\/p>\n<p>\t\t\t<a href=\"https:\/\/www.matildevicenzi.com\/de\/types\/classics\/\" title=\"Classics\"><img decoding=\"async\" src=\"https:\/\/www.matildevicenzi.com\/de\/wp-content\/uploads\/2020\/11\/matilde-vicenzi-vicenzovo-products.png\" alt=\"Classics\"><\/a><\/p>\n<p><a href=\"https:\/\/www.matildevicenzi.com\/de\/types\/classics\/\" title=\"Classics\"><\/p>\n<h3>Classics<\/h3>\n<p><\/a><a href=\"https:\/\/www.matildevicenzi.com\/de\/types\/classics\/\" title=\"Classics\"><\/a><a href=\"https:\/\/www.matildevicenzi.com\/de\/types\/blatterteigstangen\/\" title=\"Bl\u00e4tterteigstangen\"><img decoding=\"async\" src=\"https:\/\/www.matildevicenzi.com\/de\/wp-content\/uploads\/2020\/11\/matilde-vicenzi-puff-pastry-products.png\" alt=\"Bl\u00e4tterteigstangen\"><\/a><\/p>\n<p><a href=\"https:\/\/www.matildevicenzi.com\/de\/types\/blatterteigstangen\/\" title=\"Bl\u00e4tterteigstangen\"><\/p>\n<h3>Bl\u00e4tterteigstangen<\/h3>\n<p><\/a><a href=\"https:\/\/www.matildevicenzi.com\/de\/types\/blatterteigstangen\/\" title=\"Bl\u00e4tterteigstangen\"><\/a><a href=\"https:\/\/www.matildevicenzi.com\/de\/types\/matildes-dosen\/\"><img decoding=\"async\" src=\"https:\/\/www.matildevicenzi.com\/de\/wp-content\/uploads\/2020\/11\/matilde-vicenzi-tins-products.png\"><\/a><\/p>\n<p><a href=\"https:\/\/www.matildevicenzi.com\/de\/types\/matildes-dosen\/\"><\/p>\n<h3>Matilde's Dosen<\/h3>\n<p><\/a><a href=\"https:\/\/www.matildevicenzi.com\/de\/types\/matildes-dosen\/\"><\/a><a href=\"https:\/\/www.matildevicenzi.com\/de\/types\/grisbi\/\" title=\"Grisb\u00ec\"><img decoding=\"async\" src=\"https:\/\/www.matildevicenzi.com\/de\/wp-content\/uploads\/2020\/11\/matilde-vicenzi-grisbi-product.png\" alt=\"Grisb\u00ec\"><\/a><\/p>\n<p><a href=\"https:\/\/www.matildevicenzi.com\/de\/types\/grisbi\/\" title=\"Grisb\u00ec\"><\/p>\n<h3>Grisb\u00ec<\/h3>\n<p><\/a><a href=\"https:\/\/www.matildevicenzi.com\/de\/types\/grisbi\/\" title=\"Grisb\u00ec\"><\/a><a href=\"https:\/\/www.matildevicenzi.com\/de\/types\/free-from\/\" title=\"Free from\"><img decoding=\"async\" src=\"https:\/\/www.matildevicenzi.com\/de\/wp-content\/uploads\/2020\/12\/vicenzovo-gluten-free.png\" alt=\"Free from\"><\/a><\/p>\n<p><a href=\"https:\/\/www.matildevicenzi.com\/de\/types\/free-from\/\" title=\"Free from\"><\/p>\n<h3>Free from<\/h3>\n<p><\/a><a href=\"https:\/\/www.matildevicenzi.com\/de\/types\/free-from\/\" title=\"Free from\"><\/a><a href=\"https:\/\/www.matildevicenzi.com\/de\/types\/wafer\/\" title=\"Wafer\"><img decoding=\"async\" src=\"https:\/\/www.matildevicenzi.com\/de\/wp-content\/uploads\/2020\/11\/matilde-vicenzi-wafer-products.png\" alt=\"Wafer\"><\/a><\/p>\n<p><a href=\"https:\/\/www.matildevicenzi.com\/de\/types\/wafer\/\" title=\"Wafer\"><\/p>\n<h3>Wafer<\/h3>\n<p><\/a><a href=\"https:\/\/www.matildevicenzi.com\/de\/types\/wafer\/\" title=\"Wafer\"><\/a><a href=\"https:\/\/www.matildevicenzi.com\/de\/types\/horeca-nahrungsmitteldienstleistungsbranche\/\" title=\"Ho.Re.Ca und Nahrungsmitteldienstleistungsbranche\"><img decoding=\"async\" src=\"https:\/\/www.matildevicenzi.com\/de\/wp-content\/uploads\/2020\/12\/horeca-and-food-service.png\" alt=\"Ho.Re.Ca und Nahrungsmitteldienstleistungsbranche\"><\/a><\/p>\n<p><a href=\"https:\/\/www.matildevicenzi.com\/de\/types\/horeca-nahrungsmitteldienstleistungsbranche\/\" title=\"Ho.Re.Ca und Nahrungsmitteldienstleistungsbranche\"><\/p>\n<h3>Ho.Re.Ca und Nahrungsmitteldienstleistungsbranche<\/h3>\n<p><\/a><a href=\"https:\/\/www.matildevicenzi.com\/de\/types\/horeca-nahrungsmitteldienstleistungsbranche\/\" title=\"Ho.Re.Ca und Nahrungsmitteldienstleistungsbranche\"><\/a><a href=\"https:\/\/www.matildevicenzi.com\/de\/types\/shelf-ready-display-cases\/\" title=\"Shelf ready Display &amp; Cases\"><img decoding=\"async\" src=\"https:\/\/www.matildevicenzi.com\/de\/wp-content\/uploads\/2020\/11\/floor-display.png\" alt=\"Shelf ready Display &amp; Cases\"><\/a><\/p>\n<p><a href=\"https:\/\/www.matildevicenzi.com\/de\/types\/shelf-ready-display-cases\/\" title=\"Shelf ready Display &amp; Cases\"><\/p>\n<h3>Shelf ready Display &amp; Cases<\/h3>\n<p><\/a><a href=\"https:\/\/www.matildevicenzi.com\/de\/types\/shelf-ready-display-cases\/\" title=\"Shelf ready Display &amp; Cases\"><\/a><\/p>\n","protected":false},"excerpt":{"rendered":"<p>Seit 1905 steht der Name Matilde Vicenzi f\u00fcr traditionelles italienisches Feingeb\u00e4ck. Dank ihrer Qualit\u00e4t ist die Marke seit jeher eine Referenz in Italien und weltweit f\u00fcr all jene, die den k\u00f6stlichen Geschmack und die ganze S\u00fc\u00dfe von echtem italienischem Geb\u00e4ck sch\u00e4tzen. Hochwertiges S\u00fc\u00dfgeb\u00e4ck kann nur aus einer gro\u00dfen Leidenschaft entstehen:eine Leidenschaft, die in der Familie [&hellip;]<\/p>\n","protected":false},"author":1,"featured_media":0,"parent":0,"menu_order":0,"comment_status":"closed","ping_status":"closed","template":"","meta":{"_acf_changed":false,"inline_featured_image":false,"footnotes":""},"class_list":["post-6166","page","type-page","status-publish","hentry"],"acf":[],"yoast_head":"<!-- This site is optimized with the Yoast SEO plugin v26.2 - https:\/\/yoast.com\/wordpress\/plugins\/seo\/ -->\n<title>Produkte | Matilde Vicenzi S.p.A.<\/title>\n<meta name=\"robots\" content=\"index, follow, max-snippet:-1, max-image-preview:large, max-video-preview:-1\" \/>\n<link rel=\"canonical\" href=\"https:\/\/www.matildevicenzi.com\/de\/produkte\/\" \/>\n<meta property=\"og:locale\" content=\"en_US\" \/>\n<meta property=\"og:type\" content=\"article\" \/>\n<meta property=\"og:title\" content=\"Produkte | Matilde Vicenzi S.p.A.\" \/>\n<meta property=\"og:description\" content=\"Seit 1905 steht der Name Matilde Vicenzi f\u00fcr traditionelles italienisches Feingeb\u00e4ck. Dank ihrer Qualit\u00e4t ist die Marke seit jeher eine Referenz in Italien und weltweit f\u00fcr all jene, die den k\u00f6stlichen Geschmack und die ganze S\u00fc\u00dfe von echtem italienischem Geb\u00e4ck sch\u00e4tzen. Hochwertiges S\u00fc\u00dfgeb\u00e4ck kann nur aus einer gro\u00dfen Leidenschaft entstehen:eine Leidenschaft, die in der Familie [&hellip;]\" \/>\n<meta property=\"og:url\" content=\"https:\/\/www.matildevicenzi.com\/de\/produkte\/\" \/>\n<meta property=\"og:site_name\" content=\"Matilde Vicenzi S.p.A.\" \/>\n<meta property=\"article:modified_time\" content=\"2024-06-19T08:38:55+00:00\" \/>\n<meta property=\"og:image\" content=\"https:\/\/www.matildevicenzi.com\/de\/wp-content\/uploads\/2020\/11\/matilde-vicenzi-vicenzovo-products.png\" \/>\n<meta name=\"twitter:card\" content=\"summary_large_image\" \/>\n<meta name=\"twitter:label1\" content=\"Est. reading time\" \/>\n\t<meta name=\"twitter:data1\" content=\"3 minutes\" \/>\n<script type=\"application\/ld+json\" class=\"yoast-schema-graph\">{\"@context\":\"https:\/\/schema.org\",\"@graph\":[{\"@type\":\"WebPage\",\"@id\":\"https:\/\/www.matildevicenzi.com\/de\/produkte\/\",\"url\":\"https:\/\/www.matildevicenzi.com\/de\/produkte\/\",\"name\":\"Produkte | Matilde Vicenzi S.p.A.\",\"isPartOf\":{\"@id\":\"https:\/\/www.matildevicenzi.com\/de\/#website\"},\"primaryImageOfPage\":{\"@id\":\"https:\/\/www.matildevicenzi.com\/de\/produkte\/#primaryimage\"},\"image\":{\"@id\":\"https:\/\/www.matildevicenzi.com\/de\/produkte\/#primaryimage\"},\"thumbnailUrl\":\"https:\/\/www.matildevicenzi.com\/de\/wp-content\/uploads\/2020\/11\/matilde-vicenzi-vicenzovo-products.png\",\"datePublished\":\"2020-10-27T07:45:21+00:00\",\"dateModified\":\"2024-06-19T08:38:55+00:00\",\"breadcrumb\":{\"@id\":\"https:\/\/www.matildevicenzi.com\/de\/produkte\/#breadcrumb\"},\"inLanguage\":\"en-US\",\"potentialAction\":[{\"@type\":\"ReadAction\",\"target\":[\"https:\/\/www.matildevicenzi.com\/de\/produkte\/\"]}]},{\"@type\":\"ImageObject\",\"inLanguage\":\"en-US\",\"@id\":\"https:\/\/www.matildevicenzi.com\/de\/produkte\/#primaryimage\",\"url\":\"https:\/\/www.matildevicenzi.com\/de\/wp-content\/uploads\/2020\/11\/matilde-vicenzi-vicenzovo-products.png\",\"contentUrl\":\"https:\/\/www.matildevicenzi.com\/de\/wp-content\/uploads\/2020\/11\/matilde-vicenzi-vicenzovo-products.png\"},{\"@type\":\"BreadcrumbList\",\"@id\":\"https:\/\/www.matildevicenzi.com\/de\/produkte\/#breadcrumb\",\"itemListElement\":[{\"@type\":\"ListItem\",\"position\":1,\"name\":\"Home\",\"item\":\"https:\/\/www.matildevicenzi.com\/de\/\"},{\"@type\":\"ListItem\",\"position\":2,\"name\":\"Produkte\"}]},{\"@type\":\"WebSite\",\"@id\":\"https:\/\/www.matildevicenzi.com\/de\/#website\",\"url\":\"https:\/\/www.matildevicenzi.com\/de\/\",\"name\":\"Matilde Vicenzi S.p.A.\",\"description\":\"Italienisches Feingeb\u00e4ckseit 1905\",\"publisher\":{\"@id\":\"https:\/\/www.matildevicenzi.com\/de\/#organization\"},\"potentialAction\":[{\"@type\":\"SearchAction\",\"target\":{\"@type\":\"EntryPoint\",\"urlTemplate\":\"https:\/\/www.matildevicenzi.com\/de\/?s={search_term_string}\"},\"query-input\":{\"@type\":\"PropertyValueSpecification\",\"valueRequired\":true,\"valueName\":\"search_term_string\"}}],\"inLanguage\":\"en-US\"},{\"@type\":\"Organization\",\"@id\":\"https:\/\/www.matildevicenzi.com\/de\/#organization\",\"name\":\"Matilde Vicenzi S.p.A.\",\"url\":\"https:\/\/www.matildevicenzi.com\/de\/\",\"logo\":{\"@type\":\"ImageObject\",\"inLanguage\":\"en-US\",\"@id\":\"https:\/\/www.matildevicenzi.com\/de\/#\/schema\/logo\/image\/\",\"url\":\"https:\/\/www.matildevicenzi.com\/de\/wp-content\/uploads\/sites\/2\/2023\/06\/matilde_logo_new.png\",\"contentUrl\":\"https:\/\/www.matildevicenzi.com\/de\/wp-content\/uploads\/sites\/2\/2023\/06\/matilde_logo_new.png\",\"width\":606,\"height\":606,\"caption\":\"Matilde Vicenzi S.p.A.\"},\"image\":{\"@id\":\"https:\/\/www.matildevicenzi.com\/de\/#\/schema\/logo\/image\/\"}}]}<\/script>\n<!-- \/ Yoast SEO plugin. -->","yoast_head_json":{"title":"Produkte | Matilde Vicenzi S.p.A.","robots":{"index":"index","follow":"follow","max-snippet":"max-snippet:-1","max-image-preview":"max-image-preview:large","max-video-preview":"max-video-preview:-1"},"canonical":"https:\/\/www.matildevicenzi.com\/de\/produkte\/","og_locale":"en_US","og_type":"article","og_title":"Produkte | Matilde Vicenzi S.p.A.","og_description":"Seit 1905 steht der Name Matilde Vicenzi f\u00fcr traditionelles italienisches Feingeb\u00e4ck. Dank ihrer Qualit\u00e4t ist die Marke seit jeher eine Referenz in Italien und weltweit f\u00fcr all jene, die den k\u00f6stlichen Geschmack und die ganze S\u00fc\u00dfe von echtem italienischem Geb\u00e4ck sch\u00e4tzen. Hochwertiges S\u00fc\u00dfgeb\u00e4ck kann nur aus einer gro\u00dfen Leidenschaft entstehen:eine Leidenschaft, die in der Familie [&hellip;]","og_url":"https:\/\/www.matildevicenzi.com\/de\/produkte\/","og_site_name":"Matilde Vicenzi S.p.A.","article_modified_time":"2024-06-19T08:38:55+00:00","og_image":[{"url":"https:\/\/www.matildevicenzi.com\/de\/wp-content\/uploads\/2020\/11\/matilde-vicenzi-vicenzovo-products.png","type":"","width":"","height":""}],"twitter_card":"summary_large_image","twitter_misc":{"Est. reading time":"3 minutes"},"schema":{"@context":"https:\/\/schema.org","@graph":[{"@type":"WebPage","@id":"https:\/\/www.matildevicenzi.com\/de\/produkte\/","url":"https:\/\/www.matildevicenzi.com\/de\/produkte\/","name":"Produkte | Matilde Vicenzi S.p.A.","isPartOf":{"@id":"https:\/\/www.matildevicenzi.com\/de\/#website"},"primaryImageOfPage":{"@id":"https:\/\/www.matildevicenzi.com\/de\/produkte\/#primaryimage"},"image":{"@id":"https:\/\/www.matildevicenzi.com\/de\/produkte\/#primaryimage"},"thumbnailUrl":"https:\/\/www.matildevicenzi.com\/de\/wp-content\/uploads\/2020\/11\/matilde-vicenzi-vicenzovo-products.png","datePublished":"2020-10-27T07:45:21+00:00","dateModified":"2024-06-19T08:38:55+00:00","breadcrumb":{"@id":"https:\/\/www.matildevicenzi.com\/de\/produkte\/#breadcrumb"},"inLanguage":"en-US","potentialAction":[{"@type":"ReadAction","target":["https:\/\/www.matildevicenzi.com\/de\/produkte\/"]}]},{"@type":"ImageObject","inLanguage":"en-US","@id":"https:\/\/www.matildevicenzi.com\/de\/produkte\/#primaryimage","url":"https:\/\/www.matildevicenzi.com\/de\/wp-content\/uploads\/2020\/11\/matilde-vicenzi-vicenzovo-products.png","contentUrl":"https:\/\/www.matildevicenzi.com\/de\/wp-content\/uploads\/2020\/11\/matilde-vicenzi-vicenzovo-products.png"},{"@type":"BreadcrumbList","@id":"https:\/\/www.matildevicenzi.com\/de\/produkte\/#breadcrumb","itemListElement":[{"@type":"ListItem","position":1,"name":"Home","item":"https:\/\/www.matildevicenzi.com\/de\/"},{"@type":"ListItem","position":2,"name":"Produkte"}]},{"@type":"WebSite","@id":"https:\/\/www.matildevicenzi.com\/de\/#website","url":"https:\/\/www.matildevicenzi.com\/de\/","name":"Matilde Vicenzi S.p.A.","description":"Italienisches Feingeb\u00e4ckseit 1905","publisher":{"@id":"https:\/\/www.matildevicenzi.com\/de\/#organization"},"potentialAction":[{"@type":"SearchAction","target":{"@type":"EntryPoint","urlTemplate":"https:\/\/www.matildevicenzi.com\/de\/?s={search_term_string}"},"query-input":{"@type":"PropertyValueSpecification","valueRequired":true,"valueName":"search_term_string"}}],"inLanguage":"en-US"},{"@type":"Organization","@id":"https:\/\/www.matildevicenzi.com\/de\/#organization","name":"Matilde Vicenzi S.p.A.","url":"https:\/\/www.matildevicenzi.com\/de\/","logo":{"@type":"ImageObject","inLanguage":"en-US","@id":"https:\/\/www.matildevicenzi.com\/de\/#\/schema\/logo\/image\/","url":"https:\/\/www.matildevicenzi.com\/de\/wp-content\/uploads\/sites\/2\/2023\/06\/matilde_logo_new.png","contentUrl":"https:\/\/www.matildevicenzi.com\/de\/wp-content\/uploads\/sites\/2\/2023\/06\/matilde_logo_new.png","width":606,"height":606,"caption":"Matilde Vicenzi S.p.A."},"image":{"@id":"https:\/\/www.matildevicenzi.com\/de\/#\/schema\/logo\/image\/"}}]}},"_links":{"self":[{"href":"https:\/\/www.matildevicenzi.com\/de\/wp-json\/wp\/v2\/pages\/6166","targetHints":{"allow":["GET"]}}],"collection":[{"href":"https:\/\/www.matildevicenzi.com\/de\/wp-json\/wp\/v2\/pages"}],"about":[{"href":"https:\/\/www.matildevicenzi.com\/de\/wp-json\/wp\/v2\/types\/page"}],"author":[{"embeddable":true,"href":"https:\/\/www.matildevicenzi.com\/de\/wp-json\/wp\/v2\/users\/1"}],"replies":[{"embeddable":true,"href":"https:\/\/www.matildevicenzi.com\/de\/wp-json\/wp\/v2\/comments?post=6166"}],"version-history":[{"count":1,"href":"https:\/\/www.matildevicenzi.com\/de\/wp-json\/wp\/v2\/pages\/6166\/revisions"}],"predecessor-version":[{"id":41464,"href":"https:\/\/www.matildevicenzi.com\/de\/wp-json\/wp\/v2\/pages\/6166\/revisions\/41464"}],"wp:attachment":[{"href":"https:\/\/www.matildevicenzi.com\/de\/wp-json\/wp\/v2\/media?parent=6166"}],"curies":[{"name":"wp","href":"https:\/\/api.w.org\/{rel}","templated":true}]}}