{"id":6174,"date":"2020-10-27T08:37:27","date_gmt":"2020-10-27T08:37:27","guid":{"rendered":"http:\/\/matilde.kina.it\/?page_id=6174"},"modified":"2024-06-19T14:28:29","modified_gmt":"2024-06-19T12:28:29","slug":"homepage","status":"publish","type":"page","link":"https:\/\/www.matildevicenzi.com\/de\/","title":{"rendered":"Homepage"},"content":{"rendered":"<p>Italienisches Feingeb\u00e4ck<br \/>\nseit 1905Unsere Produkte verkosten<a href=\"https:\/\/www.matildevicenzi.com\/de\/produkte\/\">Mehr erfahren<\/a><\/p>\n<h2>Mission und Vision<\/h2>\n<p>\u00dcber die Jahre hinweg wuchs die Unternehmensgruppe dank ihrer F\u00e4higkeit zur Verkn\u00fcpfung unternehmerischer Grunds\u00e4tze mit den <strong>typischen, von Generation zu Generation weitergegebenen Werten eines Familienunternehmens<\/strong>. <strong>Hochwertige Rohstoffe<\/strong>, die Liebe zum Detail und die Leidenschaft f\u00fcr gute Dinge waren bei jedem Schritt der Entwicklung die Leitgedanken.<br \/>\nVicenzi Produkte sind ein Synonym f\u00fcr Tradition und die subtile Raffinesse der einfachen Dinge. Ebenso schlicht sind unsere Zutaten: Eier, Mehl, Butter, Zucker \u2013 fachgerecht verarbeitet, so wie fr\u00fcher bei Matilde Vicenzi.<br \/>\nAlle Produkte der Vicenzi Group werden<strong> in Italien erzeugt<\/strong><strong>, basierend auf spezifischen Herstellungsprozessen<\/strong> \u2013 vom Teig, \u00fcber das Backen und Verpacken \u2013 und dem Grundsatz der Qualit\u00e4t.<br \/>\n<img decoding=\"async\" width=\"600\" height=\"311\" src=\"https:\/\/www.matildevicenzi.com\/de\/wp-content\/uploads\/sites\/2\/2020\/11\/vicenzi-group.jpg\" alt=\"\" loading=\"lazy\" srcset=\"https:\/\/www.matildevicenzi.com\/de\/wp-content\/uploads\/sites\/2\/2020\/11\/vicenzi-group.jpg 600w, https:\/\/www.matildevicenzi.com\/de\/wp-content\/uploads\/sites\/2\/2020\/11\/vicenzi-group-300x156.jpg 300w\" sizes=\"auto, (max-width: 600px) 100vw, 600px\"><\/p>\n<p>Im Hinblick darauf wurde in den drei Anlagen des Konzerns das <strong>Qualit\u00e4tsmanagementsystem (ISO 9001)<\/strong> implementiert. Au\u00dferdem ist das Unternehmen nach dem <strong>Global Standard for Food Safety <\/strong>(BRC) und dem <strong>International Food Standard (IFS)<\/strong> f\u00fcr Lebensmittelsicherheit zertifiziert.<\/p>\n<p>Durch die Gew\u00e4hrleistung der umfassenden Qualit\u00e4t eines Produkts wird nicht nur sein Geschmack garantiert, sondern auch die Sicherheit der Rohstoffe f\u00fcr den Verbraucher.\u00f9<\/p>\n<p><a href=\"https:\/\/www.matildevicenzi.com\/de\/unternehmensgruppe\/unternehmen\/\" role=\"button\"><br \/>\nMehr entdecken<br \/>\n<\/a><\/p>\n<h3>Italienisches Feingeb\u00e4ck seit 1905<\/h3>\n<p><strong>Seit 1905 ist der Name von Matilde Vicenzi ein Synonym f\u00fcr italienische Feinbackwaren<\/strong>, deren Qualit\u00e4t in Italien und weltweit den Ma\u00dfstab setzt f\u00fcr alle, die auf der Suche sind nach dem k\u00f6stlichen Geschmack und der S\u00fc\u00dfe echter italienischer Backwaren.<\/p>\n<p><strong>Hochwertige S\u00fc\u00dfwaren k\u00f6nnen nur aus einer gro\u00dfen Leidenschaft entstehen: einer Leidenschaft, die in der Familie Vicenzi von Generation zu Generation weitergegeben wird.<\/strong><\/p>\n<p>Seit den ersten L\u00f6ffelbiskuits haben die Feingeb\u00e4ckspezialit\u00e4ten von Matilde Vicenzi ihre Einzigartigkeit bewahrt. Alle unsere Produkte \u00fcberzeugen durch ihren unvergleichlichen Geschmack und ihre unvergleichliche Vielseitigkeit: Die Klassiker sind zeitlos und unsere Rezepte bieten jede Menge kreative Inspiration.<\/p>\n<p><a href=\"https:\/\/www.matildevicenzi.com\/de\/produkte\/\" role=\"button\"><br \/>\nMehr entdecken<br \/>\n<\/a><br \/>\n<img decoding=\"async\" width=\"750\" height=\"600\" src=\"https:\/\/www.matildevicenzi.com\/de\/wp-content\/uploads\/sites\/2\/2020\/12\/matilde-vicenzi-all-products.jpg\" alt=\"\" loading=\"lazy\" srcset=\"https:\/\/www.matildevicenzi.com\/de\/wp-content\/uploads\/sites\/2\/2020\/12\/matilde-vicenzi-all-products.jpg 750w, https:\/\/www.matildevicenzi.com\/de\/wp-content\/uploads\/sites\/2\/2020\/12\/matilde-vicenzi-all-products-300x240.jpg 300w\" sizes=\"auto, (max-width: 750px) 100vw, 750px\"><br \/>\n<img decoding=\"async\" width=\"600\" height=\"467\" src=\"https:\/\/www.matildevicenzi.com\/de\/wp-content\/uploads\/sites\/2\/2020\/11\/matilde-vicenzi-first-store.jpg\" alt=\"\" loading=\"lazy\" srcset=\"https:\/\/www.matildevicenzi.com\/de\/wp-content\/uploads\/sites\/2\/2020\/11\/matilde-vicenzi-first-store.jpg 600w, https:\/\/www.matildevicenzi.com\/de\/wp-content\/uploads\/sites\/2\/2020\/11\/matilde-vicenzi-first-store-300x234.jpg 300w\" sizes=\"auto, (max-width: 600px) 100vw, 600px\"><\/p>\n<h3>Geschichte<\/h3>\n<p><strong>Die Geschichte von Matilde Vicenzi begann im Jahr 1905 mit einem kleinen Bachwarenladen in San Giovanni Lupatoto nahe der Stadt Verona<\/strong>, in dem sie handgemachtes S\u00fc\u00dfgeb\u00e4ck und Amaretti nach eigenem Rezept verkaufte.<br \/>\nDie Unternehmenszentrale befindet sich auch heute noch nahe dem Ort, an dem alles begann.<\/p>\n<p><a href=\"https:\/\/www.matildevicenzi.com\/de\/unternehmensgruppe\/geschichte\/\" role=\"button\"><br \/>\nMehr entdecken<br \/>\n<\/a><\/p>\n<h2>Sind Sie vom Fach?<\/h2>\n<p style=\"text-align: left;\">Mit drei international zertifizierten Werken und einer gro\u00dfen Exportabteilung <strong>beliefert das Unternehmen die unterschiedlichsten Kunden weltweit<\/strong> \u00fcber die folgenden Kan\u00e4le:<\/p>\n<ul>\n<li>traditionelle Supermarktketten<\/li>\n<li>Feinkostl\u00e4den<\/li>\n<li>Verkaufsautomaten, Gastgewerbe und Catering<\/li>\n<li>Stehcaf\u00e9s<\/li>\n<li>Flugh\u00e4fen und Bahnh\u00f6fe<\/li>\n<li>Tankstellenshops<\/li>\n<\/ul>\n<p><a href=\"https:\/\/www.matildevicenzi.com\/de\/professionals\/\" role=\"button\"><br \/>\nMehr erfahren<br \/>\n<\/a><\/p>\n<h3>Rezepte<\/h3>\n<p style=\"text-align: center;\"><strong>Die Geschichte von Matilde Vicenzi begann im Jahr 1905 mit einem kleinen Bachwarenladen in San Giovanni Lupatoto nahe der Stadt Verona<\/strong>, in dem sie handgemachtes S\u00fc\u00dfgeb\u00e4ck und Amaretti nach eigenem Rezept verkaufte.<br \/>\nDie Unternehmenszentrale befindet sich auch heute noch nahe dem Ort, an dem alles begann.<\/p>\n","protected":false},"excerpt":{"rendered":"<p>Italienisches Feingeb\u00e4ck seit 1905Unsere Produkte verkostenMehr erfahren Mission und Vision \u00dcber die Jahre hinweg wuchs die Unternehmensgruppe dank ihrer F\u00e4higkeit zur Verkn\u00fcpfung unternehmerischer Grunds\u00e4tze mit den typischen, von Generation zu Generation weitergegebenen Werten eines Familienunternehmens. Hochwertige Rohstoffe, die Liebe zum Detail und die Leidenschaft f\u00fcr gute Dinge waren bei jedem Schritt der Entwicklung die Leitgedanken. [&hellip;]<\/p>\n","protected":false},"author":1,"featured_media":0,"parent":0,"menu_order":0,"comment_status":"closed","ping_status":"closed","template":"","meta":{"_acf_changed":false,"inline_featured_image":false,"footnotes":""},"class_list":["post-6174","page","type-page","status-publish","hentry"],"acf":[],"yoast_head":"<!-- This site is optimized with the Yoast SEO plugin v26.2 - https:\/\/yoast.com\/wordpress\/plugins\/seo\/ -->\n<title>Matilde Vicenzi S.p.A. | Italienisches Feingeb\u00e4ckseit 1905<\/title>\n<meta name=\"description\" content=\"Discover the world of Matilde Vicenzi: sweet recipes, delicious fine pastry made in Italy and dessert. Enter now and visit Matilde&#039;s website!\" \/>\n<meta name=\"robots\" content=\"index, follow, max-snippet:-1, max-image-preview:large, max-video-preview:-1\" \/>\n<link rel=\"canonical\" href=\"https:\/\/www.matildevicenzi.com\/de\/\" \/>\n<meta property=\"og:locale\" content=\"en_US\" \/>\n<meta property=\"og:type\" content=\"article\" \/>\n<meta property=\"og:title\" content=\"Matilde Vicenzi S.p.A. | Italienisches Feingeb\u00e4ckseit 1905\" \/>\n<meta property=\"og:description\" content=\"Discover the world of Matilde Vicenzi: sweet recipes, delicious fine pastry made in Italy and dessert. Enter now and visit Matilde&#039;s website!\" \/>\n<meta property=\"og:url\" content=\"https:\/\/www.matildevicenzi.com\/de\/\" \/>\n<meta property=\"og:site_name\" content=\"Matilde Vicenzi S.p.A.\" \/>\n<meta property=\"article:modified_time\" content=\"2024-06-19T12:28:29+00:00\" \/>\n<meta property=\"og:image\" content=\"https:\/\/www.matildevicenzi.com\/de\/wp-content\/uploads\/sites\/2\/2022\/12\/matilde-vicenzi-latta-verona.jpg\" \/>\n\t<meta property=\"og:image:width\" content=\"1920\" \/>\n\t<meta property=\"og:image:height\" content=\"1080\" \/>\n\t<meta property=\"og:image:type\" content=\"image\/jpeg\" \/>\n<meta name=\"twitter:card\" content=\"summary_large_image\" \/>\n<meta name=\"twitter:image\" content=\"https:\/\/www.matildevicenzi.com\/de\/wp-content\/uploads\/sites\/2\/2022\/12\/matilde-vicenzi-latta-verona.jpg\" \/>\n<meta name=\"twitter:label1\" content=\"Est. reading time\" \/>\n\t<meta name=\"twitter:data1\" content=\"3 minutes\" \/>\n<script type=\"application\/ld+json\" class=\"yoast-schema-graph\">{\"@context\":\"https:\/\/schema.org\",\"@graph\":[{\"@type\":\"WebPage\",\"@id\":\"https:\/\/www.matildevicenzi.com\/de\/\",\"url\":\"https:\/\/www.matildevicenzi.com\/de\/\",\"name\":\"Matilde Vicenzi S.p.A. | Italienisches Feingeb\u00e4ckseit 1905\",\"isPartOf\":{\"@id\":\"https:\/\/www.matildevicenzi.com\/de\/#website\"},\"primaryImageOfPage\":{\"@id\":\"https:\/\/www.matildevicenzi.com\/de\/#primaryimage\"},\"image\":{\"@id\":\"https:\/\/www.matildevicenzi.com\/de\/#primaryimage\"},\"thumbnailUrl\":\"https:\/\/www.matildevicenzi.com\/de\/wp-content\/uploads\/sites\/2\/2020\/11\/vicenzi-group.jpg\",\"datePublished\":\"2020-10-27T08:37:27+00:00\",\"dateModified\":\"2024-06-19T12:28:29+00:00\",\"description\":\"Discover the world of Matilde Vicenzi: sweet recipes, delicious fine pastry made in Italy and dessert. Enter now and visit Matilde's website!\",\"breadcrumb\":{\"@id\":\"https:\/\/www.matildevicenzi.com\/de\/#breadcrumb\"},\"inLanguage\":\"en-US\",\"potentialAction\":[{\"@type\":\"ReadAction\",\"target\":[\"https:\/\/www.matildevicenzi.com\/de\/\"]}]},{\"@type\":\"ImageObject\",\"inLanguage\":\"en-US\",\"@id\":\"https:\/\/www.matildevicenzi.com\/de\/#primaryimage\",\"url\":\"https:\/\/www.matildevicenzi.com\/de\/wp-content\/uploads\/sites\/2\/2020\/11\/vicenzi-group.jpg\",\"contentUrl\":\"https:\/\/www.matildevicenzi.com\/de\/wp-content\/uploads\/sites\/2\/2020\/11\/vicenzi-group.jpg\",\"width\":600,\"height\":311},{\"@type\":\"BreadcrumbList\",\"@id\":\"https:\/\/www.matildevicenzi.com\/de\/#breadcrumb\",\"itemListElement\":[{\"@type\":\"ListItem\",\"position\":1,\"name\":\"Home\",\"item\":\"https:\/\/www.matildevicenzi.com\/de\/\"},{\"@type\":\"ListItem\",\"position\":2,\"name\":\"Homepage\"}]},{\"@type\":\"WebSite\",\"@id\":\"https:\/\/www.matildevicenzi.com\/de\/#website\",\"url\":\"https:\/\/www.matildevicenzi.com\/de\/\",\"name\":\"Matilde Vicenzi S.p.A.\",\"description\":\"Italienisches Feingeb\u00e4ckseit 1905\",\"publisher\":{\"@id\":\"https:\/\/www.matildevicenzi.com\/de\/#organization\"},\"potentialAction\":[{\"@type\":\"SearchAction\",\"target\":{\"@type\":\"EntryPoint\",\"urlTemplate\":\"https:\/\/www.matildevicenzi.com\/de\/?s={search_term_string}\"},\"query-input\":{\"@type\":\"PropertyValueSpecification\",\"valueRequired\":true,\"valueName\":\"search_term_string\"}}],\"inLanguage\":\"en-US\"},{\"@type\":\"Organization\",\"@id\":\"https:\/\/www.matildevicenzi.com\/de\/#organization\",\"name\":\"Matilde Vicenzi S.p.A.\",\"url\":\"https:\/\/www.matildevicenzi.com\/de\/\",\"logo\":{\"@type\":\"ImageObject\",\"inLanguage\":\"en-US\",\"@id\":\"https:\/\/www.matildevicenzi.com\/de\/#\/schema\/logo\/image\/\",\"url\":\"https:\/\/www.matildevicenzi.com\/de\/wp-content\/uploads\/sites\/2\/2023\/06\/matilde_logo_new.png\",\"contentUrl\":\"https:\/\/www.matildevicenzi.com\/de\/wp-content\/uploads\/sites\/2\/2023\/06\/matilde_logo_new.png\",\"width\":606,\"height\":606,\"caption\":\"Matilde Vicenzi S.p.A.\"},\"image\":{\"@id\":\"https:\/\/www.matildevicenzi.com\/de\/#\/schema\/logo\/image\/\"}}]}<\/script>\n<!-- \/ Yoast SEO plugin. -->","yoast_head_json":{"title":"Matilde Vicenzi S.p.A. | Italienisches Feingeb\u00e4ckseit 1905","description":"Discover the world of Matilde Vicenzi: sweet recipes, delicious fine pastry made in Italy and dessert. Enter now and visit Matilde's website!","robots":{"index":"index","follow":"follow","max-snippet":"max-snippet:-1","max-image-preview":"max-image-preview:large","max-video-preview":"max-video-preview:-1"},"canonical":"https:\/\/www.matildevicenzi.com\/de\/","og_locale":"en_US","og_type":"article","og_title":"Matilde Vicenzi S.p.A. | Italienisches Feingeb\u00e4ckseit 1905","og_description":"Discover the world of Matilde Vicenzi: sweet recipes, delicious fine pastry made in Italy and dessert. Enter now and visit Matilde's website!","og_url":"https:\/\/www.matildevicenzi.com\/de\/","og_site_name":"Matilde Vicenzi S.p.A.","article_modified_time":"2024-06-19T12:28:29+00:00","og_image":[{"width":1920,"height":1080,"url":"https:\/\/www.matildevicenzi.com\/de\/wp-content\/uploads\/sites\/2\/2022\/12\/matilde-vicenzi-latta-verona.jpg","type":"image\/jpeg"}],"twitter_card":"summary_large_image","twitter_image":"https:\/\/www.matildevicenzi.com\/de\/wp-content\/uploads\/sites\/2\/2022\/12\/matilde-vicenzi-latta-verona.jpg","twitter_misc":{"Est. reading time":"3 minutes"},"schema":{"@context":"https:\/\/schema.org","@graph":[{"@type":"WebPage","@id":"https:\/\/www.matildevicenzi.com\/de\/","url":"https:\/\/www.matildevicenzi.com\/de\/","name":"Matilde Vicenzi S.p.A. | Italienisches Feingeb\u00e4ckseit 1905","isPartOf":{"@id":"https:\/\/www.matildevicenzi.com\/de\/#website"},"primaryImageOfPage":{"@id":"https:\/\/www.matildevicenzi.com\/de\/#primaryimage"},"image":{"@id":"https:\/\/www.matildevicenzi.com\/de\/#primaryimage"},"thumbnailUrl":"https:\/\/www.matildevicenzi.com\/de\/wp-content\/uploads\/sites\/2\/2020\/11\/vicenzi-group.jpg","datePublished":"2020-10-27T08:37:27+00:00","dateModified":"2024-06-19T12:28:29+00:00","description":"Discover the world of Matilde Vicenzi: sweet recipes, delicious fine pastry made in Italy and dessert. Enter now and visit Matilde's website!","breadcrumb":{"@id":"https:\/\/www.matildevicenzi.com\/de\/#breadcrumb"},"inLanguage":"en-US","potentialAction":[{"@type":"ReadAction","target":["https:\/\/www.matildevicenzi.com\/de\/"]}]},{"@type":"ImageObject","inLanguage":"en-US","@id":"https:\/\/www.matildevicenzi.com\/de\/#primaryimage","url":"https:\/\/www.matildevicenzi.com\/de\/wp-content\/uploads\/sites\/2\/2020\/11\/vicenzi-group.jpg","contentUrl":"https:\/\/www.matildevicenzi.com\/de\/wp-content\/uploads\/sites\/2\/2020\/11\/vicenzi-group.jpg","width":600,"height":311},{"@type":"BreadcrumbList","@id":"https:\/\/www.matildevicenzi.com\/de\/#breadcrumb","itemListElement":[{"@type":"ListItem","position":1,"name":"Home","item":"https:\/\/www.matildevicenzi.com\/de\/"},{"@type":"ListItem","position":2,"name":"Homepage"}]},{"@type":"WebSite","@id":"https:\/\/www.matildevicenzi.com\/de\/#website","url":"https:\/\/www.matildevicenzi.com\/de\/","name":"Matilde Vicenzi S.p.A.","description":"Italienisches Feingeb\u00e4ckseit 1905","publisher":{"@id":"https:\/\/www.matildevicenzi.com\/de\/#organization"},"potentialAction":[{"@type":"SearchAction","target":{"@type":"EntryPoint","urlTemplate":"https:\/\/www.matildevicenzi.com\/de\/?s={search_term_string}"},"query-input":{"@type":"PropertyValueSpecification","valueRequired":true,"valueName":"search_term_string"}}],"inLanguage":"en-US"},{"@type":"Organization","@id":"https:\/\/www.matildevicenzi.com\/de\/#organization","name":"Matilde Vicenzi S.p.A.","url":"https:\/\/www.matildevicenzi.com\/de\/","logo":{"@type":"ImageObject","inLanguage":"en-US","@id":"https:\/\/www.matildevicenzi.com\/de\/#\/schema\/logo\/image\/","url":"https:\/\/www.matildevicenzi.com\/de\/wp-content\/uploads\/sites\/2\/2023\/06\/matilde_logo_new.png","contentUrl":"https:\/\/www.matildevicenzi.com\/de\/wp-content\/uploads\/sites\/2\/2023\/06\/matilde_logo_new.png","width":606,"height":606,"caption":"Matilde Vicenzi S.p.A."},"image":{"@id":"https:\/\/www.matildevicenzi.com\/de\/#\/schema\/logo\/image\/"}}]}},"_links":{"self":[{"href":"https:\/\/www.matildevicenzi.com\/de\/wp-json\/wp\/v2\/pages\/6174","targetHints":{"allow":["GET"]}}],"collection":[{"href":"https:\/\/www.matildevicenzi.com\/de\/wp-json\/wp\/v2\/pages"}],"about":[{"href":"https:\/\/www.matildevicenzi.com\/de\/wp-json\/wp\/v2\/types\/page"}],"author":[{"embeddable":true,"href":"https:\/\/www.matildevicenzi.com\/de\/wp-json\/wp\/v2\/users\/1"}],"replies":[{"embeddable":true,"href":"https:\/\/www.matildevicenzi.com\/de\/wp-json\/wp\/v2\/comments?post=6174"}],"version-history":[{"count":36,"href":"https:\/\/www.matildevicenzi.com\/de\/wp-json\/wp\/v2\/pages\/6174\/revisions"}],"predecessor-version":[{"id":41502,"href":"https:\/\/www.matildevicenzi.com\/de\/wp-json\/wp\/v2\/pages\/6174\/revisions\/41502"}],"wp:attachment":[{"href":"https:\/\/www.matildevicenzi.com\/de\/wp-json\/wp\/v2\/media?parent=6174"}],"curies":[{"name":"wp","href":"https:\/\/api.w.org\/{rel}","templated":true}]}}