{"id":7208,"date":"2020-11-23T14:52:40","date_gmt":"2020-11-23T14:52:40","guid":{"rendered":"http:\/\/matilde.kina.it\/?page_id=7208"},"modified":"2024-06-19T10:39:38","modified_gmt":"2024-06-19T08:39:38","slug":"rezepte","status":"publish","type":"page","link":"https:\/\/www.matildevicenzi.com\/de\/rezepte\/","title":{"rendered":"Rezepte"},"content":{"rendered":"<p style=\"text-align: center;\">Es ist schon eine ganze Weile her, seitdem Matilde Vicenzi ihre kleine Konditorei in der N\u00e4he von Verona er\u00f6ffnete! Als Gesch\u00e4ftsfrau und auch als Mutter und Gro\u00dfmutter wollte sie ihre besten Rezepte mit uns teilen und verr\u00e4t uns, wie man einige ihrer Spezialit\u00e4ten wie Vicenzovo L\u00f6ffelbiskuit, Amarettini und Millefoglie d'Italia Bl\u00e4tterteig am besten verwendet.<\/p>\n<figure><img decoding=\"async\" width=\"300\" height=\"300\" src=\"https:\/\/www.matildevicenzi.com\/de\/wp-content\/uploads\/sites\/2\/2020\/11\/matilde-vicenzi-bavarian-cream-with-peaches-and-amarettino-01-300x300.jpg\" alt=\"\" loading=\"lazy\" srcset=\"https:\/\/www.matildevicenzi.com\/de\/wp-content\/uploads\/sites\/2\/2020\/11\/matilde-vicenzi-bavarian-cream-with-peaches-and-amarettino-01-300x300.jpg 300w, https:\/\/www.matildevicenzi.com\/de\/wp-content\/uploads\/sites\/2\/2020\/11\/matilde-vicenzi-bavarian-cream-with-peaches-and-amarettino-01-150x150.jpg 150w, https:\/\/www.matildevicenzi.com\/de\/wp-content\/uploads\/sites\/2\/2020\/11\/matilde-vicenzi-bavarian-cream-with-peaches-and-amarettino-01-768x768.jpg 768w, https:\/\/www.matildevicenzi.com\/de\/wp-content\/uploads\/sites\/2\/2020\/11\/matilde-vicenzi-bavarian-cream-with-peaches-and-amarettino-01.jpg 995w\" sizes=\"auto, (max-width: 300px) 100vw, 300px\"><\/figure>\n<h3>Jubil\u00e4en<\/h3>\n<figure><img decoding=\"async\" width=\"300\" height=\"300\" src=\"https:\/\/www.matildevicenzi.com\/de\/wp-content\/uploads\/sites\/2\/2020\/11\/matilde-vicenzi-tiramisu-recipes-1-300x300.jpg\" alt=\"\" loading=\"lazy\" srcset=\"https:\/\/www.matildevicenzi.com\/de\/wp-content\/uploads\/sites\/2\/2020\/11\/matilde-vicenzi-tiramisu-recipes-1-300x300.jpg 300w, https:\/\/www.matildevicenzi.com\/de\/wp-content\/uploads\/sites\/2\/2020\/11\/matilde-vicenzi-tiramisu-recipes-1-150x150.jpg 150w, https:\/\/www.matildevicenzi.com\/de\/wp-content\/uploads\/sites\/2\/2020\/11\/matilde-vicenzi-tiramisu-recipes-1-768x768.jpg 768w, https:\/\/www.matildevicenzi.com\/de\/wp-content\/uploads\/sites\/2\/2020\/11\/matilde-vicenzi-tiramisu-recipes-1.jpg 1000w\" sizes=\"auto, (max-width: 300px) 100vw, 300px\"><\/figure>\n<h3>Tiramis\u00f9<\/h3>\n<figure><img decoding=\"async\" width=\"300\" height=\"300\" src=\"https:\/\/www.matildevicenzi.com\/de\/wp-content\/uploads\/sites\/2\/2020\/11\/matilde-vicenzi-mini-glasses-with-peaches-amaretti-ditalia-macaroons-and-greek-yoghurt-mousse-01-300x300.jpg\" alt=\"\" loading=\"lazy\" srcset=\"https:\/\/www.matildevicenzi.com\/de\/wp-content\/uploads\/sites\/2\/2020\/11\/matilde-vicenzi-mini-glasses-with-peaches-amaretti-ditalia-macaroons-and-greek-yoghurt-mousse-01-300x300.jpg 300w, https:\/\/www.matildevicenzi.com\/de\/wp-content\/uploads\/sites\/2\/2020\/11\/matilde-vicenzi-mini-glasses-with-peaches-amaretti-ditalia-macaroons-and-greek-yoghurt-mousse-01-150x150.jpg 150w, https:\/\/www.matildevicenzi.com\/de\/wp-content\/uploads\/sites\/2\/2020\/11\/matilde-vicenzi-mini-glasses-with-peaches-amaretti-ditalia-macaroons-and-greek-yoghurt-mousse-01-768x768.jpg 768w, https:\/\/www.matildevicenzi.com\/de\/wp-content\/uploads\/sites\/2\/2020\/11\/matilde-vicenzi-mini-glasses-with-peaches-amaretti-ditalia-macaroons-and-greek-yoghurt-mousse-01.jpg 995w\" sizes=\"auto, (max-width: 300px) 100vw, 300px\"><\/figure>\n<h3>Nachspeise<\/h3>\n<figure><img decoding=\"async\" width=\"300\" height=\"300\" src=\"https:\/\/www.matildevicenzi.com\/de\/wp-content\/uploads\/sites\/2\/2020\/11\/matilde-vicenzi-single-serve-bavarois-with-pomegranate-and-white-chocolate-01-300x300.jpg\" alt=\"\" loading=\"lazy\" srcset=\"https:\/\/www.matildevicenzi.com\/de\/wp-content\/uploads\/sites\/2\/2020\/11\/matilde-vicenzi-single-serve-bavarois-with-pomegranate-and-white-chocolate-01-300x300.jpg 300w, https:\/\/www.matildevicenzi.com\/de\/wp-content\/uploads\/sites\/2\/2020\/11\/matilde-vicenzi-single-serve-bavarois-with-pomegranate-and-white-chocolate-01-150x150.jpg 150w, https:\/\/www.matildevicenzi.com\/de\/wp-content\/uploads\/sites\/2\/2020\/11\/matilde-vicenzi-single-serve-bavarois-with-pomegranate-and-white-chocolate-01-768x768.jpg 768w, https:\/\/www.matildevicenzi.com\/de\/wp-content\/uploads\/sites\/2\/2020\/11\/matilde-vicenzi-single-serve-bavarois-with-pomegranate-and-white-chocolate-01.jpg 995w\" sizes=\"auto, (max-width: 300px) 100vw, 300px\"><\/figure>\n<h3>Feiertage<\/h3>\n<figure><img decoding=\"async\" width=\"300\" height=\"300\" src=\"https:\/\/www.matildevicenzi.com\/de\/wp-content\/uploads\/sites\/2\/2020\/11\/matilde-vicenzi-millefoglie-bocconcini-and-smoothie-01-300x300.jpg\" alt=\"\" loading=\"lazy\" srcset=\"https:\/\/www.matildevicenzi.com\/de\/wp-content\/uploads\/sites\/2\/2020\/11\/matilde-vicenzi-millefoglie-bocconcini-and-smoothie-01-300x300.jpg 300w, https:\/\/www.matildevicenzi.com\/de\/wp-content\/uploads\/sites\/2\/2020\/11\/matilde-vicenzi-millefoglie-bocconcini-and-smoothie-01-150x150.jpg 150w, https:\/\/www.matildevicenzi.com\/de\/wp-content\/uploads\/sites\/2\/2020\/11\/matilde-vicenzi-millefoglie-bocconcini-and-smoothie-01-768x768.jpg 768w, https:\/\/www.matildevicenzi.com\/de\/wp-content\/uploads\/sites\/2\/2020\/11\/matilde-vicenzi-millefoglie-bocconcini-and-smoothie-01.jpg 995w\" sizes=\"auto, (max-width: 300px) 100vw, 300px\"><\/figure>\n<h3>Sommer<\/h3>\n<figure><img decoding=\"async\" width=\"300\" height=\"300\" src=\"https:\/\/www.matildevicenzi.com\/de\/wp-content\/uploads\/sites\/2\/2020\/11\/matilde-vicenzi-pie-with-apples-walnuts-and-amaretti-italia-macaroons-01-300x300.jpg\" alt=\"\" loading=\"lazy\" srcset=\"https:\/\/www.matildevicenzi.com\/de\/wp-content\/uploads\/sites\/2\/2020\/11\/matilde-vicenzi-pie-with-apples-walnuts-and-amaretti-italia-macaroons-01-300x300.jpg 300w, https:\/\/www.matildevicenzi.com\/de\/wp-content\/uploads\/sites\/2\/2020\/11\/matilde-vicenzi-pie-with-apples-walnuts-and-amaretti-italia-macaroons-01-150x150.jpg 150w, https:\/\/www.matildevicenzi.com\/de\/wp-content\/uploads\/sites\/2\/2020\/11\/matilde-vicenzi-pie-with-apples-walnuts-and-amaretti-italia-macaroons-01-768x768.jpg 768w, https:\/\/www.matildevicenzi.com\/de\/wp-content\/uploads\/sites\/2\/2020\/11\/matilde-vicenzi-pie-with-apples-walnuts-and-amaretti-italia-macaroons-01.jpg 995w\" sizes=\"auto, (max-width: 300px) 100vw, 300px\"><\/figure>\n<h3>Klassiker<\/h3>\n<figure><img decoding=\"async\" width=\"300\" height=\"300\" src=\"https:\/\/www.matildevicenzi.com\/de\/wp-content\/uploads\/sites\/2\/2020\/11\/matilde-vicenzi-pie-with-amaretti-italia-macaroons-and-red-berry-jam-01-300x300.jpg\" alt=\"\" loading=\"lazy\" srcset=\"https:\/\/www.matildevicenzi.com\/de\/wp-content\/uploads\/sites\/2\/2020\/11\/matilde-vicenzi-pie-with-amaretti-italia-macaroons-and-red-berry-jam-01-300x300.jpg 300w, https:\/\/www.matildevicenzi.com\/de\/wp-content\/uploads\/sites\/2\/2020\/11\/matilde-vicenzi-pie-with-amaretti-italia-macaroons-and-red-berry-jam-01-150x150.jpg 150w, https:\/\/www.matildevicenzi.com\/de\/wp-content\/uploads\/sites\/2\/2020\/11\/matilde-vicenzi-pie-with-amaretti-italia-macaroons-and-red-berry-jam-01-768x768.jpg 768w, https:\/\/www.matildevicenzi.com\/de\/wp-content\/uploads\/sites\/2\/2020\/11\/matilde-vicenzi-pie-with-amaretti-italia-macaroons-and-red-berry-jam-01.jpg 995w\" sizes=\"auto, (max-width: 300px) 100vw, 300px\"><\/figure>\n<h3>Winter<\/h3>\n","protected":false},"excerpt":{"rendered":"<p>Es ist schon eine ganze Weile her, seitdem Matilde Vicenzi ihre kleine Konditorei in der N\u00e4he von Verona er\u00f6ffnete! Als Gesch\u00e4ftsfrau und auch als Mutter und Gro\u00dfmutter wollte sie ihre besten Rezepte mit uns teilen und verr\u00e4t uns, wie man einige ihrer Spezialit\u00e4ten wie Vicenzovo L\u00f6ffelbiskuit, Amarettini und Millefoglie d'Italia Bl\u00e4tterteig am besten verwendet. Jubil\u00e4en [&hellip;]<\/p>\n","protected":false},"author":1,"featured_media":0,"parent":0,"menu_order":0,"comment_status":"closed","ping_status":"closed","template":"","meta":{"_acf_changed":false,"inline_featured_image":false,"footnotes":""},"class_list":["post-7208","page","type-page","status-publish","hentry"],"acf":[],"yoast_head":"<!-- This site is optimized with the Yoast SEO plugin v26.2 - https:\/\/yoast.com\/wordpress\/plugins\/seo\/ -->\n<title>Rezepte | Matilde Vicenzi S.p.A.<\/title>\n<meta name=\"robots\" content=\"index, follow, max-snippet:-1, max-image-preview:large, max-video-preview:-1\" \/>\n<link rel=\"canonical\" href=\"https:\/\/www.matildevicenzi.com\/de\/rezepte\/\" \/>\n<meta property=\"og:locale\" content=\"en_US\" \/>\n<meta property=\"og:type\" content=\"article\" \/>\n<meta property=\"og:title\" content=\"Rezepte | Matilde Vicenzi S.p.A.\" \/>\n<meta property=\"og:description\" content=\"Es ist schon eine ganze Weile her, seitdem Matilde Vicenzi ihre kleine Konditorei in der N\u00e4he von Verona er\u00f6ffnete! Als Gesch\u00e4ftsfrau und auch als Mutter und Gro\u00dfmutter wollte sie ihre besten Rezepte mit uns teilen und verr\u00e4t uns, wie man einige ihrer Spezialit\u00e4ten wie Vicenzovo L\u00f6ffelbiskuit, Amarettini und Millefoglie d&#039;Italia Bl\u00e4tterteig am besten verwendet. Jubil\u00e4en [&hellip;]\" \/>\n<meta property=\"og:url\" content=\"https:\/\/www.matildevicenzi.com\/de\/rezepte\/\" \/>\n<meta property=\"og:site_name\" content=\"Matilde Vicenzi S.p.A.\" \/>\n<meta property=\"article:modified_time\" content=\"2024-06-19T08:39:38+00:00\" \/>\n<meta property=\"og:image\" content=\"https:\/\/www.matildevicenzi.com\/de\/wp-content\/uploads\/sites\/2\/2020\/11\/matilde-vicenzi-bavarian-cream-with-peaches-and-amarettino-01-300x300.jpg\" \/>\n<meta name=\"twitter:card\" content=\"summary_large_image\" \/>\n<meta name=\"twitter:label1\" content=\"Est. reading time\" \/>\n\t<meta name=\"twitter:data1\" content=\"2 minutes\" \/>\n<script type=\"application\/ld+json\" class=\"yoast-schema-graph\">{\"@context\":\"https:\/\/schema.org\",\"@graph\":[{\"@type\":\"WebPage\",\"@id\":\"https:\/\/www.matildevicenzi.com\/de\/rezepte\/\",\"url\":\"https:\/\/www.matildevicenzi.com\/de\/rezepte\/\",\"name\":\"Rezepte | Matilde Vicenzi S.p.A.\",\"isPartOf\":{\"@id\":\"https:\/\/www.matildevicenzi.com\/de\/#website\"},\"primaryImageOfPage\":{\"@id\":\"https:\/\/www.matildevicenzi.com\/de\/rezepte\/#primaryimage\"},\"image\":{\"@id\":\"https:\/\/www.matildevicenzi.com\/de\/rezepte\/#primaryimage\"},\"thumbnailUrl\":\"https:\/\/www.matildevicenzi.com\/de\/wp-content\/uploads\/sites\/2\/2020\/11\/matilde-vicenzi-bavarian-cream-with-peaches-and-amarettino-01-300x300.jpg\",\"datePublished\":\"2020-11-23T14:52:40+00:00\",\"dateModified\":\"2024-06-19T08:39:38+00:00\",\"breadcrumb\":{\"@id\":\"https:\/\/www.matildevicenzi.com\/de\/rezepte\/#breadcrumb\"},\"inLanguage\":\"en-US\",\"potentialAction\":[{\"@type\":\"ReadAction\",\"target\":[\"https:\/\/www.matildevicenzi.com\/de\/rezepte\/\"]}]},{\"@type\":\"ImageObject\",\"inLanguage\":\"en-US\",\"@id\":\"https:\/\/www.matildevicenzi.com\/de\/rezepte\/#primaryimage\",\"url\":\"https:\/\/www.matildevicenzi.com\/de\/wp-content\/uploads\/sites\/2\/2020\/11\/matilde-vicenzi-bavarian-cream-with-peaches-and-amarettino-01.jpg\",\"contentUrl\":\"https:\/\/www.matildevicenzi.com\/de\/wp-content\/uploads\/sites\/2\/2020\/11\/matilde-vicenzi-bavarian-cream-with-peaches-and-amarettino-01.jpg\",\"width\":995,\"height\":995},{\"@type\":\"BreadcrumbList\",\"@id\":\"https:\/\/www.matildevicenzi.com\/de\/rezepte\/#breadcrumb\",\"itemListElement\":[{\"@type\":\"ListItem\",\"position\":1,\"name\":\"Home\",\"item\":\"https:\/\/www.matildevicenzi.com\/de\/\"},{\"@type\":\"ListItem\",\"position\":2,\"name\":\"Rezepte\"}]},{\"@type\":\"WebSite\",\"@id\":\"https:\/\/www.matildevicenzi.com\/de\/#website\",\"url\":\"https:\/\/www.matildevicenzi.com\/de\/\",\"name\":\"Matilde Vicenzi S.p.A.\",\"description\":\"Italienisches Feingeb\u00e4ckseit 1905\",\"publisher\":{\"@id\":\"https:\/\/www.matildevicenzi.com\/de\/#organization\"},\"potentialAction\":[{\"@type\":\"SearchAction\",\"target\":{\"@type\":\"EntryPoint\",\"urlTemplate\":\"https:\/\/www.matildevicenzi.com\/de\/?s={search_term_string}\"},\"query-input\":{\"@type\":\"PropertyValueSpecification\",\"valueRequired\":true,\"valueName\":\"search_term_string\"}}],\"inLanguage\":\"en-US\"},{\"@type\":\"Organization\",\"@id\":\"https:\/\/www.matildevicenzi.com\/de\/#organization\",\"name\":\"Matilde Vicenzi S.p.A.\",\"url\":\"https:\/\/www.matildevicenzi.com\/de\/\",\"logo\":{\"@type\":\"ImageObject\",\"inLanguage\":\"en-US\",\"@id\":\"https:\/\/www.matildevicenzi.com\/de\/#\/schema\/logo\/image\/\",\"url\":\"https:\/\/www.matildevicenzi.com\/de\/wp-content\/uploads\/sites\/2\/2023\/06\/matilde_logo_new.png\",\"contentUrl\":\"https:\/\/www.matildevicenzi.com\/de\/wp-content\/uploads\/sites\/2\/2023\/06\/matilde_logo_new.png\",\"width\":606,\"height\":606,\"caption\":\"Matilde Vicenzi S.p.A.\"},\"image\":{\"@id\":\"https:\/\/www.matildevicenzi.com\/de\/#\/schema\/logo\/image\/\"}}]}<\/script>\n<!-- \/ Yoast SEO plugin. -->","yoast_head_json":{"title":"Rezepte | Matilde Vicenzi S.p.A.","robots":{"index":"index","follow":"follow","max-snippet":"max-snippet:-1","max-image-preview":"max-image-preview:large","max-video-preview":"max-video-preview:-1"},"canonical":"https:\/\/www.matildevicenzi.com\/de\/rezepte\/","og_locale":"en_US","og_type":"article","og_title":"Rezepte | Matilde Vicenzi S.p.A.","og_description":"Es ist schon eine ganze Weile her, seitdem Matilde Vicenzi ihre kleine Konditorei in der N\u00e4he von Verona er\u00f6ffnete! Als Gesch\u00e4ftsfrau und auch als Mutter und Gro\u00dfmutter wollte sie ihre besten Rezepte mit uns teilen und verr\u00e4t uns, wie man einige ihrer Spezialit\u00e4ten wie Vicenzovo L\u00f6ffelbiskuit, Amarettini und Millefoglie d'Italia Bl\u00e4tterteig am besten verwendet. Jubil\u00e4en [&hellip;]","og_url":"https:\/\/www.matildevicenzi.com\/de\/rezepte\/","og_site_name":"Matilde Vicenzi S.p.A.","article_modified_time":"2024-06-19T08:39:38+00:00","og_image":[{"url":"https:\/\/www.matildevicenzi.com\/de\/wp-content\/uploads\/sites\/2\/2020\/11\/matilde-vicenzi-bavarian-cream-with-peaches-and-amarettino-01-300x300.jpg","type":"","width":"","height":""}],"twitter_card":"summary_large_image","twitter_misc":{"Est. reading time":"2 minutes"},"schema":{"@context":"https:\/\/schema.org","@graph":[{"@type":"WebPage","@id":"https:\/\/www.matildevicenzi.com\/de\/rezepte\/","url":"https:\/\/www.matildevicenzi.com\/de\/rezepte\/","name":"Rezepte | Matilde Vicenzi S.p.A.","isPartOf":{"@id":"https:\/\/www.matildevicenzi.com\/de\/#website"},"primaryImageOfPage":{"@id":"https:\/\/www.matildevicenzi.com\/de\/rezepte\/#primaryimage"},"image":{"@id":"https:\/\/www.matildevicenzi.com\/de\/rezepte\/#primaryimage"},"thumbnailUrl":"https:\/\/www.matildevicenzi.com\/de\/wp-content\/uploads\/sites\/2\/2020\/11\/matilde-vicenzi-bavarian-cream-with-peaches-and-amarettino-01-300x300.jpg","datePublished":"2020-11-23T14:52:40+00:00","dateModified":"2024-06-19T08:39:38+00:00","breadcrumb":{"@id":"https:\/\/www.matildevicenzi.com\/de\/rezepte\/#breadcrumb"},"inLanguage":"en-US","potentialAction":[{"@type":"ReadAction","target":["https:\/\/www.matildevicenzi.com\/de\/rezepte\/"]}]},{"@type":"ImageObject","inLanguage":"en-US","@id":"https:\/\/www.matildevicenzi.com\/de\/rezepte\/#primaryimage","url":"https:\/\/www.matildevicenzi.com\/de\/wp-content\/uploads\/sites\/2\/2020\/11\/matilde-vicenzi-bavarian-cream-with-peaches-and-amarettino-01.jpg","contentUrl":"https:\/\/www.matildevicenzi.com\/de\/wp-content\/uploads\/sites\/2\/2020\/11\/matilde-vicenzi-bavarian-cream-with-peaches-and-amarettino-01.jpg","width":995,"height":995},{"@type":"BreadcrumbList","@id":"https:\/\/www.matildevicenzi.com\/de\/rezepte\/#breadcrumb","itemListElement":[{"@type":"ListItem","position":1,"name":"Home","item":"https:\/\/www.matildevicenzi.com\/de\/"},{"@type":"ListItem","position":2,"name":"Rezepte"}]},{"@type":"WebSite","@id":"https:\/\/www.matildevicenzi.com\/de\/#website","url":"https:\/\/www.matildevicenzi.com\/de\/","name":"Matilde Vicenzi S.p.A.","description":"Italienisches Feingeb\u00e4ckseit 1905","publisher":{"@id":"https:\/\/www.matildevicenzi.com\/de\/#organization"},"potentialAction":[{"@type":"SearchAction","target":{"@type":"EntryPoint","urlTemplate":"https:\/\/www.matildevicenzi.com\/de\/?s={search_term_string}"},"query-input":{"@type":"PropertyValueSpecification","valueRequired":true,"valueName":"search_term_string"}}],"inLanguage":"en-US"},{"@type":"Organization","@id":"https:\/\/www.matildevicenzi.com\/de\/#organization","name":"Matilde Vicenzi S.p.A.","url":"https:\/\/www.matildevicenzi.com\/de\/","logo":{"@type":"ImageObject","inLanguage":"en-US","@id":"https:\/\/www.matildevicenzi.com\/de\/#\/schema\/logo\/image\/","url":"https:\/\/www.matildevicenzi.com\/de\/wp-content\/uploads\/sites\/2\/2023\/06\/matilde_logo_new.png","contentUrl":"https:\/\/www.matildevicenzi.com\/de\/wp-content\/uploads\/sites\/2\/2023\/06\/matilde_logo_new.png","width":606,"height":606,"caption":"Matilde Vicenzi S.p.A."},"image":{"@id":"https:\/\/www.matildevicenzi.com\/de\/#\/schema\/logo\/image\/"}}]}},"_links":{"self":[{"href":"https:\/\/www.matildevicenzi.com\/de\/wp-json\/wp\/v2\/pages\/7208","targetHints":{"allow":["GET"]}}],"collection":[{"href":"https:\/\/www.matildevicenzi.com\/de\/wp-json\/wp\/v2\/pages"}],"about":[{"href":"https:\/\/www.matildevicenzi.com\/de\/wp-json\/wp\/v2\/types\/page"}],"author":[{"embeddable":true,"href":"https:\/\/www.matildevicenzi.com\/de\/wp-json\/wp\/v2\/users\/1"}],"replies":[{"embeddable":true,"href":"https:\/\/www.matildevicenzi.com\/de\/wp-json\/wp\/v2\/comments?post=7208"}],"version-history":[{"count":25,"href":"https:\/\/www.matildevicenzi.com\/de\/wp-json\/wp\/v2\/pages\/7208\/revisions"}],"predecessor-version":[{"id":41465,"href":"https:\/\/www.matildevicenzi.com\/de\/wp-json\/wp\/v2\/pages\/7208\/revisions\/41465"}],"wp:attachment":[{"href":"https:\/\/www.matildevicenzi.com\/de\/wp-json\/wp\/v2\/media?parent=7208"}],"curies":[{"name":"wp","href":"https:\/\/api.w.org\/{rel}","templated":true}]}}