{"id":7252,"date":"2020-11-24T07:17:25","date_gmt":"2020-11-24T07:17:25","guid":{"rendered":"http:\/\/matilde.kina.it\/?page_id=7252"},"modified":"2024-06-19T10:41:14","modified_gmt":"2024-06-19T08:41:14","slug":"unternehmen","status":"publish","type":"page","link":"https:\/\/www.matildevicenzi.com\/de\/unternehmen\/","title":{"rendered":"Unternehmen"},"content":{"rendered":"<h2>Organisationsstruktur<\/h2>\n<p>Die Vicenzi Group umfasst <strong>drei Exzellenzmarken: Matilde Vicenzi:<\/strong> basierend auf italienischer Identit\u00e4t und Tradition, <strong>Grisb\u00ec<\/strong>, feinstes, leckeres M\u00fcrbeteiggeb\u00e4ck, gef\u00fcllt mit einer zarten Creme, und <strong>Mr. Day<\/strong>, die sich in dem hart umk\u00e4mpften Markt der Snacks durch schlichten, k\u00f6stlichen Biskuit auszeichnet.<\/p>\n<p><strong>Als Marktf\u00fchrer im einem breiten Segment typischer Produkte<\/strong> zeichnet sich die Vicenzi Gruppe als Premium-Hersteller von frischem und sortiertem Geb\u00e4ck, M\u00fcrbeteiggeb\u00e4ck und Keksen, Gastronomieprodukten, Fertigprodukten, Welcome-Cookies, Snackspezialit\u00e4ten und Automatenware f\u00fcr den s\u00fc\u00dfen Happen unterwegs aus.<\/p>\n<p>Die <strong>Vicenzi Group entstand 2005<\/strong> im Zuge der \u00dcbernahme der Backwarensparte von Parmalat durch Giuseppe Vicenzi, darunter auch der bekannten Marken Grisb\u00ec und Mr. Day.<\/p>\n<p>Eine zentrale S\u00e4ule der Unternehmensphilosophie ist die <strong>Pr\u00e4senz am Markt mit einem strategischen Produktmix und die Diversifizierung des Vertriebs<\/strong>: von klassischen Supermarktketten bis zu Feinkostl\u00e4den, von Verkaufsautomaten \u00fcber die Gastronomie bis hin zur Versorgung von Stehcaf\u00e9s, Bahnh\u00f6fen und Flugh\u00e4fen mit Einzelportionenprodukten.<\/p>\n<p><img decoding=\"async\" width=\"600\" height=\"600\" src=\"https:\/\/www.matildevicenzi.com\/de\/wp-content\/uploads\/sites\/2\/2023\/02\/unternehmen-1.jpg\" alt=\"\" loading=\"lazy\" srcset=\"https:\/\/www.matildevicenzi.com\/de\/wp-content\/uploads\/sites\/2\/2023\/02\/unternehmen-1.jpg 600w, https:\/\/www.matildevicenzi.com\/de\/wp-content\/uploads\/sites\/2\/2023\/02\/unternehmen-1-300x300.jpg 300w, https:\/\/www.matildevicenzi.com\/de\/wp-content\/uploads\/sites\/2\/2023\/02\/unternehmen-1-150x150.jpg 150w\" sizes=\"auto, (max-width: 600px) 100vw, 600px\"><br \/>\n<img decoding=\"async\" width=\"600\" height=\"600\" src=\"https:\/\/www.matildevicenzi.com\/de\/wp-content\/uploads\/sites\/2\/2023\/02\/italien.jpg\" alt=\"\" loading=\"lazy\" srcset=\"https:\/\/www.matildevicenzi.com\/de\/wp-content\/uploads\/sites\/2\/2023\/02\/italien.jpg 600w, https:\/\/www.matildevicenzi.com\/de\/wp-content\/uploads\/sites\/2\/2023\/02\/italien-300x300.jpg 300w, https:\/\/www.matildevicenzi.com\/de\/wp-content\/uploads\/sites\/2\/2023\/02\/italien-150x150.jpg 150w\" sizes=\"auto, (max-width: 600px) 100vw, 600px\"><br \/>\n<img decoding=\"async\" width=\"600\" height=\"600\" src=\"https:\/\/www.matildevicenzi.com\/de\/wp-content\/uploads\/sites\/2\/2023\/02\/export.jpg\" alt=\"\" loading=\"lazy\" srcset=\"https:\/\/www.matildevicenzi.com\/de\/wp-content\/uploads\/sites\/2\/2023\/02\/export.jpg 600w, https:\/\/www.matildevicenzi.com\/de\/wp-content\/uploads\/sites\/2\/2023\/02\/export-300x300.jpg 300w, https:\/\/www.matildevicenzi.com\/de\/wp-content\/uploads\/sites\/2\/2023\/02\/export-150x150.jpg 150w\" sizes=\"auto, (max-width: 600px) 100vw, 600px\"><\/p>\n<h2>Unsere Produktions- und<br \/>\nLogistikstandorte in Italien<\/h2>\n<h3>San Giovanni Lupatoto (Verona)<\/h3>\n<p style=\"text-align: center;\"><b>AREAL<\/b><br \/>\n45.000 m\u00b2, davon<br \/>\n18.000 \u00fcberdacht<\/p>\n<p style=\"text-align: center;\"><b>FERTIGUNGSLINIEN<\/b><br \/>\n7 automatische Fertigungslinien<\/p>\n<p style=\"text-align: center;\"><b>ENDPRODUKTE<\/b><br \/>\n65.000 kg pro Tag<\/p>\n<h3>Bovolone<br \/>\n(Verona)<\/h3>\n<p style=\"text-align: center;\"><b>AREAL<\/b><br \/>\n16.000 m\u00b2, davon<br \/>\n10.200 \u00fcberdacht<\/p>\n<p style=\"text-align: center;\"><b>FERTIGUNGSLINIEN<\/b><br \/>\n5 automatische Fertigungslinien<\/p>\n<p style=\"text-align: center;\"><b>ENDPRODUKTE<\/b><br \/>\n55.000 kg pro Tag<\/p>\n<h3>Nusco<br \/>\n(Avellino)<\/h3>\n<p style=\"text-align: center;\"><b>AREAL<\/b><br \/>\n12.000 m\u00b2, davon<br \/>\n5.300 \u00fcberdacht<\/p>\n<p style=\"text-align: center;\"><b>FERTIGUNGSLINIEN<\/b><br \/>\n2 automatische Fertigungslinien<\/p>\n<p style=\"text-align: center;\"><b>ENDPRODUKTE<\/b><br \/>\n45.000 kg pro Tag<\/p>\n<h2>Exportm\u00e4rkte<\/h2>\n<h4>35 MILLIONEN<\/h4>\n<h4>Millefoglie Di Matilde<\/h4>\n<p><img decoding=\"async\" width=\"300\" height=\"145\" src=\"https:\/\/www.matildevicenzi.com\/de\/wp-content\/uploads\/sites\/2\/2020\/11\/matilde-vicenzi-millefoglie-product-300x145.png\" alt=\"\" loading=\"lazy\" srcset=\"https:\/\/www.matildevicenzi.com\/de\/wp-content\/uploads\/sites\/2\/2020\/11\/matilde-vicenzi-millefoglie-product-300x145.png 300w, https:\/\/www.matildevicenzi.com\/de\/wp-content\/uploads\/sites\/2\/2020\/11\/matilde-vicenzi-millefoglie-product-1024x496.png 1024w, https:\/\/www.matildevicenzi.com\/de\/wp-content\/uploads\/sites\/2\/2020\/11\/matilde-vicenzi-millefoglie-product-768x372.png 768w, https:\/\/www.matildevicenzi.com\/de\/wp-content\/uploads\/sites\/2\/2020\/11\/matilde-vicenzi-millefoglie-product.png 1048w\" sizes=\"auto, (max-width: 300px) 100vw, 300px\"><\/p>\n<h4>Jahresverbrauch S\u00dcDARABIEN UND VEREINIGTE ARABISCHE EMIRATE<\/h4>\n<h4>50 MILLIONEN<\/h4>\n<h4>L\u00f6ffelbiskuit<\/h4>\n<p><img decoding=\"async\" width=\"300\" height=\"145\" src=\"https:\/\/www.matildevicenzi.com\/de\/wp-content\/uploads\/sites\/2\/2020\/11\/vicenzovo-ladyfingers-300x145.png\" alt=\"\" loading=\"lazy\" srcset=\"https:\/\/www.matildevicenzi.com\/de\/wp-content\/uploads\/sites\/2\/2020\/11\/vicenzovo-ladyfingers-300x145.png 300w, https:\/\/www.matildevicenzi.com\/de\/wp-content\/uploads\/sites\/2\/2020\/11\/vicenzovo-ladyfingers-1024x496.png 1024w, https:\/\/www.matildevicenzi.com\/de\/wp-content\/uploads\/sites\/2\/2020\/11\/vicenzovo-ladyfingers-768x372.png 768w, https:\/\/www.matildevicenzi.com\/de\/wp-content\/uploads\/sites\/2\/2020\/11\/vicenzovo-ladyfingers.png 1048w\" sizes=\"auto, (max-width: 300px) 100vw, 300px\"><\/p>\n<h4>Jahresverbrauch VEREINIGTE STAATEN VON AMERIKA<\/h4>\n<h4>10 MILLIONEN<\/h4>\n<h4>Minisnack<\/h4>\n<p><img decoding=\"async\" width=\"300\" height=\"113\" src=\"https:\/\/www.matildevicenzi.com\/de\/wp-content\/uploads\/sites\/2\/2021\/03\/minisnack-1-300x113.png\" alt=\"\" loading=\"lazy\" srcset=\"https:\/\/www.matildevicenzi.com\/de\/wp-content\/uploads\/sites\/2\/2021\/03\/minisnack-1-300x113.png 300w, https:\/\/www.matildevicenzi.com\/de\/wp-content\/uploads\/sites\/2\/2021\/03\/minisnack-1-768x289.png 768w, https:\/\/www.matildevicenzi.com\/de\/wp-content\/uploads\/sites\/2\/2021\/03\/minisnack-1.png 946w\" sizes=\"auto, (max-width: 300px) 100vw, 300px\"><\/p>\n<h4>Jahresverbrauch in ASIEN\/PAZIFIKRAUM<\/h4>\n<h4>160 MILLIONEN<\/h4>\n<h4>Amaretti Di Matilde<\/h4>\n<p><img decoding=\"async\" width=\"300\" height=\"145\" src=\"https:\/\/www.matildevicenzi.com\/de\/wp-content\/uploads\/sites\/2\/2020\/12\/matilde-vicenzi-amaretto-d-italia-300x145.png\" alt=\"\" loading=\"lazy\" srcset=\"https:\/\/www.matildevicenzi.com\/de\/wp-content\/uploads\/sites\/2\/2020\/12\/matilde-vicenzi-amaretto-d-italia-300x145.png 300w, https:\/\/www.matildevicenzi.com\/de\/wp-content\/uploads\/sites\/2\/2020\/12\/matilde-vicenzi-amaretto-d-italia-1024x496.png 1024w, https:\/\/www.matildevicenzi.com\/de\/wp-content\/uploads\/sites\/2\/2020\/12\/matilde-vicenzi-amaretto-d-italia-768x372.png 768w, https:\/\/www.matildevicenzi.com\/de\/wp-content\/uploads\/sites\/2\/2020\/12\/matilde-vicenzi-amaretto-d-italia.png 1048w\" sizes=\"auto, (max-width: 300px) 100vw, 300px\"><\/p>\n<h4>Jahresverbrauch S\u00dcDARABIEN UND VEREINIGTE ARABISCHE EMIRATE<\/h4>\n","protected":false},"excerpt":{"rendered":"<p>Organisationsstruktur Die Vicenzi Group umfasst drei Exzellenzmarken: Matilde Vicenzi: basierend auf italienischer Identit\u00e4t und Tradition, Grisb\u00ec, feinstes, leckeres M\u00fcrbeteiggeb\u00e4ck, gef\u00fcllt mit einer zarten Creme, und Mr. Day, die sich in dem hart umk\u00e4mpften Markt der Snacks durch schlichten, k\u00f6stlichen Biskuit auszeichnet. Als Marktf\u00fchrer im einem breiten Segment typischer Produkte zeichnet sich die Vicenzi Gruppe als [&hellip;]<\/p>\n","protected":false},"author":1,"featured_media":0,"parent":7721,"menu_order":0,"comment_status":"closed","ping_status":"closed","template":"","meta":{"_acf_changed":false,"inline_featured_image":false,"footnotes":""},"class_list":["post-7252","page","type-page","status-publish","hentry"],"acf":[],"yoast_head":"<!-- This site is optimized with the Yoast SEO plugin v26.2 - https:\/\/yoast.com\/wordpress\/plugins\/seo\/ -->\n<title>Unternehmen | Matilde Vicenzi S.p.A.<\/title>\n<meta name=\"robots\" content=\"index, follow, max-snippet:-1, max-image-preview:large, max-video-preview:-1\" \/>\n<link rel=\"canonical\" href=\"https:\/\/www.matildevicenzi.com\/de\/unternehmen\/\" \/>\n<meta property=\"og:locale\" content=\"en_US\" \/>\n<meta property=\"og:type\" content=\"article\" \/>\n<meta property=\"og:title\" content=\"Unternehmen | Matilde Vicenzi S.p.A.\" \/>\n<meta property=\"og:description\" content=\"Organisationsstruktur Die Vicenzi Group umfasst drei Exzellenzmarken: Matilde Vicenzi: basierend auf italienischer Identit\u00e4t und Tradition, Grisb\u00ec, feinstes, leckeres M\u00fcrbeteiggeb\u00e4ck, gef\u00fcllt mit einer zarten Creme, und Mr. Day, die sich in dem hart umk\u00e4mpften Markt der Snacks durch schlichten, k\u00f6stlichen Biskuit auszeichnet. Als Marktf\u00fchrer im einem breiten Segment typischer Produkte zeichnet sich die Vicenzi Gruppe als [&hellip;]\" \/>\n<meta property=\"og:url\" content=\"https:\/\/www.matildevicenzi.com\/de\/unternehmen\/\" \/>\n<meta property=\"og:site_name\" content=\"Matilde Vicenzi S.p.A.\" \/>\n<meta property=\"article:modified_time\" content=\"2024-06-19T08:41:14+00:00\" \/>\n<meta property=\"og:image\" content=\"https:\/\/www.matildevicenzi.com\/de\/wp-content\/uploads\/sites\/2\/2023\/02\/unternehmen-1.jpg\" \/>\n<meta name=\"twitter:card\" content=\"summary_large_image\" \/>\n<meta name=\"twitter:label1\" content=\"Est. reading time\" \/>\n\t<meta name=\"twitter:data1\" content=\"3 minutes\" \/>\n<script type=\"application\/ld+json\" class=\"yoast-schema-graph\">{\"@context\":\"https:\/\/schema.org\",\"@graph\":[{\"@type\":\"WebPage\",\"@id\":\"https:\/\/www.matildevicenzi.com\/de\/unternehmen\/\",\"url\":\"https:\/\/www.matildevicenzi.com\/de\/unternehmen\/\",\"name\":\"Unternehmen | Matilde Vicenzi S.p.A.\",\"isPartOf\":{\"@id\":\"https:\/\/www.matildevicenzi.com\/de\/#website\"},\"primaryImageOfPage\":{\"@id\":\"https:\/\/www.matildevicenzi.com\/de\/unternehmen\/#primaryimage\"},\"image\":{\"@id\":\"https:\/\/www.matildevicenzi.com\/de\/unternehmen\/#primaryimage\"},\"thumbnailUrl\":\"https:\/\/www.matildevicenzi.com\/de\/wp-content\/uploads\/sites\/2\/2023\/02\/unternehmen-1.jpg\",\"datePublished\":\"2020-11-24T07:17:25+00:00\",\"dateModified\":\"2024-06-19T08:41:14+00:00\",\"breadcrumb\":{\"@id\":\"https:\/\/www.matildevicenzi.com\/de\/unternehmen\/#breadcrumb\"},\"inLanguage\":\"en-US\",\"potentialAction\":[{\"@type\":\"ReadAction\",\"target\":[\"https:\/\/www.matildevicenzi.com\/de\/unternehmen\/\"]}]},{\"@type\":\"ImageObject\",\"inLanguage\":\"en-US\",\"@id\":\"https:\/\/www.matildevicenzi.com\/de\/unternehmen\/#primaryimage\",\"url\":\"https:\/\/www.matildevicenzi.com\/de\/wp-content\/uploads\/sites\/2\/2023\/02\/unternehmen-1.jpg\",\"contentUrl\":\"https:\/\/www.matildevicenzi.com\/de\/wp-content\/uploads\/sites\/2\/2023\/02\/unternehmen-1.jpg\",\"width\":600,\"height\":600},{\"@type\":\"BreadcrumbList\",\"@id\":\"https:\/\/www.matildevicenzi.com\/de\/unternehmen\/#breadcrumb\",\"itemListElement\":[{\"@type\":\"ListItem\",\"position\":1,\"name\":\"Home\",\"item\":\"https:\/\/www.matildevicenzi.com\/de\/\"},{\"@type\":\"ListItem\",\"position\":2,\"name\":\"Unternehmensgruppe\",\"item\":\"https:\/\/www.matildevicenzi.com\/de\/unternehmensgruppe\/\"},{\"@type\":\"ListItem\",\"position\":3,\"name\":\"Unternehmen\"}]},{\"@type\":\"WebSite\",\"@id\":\"https:\/\/www.matildevicenzi.com\/de\/#website\",\"url\":\"https:\/\/www.matildevicenzi.com\/de\/\",\"name\":\"Matilde Vicenzi S.p.A.\",\"description\":\"Italienisches Feingeb\u00e4ckseit 1905\",\"publisher\":{\"@id\":\"https:\/\/www.matildevicenzi.com\/de\/#organization\"},\"potentialAction\":[{\"@type\":\"SearchAction\",\"target\":{\"@type\":\"EntryPoint\",\"urlTemplate\":\"https:\/\/www.matildevicenzi.com\/de\/?s={search_term_string}\"},\"query-input\":{\"@type\":\"PropertyValueSpecification\",\"valueRequired\":true,\"valueName\":\"search_term_string\"}}],\"inLanguage\":\"en-US\"},{\"@type\":\"Organization\",\"@id\":\"https:\/\/www.matildevicenzi.com\/de\/#organization\",\"name\":\"Matilde Vicenzi S.p.A.\",\"url\":\"https:\/\/www.matildevicenzi.com\/de\/\",\"logo\":{\"@type\":\"ImageObject\",\"inLanguage\":\"en-US\",\"@id\":\"https:\/\/www.matildevicenzi.com\/de\/#\/schema\/logo\/image\/\",\"url\":\"https:\/\/www.matildevicenzi.com\/de\/wp-content\/uploads\/sites\/2\/2023\/06\/matilde_logo_new.png\",\"contentUrl\":\"https:\/\/www.matildevicenzi.com\/de\/wp-content\/uploads\/sites\/2\/2023\/06\/matilde_logo_new.png\",\"width\":606,\"height\":606,\"caption\":\"Matilde Vicenzi S.p.A.\"},\"image\":{\"@id\":\"https:\/\/www.matildevicenzi.com\/de\/#\/schema\/logo\/image\/\"}}]}<\/script>\n<!-- \/ Yoast SEO plugin. -->","yoast_head_json":{"title":"Unternehmen | Matilde Vicenzi S.p.A.","robots":{"index":"index","follow":"follow","max-snippet":"max-snippet:-1","max-image-preview":"max-image-preview:large","max-video-preview":"max-video-preview:-1"},"canonical":"https:\/\/www.matildevicenzi.com\/de\/unternehmen\/","og_locale":"en_US","og_type":"article","og_title":"Unternehmen | Matilde Vicenzi S.p.A.","og_description":"Organisationsstruktur Die Vicenzi Group umfasst drei Exzellenzmarken: Matilde Vicenzi: basierend auf italienischer Identit\u00e4t und Tradition, Grisb\u00ec, feinstes, leckeres M\u00fcrbeteiggeb\u00e4ck, gef\u00fcllt mit einer zarten Creme, und Mr. Day, die sich in dem hart umk\u00e4mpften Markt der Snacks durch schlichten, k\u00f6stlichen Biskuit auszeichnet. Als Marktf\u00fchrer im einem breiten Segment typischer Produkte zeichnet sich die Vicenzi Gruppe als [&hellip;]","og_url":"https:\/\/www.matildevicenzi.com\/de\/unternehmen\/","og_site_name":"Matilde Vicenzi S.p.A.","article_modified_time":"2024-06-19T08:41:14+00:00","og_image":[{"url":"https:\/\/www.matildevicenzi.com\/de\/wp-content\/uploads\/sites\/2\/2023\/02\/unternehmen-1.jpg","type":"","width":"","height":""}],"twitter_card":"summary_large_image","twitter_misc":{"Est. reading time":"3 minutes"},"schema":{"@context":"https:\/\/schema.org","@graph":[{"@type":"WebPage","@id":"https:\/\/www.matildevicenzi.com\/de\/unternehmen\/","url":"https:\/\/www.matildevicenzi.com\/de\/unternehmen\/","name":"Unternehmen | Matilde Vicenzi S.p.A.","isPartOf":{"@id":"https:\/\/www.matildevicenzi.com\/de\/#website"},"primaryImageOfPage":{"@id":"https:\/\/www.matildevicenzi.com\/de\/unternehmen\/#primaryimage"},"image":{"@id":"https:\/\/www.matildevicenzi.com\/de\/unternehmen\/#primaryimage"},"thumbnailUrl":"https:\/\/www.matildevicenzi.com\/de\/wp-content\/uploads\/sites\/2\/2023\/02\/unternehmen-1.jpg","datePublished":"2020-11-24T07:17:25+00:00","dateModified":"2024-06-19T08:41:14+00:00","breadcrumb":{"@id":"https:\/\/www.matildevicenzi.com\/de\/unternehmen\/#breadcrumb"},"inLanguage":"en-US","potentialAction":[{"@type":"ReadAction","target":["https:\/\/www.matildevicenzi.com\/de\/unternehmen\/"]}]},{"@type":"ImageObject","inLanguage":"en-US","@id":"https:\/\/www.matildevicenzi.com\/de\/unternehmen\/#primaryimage","url":"https:\/\/www.matildevicenzi.com\/de\/wp-content\/uploads\/sites\/2\/2023\/02\/unternehmen-1.jpg","contentUrl":"https:\/\/www.matildevicenzi.com\/de\/wp-content\/uploads\/sites\/2\/2023\/02\/unternehmen-1.jpg","width":600,"height":600},{"@type":"BreadcrumbList","@id":"https:\/\/www.matildevicenzi.com\/de\/unternehmen\/#breadcrumb","itemListElement":[{"@type":"ListItem","position":1,"name":"Home","item":"https:\/\/www.matildevicenzi.com\/de\/"},{"@type":"ListItem","position":2,"name":"Unternehmensgruppe","item":"https:\/\/www.matildevicenzi.com\/de\/unternehmensgruppe\/"},{"@type":"ListItem","position":3,"name":"Unternehmen"}]},{"@type":"WebSite","@id":"https:\/\/www.matildevicenzi.com\/de\/#website","url":"https:\/\/www.matildevicenzi.com\/de\/","name":"Matilde Vicenzi S.p.A.","description":"Italienisches Feingeb\u00e4ckseit 1905","publisher":{"@id":"https:\/\/www.matildevicenzi.com\/de\/#organization"},"potentialAction":[{"@type":"SearchAction","target":{"@type":"EntryPoint","urlTemplate":"https:\/\/www.matildevicenzi.com\/de\/?s={search_term_string}"},"query-input":{"@type":"PropertyValueSpecification","valueRequired":true,"valueName":"search_term_string"}}],"inLanguage":"en-US"},{"@type":"Organization","@id":"https:\/\/www.matildevicenzi.com\/de\/#organization","name":"Matilde Vicenzi S.p.A.","url":"https:\/\/www.matildevicenzi.com\/de\/","logo":{"@type":"ImageObject","inLanguage":"en-US","@id":"https:\/\/www.matildevicenzi.com\/de\/#\/schema\/logo\/image\/","url":"https:\/\/www.matildevicenzi.com\/de\/wp-content\/uploads\/sites\/2\/2023\/06\/matilde_logo_new.png","contentUrl":"https:\/\/www.matildevicenzi.com\/de\/wp-content\/uploads\/sites\/2\/2023\/06\/matilde_logo_new.png","width":606,"height":606,"caption":"Matilde Vicenzi S.p.A."},"image":{"@id":"https:\/\/www.matildevicenzi.com\/de\/#\/schema\/logo\/image\/"}}]}},"_links":{"self":[{"href":"https:\/\/www.matildevicenzi.com\/de\/wp-json\/wp\/v2\/pages\/7252","targetHints":{"allow":["GET"]}}],"collection":[{"href":"https:\/\/www.matildevicenzi.com\/de\/wp-json\/wp\/v2\/pages"}],"about":[{"href":"https:\/\/www.matildevicenzi.com\/de\/wp-json\/wp\/v2\/types\/page"}],"author":[{"embeddable":true,"href":"https:\/\/www.matildevicenzi.com\/de\/wp-json\/wp\/v2\/users\/1"}],"replies":[{"embeddable":true,"href":"https:\/\/www.matildevicenzi.com\/de\/wp-json\/wp\/v2\/comments?post=7252"}],"version-history":[{"count":13,"href":"https:\/\/www.matildevicenzi.com\/de\/wp-json\/wp\/v2\/pages\/7252\/revisions"}],"predecessor-version":[{"id":41466,"href":"https:\/\/www.matildevicenzi.com\/de\/wp-json\/wp\/v2\/pages\/7252\/revisions\/41466"}],"up":[{"embeddable":true,"href":"https:\/\/www.matildevicenzi.com\/de\/wp-json\/wp\/v2\/pages\/7721"}],"wp:attachment":[{"href":"https:\/\/www.matildevicenzi.com\/de\/wp-json\/wp\/v2\/media?parent=7252"}],"curies":[{"name":"wp","href":"https:\/\/api.w.org\/{rel}","templated":true}]}}