{"id":7517,"date":"2020-12-10T08:46:10","date_gmt":"2020-12-10T08:46:10","guid":{"rendered":"http:\/\/matilde.kina.it\/?page_id=7517"},"modified":"2024-06-19T10:42:56","modified_gmt":"2024-06-19T08:42:56","slug":"zertifizierungen","status":"publish","type":"page","link":"https:\/\/www.matildevicenzi.com\/de\/unternehmensgruppe\/zertifizierungen\/","title":{"rendered":"Zertifizierungen"},"content":{"rendered":"<p style=\"text-align: center;\">Alle Produkte der Vicenzi Group werden<strong> in Italien erzeugt, basierend auf spezifischen Herstellungsprozessen<\/strong> \u2013 vom Teig, \u00fcber den Backvorgang bis zur Verpackung \u2013 und dem Grundsatz der Qualit\u00e4t.<br \/>\nIm Hinblick darauf wurde in den drei Anlagen des Konzerns das <strong>Qualit\u00e4tsmanagementsystem (ISO 9001)<\/strong> implementiert. Au\u00dferdem ist das Unternehmen nach dem <strong>Global Standard for Food Safety (BRC)<\/strong> und dem <strong>International Food Standard (IFS)<\/strong> f\u00fcr Lebensmittelsicherheit zertifiziert.<br \/>\nDes Weiteren besitzt es die Zertifizierungen f\u00fcr <strong>Halal<\/strong>, <strong>Koscher<\/strong> und <strong>Glutenfrei<\/strong>.<\/p>\n<p>\t\t\t\t\t\t\t\t\t\t\t\t<img decoding=\"async\" width=\"510\" height=\"486\" src=\"https:\/\/www.matildevicenzi.com\/de\/wp-content\/uploads\/sites\/2\/2023\/11\/iso9001.jpg\" alt=\"\" loading=\"lazy\" srcset=\"https:\/\/www.matildevicenzi.com\/de\/wp-content\/uploads\/sites\/2\/2023\/11\/iso9001.jpg 510w, https:\/\/www.matildevicenzi.com\/de\/wp-content\/uploads\/sites\/2\/2023\/11\/iso9001-300x286.jpg 300w\" sizes=\"auto, (max-width: 510px) 100vw, 510px\"><br \/>\n<a href=\"https:\/\/www.matildevicenzi.com\/de\/wp-content\/uploads\/sites\/2\/2021\/12\/ISO-9001-matilde-vicenzi.pdf\" role=\"button\"><br \/>\nISO 9001:2015<br \/>\n<\/a><br \/>\n<img decoding=\"async\" width=\"300\" height=\"226\" src=\"https:\/\/www.matildevicenzi.com\/de\/wp-content\/uploads\/sites\/2\/2021\/06\/BRCGS_CERT_FOOD_LOGO_RGB-300x226.jpg\" alt=\"\" loading=\"lazy\" srcset=\"https:\/\/www.matildevicenzi.com\/de\/wp-content\/uploads\/sites\/2\/2021\/06\/BRCGS_CERT_FOOD_LOGO_RGB-300x226.jpg 300w, https:\/\/www.matildevicenzi.com\/de\/wp-content\/uploads\/sites\/2\/2021\/06\/BRCGS_CERT_FOOD_LOGO_RGB.jpg 690w\" sizes=\"auto, (max-width: 300px) 100vw, 300px\"><br \/>\n<a href=\"https:\/\/www.matildevicenzi.com\/de\/wp-content\/uploads\/sites\/2\/2024\/05\/SGL-2024-BRC-certificate.pdf\" target=\"_blank\" role=\"button\" rel=\"noopener\"><br \/>\nBRC Certificate - S.G. Lupatoto<br \/>\n<\/a><br \/>\n<a href=\"https:\/\/www.matildevicenzi.com\/de\/wp-content\/uploads\/sites\/2\/2023\/05\/BOV-2023-BRC-certificate.pdf\" target=\"_blank\" role=\"button\" rel=\"noopener\"><br \/>\nBRC Certificate - Bovolone<br \/>\n<\/a><br \/>\n<img decoding=\"async\" width=\"250\" height=\"250\" src=\"https:\/\/www.matildevicenzi.com\/de\/wp-content\/uploads\/sites\/2\/2020\/12\/IFS-logo-1.jpg\" alt=\"\" loading=\"lazy\" srcset=\"https:\/\/www.matildevicenzi.com\/de\/wp-content\/uploads\/sites\/2\/2020\/12\/IFS-logo-1.jpg 250w, https:\/\/www.matildevicenzi.com\/de\/wp-content\/uploads\/sites\/2\/2020\/12\/IFS-logo-1-150x150.jpg 150w\" sizes=\"auto, (max-width: 250px) 100vw, 250px\"><br \/>\n<a href=\"https:\/\/www.matildevicenzi.com\/de\/wp-content\/uploads\/sites\/2\/2024\/05\/SGL-2024-IFS-certificate.pdf\" target=\"_blank\" role=\"button\" rel=\"noopener\"><br \/>\nIFS - S.G. Lupatoto<br \/>\n<\/a><br \/>\n<a href=\"https:\/\/www.matildevicenzi.com\/de\/wp-content\/uploads\/sites\/2\/2023\/05\/BOV-2023-IFS-certificate.pdf\" role=\"button\"><br \/>\nIFS - Bovolone<br \/>\n<\/a><br \/>\n<a href=\"https:\/\/www.matildevicenzi.com\/de\/wp-content\/uploads\/sites\/2\/2023\/06\/NUSCO-2023_IFS-certificato.pdf\" target=\"_blank\" role=\"button\" rel=\"noopener\"><br \/>\nIFS - Nusco<br \/>\n<\/a><br \/>\n<img decoding=\"async\" width=\"250\" height=\"250\" src=\"https:\/\/www.matildevicenzi.com\/de\/wp-content\/uploads\/sites\/2\/2020\/12\/kosher.jpg\" alt=\"\" loading=\"lazy\" srcset=\"https:\/\/www.matildevicenzi.com\/de\/wp-content\/uploads\/sites\/2\/2020\/12\/kosher.jpg 250w, https:\/\/www.matildevicenzi.com\/de\/wp-content\/uploads\/sites\/2\/2020\/12\/kosher-150x150.jpg 150w\" sizes=\"auto, (max-width: 250px) 100vw, 250px\"><br \/>\n<a href=\"https:\/\/www.matildevicenzi.com\/de\/wp-content\/uploads\/sites\/2\/2024\/03\/kosher-2024.pdf\" role=\"button\"><br \/>\nKosher Certificate<br \/>\n<\/a><br \/>\n<img decoding=\"async\" width=\"300\" height=\"300\" src=\"https:\/\/www.matildevicenzi.com\/de\/wp-content\/uploads\/sites\/2\/2021\/12\/halal.png\" alt=\"\" loading=\"lazy\" srcset=\"https:\/\/www.matildevicenzi.com\/de\/wp-content\/uploads\/sites\/2\/2021\/12\/halal.png 300w, https:\/\/www.matildevicenzi.com\/de\/wp-content\/uploads\/sites\/2\/2021\/12\/halal-150x150.png 150w\" sizes=\"auto, (max-width: 300px) 100vw, 300px\"><\/p>\n<p>*au\u00dfer L\u00f6ffelbiskuit<\/p>\n<p><a href=\"https:\/\/www.matildevicenzi.com\/wp-content\/uploads\/halal-cert-2023-web.pdf\" role=\"button\"><br \/>\nHalal Certificate -  S.G. Lupatoto*<br \/>\n<\/a><br \/>\n<img decoding=\"async\" width=\"250\" height=\"250\" src=\"https:\/\/www.matildevicenzi.com\/de\/wp-content\/uploads\/sites\/2\/2020\/12\/Gluten-free_logo-1.jpg\" alt=\"\" loading=\"lazy\" srcset=\"https:\/\/www.matildevicenzi.com\/de\/wp-content\/uploads\/sites\/2\/2020\/12\/Gluten-free_logo-1.jpg 250w, https:\/\/www.matildevicenzi.com\/de\/wp-content\/uploads\/sites\/2\/2020\/12\/Gluten-free_logo-1-150x150.jpg 150w\" sizes=\"auto, (max-width: 250px) 100vw, 250px\"><br \/>\n<a href=\"https:\/\/www.matildevicenzi.com\/de\/wp-content\/uploads\/sites\/2\/2023\/08\/Gluten-free-certificate-2023.pdf\" role=\"button\"><br \/>\nGluten Free Certificate<br \/>\n<\/a><\/p>\n<p style=\"text-align: center;\">Die Vicenzi Produkte par excellence, wie <strong>\u201eVicenzovo\u201c L\u00f6ffelbiskuit und \u201eAmaretto di Matilde\u201c Amaretti,<\/strong> werden mit allergr\u00f6\u00dfter Sorgfalt aus besten Zutaten hergestellt. Deshalb erhielten sie die <strong>Zertifizierung als \u201eSpitzenprodukte\u201c<\/strong> gem\u00e4\u00df den geltenden Spezifikationen (Ministerialdekret vom 22.07.2005).<br \/>\nDie Vereinheitlichung der Produktionsprozesse durch den Einsatz automatisierter Systeme garantiert in jeder Produktionsphase ein hohes Ma\u00df an Qualit\u00e4t.<br \/>\n<em>\u201eAlle Anlagen sind international zertifiziert\u201c<\/em><\/p>\n<h2>GVO? Nein, danke<\/h2>\n<h3>Vicenzi verarbeitet ausschlie\u00dflich nicht gentechnisch ver\u00e4nderte Rohstoffe.<\/h3>\n<p>K\u00f6nnen gentechnikfreie Bezugsquellen nicht garantiert werden, schreibt die Nachhaltigkeitspolitik des Unternehmens den sofortigen Ersatz der Zutat vor. Dieser Grundsatz ist das Fundament f\u00fcr verschiedene wichtige Entscheidungen, wie z. B. die Verwendung von <strong>Sonnenblumenlecithin<\/strong> anstelle von<strong> Sojalecithin<\/strong>.<\/p>\n","protected":false},"excerpt":{"rendered":"<p>Alle Produkte der Vicenzi Group werden in Italien erzeugt, basierend auf spezifischen Herstellungsprozessen \u2013 vom Teig, \u00fcber den Backvorgang bis zur Verpackung \u2013 und dem Grundsatz der Qualit\u00e4t. Im Hinblick darauf wurde in den drei Anlagen des Konzerns das Qualit\u00e4tsmanagementsystem (ISO 9001) implementiert. Au\u00dferdem ist das Unternehmen nach dem Global Standard for Food Safety (BRC) [&hellip;]<\/p>\n","protected":false},"author":1,"featured_media":0,"parent":7721,"menu_order":0,"comment_status":"closed","ping_status":"closed","template":"","meta":{"_acf_changed":false,"inline_featured_image":false,"footnotes":""},"class_list":["post-7517","page","type-page","status-publish","hentry"],"acf":[],"yoast_head":"<!-- This site is optimized with the Yoast SEO plugin v26.2 - https:\/\/yoast.com\/wordpress\/plugins\/seo\/ -->\n<title>Zertifizierungen Matilde Vicenzi Group | Matilde Vicenzi S.p.A.<\/title>\n<meta name=\"description\" content=\"All Vicenzi Group products are made in Italy according to specific manufacturing processes based on the principles of quality.\" \/>\n<meta name=\"robots\" content=\"index, follow, max-snippet:-1, max-image-preview:large, max-video-preview:-1\" \/>\n<link rel=\"canonical\" href=\"https:\/\/www.matildevicenzi.com\/de\/unternehmensgruppe\/zertifizierungen\/\" \/>\n<meta property=\"og:locale\" content=\"en_US\" \/>\n<meta property=\"og:type\" content=\"article\" \/>\n<meta property=\"og:title\" content=\"Zertifizierungen Matilde Vicenzi Group | Matilde Vicenzi S.p.A.\" \/>\n<meta property=\"og:description\" content=\"All Vicenzi Group products are made in Italy according to specific manufacturing processes based on the principles of quality.\" \/>\n<meta property=\"og:url\" content=\"https:\/\/www.matildevicenzi.com\/de\/unternehmensgruppe\/zertifizierungen\/\" \/>\n<meta property=\"og:site_name\" content=\"Matilde Vicenzi S.p.A.\" \/>\n<meta property=\"article:modified_time\" content=\"2024-06-19T08:42:56+00:00\" \/>\n<meta property=\"og:image\" content=\"https:\/\/www.matildevicenzi.com\/de\/wp-content\/uploads\/sites\/2\/2023\/11\/iso9001.jpg\" \/>\n<meta name=\"twitter:card\" content=\"summary_large_image\" \/>\n<meta name=\"twitter:label1\" content=\"Est. reading time\" \/>\n\t<meta name=\"twitter:data1\" content=\"3 minutes\" \/>\n<script type=\"application\/ld+json\" class=\"yoast-schema-graph\">{\"@context\":\"https:\/\/schema.org\",\"@graph\":[{\"@type\":\"WebPage\",\"@id\":\"https:\/\/www.matildevicenzi.com\/de\/unternehmensgruppe\/zertifizierungen\/\",\"url\":\"https:\/\/www.matildevicenzi.com\/de\/unternehmensgruppe\/zertifizierungen\/\",\"name\":\"Zertifizierungen Matilde Vicenzi Group | Matilde Vicenzi S.p.A.\",\"isPartOf\":{\"@id\":\"https:\/\/www.matildevicenzi.com\/de\/#website\"},\"primaryImageOfPage\":{\"@id\":\"https:\/\/www.matildevicenzi.com\/de\/unternehmensgruppe\/zertifizierungen\/#primaryimage\"},\"image\":{\"@id\":\"https:\/\/www.matildevicenzi.com\/de\/unternehmensgruppe\/zertifizierungen\/#primaryimage\"},\"thumbnailUrl\":\"https:\/\/www.matildevicenzi.com\/de\/wp-content\/uploads\/sites\/2\/2023\/11\/iso9001.jpg\",\"datePublished\":\"2020-12-10T08:46:10+00:00\",\"dateModified\":\"2024-06-19T08:42:56+00:00\",\"description\":\"All Vicenzi Group products are made in Italy according to specific manufacturing processes based on the principles of quality.\",\"breadcrumb\":{\"@id\":\"https:\/\/www.matildevicenzi.com\/de\/unternehmensgruppe\/zertifizierungen\/#breadcrumb\"},\"inLanguage\":\"en-US\",\"potentialAction\":[{\"@type\":\"ReadAction\",\"target\":[\"https:\/\/www.matildevicenzi.com\/de\/unternehmensgruppe\/zertifizierungen\/\"]}]},{\"@type\":\"ImageObject\",\"inLanguage\":\"en-US\",\"@id\":\"https:\/\/www.matildevicenzi.com\/de\/unternehmensgruppe\/zertifizierungen\/#primaryimage\",\"url\":\"https:\/\/www.matildevicenzi.com\/de\/wp-content\/uploads\/sites\/2\/2023\/11\/iso9001.jpg\",\"contentUrl\":\"https:\/\/www.matildevicenzi.com\/de\/wp-content\/uploads\/sites\/2\/2023\/11\/iso9001.jpg\",\"width\":510,\"height\":486},{\"@type\":\"BreadcrumbList\",\"@id\":\"https:\/\/www.matildevicenzi.com\/de\/unternehmensgruppe\/zertifizierungen\/#breadcrumb\",\"itemListElement\":[{\"@type\":\"ListItem\",\"position\":1,\"name\":\"Home\",\"item\":\"https:\/\/www.matildevicenzi.com\/de\/\"},{\"@type\":\"ListItem\",\"position\":2,\"name\":\"Unternehmensgruppe\",\"item\":\"https:\/\/www.matildevicenzi.com\/de\/unternehmensgruppe\/\"},{\"@type\":\"ListItem\",\"position\":3,\"name\":\"Zertifizierungen\"}]},{\"@type\":\"WebSite\",\"@id\":\"https:\/\/www.matildevicenzi.com\/de\/#website\",\"url\":\"https:\/\/www.matildevicenzi.com\/de\/\",\"name\":\"Matilde Vicenzi S.p.A.\",\"description\":\"Italienisches Feingeb\u00e4ckseit 1905\",\"publisher\":{\"@id\":\"https:\/\/www.matildevicenzi.com\/de\/#organization\"},\"potentialAction\":[{\"@type\":\"SearchAction\",\"target\":{\"@type\":\"EntryPoint\",\"urlTemplate\":\"https:\/\/www.matildevicenzi.com\/de\/?s={search_term_string}\"},\"query-input\":{\"@type\":\"PropertyValueSpecification\",\"valueRequired\":true,\"valueName\":\"search_term_string\"}}],\"inLanguage\":\"en-US\"},{\"@type\":\"Organization\",\"@id\":\"https:\/\/www.matildevicenzi.com\/de\/#organization\",\"name\":\"Matilde Vicenzi S.p.A.\",\"url\":\"https:\/\/www.matildevicenzi.com\/de\/\",\"logo\":{\"@type\":\"ImageObject\",\"inLanguage\":\"en-US\",\"@id\":\"https:\/\/www.matildevicenzi.com\/de\/#\/schema\/logo\/image\/\",\"url\":\"https:\/\/www.matildevicenzi.com\/de\/wp-content\/uploads\/sites\/2\/2023\/06\/matilde_logo_new.png\",\"contentUrl\":\"https:\/\/www.matildevicenzi.com\/de\/wp-content\/uploads\/sites\/2\/2023\/06\/matilde_logo_new.png\",\"width\":606,\"height\":606,\"caption\":\"Matilde Vicenzi S.p.A.\"},\"image\":{\"@id\":\"https:\/\/www.matildevicenzi.com\/de\/#\/schema\/logo\/image\/\"}}]}<\/script>\n<!-- \/ Yoast SEO plugin. -->","yoast_head_json":{"title":"Zertifizierungen Matilde Vicenzi Group | Matilde Vicenzi S.p.A.","description":"All Vicenzi Group products are made in Italy according to specific manufacturing processes based on the principles of quality.","robots":{"index":"index","follow":"follow","max-snippet":"max-snippet:-1","max-image-preview":"max-image-preview:large","max-video-preview":"max-video-preview:-1"},"canonical":"https:\/\/www.matildevicenzi.com\/de\/unternehmensgruppe\/zertifizierungen\/","og_locale":"en_US","og_type":"article","og_title":"Zertifizierungen Matilde Vicenzi Group | Matilde Vicenzi S.p.A.","og_description":"All Vicenzi Group products are made in Italy according to specific manufacturing processes based on the principles of quality.","og_url":"https:\/\/www.matildevicenzi.com\/de\/unternehmensgruppe\/zertifizierungen\/","og_site_name":"Matilde Vicenzi S.p.A.","article_modified_time":"2024-06-19T08:42:56+00:00","og_image":[{"url":"https:\/\/www.matildevicenzi.com\/de\/wp-content\/uploads\/sites\/2\/2023\/11\/iso9001.jpg","type":"","width":"","height":""}],"twitter_card":"summary_large_image","twitter_misc":{"Est. reading time":"3 minutes"},"schema":{"@context":"https:\/\/schema.org","@graph":[{"@type":"WebPage","@id":"https:\/\/www.matildevicenzi.com\/de\/unternehmensgruppe\/zertifizierungen\/","url":"https:\/\/www.matildevicenzi.com\/de\/unternehmensgruppe\/zertifizierungen\/","name":"Zertifizierungen Matilde Vicenzi Group | Matilde Vicenzi S.p.A.","isPartOf":{"@id":"https:\/\/www.matildevicenzi.com\/de\/#website"},"primaryImageOfPage":{"@id":"https:\/\/www.matildevicenzi.com\/de\/unternehmensgruppe\/zertifizierungen\/#primaryimage"},"image":{"@id":"https:\/\/www.matildevicenzi.com\/de\/unternehmensgruppe\/zertifizierungen\/#primaryimage"},"thumbnailUrl":"https:\/\/www.matildevicenzi.com\/de\/wp-content\/uploads\/sites\/2\/2023\/11\/iso9001.jpg","datePublished":"2020-12-10T08:46:10+00:00","dateModified":"2024-06-19T08:42:56+00:00","description":"All Vicenzi Group products are made in Italy according to specific manufacturing processes based on the principles of quality.","breadcrumb":{"@id":"https:\/\/www.matildevicenzi.com\/de\/unternehmensgruppe\/zertifizierungen\/#breadcrumb"},"inLanguage":"en-US","potentialAction":[{"@type":"ReadAction","target":["https:\/\/www.matildevicenzi.com\/de\/unternehmensgruppe\/zertifizierungen\/"]}]},{"@type":"ImageObject","inLanguage":"en-US","@id":"https:\/\/www.matildevicenzi.com\/de\/unternehmensgruppe\/zertifizierungen\/#primaryimage","url":"https:\/\/www.matildevicenzi.com\/de\/wp-content\/uploads\/sites\/2\/2023\/11\/iso9001.jpg","contentUrl":"https:\/\/www.matildevicenzi.com\/de\/wp-content\/uploads\/sites\/2\/2023\/11\/iso9001.jpg","width":510,"height":486},{"@type":"BreadcrumbList","@id":"https:\/\/www.matildevicenzi.com\/de\/unternehmensgruppe\/zertifizierungen\/#breadcrumb","itemListElement":[{"@type":"ListItem","position":1,"name":"Home","item":"https:\/\/www.matildevicenzi.com\/de\/"},{"@type":"ListItem","position":2,"name":"Unternehmensgruppe","item":"https:\/\/www.matildevicenzi.com\/de\/unternehmensgruppe\/"},{"@type":"ListItem","position":3,"name":"Zertifizierungen"}]},{"@type":"WebSite","@id":"https:\/\/www.matildevicenzi.com\/de\/#website","url":"https:\/\/www.matildevicenzi.com\/de\/","name":"Matilde Vicenzi S.p.A.","description":"Italienisches Feingeb\u00e4ckseit 1905","publisher":{"@id":"https:\/\/www.matildevicenzi.com\/de\/#organization"},"potentialAction":[{"@type":"SearchAction","target":{"@type":"EntryPoint","urlTemplate":"https:\/\/www.matildevicenzi.com\/de\/?s={search_term_string}"},"query-input":{"@type":"PropertyValueSpecification","valueRequired":true,"valueName":"search_term_string"}}],"inLanguage":"en-US"},{"@type":"Organization","@id":"https:\/\/www.matildevicenzi.com\/de\/#organization","name":"Matilde Vicenzi S.p.A.","url":"https:\/\/www.matildevicenzi.com\/de\/","logo":{"@type":"ImageObject","inLanguage":"en-US","@id":"https:\/\/www.matildevicenzi.com\/de\/#\/schema\/logo\/image\/","url":"https:\/\/www.matildevicenzi.com\/de\/wp-content\/uploads\/sites\/2\/2023\/06\/matilde_logo_new.png","contentUrl":"https:\/\/www.matildevicenzi.com\/de\/wp-content\/uploads\/sites\/2\/2023\/06\/matilde_logo_new.png","width":606,"height":606,"caption":"Matilde Vicenzi S.p.A."},"image":{"@id":"https:\/\/www.matildevicenzi.com\/de\/#\/schema\/logo\/image\/"}}]}},"_links":{"self":[{"href":"https:\/\/www.matildevicenzi.com\/de\/wp-json\/wp\/v2\/pages\/7517","targetHints":{"allow":["GET"]}}],"collection":[{"href":"https:\/\/www.matildevicenzi.com\/de\/wp-json\/wp\/v2\/pages"}],"about":[{"href":"https:\/\/www.matildevicenzi.com\/de\/wp-json\/wp\/v2\/types\/page"}],"author":[{"embeddable":true,"href":"https:\/\/www.matildevicenzi.com\/de\/wp-json\/wp\/v2\/users\/1"}],"replies":[{"embeddable":true,"href":"https:\/\/www.matildevicenzi.com\/de\/wp-json\/wp\/v2\/comments?post=7517"}],"version-history":[{"count":86,"href":"https:\/\/www.matildevicenzi.com\/de\/wp-json\/wp\/v2\/pages\/7517\/revisions"}],"predecessor-version":[{"id":41469,"href":"https:\/\/www.matildevicenzi.com\/de\/wp-json\/wp\/v2\/pages\/7517\/revisions\/41469"}],"up":[{"embeddable":true,"href":"https:\/\/www.matildevicenzi.com\/de\/wp-json\/wp\/v2\/pages\/7721"}],"wp:attachment":[{"href":"https:\/\/www.matildevicenzi.com\/de\/wp-json\/wp\/v2\/media?parent=7517"}],"curies":[{"name":"wp","href":"https:\/\/api.w.org\/{rel}","templated":true}]}}