{"id":7679,"date":"2020-12-09T09:19:49","date_gmt":"2020-12-09T09:19:49","guid":{"rendered":"http:\/\/matilde.kina.it\/?page_id=7679"},"modified":"2024-07-24T15:17:59","modified_gmt":"2024-07-24T13:17:59","slug":"privacy-policy","status":"publish","type":"page","link":"https:\/\/www.matildevicenzi.com\/de\/privacy-policy\/","title":{"rendered":"Datenschutz"},"content":{"rendered":"\n<\/p>\n<p><strong>Verarbeitung personenbezogener Daten<\/strong><\/p>\n<p>\n\n\n\n<\/p>\n<p>Vicenzi S.p.A. (in Folge \u201eVicenzi\u201c), in seiner Eigenschaft als Verantwortlicher informiert Sie hiermit, dass der Zugriff auf die Website und\/oder die Registrierung in den verschiedenen Bereichen der Website und\/oder die Anforderung von Informationen oder Dienstleistungen die Angabe personenbezogener Daten erfordert, die unter vollst\u00e4ndiger Einhaltung der Verordnung (EU) 2016\/679 (in Folge \u201eDSGVO\u201c) verarbeitet werden. Mit Hilfe dieser Datenschutzerkl\u00e4rung k\u00f6nnen sich die Nutzer im Voraus \u00fcber die Verarbeitungsmethoden informieren, die f\u00fcr die Nutzung bestimmter Bereiche der Website von Vicenzi S.p.A. (im Folgenden auch \u201eWebsite\u201c genannt) und\/oder f\u00fcr die Anmeldung zum Newsletter erforderlich sind.<br \/>In \u00dcbereinstimmung mit dem oben genannten Gesetz basiert die Datenverarbeitung auf den Prinzipien der Billigkeit, Rechtm\u00e4\u00dfigkeit und Transparenz und sch\u00fctzt Ihre Daten und Ihre Rechte.<br \/>Die Datenschutzbestimmungen gelten nur f\u00fcr diese Website und nicht f\u00fcr andere Websites, die die Benutzer \u00fcber externe Links aufrufen.<\/p>\n<p>\n\n\n\n<\/p>\n<p>\u00a0<\/p>\n<p><strong>\u00c4nderungen an dieser Datenschutzerkl\u00e4rung<\/strong><\/p>\n<p>\n\n\n\n<\/p>\n<p>Vicenzi beh\u00e4lt sich das Recht vor, jederzeit \u00c4nderungen an dieser Richtlinie vorzunehmen und die Nutzer, wenn m\u00f6glich, auf dieser Webseite und\/oder durch eine Mitteilung per E-Mail entsprechend zu informieren. Wir bitten Sie daher, diese Seite h\u00e4ufig zu \u00fcberpr\u00fcfen und sich nach dem unten angegebenen Datum der letzten Aktualisierung zu richten. Wenn ein Benutzer mit den \u00c4nderungen dieser Datenschutzrichtlinie nicht einverstanden ist, muss er die Nutzung dieser Plattform einstellen und beim Verantwortlichen direkt die L\u00f6schung seiner personenbezogenen Daten veranlassen. Soweit nicht anderweitig festgelegt, gilt f\u00fcr die bis dahin erhobenen personenbezogenen Daten weiterhin die bisherige Datenschutzrichtlinie.<\/p>\n<p>\n\n\n\n<\/p>\n<p>\u00a0<\/p>\n<p><strong>Datenschutzbeauftragter<\/strong><\/p>\n<p>\n\n\n\n<\/p>\n<p>Gem\u00e4\u00df Artikel 37 der Datenschutz-Grundverordnung hat das Unternehmen Vicenzi S.p.A. einen Datenschutzbeauftragten benannt, der unter folgender E-Mail-Adresse erreichbar ist:\u00a0<strong><a href=\"mailto:dpo@vicenzi.it\">dpo@vicenzi.it<\/a><\/strong><\/p>\n<p>\n\n\n\n<\/p>\n<p>\u00a0<\/p>\n<p><strong>Zweck der Datenverarbeitung und rechtliche Grundlage<\/strong><\/p>\n<p>\n\n\n\n<\/p>\n<p>Je nach den Bed\u00fcrfnissen, die der Benutzer jeweils beim Zugriff auf die verschiedenen Bereiche der Website formuliert (und mit Ausnahme von Sonderregeln und Informationshinweisen f\u00fcr einzelne Vorg\u00e4nge unter Angabe spezifischer personenbezogener Daten, die jeweils auf der Website ver\u00f6ffentlicht werden), werden nachstehend die Zwecke der Verarbeitung personenbezogener Daten aufgef\u00fchrt, d.h. die personenbezogenen Daten, die von den Benutzern direkt durch Ausf\u00fcllen von Online-Formularen oder durch die Nutzung von Links f\u00fcr den direkten Zugriff auf die E-Mail-Adresse im Zusammenhang mit der angeforderten Dienstleistung \u00fcbermittelt werden, oder die automatisch beim Surfen erfassten personenbezogenen Daten (siehe unten den Abschnitt \u201eKategorien der zu bearbeitenden personenbezogenen Daten\u201c) (im Folgenden \u201epersonenbezogene Daten\u201c):<\/p>\n<ol type=\"a\">\n<li>F\u00fcr die direkte Beantwortung von Anfragen (Kontaktformular des Kundendienstes); bei dieser Verarbeitung k\u00f6nnen auch \u201eTransaktions\u201c-E-Mails verschickt werden, deren Zweck mit dem Verfahren zur Best\u00e4tigung des Eingangs Ihrer Anfragen verbunden ist. Rechtsgrundlage f\u00fcr die Verarbeitung: zur Durchf\u00fchrung vorvertraglicher Ma\u00dfnahmen (Art. 6(1)(b))<\/li>\n<li>Zur Beantwortung von Anfragen in Bezug auf Angebote\/Informationen \u00fcber die Lieferung der von Vicenzi S.p.A. verkauften Produkte; diese Verarbeitung kann auch den Versand von \u201eTransaktions\u201c-E-Mails umfassen, deren Zweck mit dem Verfahren zur Best\u00e4tigung des Eingangs Ihrer Anfragen verbunden ist. Rechtsgrundlage f\u00fcr die Verarbeitung: zur Durchf\u00fchrung vorvertraglicher und\/oder vertraglicher Ma\u00dfnahmen (Art. 6(1)(b))<\/li>\n<li>Mit der Einwilligung des Nutzers und bis auf Widerruf, zur Durchf\u00fchrung von Marketingaktivit\u00e4ten in Bezug auf die Produkte und Dienstleistungen des unterzeichnenden Unternehmens, unter Verwendung der uns zur Verf\u00fcgung gestellten E-Mail-Adresse (Newsletteranmeldung). Rechtsgrundlage f\u00fcr die Verarbeitung: Einwilligung (Art. 6(1)(a))<\/li>\n<li>Die Notwendigkeit der Feststellung, Aus\u00fcbung oder Verteidigung eines Rechts vor Gericht. Rechtsgrundlage f\u00fcr die Verarbeitung: rechtm\u00e4\u00dfiges Interesse (Art. 6(1)(f))<\/li>\n<li>Zur Verwaltung und Erf\u00fcllung gesetzlicher Verpflichtungen (Buchhaltung, Verwaltung, Steuern etc.). Rechtsgrundlage f\u00fcr die Verarbeitung: Erf\u00fcllung einer rechtlichen Verpflichtung (Art. 6 (1)(c))<\/li>\n<\/ol>\n<p>\n\n\n\n<\/p>\n<p><strong>Methoden der Datenverarbeitung<\/strong><\/p>\n<p>\n\n\n\n<\/p>\n<p>Unter Datenverarbeitung versteht man jeden mit oder ohne Hilfe elektronischer oder automatisierter Mittel ausgef\u00fchrten Vorgang oder jede Vorgangsreihe im Zusammenhang mit dem Erheben, der Aufzeichnung, der Organisation, der Speicherung, der Verarbeitung, der Ver\u00e4nderung, dem Auszug, dem Vergleich, der Verwendung, der Weitergabe, der Verbreitung, der Verkn\u00fcpfung, der Sperrung, der L\u00f6schung, der Vernichtung und der Auswahl von Daten.<br \/>Die personenbezogenen Daten werden haupts\u00e4chlich in automatisierter Form, aber auch auf Papier verarbeitet, und zwar mit einer streng auf die oben genannten Zwecke bezogenen Logik, unter Verwendung der Datenbanken und elektronischen Plattformen, die vom Verantwortlichen oder von Dritten, die als Auftragsverarbeiter ernannt wurden, verwaltet werden (f\u00fcr die aktualisierte Liste k\u00f6nnen sich die Benutzer unter der angegebenen Adresse an den Verantwortlichen wenden), und\/oder integrierter von Vicenzi S.p.A. betriebener oder genutzter Computersysteme und\/oder Websites. Der Verantwortliche hat angemessene technische und organisatorische Sicherheitsma\u00dfnahmen ergriffen, um die Benutzer vor Verlust, Missbrauch oder Ver\u00e4nderung der Daten zu sch\u00fctzen. Insbesondere verwendet er gesch\u00fctzte Daten\u00fcbertragungen, die als HTTPS bekannt sind. Dar\u00fcber hinaus speichert er die Benutzerdaten auf in Europa lokalisierten Servern. Die Server verf\u00fcgen \u00fcber ein erweitertes, t\u00e4gliches Backup- und Notfallwiederherstellungssystem.<\/p>\n<p>\u00a0<\/p>\n<p>\n\n\n\n<\/p>\n<p><strong>Dauer der Verarbeitung<\/strong><\/p>\n<p>\n\n\n\n<\/p>\n<p>S\u00e4mtliche zur Verf\u00fcgung gestellten Daten werden nur so lange gespeichert, wie dies f\u00fcr die Erf\u00fcllung der Zwecke, f\u00fcr die sie verarbeitet werden, erforderlich ist, oder f\u00fcr einen l\u00e4ngeren Zeitraum zu gesetzlich zul\u00e4ssigen Zwecken, und werden in jedem Fall unverz\u00fcglich gel\u00f6scht.<br \/>F\u00fcr Zwecke im Zusammenhang mit Auskunftsersuchen: im Zusammenhang mit der Art des Ersuchens, f\u00fcr die Zeit, die erforderlich ist, um die gesetzliche Verpflichtung der Vorratsdatenspeicherung zu erf\u00fcllen und\/oder f\u00fcr alle anderen gesetzlichen Anforderungen. F\u00fcr allgemeine Anfragen, h\u00f6chstens 12 Monate. Im Falle von Newsletteranmeldungen h\u00f6chstens 24 Monate ab der letzten Interaktion (zum Beispiel, wenn Sie die E-Mail mit unserem Newsletter \u00f6ffnen).<\/p>\n<p>\u00a0<\/p>\n<p>\n\n\n\n<\/p>\n<p><strong>Ort der Datenverarbeitung<\/strong><\/p>\n<p>\n\n\n\n<\/p>\n<p>Personenbezogene Daten werden haupts\u00e4chlich am Sitz des Verantwortlichen und\/oder an den Standorten der Auftragsverarbeiter verarbeitet. F\u00fcr weitere Informationen k\u00f6nnen sich die Benutzer wie vorstehend beschrieben an den Verantwortlichen wenden.<\/p>\n<p>\u00a0<\/p>\n<p>\n\n\n\n<\/p>\n<p><strong>Art und Weise der Erfassung personenbezogener Daten<\/strong><\/p>\n<p>\n\n\n\n<\/p>\n<p>Die Bereitstellung personenbezogener Daten ist freiwillig, die Verweigerung der Bereitstellung von Daten verhindert jedoch die Bearbeitung Ihrer Anfrage und\/oder die Anmeldung zum Newsletter und\/oder die Nutzung der auf der Website verf\u00fcgbaren registrierungspflichtigen Dienste. Personenbezogene Daten k\u00f6nnen durch das Ausf\u00fcllen der entsprechenden Felder in den verschiedenen Bereichen der Website oder bei Bedarf durch das Senden von Anfragen per E-Mail bereitgestellt werden.<\/p>\n<p>\u00a0<\/p>\n<p>\n\n\n\n<\/p>\n<p><strong>Kategorien zu verarbeitender personenbezogener Daten<\/strong><\/p>\n<p>\n\n\n\n<\/p>\n<p>Zus\u00e4tzlich zu den direkt von den Benutzern angegebenen personenbezogenen Daten ( z. B. Name, Nachname, Adresse, E-Mail-Adresse usw.) liefern und\/oder erfassen die f\u00fcr den Betrieb der Website verwendeten Computersysteme und Softwareverfahren bei der Verbindung mit der Website automatisch und indirekt bestimmte Informationen, bei denen es sich um personenbezogene Daten handeln k\u00f6nnte und die zur Verwendung von Internet-Kommunikationsprotokollen \u00fcbermittelt werden m\u00fcssen (u. a. so genannte \u201eCookies\u201c (wie nachstehend besser beschrieben), \u201eIP\u201c-Adressen, Domainamen der Computer, die von den Benutzern, die sich mit der Website verbinden, verwendet werden, die \u201eUrl\u201c-Adressen der angeforderten Ressourcen, die Uhrzeit der Anfrage an den Server, das Surfverhalten auf der Website.<\/p>\n<p>\u00a0<\/p>\n<p>\n\n\n\n<\/p>\n<p><strong>Kategorien von Personen, die \u00fcber die personenbezogenen Daten der Benutzer Kenntnis erlangen k\u00f6nnen<\/strong><\/p>\n<p>\n\n\n\n<\/p>\n<p>Angestellte oder Mitarbeiter des Verantwortlichen k\u00f6nnen Kenntnis von personenbezogenen Daten erhalten. Diese Personen, die unter der direkten Aufsicht des Verantwortlichen t\u00e4tig sind, verarbeiten Daten und werden als Auftragsverarbeiter oder als zur Auftragsverarbeitung befugte Personen gem\u00e4\u00df Artikel 24 bis 29 der Verordnung (EU) 2016\/679 bestellt. Auch Systemadministratoren k\u00f6nnen Kenntnis von personenbezogenen Daten erhalten und diese Personen erhalten von dem Verantwortlichen entsprechende Handlungsanweisungen; dasselbe gilt \u2013 unter der Verantwortung des vom Verantwortlichen beauftragten Auftragsverarbeiters \u2013 f\u00fcr Angestellte oder Mitarbeiter der besagten Auftragsverarbeiter. Bei den vom Verantwortlichen beauftragten Auftragsverarbeitern kann es sich um Drittunternehmen oder andere Parteien handeln, die Outsourcing-T\u00e4tigkeiten im Auftrag von Vicenzi S.p.A. ausf\u00fchren (u. a. Parteien, die mit der Erbringung von Dienstleistungen in Bezug auf Betreuung, Kommunikation, Werbung und Verkauf von Produkten und\/oder Dienstleistungen beauftragt sind, IT-Dienstleister, Verwalter und\/oder Entwickler von Websites oder darin enthaltener Anwendungen, Verwalter von elektronischen Plattformen, Partner).<\/p>\n<p>\u00a0<\/p>\n<p>\n\n\n\n<\/p>\n<p><strong>Umfang der Ver\u00f6ffentlichung oder Weitergabe von personenbezogenen Benutzerdaten<\/strong><\/p>\n<p>\n\n\n\n<\/p>\n<p>Angestellte oder Mitarbeiter des Verantwortlichen k\u00f6nnen Kenntnis von personenbezogenen Daten erhalten; diese Personen, die unter der direkten Aufsicht des Verantwortlichen t\u00e4tig sind, verarbeiten Daten und sind dazu berechtigt; auch Systemadministratoren k\u00f6nnen Kenntnis von personenbezogenen Daten erhalten und diese Personen erhalten von dem Verantwortlichen entsprechende Handlungsanweisungen.<br \/>Auch von dem Verantwortlichen beauftragte Auftragsverarbeiter k\u00f6nnen \u00fcber personenbezogene Daten Kenntnis erlangen, ebenso Drittunternehmen oder andere Parteien, die Outsourcing-T\u00e4tigkeiten im Auftrag von Vicenzi S.p.A. ausf\u00fchren (u. a. Parteien, die mit der Erbringung von Dienstleistungen in Bezug auf Betreuung, Kommunikation, Werbung und Verkauf von Produkten und\/oder Dienstleistungen, der Organisation und der Verwaltung von Ausschreibungen beauftragt sind, IT-Dienstleister, Verwalter und\/oder Entwickler von Websites oder darin enthaltener Anwendungen, Verwalter von elektronischen Plattformen, Transportunternehmen, Verwaltungsunternehmen f\u00fcr Kundenservice).<\/p>\n<p>\u00a0<\/p>\n<p>\n\n\n\n<\/p>\n<p><strong>\u00dcbermittlung personenbezogener Benutzerdaten in L\u00e4nder au\u00dferhalb der EU<\/strong><\/p>\n<p>\n\n\n\n<\/p>\n<p>Der Verantwortliche kann Ihre personenbezogenen Daten au\u00dferhalb des Europ\u00e4ischen Wirtschaftsraums \u00fcbermitteln. In diesem Fall erfolgt die \u00dcbermittlung durch den Verantwortlichen vorbehaltlich der Erstellung von Standardvertragsklauseln mit Anbietern von Servern und\/oder Dienstleistungen in \u00dcbereinstimmung mit den von der Europ\u00e4ischen Kommission zur Verf\u00fcgung gestellten Vorlagen oder der \u00dcberpr\u00fcfung, ob der externe Auftragsverarbeiter beim \u201ePrivacy Shield\u201c-System registriert ist.<br \/><strong>Minderj\u00e4hrige<\/strong><br \/>Die Website enth\u00e4lt praktisch keine direkt an Minderj\u00e4hrige gerichteten Informationen. Minderj\u00e4hrige d\u00fcrfen keine Informationen oder personenbezogenen Daten zur Verf\u00fcgung stellen. An den m\u00f6glicherweise auf der Website enthaltenen Gewinnspielen d\u00fcrfen nur Erwachsene teilnehmen.<br \/><strong>Verwendung von Cookies<\/strong><br \/>Die vollst\u00e4ndige Cookie-Richtlinie ist \u00fcber den Link \u201eCookie-Richtlinie\u201c auf der Website verf\u00fcgbar.<br \/><strong>Plugins f\u00fcr soziale Netzwerke<\/strong><br \/>Auf dieser Website sind auch Plugins und\/oder Schaltfl\u00e4chen vorhanden, mit denen Inhalte in den vom Besucher verwendeten sozialen Netzwerken geteilt werden k\u00f6nnen. Beim Aufruf einer Seite unserer Website, die ein Plugin enth\u00e4lt, stellt Ihr Browser eine direkte Verbindung zu den Servern des sozialen Netzwerks her, von dem das Plugin geladen wurde. Dieses kann Ihren Besuch auf unserer Website tracken und eventuell auch mit Ihrem Benutzerkonto des sozialen Netzwerks in Verbindung bringen, vor allem wenn Sie zum Zeitpunkt Ihres Besuchs eingeloggt sind oder wenn Sie k\u00fcrzlich eine Website besucht haben, die Social Plugins enth\u00e4lt. Wenn Sie nicht m\u00f6chten, dass das soziale Netzwerk Daten \u00fcber Ihren Besuch auf unserer Website aufzeichnet, m\u00fcssen Sie sich von Ihrem Account bei dem entsprechenden sozialen Netzwerk abmelden. Au\u00dferdem empfehlen wir Ihnen, die Cookies zu l\u00f6schen, die das soziale Netzwerk in Ihrem Browser installiert hat (bitte beachten Sie auch die Hinweise in unserer Cookie-Richtlinie).<br \/>Die Erfassung und Nutzung von Informationen durch diese dritten Parteien unterliegt deren jeweiligen Datenschutzrichtlinien, auf die wir Sie bitten, Bezug zu nehmen.<br \/><strong>Nutzerrechte<\/strong><br \/>Die Nutzer k\u00f6nnen ihre Rechte gem\u00e4\u00df Artikel 16-21 der Verordnung (EU) 2016\/679 aus\u00fcben (Recht auf Berichtigung, Recht auf L\u00f6schung, Recht auf Einschr\u00e4nkung der Verarbeitung, Recht auf Daten\u00fcbertragbarkeit, Widerspruchsrecht). Au\u00dferdem k\u00f6nnen die Benutzer gegebenenfalls Beschwerde bei der Datenschutzbeh\u00f6rde einreichen [in Italien: Autorit\u00e0 Garante per la protezione dei dati personali] oder sich an diese Beh\u00f6rde wenden, um zu erfahren, wie sie ihre Rechte gem\u00e4\u00df der Verordnung (EU) 2016\/679 aus\u00fcben k\u00f6nnen. Genauer gesagt:<\/p>\n<ul>\n<li>Recht auf Auskunft: Erhalt von Auskunft dar\u00fcber, ob sie betreffende personenbezogene Daten verarbeitet werden, sowie Recht auf Zugang zu diesen Daten und zu spezifischen Informationen (z.B. \u00fcber die Zwecke der Verarbeitung, die betroffenen Datenkategorien, die Empf\u00e4nger, an die die Daten weitergegeben werden);<\/li>\n<li>Das Recht auf Berichtigung: das Recht, unrichtige Daten, die sie betreffen, unverz\u00fcglich berichtigen zu lassen. In diesem Fall ist der Verantwortliche verpflichtet, alle Empf\u00e4nger, an die die Daten gesendet wurden, \u00fcber diese Berichtigung zu informieren, sofern dies nicht mit einem unverh\u00e4ltnism\u00e4\u00dfigen Aufwand verbunden ist.<\/li>\n<li>Recht auf L\u00f6schung: Das Recht auf unverz\u00fcgliche L\u00f6schung der sie betreffenden personenbezogenen Daten, wobei der Verantwortliche verpflichtet ist, die personenbezogenen Daten unverz\u00fcglich zu l\u00f6schen, wenn bestimmte Gr\u00fcnde vorliegen (z. B. die personenbezogenen Daten sind im Hinblick auf die Zwecke, f\u00fcr die sie erhoben wurden, nicht mehr erforderlich; die betroffene Person widerruft ihre Einwilligung; die Daten m\u00fcssen zur Erf\u00fcllung einer rechtlichen Verpflichtung gel\u00f6scht werden). In diesem Fall ist der Verantwortliche verpflichtet, alle Empf\u00e4nger, an die die Daten gesendet wurden, \u00fcber diese L\u00f6schung zu informieren, sofern dies nicht mit einem unverh\u00e4ltnism\u00e4\u00dfigen Aufwand verbunden ist.<\/li>\n<li>Das Recht auf Einschr\u00e4nkung der Verarbeitung: Es ist unter bestimmten Umst\u00e4nden (z. B. wenn die Verarbeitung unrechtm\u00e4\u00dfig ist und die<\/li>\n<\/ul>\n<p>\n\n\n<p><\/p>","protected":false},"excerpt":{"rendered":"<p>Verarbeitung personenbezogener Daten Vicenzi S.p.A. (in Folge \u201eVicenzi\u201c), in seiner Eigenschaft als Verantwortlicher informiert Sie hiermit, dass der Zugriff auf die Website und\/oder die Registrierung in den verschiedenen Bereichen der Website und\/oder die Anforderung von Informationen oder Dienstleistungen die Angabe personenbezogener Daten erfordert, die unter vollst\u00e4ndiger Einhaltung der Verordnung (EU) 2016\/679 (in Folge \u201eDSGVO\u201c) verarbeitet [&hellip;]<\/p>\n","protected":false},"author":1,"featured_media":0,"parent":0,"menu_order":0,"comment_status":"closed","ping_status":"closed","template":"","meta":{"_acf_changed":false,"inline_featured_image":false,"footnotes":""},"class_list":["post-7679","page","type-page","status-publish","hentry"],"acf":[],"yoast_head":"<!-- This site is optimized with the Yoast SEO plugin v26.2 - https:\/\/yoast.com\/wordpress\/plugins\/seo\/ -->\n<title>Datenschutz | Matilde Vicenzi S.p.A.<\/title>\n<meta name=\"robots\" content=\"index, follow, max-snippet:-1, max-image-preview:large, max-video-preview:-1\" \/>\n<link rel=\"canonical\" href=\"https:\/\/www.matildevicenzi.com\/de\/privacy-policy\/\" \/>\n<meta property=\"og:locale\" content=\"en_US\" \/>\n<meta property=\"og:type\" content=\"article\" \/>\n<meta property=\"og:title\" content=\"Datenschutz | Matilde Vicenzi S.p.A.\" \/>\n<meta property=\"og:description\" content=\"Verarbeitung personenbezogener Daten Vicenzi S.p.A. (in Folge \u201eVicenzi\u201c), in seiner Eigenschaft als Verantwortlicher informiert Sie hiermit, dass der Zugriff auf die Website und\/oder die Registrierung in den verschiedenen Bereichen der Website und\/oder die Anforderung von Informationen oder Dienstleistungen die Angabe personenbezogener Daten erfordert, die unter vollst\u00e4ndiger Einhaltung der Verordnung (EU) 2016\/679 (in Folge \u201eDSGVO\u201c) verarbeitet [&hellip;]\" \/>\n<meta property=\"og:url\" content=\"https:\/\/www.matildevicenzi.com\/de\/privacy-policy\/\" \/>\n<meta property=\"og:site_name\" content=\"Matilde Vicenzi S.p.A.\" \/>\n<meta property=\"article:modified_time\" content=\"2024-07-24T13:17:59+00:00\" \/>\n<meta name=\"twitter:card\" content=\"summary_large_image\" \/>\n<meta name=\"twitter:label1\" content=\"Est. reading time\" \/>\n\t<meta name=\"twitter:data1\" content=\"9 minutes\" \/>\n<script type=\"application\/ld+json\" class=\"yoast-schema-graph\">{\"@context\":\"https:\/\/schema.org\",\"@graph\":[{\"@type\":\"WebPage\",\"@id\":\"https:\/\/www.matildevicenzi.com\/de\/privacy-policy\/\",\"url\":\"https:\/\/www.matildevicenzi.com\/de\/privacy-policy\/\",\"name\":\"Datenschutz | Matilde Vicenzi S.p.A.\",\"isPartOf\":{\"@id\":\"https:\/\/www.matildevicenzi.com\/de\/#website\"},\"datePublished\":\"2020-12-09T09:19:49+00:00\",\"dateModified\":\"2024-07-24T13:17:59+00:00\",\"breadcrumb\":{\"@id\":\"https:\/\/www.matildevicenzi.com\/de\/privacy-policy\/#breadcrumb\"},\"inLanguage\":\"en-US\",\"potentialAction\":[{\"@type\":\"ReadAction\",\"target\":[\"https:\/\/www.matildevicenzi.com\/de\/privacy-policy\/\"]}]},{\"@type\":\"BreadcrumbList\",\"@id\":\"https:\/\/www.matildevicenzi.com\/de\/privacy-policy\/#breadcrumb\",\"itemListElement\":[{\"@type\":\"ListItem\",\"position\":1,\"name\":\"Home\",\"item\":\"https:\/\/www.matildevicenzi.com\/de\/\"},{\"@type\":\"ListItem\",\"position\":2,\"name\":\"Datenschutz\"}]},{\"@type\":\"WebSite\",\"@id\":\"https:\/\/www.matildevicenzi.com\/de\/#website\",\"url\":\"https:\/\/www.matildevicenzi.com\/de\/\",\"name\":\"Matilde Vicenzi S.p.A.\",\"description\":\"Italienisches Feingeb\u00e4ckseit 1905\",\"publisher\":{\"@id\":\"https:\/\/www.matildevicenzi.com\/de\/#organization\"},\"potentialAction\":[{\"@type\":\"SearchAction\",\"target\":{\"@type\":\"EntryPoint\",\"urlTemplate\":\"https:\/\/www.matildevicenzi.com\/de\/?s={search_term_string}\"},\"query-input\":{\"@type\":\"PropertyValueSpecification\",\"valueRequired\":true,\"valueName\":\"search_term_string\"}}],\"inLanguage\":\"en-US\"},{\"@type\":\"Organization\",\"@id\":\"https:\/\/www.matildevicenzi.com\/de\/#organization\",\"name\":\"Matilde Vicenzi S.p.A.\",\"url\":\"https:\/\/www.matildevicenzi.com\/de\/\",\"logo\":{\"@type\":\"ImageObject\",\"inLanguage\":\"en-US\",\"@id\":\"https:\/\/www.matildevicenzi.com\/de\/#\/schema\/logo\/image\/\",\"url\":\"https:\/\/www.matildevicenzi.com\/de\/wp-content\/uploads\/sites\/2\/2023\/06\/matilde_logo_new.png\",\"contentUrl\":\"https:\/\/www.matildevicenzi.com\/de\/wp-content\/uploads\/sites\/2\/2023\/06\/matilde_logo_new.png\",\"width\":606,\"height\":606,\"caption\":\"Matilde Vicenzi S.p.A.\"},\"image\":{\"@id\":\"https:\/\/www.matildevicenzi.com\/de\/#\/schema\/logo\/image\/\"}}]}<\/script>\n<!-- \/ Yoast SEO plugin. -->","yoast_head_json":{"title":"Datenschutz | Matilde Vicenzi S.p.A.","robots":{"index":"index","follow":"follow","max-snippet":"max-snippet:-1","max-image-preview":"max-image-preview:large","max-video-preview":"max-video-preview:-1"},"canonical":"https:\/\/www.matildevicenzi.com\/de\/privacy-policy\/","og_locale":"en_US","og_type":"article","og_title":"Datenschutz | Matilde Vicenzi S.p.A.","og_description":"Verarbeitung personenbezogener Daten Vicenzi S.p.A. (in Folge \u201eVicenzi\u201c), in seiner Eigenschaft als Verantwortlicher informiert Sie hiermit, dass der Zugriff auf die Website und\/oder die Registrierung in den verschiedenen Bereichen der Website und\/oder die Anforderung von Informationen oder Dienstleistungen die Angabe personenbezogener Daten erfordert, die unter vollst\u00e4ndiger Einhaltung der Verordnung (EU) 2016\/679 (in Folge \u201eDSGVO\u201c) verarbeitet [&hellip;]","og_url":"https:\/\/www.matildevicenzi.com\/de\/privacy-policy\/","og_site_name":"Matilde Vicenzi S.p.A.","article_modified_time":"2024-07-24T13:17:59+00:00","twitter_card":"summary_large_image","twitter_misc":{"Est. reading time":"9 minutes"},"schema":{"@context":"https:\/\/schema.org","@graph":[{"@type":"WebPage","@id":"https:\/\/www.matildevicenzi.com\/de\/privacy-policy\/","url":"https:\/\/www.matildevicenzi.com\/de\/privacy-policy\/","name":"Datenschutz | Matilde Vicenzi S.p.A.","isPartOf":{"@id":"https:\/\/www.matildevicenzi.com\/de\/#website"},"datePublished":"2020-12-09T09:19:49+00:00","dateModified":"2024-07-24T13:17:59+00:00","breadcrumb":{"@id":"https:\/\/www.matildevicenzi.com\/de\/privacy-policy\/#breadcrumb"},"inLanguage":"en-US","potentialAction":[{"@type":"ReadAction","target":["https:\/\/www.matildevicenzi.com\/de\/privacy-policy\/"]}]},{"@type":"BreadcrumbList","@id":"https:\/\/www.matildevicenzi.com\/de\/privacy-policy\/#breadcrumb","itemListElement":[{"@type":"ListItem","position":1,"name":"Home","item":"https:\/\/www.matildevicenzi.com\/de\/"},{"@type":"ListItem","position":2,"name":"Datenschutz"}]},{"@type":"WebSite","@id":"https:\/\/www.matildevicenzi.com\/de\/#website","url":"https:\/\/www.matildevicenzi.com\/de\/","name":"Matilde Vicenzi S.p.A.","description":"Italienisches Feingeb\u00e4ckseit 1905","publisher":{"@id":"https:\/\/www.matildevicenzi.com\/de\/#organization"},"potentialAction":[{"@type":"SearchAction","target":{"@type":"EntryPoint","urlTemplate":"https:\/\/www.matildevicenzi.com\/de\/?s={search_term_string}"},"query-input":{"@type":"PropertyValueSpecification","valueRequired":true,"valueName":"search_term_string"}}],"inLanguage":"en-US"},{"@type":"Organization","@id":"https:\/\/www.matildevicenzi.com\/de\/#organization","name":"Matilde Vicenzi S.p.A.","url":"https:\/\/www.matildevicenzi.com\/de\/","logo":{"@type":"ImageObject","inLanguage":"en-US","@id":"https:\/\/www.matildevicenzi.com\/de\/#\/schema\/logo\/image\/","url":"https:\/\/www.matildevicenzi.com\/de\/wp-content\/uploads\/sites\/2\/2023\/06\/matilde_logo_new.png","contentUrl":"https:\/\/www.matildevicenzi.com\/de\/wp-content\/uploads\/sites\/2\/2023\/06\/matilde_logo_new.png","width":606,"height":606,"caption":"Matilde Vicenzi S.p.A."},"image":{"@id":"https:\/\/www.matildevicenzi.com\/de\/#\/schema\/logo\/image\/"}}]}},"_links":{"self":[{"href":"https:\/\/www.matildevicenzi.com\/de\/wp-json\/wp\/v2\/pages\/7679","targetHints":{"allow":["GET"]}}],"collection":[{"href":"https:\/\/www.matildevicenzi.com\/de\/wp-json\/wp\/v2\/pages"}],"about":[{"href":"https:\/\/www.matildevicenzi.com\/de\/wp-json\/wp\/v2\/types\/page"}],"author":[{"embeddable":true,"href":"https:\/\/www.matildevicenzi.com\/de\/wp-json\/wp\/v2\/users\/1"}],"replies":[{"embeddable":true,"href":"https:\/\/www.matildevicenzi.com\/de\/wp-json\/wp\/v2\/comments?post=7679"}],"version-history":[{"count":2,"href":"https:\/\/www.matildevicenzi.com\/de\/wp-json\/wp\/v2\/pages\/7679\/revisions"}],"predecessor-version":[{"id":41574,"href":"https:\/\/www.matildevicenzi.com\/de\/wp-json\/wp\/v2\/pages\/7679\/revisions\/41574"}],"wp:attachment":[{"href":"https:\/\/www.matildevicenzi.com\/de\/wp-json\/wp\/v2\/media?parent=7679"}],"curies":[{"name":"wp","href":"https:\/\/api.w.org\/{rel}","templated":true}]}}