{"id":7724,"date":"2020-12-09T11:53:55","date_gmt":"2020-12-09T11:53:55","guid":{"rendered":"http:\/\/matilde.kina.it\/?page_id=7724"},"modified":"2024-06-19T10:42:30","modified_gmt":"2024-06-19T08:42:30","slug":"rorschung-und-entwicklung","status":"publish","type":"page","link":"https:\/\/www.matildevicenzi.com\/de\/unternehmensgruppe\/rorschung-und-entwicklung\/","title":{"rendered":"Forschung und entwicklung"},"content":{"rendered":"<p style=\"text-align: center;\">Die Vicenzi Group ist stolz auf ihre Bem\u00fchungen um die F\u00f6rderung der italienischen S\u00fc\u00dfwarentradition in der Welt, die mit jedem Bissen s\u00fc\u00dfen Genuss bietet.<br \/>\nIn den Labors der <strong>F&amp;E-Abteilung in Verona werden daher st\u00e4ndig neue Produkte erarbeitet, die den Konsumtrends und den Entwicklungen in den einzelnen L\u00e4ndern gerecht werden.<\/strong> Sie entwickeln neue Geschmacksrichtungen und Rezepturen f\u00fcr jeden Geschmack und Anspruch.<\/p>\n<h2>Produktinnovation<\/h2>\n<p>Damit auch Verbraucher mit besonderen Ern\u00e4hrungsbed\u00fcrfnissen italienische Konditoreiwaren genie\u00dfen k\u00f6nnen, hat <strong>Vicenzi 2017 laktose- und glutenfreien Produkte entwickelt<\/strong>, die die Standards der Europ\u00e4ischen Union erf\u00fcllen und von der italienischen Z\u00f6liakie-Vereinigung (AIC) zertifiziert sind.<br \/>\nDank jahrelanger Forschung und Entwicklung konnten Produkte mit einem hervorragenden sensorischen Profil geschaffen werden: <strong>Die Verbraucher m\u00fcssen keineswegs auf \u201eklassische\u201c Rezepte verzichten.<\/strong><\/p>\n<p>Im Zeitraum von 2017 bis Anfang 2018 wurde das Angebot der Gruppe um die <strong>glutenfreien Ausf\u00fchrungen der Produkte Grisb\u00ec, Vicenzovo, weiche Amaretti und Millefoglie d'Italia Bl\u00e4tterteiggeb\u00e4ck erweitert<\/strong>. Diese Produkte hatten dank der Mund-zu-Mund-Propaganda sofort einen enormen Erfolg bei Personen mit Z\u00f6liakie oder Glutenunvertr\u00e4glichkeit.<\/p>\n<h2>Zunehmend nachhaltige Verpackungen<\/h2>\n<p><strong>Die Vicenzi Group legt seit jeher besonderen Wert auf die Verpackung<\/strong>: Der Innovationsprozess soll die Umweltauswirkungen senken und dabei sicherstellen, dass die sensorischen Eigenschaften der Produkte erhalten bleiben. Das Design der Verpackungen f\u00fcr die Produkte von Vicenzi basiert auf den folgenden Grunds\u00e4tzen:<\/p>\n<ul>\n<li>Vorrangiger Einsatz von recycelten Rohstoffen;<\/li>\n<li>F\u00f6rderung der Verwendung von <strong>Monomaterialien<\/strong> zur Verbesserung der Wiederverwertbarkeit von Verpackungen durch die Vermeidung (wo m\u00f6glich) von Verbundstoffen.<\/li>\n<li><strong>Verringerung von \u00dcberverpackungen<\/strong> zur Einsparung von Verpackungsmaterial.<\/li>\n<\/ul>\n<p>Derzeit nutzt das Unternehmen f\u00fcr seine Produkte \u00fcberwiegend Verpackungen aus Papier und Pappe sowie Kunststoffschalen und Wei\u00dfblechverpackungen. <strong>Im Jahr 2019 machte Papier einen Anteil von 70 %<\/strong> und Kunststoff 22 % <strong>des Verpackungsmaterials aus.<\/strong><\/p>\n<h3>Papier und Pappe<\/h3>\n<p style=\"text-align: center;\"><strong>70%<\/strong> recycelte Pappe<\/p>\n<p style=\"text-align: center;\"><strong>30%<\/strong> unbehandelte Pappe<\/p>\n<h3>Kunststoff<\/h3>\n<p><img decoding=\"async\" src=\"http:\/\/www.matildevicenzi.com\/de\/wp-content\/uploads\/sites\/2\/2021\/04\/egg-carton-2.svg\" alt=\"\" loading=\"lazy\" height=\"91.7\" width=\"512\"><\/p>\n<p style=\"text-align: center;\"><strong>80%<\/strong> PET*<br \/>\n<strong>20%<\/strong> Polystyrol<\/p>\n<p style=\"text-align: center; font-size: 10px;\">*Durchsichtige Verpackung aus <strong>90%<\/strong> recycelten Materialien<\/p>\n<p style=\"text-align: center; font-size: 10px;\">*Braune Verpackung aus <strong>70%<\/strong> recycelten Materialien<\/p>\n<p>In den letzten drei Jahren realisierte Vicenzi <strong>mehrere wichtige Projekte zur Verringerung der Umweltbelastung durch seine Verpackungen<\/strong>. Diese L\u00f6sungen sehen die Verwendung von Monomaterialien (erh\u00f6hte Wiederverwertbarkeit), Recyclingmaterial und die Verringerung des Kunststoffanteils vor. Das sind einige der <strong>ver\u00e4nderten Produkte<\/strong>:<\/p>\n<figure><img decoding=\"async\" width=\"240\" height=\"300\" src=\"http:\/\/www.matildevicenzi.com\/de\/wp-content\/uploads\/sites\/2\/2020\/12\/Post-2_Vicenzi_int_2020_03_FB_cambiopack-240x300.jpg\" alt=\"\" loading=\"lazy\" srcset=\"http:\/\/www.matildevicenzi.com\/de\/wp-content\/uploads\/sites\/2\/2020\/12\/Post-2_Vicenzi_int_2020_03_FB_cambiopack-240x300.jpg 240w, http:\/\/www.matildevicenzi.com\/de\/wp-content\/uploads\/sites\/2\/2020\/12\/Post-2_Vicenzi_int_2020_03_FB_cambiopack-819x1024.jpg 819w, http:\/\/www.matildevicenzi.com\/de\/wp-content\/uploads\/sites\/2\/2020\/12\/Post-2_Vicenzi_int_2020_03_FB_cambiopack-768x960.jpg 768w, http:\/\/www.matildevicenzi.com\/de\/wp-content\/uploads\/sites\/2\/2020\/12\/Post-2_Vicenzi_int_2020_03_FB_cambiopack.jpg 1080w\" sizes=\"auto, (max-width: 240px) 100vw, 240px\"><\/figure>\n<h3>Vicenzovo L\u00f6ffelbiskuit 400 g<\/h3>\n<p>Durch das neue Verpackungsdesign verringerte Vicenzi den Kunststoffanteil um 30 %, d.h. auch das Gewicht wurde von 9 g auf etwa 6 g gesenkt.<br \/>\nreducing weight from 9 g to approx. 6 g.<\/p>\n<figure><img decoding=\"async\" width=\"300\" height=\"119\" src=\"http:\/\/www.matildevicenzi.com\/de\/wp-content\/uploads\/sites\/2\/2020\/12\/matilde-vicenzi-grisbi-double-chocolate-300x119.png\" alt=\"\" loading=\"lazy\" srcset=\"http:\/\/www.matildevicenzi.com\/de\/wp-content\/uploads\/sites\/2\/2020\/12\/matilde-vicenzi-grisbi-double-chocolate-300x119.png 300w, http:\/\/www.matildevicenzi.com\/de\/wp-content\/uploads\/sites\/2\/2020\/12\/matilde-vicenzi-grisbi-double-chocolate-768x305.png 768w, http:\/\/www.matildevicenzi.com\/de\/wp-content\/uploads\/sites\/2\/2020\/12\/matilde-vicenzi-grisbi-double-chocolate.png 1000w\" sizes=\"auto, (max-width: 300px) 100vw, 300px\"><\/figure>\n<h3>Grisb\u00ec<\/h3>\n<p>F\u00fcr die Grisb\u00ec Produkte verwendet Vicenzi zu 100 % recyceltes Papier.<\/p>\n<h2>Automatisierung<br \/>\nder Produktionslinien<\/h2>\n<p><strong>Fokus auf Innovation<\/strong>. Konstante <strong>Verbesserung der<\/strong> verschiedenen <strong>Produktreihen<\/strong>. Spezifische <strong>Tests zur Gew\u00e4hrleistung von Produkteigenschaften und Kundenzufriedenheit<\/strong>. Dies sind die typischen Merkmale, die die Exzellenz der Gruppe in der Kunst der Zuckerb\u00e4ckerei konsolidiert und die urspr\u00fcnglichen Geschmackseigenschaften ihrer traditionellen Rezepte bewahrt haben.<\/p>\n<p><strong>Dank der kompletten Automatisierung<\/strong> der durch k\u00fcnstliche Intelligenz gesteuerten Produktionslinien konnte die Vicenzi Group \u2013 gerade in den letzten Jahren \u2013 nicht nur die Produktivit\u00e4t steigern, sondern auch Kosten und Zeitaufwand senken. Geschwindigkeit und Pr\u00e4zision: unerl\u00e4sslich f\u00fcr hochwertige Produkte und Abfallvermeidung.<\/p>\n<p><i>\u201eDas Rezept f\u00fcr unsere Forschung und Entwicklung? Nat\u00fcrlich unverf\u00e4lschte Zutaten, aber auch eine gro\u00dfe Portion Neugier und eine gesunde Experimentierfreude. So waren wir schlie\u00dflich schon immer. Die H\u00e4nde im Teig, die F\u00fc\u00dfe fest auf dem Boden der Tradition und den Blick in die Zukunft gerichtet. Denn die Geschm\u00e4cker \u00e4ndern sich, doch die Magie des ersten Bisses, der sofort \u00fcberzeugt, bleibt immer gleich.\u201c <\/i><\/p>\n<p style=\"text-align: left;\">Marco Cazzadori, Forschung und Entwicklung der Vicenzi Group<\/p>\n<p>\t\t\t\t\t\t\t<a href=\"http:\/\/www.matildevicenzi.com\/de\/wp-content\/uploads\/sites\/2\/2020\/12\/Matilde-Vicenzi-research-and-development-03.png\" data-elementor-open-lightbox=\"yes\" data-elementor-lightbox-slideshow=\"all-d1b1f4c\" data-elementor-lightbox-title=\"Matilde Vicenzi research and development 03\"><br \/>\n<\/a><br \/>\n<a href=\"http:\/\/www.matildevicenzi.com\/de\/wp-content\/uploads\/sites\/2\/2020\/12\/Matilde-Vicenzi-research-and-development-05.png\" data-elementor-open-lightbox=\"yes\" data-elementor-lightbox-slideshow=\"all-d1b1f4c\" data-elementor-lightbox-title=\"Matilde Vicenzi research and development 05\"><br \/>\n<\/a><br \/>\n<a href=\"http:\/\/www.matildevicenzi.com\/de\/wp-content\/uploads\/sites\/2\/2020\/12\/Matilde-Vicenzi-research-and-development-06.png\" data-elementor-open-lightbox=\"yes\" data-elementor-lightbox-slideshow=\"all-d1b1f4c\" data-elementor-lightbox-title=\"Matilde Vicenzi research and development 06\"><br \/>\n<\/a><br \/>\n<a href=\"http:\/\/www.matildevicenzi.com\/de\/wp-content\/uploads\/sites\/2\/2020\/12\/Matilde-Vicenzi-research-and-development-07.png\" data-elementor-open-lightbox=\"yes\" data-elementor-lightbox-slideshow=\"all-d1b1f4c\" data-elementor-lightbox-title=\"Matilde Vicenzi research and development 07\"><br \/>\n<\/a><br \/>\n<a href=\"http:\/\/www.matildevicenzi.com\/de\/wp-content\/uploads\/sites\/2\/2020\/12\/Matilde-Vicenzi-research-and-development-08.png\" data-elementor-open-lightbox=\"yes\" data-elementor-lightbox-slideshow=\"all-d1b1f4c\" data-elementor-lightbox-title=\"Matilde Vicenzi research and development 08\"><br \/>\n<\/a><br \/>\n<a href=\"http:\/\/www.matildevicenzi.com\/de\/wp-content\/uploads\/sites\/2\/2020\/12\/Matilde-Vicenzi-research-and-development-09.png\" data-elementor-open-lightbox=\"yes\" data-elementor-lightbox-slideshow=\"all-d1b1f4c\" data-elementor-lightbox-title=\"Matilde Vicenzi research and development 09\"><br \/>\n<\/a><\/p>\n","protected":false},"excerpt":{"rendered":"<p>Die Vicenzi Group ist stolz auf ihre Bem\u00fchungen um die F\u00f6rderung der italienischen S\u00fc\u00dfwarentradition in der Welt, die mit jedem Bissen s\u00fc\u00dfen Genuss bietet. In den Labors der F&amp;E-Abteilung in Verona werden daher st\u00e4ndig neue Produkte erarbeitet, die den Konsumtrends und den Entwicklungen in den einzelnen L\u00e4ndern gerecht werden. Sie entwickeln neue Geschmacksrichtungen und Rezepturen [&hellip;]<\/p>\n","protected":false},"author":1,"featured_media":0,"parent":7721,"menu_order":0,"comment_status":"closed","ping_status":"closed","template":"","meta":{"_acf_changed":false,"inline_featured_image":false,"footnotes":""},"class_list":["post-7724","page","type-page","status-publish","hentry"],"acf":[],"yoast_head":"<!-- This site is optimized with the Yoast SEO plugin v26.2 - https:\/\/yoast.com\/wordpress\/plugins\/seo\/ -->\n<title>Forschung und entwicklung | Matilde Vicenzi S.p.A.<\/title>\n<meta name=\"robots\" content=\"index, follow, max-snippet:-1, max-image-preview:large, max-video-preview:-1\" \/>\n<link rel=\"canonical\" href=\"https:\/\/www.matildevicenzi.com\/de\/unternehmensgruppe\/rorschung-und-entwicklung\/\" \/>\n<meta property=\"og:locale\" content=\"en_US\" \/>\n<meta property=\"og:type\" content=\"article\" \/>\n<meta property=\"og:title\" content=\"Forschung und entwicklung | Matilde Vicenzi S.p.A.\" \/>\n<meta property=\"og:description\" content=\"Die Vicenzi Group ist stolz auf ihre Bem\u00fchungen um die F\u00f6rderung der italienischen S\u00fc\u00dfwarentradition in der Welt, die mit jedem Bissen s\u00fc\u00dfen Genuss bietet. In den Labors der F&amp;E-Abteilung in Verona werden daher st\u00e4ndig neue Produkte erarbeitet, die den Konsumtrends und den Entwicklungen in den einzelnen L\u00e4ndern gerecht werden. Sie entwickeln neue Geschmacksrichtungen und Rezepturen [&hellip;]\" \/>\n<meta property=\"og:url\" content=\"https:\/\/www.matildevicenzi.com\/de\/unternehmensgruppe\/rorschung-und-entwicklung\/\" \/>\n<meta property=\"og:site_name\" content=\"Matilde Vicenzi S.p.A.\" \/>\n<meta property=\"article:modified_time\" content=\"2024-06-19T08:42:30+00:00\" \/>\n<meta property=\"og:image\" content=\"http:\/\/www.matildevicenzi.com\/de\/wp-content\/uploads\/sites\/2\/2021\/04\/egg-carton-2.svg\" \/>\n<meta name=\"twitter:card\" content=\"summary_large_image\" \/>\n<meta name=\"twitter:label1\" content=\"Est. reading time\" \/>\n\t<meta name=\"twitter:data1\" content=\"3 minutes\" \/>\n<script type=\"application\/ld+json\" class=\"yoast-schema-graph\">{\"@context\":\"https:\/\/schema.org\",\"@graph\":[{\"@type\":\"WebPage\",\"@id\":\"https:\/\/www.matildevicenzi.com\/de\/unternehmensgruppe\/rorschung-und-entwicklung\/\",\"url\":\"https:\/\/www.matildevicenzi.com\/de\/unternehmensgruppe\/rorschung-und-entwicklung\/\",\"name\":\"Forschung und entwicklung | Matilde Vicenzi S.p.A.\",\"isPartOf\":{\"@id\":\"https:\/\/www.matildevicenzi.com\/de\/#website\"},\"primaryImageOfPage\":{\"@id\":\"https:\/\/www.matildevicenzi.com\/de\/unternehmensgruppe\/rorschung-und-entwicklung\/#primaryimage\"},\"image\":{\"@id\":\"https:\/\/www.matildevicenzi.com\/de\/unternehmensgruppe\/rorschung-und-entwicklung\/#primaryimage\"},\"thumbnailUrl\":\"http:\/\/www.matildevicenzi.com\/de\/wp-content\/uploads\/sites\/2\/2021\/04\/egg-carton-2.svg\",\"datePublished\":\"2020-12-09T11:53:55+00:00\",\"dateModified\":\"2024-06-19T08:42:30+00:00\",\"breadcrumb\":{\"@id\":\"https:\/\/www.matildevicenzi.com\/de\/unternehmensgruppe\/rorschung-und-entwicklung\/#breadcrumb\"},\"inLanguage\":\"en-US\",\"potentialAction\":[{\"@type\":\"ReadAction\",\"target\":[\"https:\/\/www.matildevicenzi.com\/de\/unternehmensgruppe\/rorschung-und-entwicklung\/\"]}]},{\"@type\":\"ImageObject\",\"inLanguage\":\"en-US\",\"@id\":\"https:\/\/www.matildevicenzi.com\/de\/unternehmensgruppe\/rorschung-und-entwicklung\/#primaryimage\",\"url\":\"https:\/\/www.matildevicenzi.com\/de\/wp-content\/uploads\/sites\/2\/2021\/04\/egg-carton-2.svg\",\"contentUrl\":\"https:\/\/www.matildevicenzi.com\/de\/wp-content\/uploads\/sites\/2\/2021\/04\/egg-carton-2.svg\",\"width\":512,\"height\":91},{\"@type\":\"BreadcrumbList\",\"@id\":\"https:\/\/www.matildevicenzi.com\/de\/unternehmensgruppe\/rorschung-und-entwicklung\/#breadcrumb\",\"itemListElement\":[{\"@type\":\"ListItem\",\"position\":1,\"name\":\"Home\",\"item\":\"https:\/\/www.matildevicenzi.com\/de\/\"},{\"@type\":\"ListItem\",\"position\":2,\"name\":\"Unternehmensgruppe\",\"item\":\"https:\/\/www.matildevicenzi.com\/de\/unternehmensgruppe\/\"},{\"@type\":\"ListItem\",\"position\":3,\"name\":\"Forschung und entwicklung\"}]},{\"@type\":\"WebSite\",\"@id\":\"https:\/\/www.matildevicenzi.com\/de\/#website\",\"url\":\"https:\/\/www.matildevicenzi.com\/de\/\",\"name\":\"Matilde Vicenzi S.p.A.\",\"description\":\"Italienisches Feingeb\u00e4ckseit 1905\",\"publisher\":{\"@id\":\"https:\/\/www.matildevicenzi.com\/de\/#organization\"},\"potentialAction\":[{\"@type\":\"SearchAction\",\"target\":{\"@type\":\"EntryPoint\",\"urlTemplate\":\"https:\/\/www.matildevicenzi.com\/de\/?s={search_term_string}\"},\"query-input\":{\"@type\":\"PropertyValueSpecification\",\"valueRequired\":true,\"valueName\":\"search_term_string\"}}],\"inLanguage\":\"en-US\"},{\"@type\":\"Organization\",\"@id\":\"https:\/\/www.matildevicenzi.com\/de\/#organization\",\"name\":\"Matilde Vicenzi S.p.A.\",\"url\":\"https:\/\/www.matildevicenzi.com\/de\/\",\"logo\":{\"@type\":\"ImageObject\",\"inLanguage\":\"en-US\",\"@id\":\"https:\/\/www.matildevicenzi.com\/de\/#\/schema\/logo\/image\/\",\"url\":\"https:\/\/www.matildevicenzi.com\/de\/wp-content\/uploads\/sites\/2\/2023\/06\/matilde_logo_new.png\",\"contentUrl\":\"https:\/\/www.matildevicenzi.com\/de\/wp-content\/uploads\/sites\/2\/2023\/06\/matilde_logo_new.png\",\"width\":606,\"height\":606,\"caption\":\"Matilde Vicenzi S.p.A.\"},\"image\":{\"@id\":\"https:\/\/www.matildevicenzi.com\/de\/#\/schema\/logo\/image\/\"}}]}<\/script>\n<!-- \/ Yoast SEO plugin. -->","yoast_head_json":{"title":"Forschung und entwicklung | Matilde Vicenzi S.p.A.","robots":{"index":"index","follow":"follow","max-snippet":"max-snippet:-1","max-image-preview":"max-image-preview:large","max-video-preview":"max-video-preview:-1"},"canonical":"https:\/\/www.matildevicenzi.com\/de\/unternehmensgruppe\/rorschung-und-entwicklung\/","og_locale":"en_US","og_type":"article","og_title":"Forschung und entwicklung | Matilde Vicenzi S.p.A.","og_description":"Die Vicenzi Group ist stolz auf ihre Bem\u00fchungen um die F\u00f6rderung der italienischen S\u00fc\u00dfwarentradition in der Welt, die mit jedem Bissen s\u00fc\u00dfen Genuss bietet. In den Labors der F&amp;E-Abteilung in Verona werden daher st\u00e4ndig neue Produkte erarbeitet, die den Konsumtrends und den Entwicklungen in den einzelnen L\u00e4ndern gerecht werden. Sie entwickeln neue Geschmacksrichtungen und Rezepturen [&hellip;]","og_url":"https:\/\/www.matildevicenzi.com\/de\/unternehmensgruppe\/rorschung-und-entwicklung\/","og_site_name":"Matilde Vicenzi S.p.A.","article_modified_time":"2024-06-19T08:42:30+00:00","og_image":[{"url":"http:\/\/www.matildevicenzi.com\/de\/wp-content\/uploads\/sites\/2\/2021\/04\/egg-carton-2.svg","type":"","width":"","height":""}],"twitter_card":"summary_large_image","twitter_misc":{"Est. reading time":"3 minutes"},"schema":{"@context":"https:\/\/schema.org","@graph":[{"@type":"WebPage","@id":"https:\/\/www.matildevicenzi.com\/de\/unternehmensgruppe\/rorschung-und-entwicklung\/","url":"https:\/\/www.matildevicenzi.com\/de\/unternehmensgruppe\/rorschung-und-entwicklung\/","name":"Forschung und entwicklung | Matilde Vicenzi S.p.A.","isPartOf":{"@id":"https:\/\/www.matildevicenzi.com\/de\/#website"},"primaryImageOfPage":{"@id":"https:\/\/www.matildevicenzi.com\/de\/unternehmensgruppe\/rorschung-und-entwicklung\/#primaryimage"},"image":{"@id":"https:\/\/www.matildevicenzi.com\/de\/unternehmensgruppe\/rorschung-und-entwicklung\/#primaryimage"},"thumbnailUrl":"http:\/\/www.matildevicenzi.com\/de\/wp-content\/uploads\/sites\/2\/2021\/04\/egg-carton-2.svg","datePublished":"2020-12-09T11:53:55+00:00","dateModified":"2024-06-19T08:42:30+00:00","breadcrumb":{"@id":"https:\/\/www.matildevicenzi.com\/de\/unternehmensgruppe\/rorschung-und-entwicklung\/#breadcrumb"},"inLanguage":"en-US","potentialAction":[{"@type":"ReadAction","target":["https:\/\/www.matildevicenzi.com\/de\/unternehmensgruppe\/rorschung-und-entwicklung\/"]}]},{"@type":"ImageObject","inLanguage":"en-US","@id":"https:\/\/www.matildevicenzi.com\/de\/unternehmensgruppe\/rorschung-und-entwicklung\/#primaryimage","url":"https:\/\/www.matildevicenzi.com\/de\/wp-content\/uploads\/sites\/2\/2021\/04\/egg-carton-2.svg","contentUrl":"https:\/\/www.matildevicenzi.com\/de\/wp-content\/uploads\/sites\/2\/2021\/04\/egg-carton-2.svg","width":512,"height":91},{"@type":"BreadcrumbList","@id":"https:\/\/www.matildevicenzi.com\/de\/unternehmensgruppe\/rorschung-und-entwicklung\/#breadcrumb","itemListElement":[{"@type":"ListItem","position":1,"name":"Home","item":"https:\/\/www.matildevicenzi.com\/de\/"},{"@type":"ListItem","position":2,"name":"Unternehmensgruppe","item":"https:\/\/www.matildevicenzi.com\/de\/unternehmensgruppe\/"},{"@type":"ListItem","position":3,"name":"Forschung und entwicklung"}]},{"@type":"WebSite","@id":"https:\/\/www.matildevicenzi.com\/de\/#website","url":"https:\/\/www.matildevicenzi.com\/de\/","name":"Matilde Vicenzi S.p.A.","description":"Italienisches Feingeb\u00e4ckseit 1905","publisher":{"@id":"https:\/\/www.matildevicenzi.com\/de\/#organization"},"potentialAction":[{"@type":"SearchAction","target":{"@type":"EntryPoint","urlTemplate":"https:\/\/www.matildevicenzi.com\/de\/?s={search_term_string}"},"query-input":{"@type":"PropertyValueSpecification","valueRequired":true,"valueName":"search_term_string"}}],"inLanguage":"en-US"},{"@type":"Organization","@id":"https:\/\/www.matildevicenzi.com\/de\/#organization","name":"Matilde Vicenzi S.p.A.","url":"https:\/\/www.matildevicenzi.com\/de\/","logo":{"@type":"ImageObject","inLanguage":"en-US","@id":"https:\/\/www.matildevicenzi.com\/de\/#\/schema\/logo\/image\/","url":"https:\/\/www.matildevicenzi.com\/de\/wp-content\/uploads\/sites\/2\/2023\/06\/matilde_logo_new.png","contentUrl":"https:\/\/www.matildevicenzi.com\/de\/wp-content\/uploads\/sites\/2\/2023\/06\/matilde_logo_new.png","width":606,"height":606,"caption":"Matilde Vicenzi S.p.A."},"image":{"@id":"https:\/\/www.matildevicenzi.com\/de\/#\/schema\/logo\/image\/"}}]}},"_links":{"self":[{"href":"https:\/\/www.matildevicenzi.com\/de\/wp-json\/wp\/v2\/pages\/7724","targetHints":{"allow":["GET"]}}],"collection":[{"href":"https:\/\/www.matildevicenzi.com\/de\/wp-json\/wp\/v2\/pages"}],"about":[{"href":"https:\/\/www.matildevicenzi.com\/de\/wp-json\/wp\/v2\/types\/page"}],"author":[{"embeddable":true,"href":"https:\/\/www.matildevicenzi.com\/de\/wp-json\/wp\/v2\/users\/1"}],"replies":[{"embeddable":true,"href":"https:\/\/www.matildevicenzi.com\/de\/wp-json\/wp\/v2\/comments?post=7724"}],"version-history":[{"count":10,"href":"https:\/\/www.matildevicenzi.com\/de\/wp-json\/wp\/v2\/pages\/7724\/revisions"}],"predecessor-version":[{"id":41468,"href":"https:\/\/www.matildevicenzi.com\/de\/wp-json\/wp\/v2\/pages\/7724\/revisions\/41468"}],"up":[{"embeddable":true,"href":"https:\/\/www.matildevicenzi.com\/de\/wp-json\/wp\/v2\/pages\/7721"}],"wp:attachment":[{"href":"https:\/\/www.matildevicenzi.com\/de\/wp-json\/wp\/v2\/media?parent=7724"}],"curies":[{"name":"wp","href":"https:\/\/api.w.org\/{rel}","templated":true}]}}