{"id":7924,"date":"2020-12-01T14:57:10","date_gmt":"2020-12-01T14:57:10","guid":{"rendered":"http:\/\/matilde.kina.it\/?page_id=7924"},"modified":"2024-06-19T10:42:12","modified_gmt":"2024-06-19T08:42:12","slug":"premium-qualitat","status":"publish","type":"page","link":"https:\/\/www.matildevicenzi.com\/de\/unternehmensgruppe\/premium-qualitat\/","title":{"rendered":"Premium-Qualit\u00e4t"},"content":{"rendered":"<p>Das Geheimnis der Herstellung der k\u00f6stlichen Matilde Vicenzi Backwaren liegt in der<strong> Verarbeitung hochwertiger, dank langj\u00e4hriger Partnerschaften mit bew\u00e4hrten Lieferanten ausgew\u00e4hlter Zutaten<\/strong>. Diese werden <strong>nach alter italienischer Tradition<\/strong> perfekt miteinander vermischt und garantieren so ein hochwertiges Produkt, das ein einzigartiges Geschmackserlebnis bietet.<\/p>\n<p>Durch die Verbindung erlesener Zutaten entsteht der <strong>einzigartige Geschmack unserer hochwertigen Backwaren<\/strong>, die den Gaumen bei jedem Bissen aufs Neue erfreuen \u2013 dank&nbsp; handwerklichem K\u00f6nnen und Qualit\u00e4tsbewusstsein in jedem Arbeitsgang.<\/p>\n<h2>Liebe zum Detail<\/h2>\n<p>Vom Vermengen bis zum Backen befolgt der gesamte Produktionsprozess f\u00fcr die Matilde Vicenzi Produkte die Tradition der italienischen Konditoreiwarenherstellung.<br \/>\nBis zu 192 feine Teigschichten werden bei der Bl\u00e4tterteigproduktion ausgelegt und sorgen so f\u00fcr den typischen Duft und die Leichtigkeit des Endprodukts.<br \/>\nDer<strong> langsame Backvorgang, vor allem f\u00fcr M\u00fcrbeteig<\/strong>, ist typisch f\u00fcr die traditionelle Zuckerb\u00e4ckerei und sorgt f\u00fcr nat\u00fcrlichen, unverf\u00e4lschten Duft und Geschmack... genau wie fr\u00fcher.<\/p>\n<p>Die Kekse werden anschlie\u00dfend sofort in einer speziellen, hochwertigen Verpackung verschlossen, wodurch ihre geschmacklichen Eigenschaften erhalten bleiben.<br \/>\nDas Werk besitzt ein <strong>eigenes Labor mit qualifiziertem technischem Personal, das alle Phasen der Produktion genau \u00fcberwacht und analysiert<\/strong>: von der Ankunft der Rohstoffe \u00fcber die Produktion bis hin zum fertigen Produkt.<\/p>\n<p><a href=\"http:\/\/www.matildevicenzi.com\/de\/wp-content\/uploads\/sites\/2\/2020\/12\/Matilde-Vicenzi-research-and-development-02.jpg\" data-elementor-open-lightbox=\"yes\" data-elementor-lightbox-slideshow=\"all-f284033\" data-elementor-lightbox-title=\"Matilde Vicenzi research and development 02\"><br \/>\n<\/a><br \/>\n<a href=\"http:\/\/www.matildevicenzi.com\/de\/wp-content\/uploads\/sites\/2\/2020\/12\/Matilde-Vicenzi-research-and-development-01.jpg\" data-elementor-open-lightbox=\"yes\" data-elementor-lightbox-slideshow=\"all-f284033\" data-elementor-lightbox-title=\"Scientists in laboratory working on research\"><br \/>\n<\/a><br \/>\n<a href=\"http:\/\/www.matildevicenzi.com\/de\/wp-content\/uploads\/sites\/2\/2020\/12\/ricerca_sviluppo_bocconcini_esa-1-scaled-1.jpg\" data-elementor-open-lightbox=\"yes\" data-elementor-lightbox-slideshow=\"all-f284033\" data-elementor-lightbox-title=\"ricerca_sviluppo_bocconcini_esa\"><br \/>\n<\/a><\/p>\n<p><i>\u201eEin gutes Rezept besteht aus wenigen, einfachen Zutaten: hochwertige Ausgangsmaterialien in Verbindung mit der Kreativit\u00e4t unserer Kultur, traditioneller Handwerkskunst und althergebrachten Rezepten. Diese sind es, die unsere Produkte so nat\u00fcrlich und aromatisch machen.\u201c\"<\/i><\/p>\n<p style=\"text-align: center;\">Giuseppe Vicenzi, Pr\u00e4sident der Vicenzi Group<\/p>\n<p>\t\t\t\t\t\t\t\t\t\t<img decoding=\"async\" src=\"http:\/\/www.matildevicenzi.com\/de\/wp-content\/uploads\/sites\/2\/2020\/12\/matilde-vicenzi-quality.jpg\" alt=\"\" loading=\"lazy\" srcset=\"http:\/\/www.matildevicenzi.com\/de\/wp-content\/uploads\/sites\/2\/2020\/12\/matilde-vicenzi-quality.jpg 800w, http:\/\/www.matildevicenzi.com\/de\/wp-content\/uploads\/sites\/2\/2020\/12\/matilde-vicenzi-quality-300x300.jpg 300w, http:\/\/www.matildevicenzi.com\/de\/wp-content\/uploads\/sites\/2\/2020\/12\/matilde-vicenzi-quality-150x150.jpg 150w, http:\/\/www.matildevicenzi.com\/de\/wp-content\/uploads\/sites\/2\/2020\/12\/matilde-vicenzi-quality-768x768.jpg 768w\" sizes=\"auto, (max-width: 800px) 100vw, 800px\" width=\"800\" height=\"800\"><br \/>\n<img decoding=\"async\" src=\"http:\/\/www.matildevicenzi.com\/de\/wp-content\/uploads\/sites\/2\/2020\/12\/matilde-vicenzi-materials.jpg\" alt=\"\" loading=\"lazy\" srcset=\"http:\/\/www.matildevicenzi.com\/de\/wp-content\/uploads\/sites\/2\/2020\/12\/matilde-vicenzi-materials.jpg 800w, http:\/\/www.matildevicenzi.com\/de\/wp-content\/uploads\/sites\/2\/2020\/12\/matilde-vicenzi-materials-300x300.jpg 300w, http:\/\/www.matildevicenzi.com\/de\/wp-content\/uploads\/sites\/2\/2020\/12\/matilde-vicenzi-materials-150x150.jpg 150w, http:\/\/www.matildevicenzi.com\/de\/wp-content\/uploads\/sites\/2\/2020\/12\/matilde-vicenzi-materials-768x769.jpg 768w\" sizes=\"auto, (max-width: 800px) 100vw, 800px\" width=\"800\" height=\"801\"><br \/>\n<img decoding=\"async\" src=\"http:\/\/www.matildevicenzi.com\/de\/wp-content\/uploads\/sites\/2\/2020\/12\/matilde-vicenzi-chocolate.jpg\" alt=\"\" loading=\"lazy\" srcset=\"http:\/\/www.matildevicenzi.com\/de\/wp-content\/uploads\/sites\/2\/2020\/12\/matilde-vicenzi-chocolate.jpg 800w, http:\/\/www.matildevicenzi.com\/de\/wp-content\/uploads\/sites\/2\/2020\/12\/matilde-vicenzi-chocolate-300x300.jpg 300w, http:\/\/www.matildevicenzi.com\/de\/wp-content\/uploads\/sites\/2\/2020\/12\/matilde-vicenzi-chocolate-150x150.jpg 150w, http:\/\/www.matildevicenzi.com\/de\/wp-content\/uploads\/sites\/2\/2020\/12\/matilde-vicenzi-chocolate-768x769.jpg 768w\" sizes=\"auto, (max-width: 800px) 100vw, 800px\" width=\"800\" height=\"801\"><\/p>\n<h2>Qualit\u00e4tssicherung<\/h2>\n<p style=\"text-align: center;\">Durch die Gew\u00e4hrleistung der umfassenden Qualit\u00e4t eines Produkts wird nicht nur sein Geschmack garantiert, sondern auch die Sicherheit der Rohstoffe f\u00fcr den Verbraucher.<br \/>\n<strong>Jede verwendete Zutat durchl\u00e4uft einen strengen Auswahl- und Kontrollprozess, um sicherzustellen, dass sie frei ist von m\u00f6glichen Verunreinigungen<\/strong>. Im Jahr 2019 wurden in den drei Werken in San Giovanni, Bovolone und Nusco rund 165.000 Kontrollen an Rohstoffen, Fertigprodukten und Verpackungen durchgef\u00fchrt.<\/p>\n","protected":false},"excerpt":{"rendered":"<p>Das Geheimnis der Herstellung der k\u00f6stlichen Matilde Vicenzi Backwaren liegt in der Verarbeitung hochwertiger, dank langj\u00e4hriger Partnerschaften mit bew\u00e4hrten Lieferanten ausgew\u00e4hlter Zutaten. Diese werden nach alter italienischer Tradition perfekt miteinander vermischt und garantieren so ein hochwertiges Produkt, das ein einzigartiges Geschmackserlebnis bietet. Durch die Verbindung erlesener Zutaten entsteht der einzigartige Geschmack unserer hochwertigen Backwaren, die [&hellip;]<\/p>\n","protected":false},"author":1,"featured_media":0,"parent":7721,"menu_order":0,"comment_status":"closed","ping_status":"closed","template":"","meta":{"_acf_changed":false,"inline_featured_image":false,"footnotes":""},"class_list":["post-7924","page","type-page","status-publish","hentry"],"acf":[],"yoast_head":"<!-- This site is optimized with the Yoast SEO plugin v26.2 - https:\/\/yoast.com\/wordpress\/plugins\/seo\/ -->\n<title>Premium-Qualit\u00e4t | Matilde Vicenzi S.p.A.<\/title>\n<meta name=\"robots\" content=\"index, follow, max-snippet:-1, max-image-preview:large, max-video-preview:-1\" \/>\n<link rel=\"canonical\" href=\"https:\/\/www.matildevicenzi.com\/de\/unternehmensgruppe\/premium-qualitat\/\" \/>\n<meta property=\"og:locale\" content=\"en_US\" \/>\n<meta property=\"og:type\" content=\"article\" \/>\n<meta property=\"og:title\" content=\"Premium-Qualit\u00e4t | Matilde Vicenzi S.p.A.\" \/>\n<meta property=\"og:description\" content=\"Das Geheimnis der Herstellung der k\u00f6stlichen Matilde Vicenzi Backwaren liegt in der Verarbeitung hochwertiger, dank langj\u00e4hriger Partnerschaften mit bew\u00e4hrten Lieferanten ausgew\u00e4hlter Zutaten. Diese werden nach alter italienischer Tradition perfekt miteinander vermischt und garantieren so ein hochwertiges Produkt, das ein einzigartiges Geschmackserlebnis bietet. Durch die Verbindung erlesener Zutaten entsteht der einzigartige Geschmack unserer hochwertigen Backwaren, die [&hellip;]\" \/>\n<meta property=\"og:url\" content=\"https:\/\/www.matildevicenzi.com\/de\/unternehmensgruppe\/premium-qualitat\/\" \/>\n<meta property=\"og:site_name\" content=\"Matilde Vicenzi S.p.A.\" \/>\n<meta property=\"article:modified_time\" content=\"2024-06-19T08:42:12+00:00\" \/>\n<meta property=\"og:image\" content=\"http:\/\/www.matildevicenzi.com\/de\/wp-content\/uploads\/sites\/2\/2020\/12\/matilde-vicenzi-quality.jpg\" \/>\n<meta name=\"twitter:card\" content=\"summary_large_image\" \/>\n<meta name=\"twitter:label1\" content=\"Est. reading time\" \/>\n\t<meta name=\"twitter:data1\" content=\"2 minutes\" \/>\n<script type=\"application\/ld+json\" class=\"yoast-schema-graph\">{\"@context\":\"https:\/\/schema.org\",\"@graph\":[{\"@type\":\"WebPage\",\"@id\":\"https:\/\/www.matildevicenzi.com\/de\/unternehmensgruppe\/premium-qualitat\/\",\"url\":\"https:\/\/www.matildevicenzi.com\/de\/unternehmensgruppe\/premium-qualitat\/\",\"name\":\"Premium-Qualit\u00e4t | Matilde Vicenzi S.p.A.\",\"isPartOf\":{\"@id\":\"https:\/\/www.matildevicenzi.com\/de\/#website\"},\"primaryImageOfPage\":{\"@id\":\"https:\/\/www.matildevicenzi.com\/de\/unternehmensgruppe\/premium-qualitat\/#primaryimage\"},\"image\":{\"@id\":\"https:\/\/www.matildevicenzi.com\/de\/unternehmensgruppe\/premium-qualitat\/#primaryimage\"},\"thumbnailUrl\":\"http:\/\/www.matildevicenzi.com\/de\/wp-content\/uploads\/sites\/2\/2020\/12\/matilde-vicenzi-quality.jpg\",\"datePublished\":\"2020-12-01T14:57:10+00:00\",\"dateModified\":\"2024-06-19T08:42:12+00:00\",\"breadcrumb\":{\"@id\":\"https:\/\/www.matildevicenzi.com\/de\/unternehmensgruppe\/premium-qualitat\/#breadcrumb\"},\"inLanguage\":\"en-US\",\"potentialAction\":[{\"@type\":\"ReadAction\",\"target\":[\"https:\/\/www.matildevicenzi.com\/de\/unternehmensgruppe\/premium-qualitat\/\"]}]},{\"@type\":\"ImageObject\",\"inLanguage\":\"en-US\",\"@id\":\"https:\/\/www.matildevicenzi.com\/de\/unternehmensgruppe\/premium-qualitat\/#primaryimage\",\"url\":\"https:\/\/www.matildevicenzi.com\/de\/wp-content\/uploads\/sites\/2\/2020\/12\/matilde-vicenzi-quality.jpg\",\"contentUrl\":\"https:\/\/www.matildevicenzi.com\/de\/wp-content\/uploads\/sites\/2\/2020\/12\/matilde-vicenzi-quality.jpg\",\"width\":800,\"height\":800},{\"@type\":\"BreadcrumbList\",\"@id\":\"https:\/\/www.matildevicenzi.com\/de\/unternehmensgruppe\/premium-qualitat\/#breadcrumb\",\"itemListElement\":[{\"@type\":\"ListItem\",\"position\":1,\"name\":\"Home\",\"item\":\"https:\/\/www.matildevicenzi.com\/de\/\"},{\"@type\":\"ListItem\",\"position\":2,\"name\":\"Unternehmensgruppe\",\"item\":\"https:\/\/www.matildevicenzi.com\/de\/unternehmensgruppe\/\"},{\"@type\":\"ListItem\",\"position\":3,\"name\":\"Premium-Qualit\u00e4t\"}]},{\"@type\":\"WebSite\",\"@id\":\"https:\/\/www.matildevicenzi.com\/de\/#website\",\"url\":\"https:\/\/www.matildevicenzi.com\/de\/\",\"name\":\"Matilde Vicenzi S.p.A.\",\"description\":\"Italienisches Feingeb\u00e4ckseit 1905\",\"publisher\":{\"@id\":\"https:\/\/www.matildevicenzi.com\/de\/#organization\"},\"potentialAction\":[{\"@type\":\"SearchAction\",\"target\":{\"@type\":\"EntryPoint\",\"urlTemplate\":\"https:\/\/www.matildevicenzi.com\/de\/?s={search_term_string}\"},\"query-input\":{\"@type\":\"PropertyValueSpecification\",\"valueRequired\":true,\"valueName\":\"search_term_string\"}}],\"inLanguage\":\"en-US\"},{\"@type\":\"Organization\",\"@id\":\"https:\/\/www.matildevicenzi.com\/de\/#organization\",\"name\":\"Matilde Vicenzi S.p.A.\",\"url\":\"https:\/\/www.matildevicenzi.com\/de\/\",\"logo\":{\"@type\":\"ImageObject\",\"inLanguage\":\"en-US\",\"@id\":\"https:\/\/www.matildevicenzi.com\/de\/#\/schema\/logo\/image\/\",\"url\":\"https:\/\/www.matildevicenzi.com\/de\/wp-content\/uploads\/sites\/2\/2023\/06\/matilde_logo_new.png\",\"contentUrl\":\"https:\/\/www.matildevicenzi.com\/de\/wp-content\/uploads\/sites\/2\/2023\/06\/matilde_logo_new.png\",\"width\":606,\"height\":606,\"caption\":\"Matilde Vicenzi S.p.A.\"},\"image\":{\"@id\":\"https:\/\/www.matildevicenzi.com\/de\/#\/schema\/logo\/image\/\"}}]}<\/script>\n<!-- \/ Yoast SEO plugin. -->","yoast_head_json":{"title":"Premium-Qualit\u00e4t | Matilde Vicenzi S.p.A.","robots":{"index":"index","follow":"follow","max-snippet":"max-snippet:-1","max-image-preview":"max-image-preview:large","max-video-preview":"max-video-preview:-1"},"canonical":"https:\/\/www.matildevicenzi.com\/de\/unternehmensgruppe\/premium-qualitat\/","og_locale":"en_US","og_type":"article","og_title":"Premium-Qualit\u00e4t | Matilde Vicenzi S.p.A.","og_description":"Das Geheimnis der Herstellung der k\u00f6stlichen Matilde Vicenzi Backwaren liegt in der Verarbeitung hochwertiger, dank langj\u00e4hriger Partnerschaften mit bew\u00e4hrten Lieferanten ausgew\u00e4hlter Zutaten. Diese werden nach alter italienischer Tradition perfekt miteinander vermischt und garantieren so ein hochwertiges Produkt, das ein einzigartiges Geschmackserlebnis bietet. Durch die Verbindung erlesener Zutaten entsteht der einzigartige Geschmack unserer hochwertigen Backwaren, die [&hellip;]","og_url":"https:\/\/www.matildevicenzi.com\/de\/unternehmensgruppe\/premium-qualitat\/","og_site_name":"Matilde Vicenzi S.p.A.","article_modified_time":"2024-06-19T08:42:12+00:00","og_image":[{"url":"http:\/\/www.matildevicenzi.com\/de\/wp-content\/uploads\/sites\/2\/2020\/12\/matilde-vicenzi-quality.jpg","type":"","width":"","height":""}],"twitter_card":"summary_large_image","twitter_misc":{"Est. reading time":"2 minutes"},"schema":{"@context":"https:\/\/schema.org","@graph":[{"@type":"WebPage","@id":"https:\/\/www.matildevicenzi.com\/de\/unternehmensgruppe\/premium-qualitat\/","url":"https:\/\/www.matildevicenzi.com\/de\/unternehmensgruppe\/premium-qualitat\/","name":"Premium-Qualit\u00e4t | Matilde Vicenzi S.p.A.","isPartOf":{"@id":"https:\/\/www.matildevicenzi.com\/de\/#website"},"primaryImageOfPage":{"@id":"https:\/\/www.matildevicenzi.com\/de\/unternehmensgruppe\/premium-qualitat\/#primaryimage"},"image":{"@id":"https:\/\/www.matildevicenzi.com\/de\/unternehmensgruppe\/premium-qualitat\/#primaryimage"},"thumbnailUrl":"http:\/\/www.matildevicenzi.com\/de\/wp-content\/uploads\/sites\/2\/2020\/12\/matilde-vicenzi-quality.jpg","datePublished":"2020-12-01T14:57:10+00:00","dateModified":"2024-06-19T08:42:12+00:00","breadcrumb":{"@id":"https:\/\/www.matildevicenzi.com\/de\/unternehmensgruppe\/premium-qualitat\/#breadcrumb"},"inLanguage":"en-US","potentialAction":[{"@type":"ReadAction","target":["https:\/\/www.matildevicenzi.com\/de\/unternehmensgruppe\/premium-qualitat\/"]}]},{"@type":"ImageObject","inLanguage":"en-US","@id":"https:\/\/www.matildevicenzi.com\/de\/unternehmensgruppe\/premium-qualitat\/#primaryimage","url":"https:\/\/www.matildevicenzi.com\/de\/wp-content\/uploads\/sites\/2\/2020\/12\/matilde-vicenzi-quality.jpg","contentUrl":"https:\/\/www.matildevicenzi.com\/de\/wp-content\/uploads\/sites\/2\/2020\/12\/matilde-vicenzi-quality.jpg","width":800,"height":800},{"@type":"BreadcrumbList","@id":"https:\/\/www.matildevicenzi.com\/de\/unternehmensgruppe\/premium-qualitat\/#breadcrumb","itemListElement":[{"@type":"ListItem","position":1,"name":"Home","item":"https:\/\/www.matildevicenzi.com\/de\/"},{"@type":"ListItem","position":2,"name":"Unternehmensgruppe","item":"https:\/\/www.matildevicenzi.com\/de\/unternehmensgruppe\/"},{"@type":"ListItem","position":3,"name":"Premium-Qualit\u00e4t"}]},{"@type":"WebSite","@id":"https:\/\/www.matildevicenzi.com\/de\/#website","url":"https:\/\/www.matildevicenzi.com\/de\/","name":"Matilde Vicenzi S.p.A.","description":"Italienisches Feingeb\u00e4ckseit 1905","publisher":{"@id":"https:\/\/www.matildevicenzi.com\/de\/#organization"},"potentialAction":[{"@type":"SearchAction","target":{"@type":"EntryPoint","urlTemplate":"https:\/\/www.matildevicenzi.com\/de\/?s={search_term_string}"},"query-input":{"@type":"PropertyValueSpecification","valueRequired":true,"valueName":"search_term_string"}}],"inLanguage":"en-US"},{"@type":"Organization","@id":"https:\/\/www.matildevicenzi.com\/de\/#organization","name":"Matilde Vicenzi S.p.A.","url":"https:\/\/www.matildevicenzi.com\/de\/","logo":{"@type":"ImageObject","inLanguage":"en-US","@id":"https:\/\/www.matildevicenzi.com\/de\/#\/schema\/logo\/image\/","url":"https:\/\/www.matildevicenzi.com\/de\/wp-content\/uploads\/sites\/2\/2023\/06\/matilde_logo_new.png","contentUrl":"https:\/\/www.matildevicenzi.com\/de\/wp-content\/uploads\/sites\/2\/2023\/06\/matilde_logo_new.png","width":606,"height":606,"caption":"Matilde Vicenzi S.p.A."},"image":{"@id":"https:\/\/www.matildevicenzi.com\/de\/#\/schema\/logo\/image\/"}}]}},"_links":{"self":[{"href":"https:\/\/www.matildevicenzi.com\/de\/wp-json\/wp\/v2\/pages\/7924","targetHints":{"allow":["GET"]}}],"collection":[{"href":"https:\/\/www.matildevicenzi.com\/de\/wp-json\/wp\/v2\/pages"}],"about":[{"href":"https:\/\/www.matildevicenzi.com\/de\/wp-json\/wp\/v2\/types\/page"}],"author":[{"embeddable":true,"href":"https:\/\/www.matildevicenzi.com\/de\/wp-json\/wp\/v2\/users\/1"}],"replies":[{"embeddable":true,"href":"https:\/\/www.matildevicenzi.com\/de\/wp-json\/wp\/v2\/comments?post=7924"}],"version-history":[{"count":4,"href":"https:\/\/www.matildevicenzi.com\/de\/wp-json\/wp\/v2\/pages\/7924\/revisions"}],"predecessor-version":[{"id":9683,"href":"https:\/\/www.matildevicenzi.com\/de\/wp-json\/wp\/v2\/pages\/7924\/revisions\/9683"}],"up":[{"embeddable":true,"href":"https:\/\/www.matildevicenzi.com\/de\/wp-json\/wp\/v2\/pages\/7721"}],"wp:attachment":[{"href":"https:\/\/www.matildevicenzi.com\/de\/wp-json\/wp\/v2\/media?parent=7924"}],"curies":[{"name":"wp","href":"https:\/\/api.w.org\/{rel}","templated":true}]}}