{"id":8048,"date":"2020-12-11T10:26:16","date_gmt":"2020-12-11T10:26:16","guid":{"rendered":"http:\/\/matilde.kina.it\/?page_id=8048"},"modified":"2024-06-19T10:43:15","modified_gmt":"2024-06-19T08:43:15","slug":"nachhaltigkeit","status":"publish","type":"page","link":"https:\/\/www.matildevicenzi.com\/de\/unternehmensgruppe\/nachhaltigkeit-ethik-kodex\/","title":{"rendered":"Nachhaltigkeit"},"content":{"rendered":"<p><strong><em>Den Blick auf die Zukunft gerichtet, sind wir bereit zur Erforschung neuer \u201eWelten\u201c<\/em><\/strong><\/p>\n<p><em>Unser Blick ist auf die Zukunft gerichtet. Der nunmehr zum vierten Mal erscheinende Nachhaltigkeitsbericht von Vicenzi dokumentiert eine der komplexesten historischen Phasen der italienischen Wirtschaft seit der Nachkriegszeit, gekennzeichnet durch die Pandemie, die Schlie\u00dfung der Grenzen, den Krieg in der Ukraine, die Schwierigkeiten bei der Rohstoffbeschaffung und steigende Preise. Vicenzi war jedoch immer von der Notwendigkeit \u00fcberzeugt, auch mit Beharrlichkeit und Opferbereitschaft ein Signal f\u00fcr die wichtigen Themen zu setzen, die den Weg f\u00fcr die kommenden Jahrzehnte weisen werden. An erster Stelle stehen dabei die Nachhaltigkeit und der Umweltschutz.<\/em><\/p>\n<p><em>Im Mittelpunkt standen dabei schon immer die Ideen und Projekte, die ich an meine T\u00f6chter und Enkel weitergegeben habe. Denn wie ich bereits im ersten Nachhaltigkeitsbericht vor vier Jahren betonte, muss \u201ejeder Mensch oder jedes Unternehmen ein positives Zeugnis seines Engagements hinterlassen, als Richtpunkt f\u00fcr das Handeln im Interesse k\u00fcnftiger Generationen\u201c.<\/em><\/p>\n<p><em>Davon werden wir eines Tages voller Stolz erz\u00e4hlen k\u00f6nnen. Dabei geht es sowohl um das allgemeine Engagement als auch um die kleinen und gr\u00f6\u00dferen Fortschritte in neuen \u201eUniversen\u201c. Ein Schritt nach dem anderen zur Erkundung neuer Welten. So wie bei unserer Suche nach gemeinn\u00fctzigen und ethischen Projekten und Initiativen, durch die wir einen aktiven Beitrag zu dem derzeit stattfindenden Umbruch leisten k\u00f6nnen. &nbsp;Wir bringen das Samenkorn in die Erde, damit daraus die Frucht erw\u00e4chst. Sowohl in der Natur, denn wir empfinden Wertsch\u00e4tzung und Respekt f\u00fcr die Rohstoffe Materialien, die den Ausgangspunkt f\u00fcr unsere Arbeit bilden. Als auch in Bezug auf den Fortschritt, denn der Geist ist immer in Bewegung, auf der Suche nach einer neuen humanen \u00d6kologie, die den Menschen und der Umwelt eine nachhaltige Zukunft erm\u00f6glicht. Dies ist eine zukunftsweisende Vision, die die Bed\u00fcrfnisse der kommenden Generationen in den Mittelpunkt r\u00fcckt. Eine treibende Kraft, die uns in den kommenden Jahren voranbringen wird. Den Treibstoff daf\u00fcr liefern einmal mehr die Ideen und die Begeisterung, die die Geschichte unseres Unternehmens seit seiner Gr\u00fcndung gepr\u00e4gt haben.<\/em><\/p>\n<p><strong>Giuseppe Vicenzi<\/strong><\/p>\n<p><a href=\"https:\/\/www.matildevicenzi.com\/de\/sustainability-report-view\/\"><br \/>\n<img decoding=\"async\" width=\"723\" height=\"1024\" src=\"https:\/\/www.matildevicenzi.com\/de\/wp-content\/uploads\/sites\/2\/2023\/08\/Vicenzi-Sustainability-2022-723x1024.jpg\" alt=\"\" loading=\"lazy\" srcset=\"https:\/\/www.matildevicenzi.com\/de\/wp-content\/uploads\/sites\/2\/2023\/08\/Vicenzi-Sustainability-2022-723x1024.jpg 723w, https:\/\/www.matildevicenzi.com\/de\/wp-content\/uploads\/sites\/2\/2023\/08\/Vicenzi-Sustainability-2022-212x300.jpg 212w, https:\/\/www.matildevicenzi.com\/de\/wp-content\/uploads\/sites\/2\/2023\/08\/Vicenzi-Sustainability-2022-768x1087.jpg 768w, https:\/\/www.matildevicenzi.com\/de\/wp-content\/uploads\/sites\/2\/2023\/08\/Vicenzi-Sustainability-2022.jpg 1000w\" sizes=\"auto, (max-width: 723px) 100vw, 723px\">\t\t\t\t\t\t\t\t<\/a><\/p>\n<p style=\"text-align: center;\">Click the image to view PDF<\/p>\n<h2>Ethik-Kodex<\/h2>\n<p style=\"text-align: center;\">Die neueste Version unseres Ethik-Kodex finden Sie hier<\/p>\n<p>\t\t\t<a href=\"https:\/\/www.matildevicenzi.com\/de\/wp-content\/uploads\/sites\/2\/2024\/05\/Ethical_Code_Vicenzi-Group.pdf\" role=\"button\"><br \/>\nETHIK-KODEX HERUNTERLADEN<br \/>\n<\/a><\/p>\n","protected":false},"excerpt":{"rendered":"<p>Den Blick auf die Zukunft gerichtet, sind wir bereit zur Erforschung neuer \u201eWelten\u201c Unser Blick ist auf die Zukunft gerichtet. Der nunmehr zum vierten Mal erscheinende Nachhaltigkeitsbericht von Vicenzi dokumentiert eine der komplexesten historischen Phasen der italienischen Wirtschaft seit der Nachkriegszeit, gekennzeichnet durch die Pandemie, die Schlie\u00dfung der Grenzen, den Krieg in der Ukraine, die [&hellip;]<\/p>\n","protected":false},"author":1,"featured_media":0,"parent":7721,"menu_order":0,"comment_status":"closed","ping_status":"closed","template":"","meta":{"_acf_changed":false,"inline_featured_image":false,"footnotes":""},"class_list":["post-8048","page","type-page","status-publish","hentry"],"acf":[],"yoast_head":"<!-- This site is optimized with the Yoast SEO plugin v26.2 - https:\/\/yoast.com\/wordpress\/plugins\/seo\/ -->\n<title>Nachhaltigkeit | Matilde Vicenzi S.p.A.<\/title>\n<meta name=\"robots\" content=\"index, follow, max-snippet:-1, max-image-preview:large, max-video-preview:-1\" \/>\n<link rel=\"canonical\" href=\"https:\/\/www.matildevicenzi.com\/de\/unternehmensgruppe\/nachhaltigkeit-ethik-kodex\/\" \/>\n<meta property=\"og:locale\" content=\"en_US\" \/>\n<meta property=\"og:type\" content=\"article\" \/>\n<meta property=\"og:title\" content=\"Nachhaltigkeit | Matilde Vicenzi S.p.A.\" \/>\n<meta property=\"og:description\" content=\"Den Blick auf die Zukunft gerichtet, sind wir bereit zur Erforschung neuer \u201eWelten\u201c Unser Blick ist auf die Zukunft gerichtet. Der nunmehr zum vierten Mal erscheinende Nachhaltigkeitsbericht von Vicenzi dokumentiert eine der komplexesten historischen Phasen der italienischen Wirtschaft seit der Nachkriegszeit, gekennzeichnet durch die Pandemie, die Schlie\u00dfung der Grenzen, den Krieg in der Ukraine, die [&hellip;]\" \/>\n<meta property=\"og:url\" content=\"https:\/\/www.matildevicenzi.com\/de\/unternehmensgruppe\/nachhaltigkeit-ethik-kodex\/\" \/>\n<meta property=\"og:site_name\" content=\"Matilde Vicenzi S.p.A.\" \/>\n<meta property=\"article:modified_time\" content=\"2024-06-19T08:43:15+00:00\" \/>\n<meta property=\"og:image\" content=\"https:\/\/www.matildevicenzi.com\/de\/wp-content\/uploads\/sites\/2\/2023\/08\/Vicenzi-Sustainability-2022-723x1024.jpg\" \/>\n<meta name=\"twitter:card\" content=\"summary_large_image\" \/>\n<meta name=\"twitter:label1\" content=\"Est. reading time\" \/>\n\t<meta name=\"twitter:data1\" content=\"2 minutes\" \/>\n<script type=\"application\/ld+json\" class=\"yoast-schema-graph\">{\"@context\":\"https:\/\/schema.org\",\"@graph\":[{\"@type\":\"WebPage\",\"@id\":\"https:\/\/www.matildevicenzi.com\/de\/unternehmensgruppe\/nachhaltigkeit-ethik-kodex\/\",\"url\":\"https:\/\/www.matildevicenzi.com\/de\/unternehmensgruppe\/nachhaltigkeit-ethik-kodex\/\",\"name\":\"Nachhaltigkeit | Matilde Vicenzi S.p.A.\",\"isPartOf\":{\"@id\":\"https:\/\/www.matildevicenzi.com\/de\/#website\"},\"primaryImageOfPage\":{\"@id\":\"https:\/\/www.matildevicenzi.com\/de\/unternehmensgruppe\/nachhaltigkeit-ethik-kodex\/#primaryimage\"},\"image\":{\"@id\":\"https:\/\/www.matildevicenzi.com\/de\/unternehmensgruppe\/nachhaltigkeit-ethik-kodex\/#primaryimage\"},\"thumbnailUrl\":\"https:\/\/www.matildevicenzi.com\/de\/wp-content\/uploads\/sites\/2\/2023\/08\/Vicenzi-Sustainability-2022-723x1024.jpg\",\"datePublished\":\"2020-12-11T10:26:16+00:00\",\"dateModified\":\"2024-06-19T08:43:15+00:00\",\"breadcrumb\":{\"@id\":\"https:\/\/www.matildevicenzi.com\/de\/unternehmensgruppe\/nachhaltigkeit-ethik-kodex\/#breadcrumb\"},\"inLanguage\":\"en-US\",\"potentialAction\":[{\"@type\":\"ReadAction\",\"target\":[\"https:\/\/www.matildevicenzi.com\/de\/unternehmensgruppe\/nachhaltigkeit-ethik-kodex\/\"]}]},{\"@type\":\"ImageObject\",\"inLanguage\":\"en-US\",\"@id\":\"https:\/\/www.matildevicenzi.com\/de\/unternehmensgruppe\/nachhaltigkeit-ethik-kodex\/#primaryimage\",\"url\":\"https:\/\/www.matildevicenzi.com\/de\/wp-content\/uploads\/sites\/2\/2023\/08\/Vicenzi-Sustainability-2022.jpg\",\"contentUrl\":\"https:\/\/www.matildevicenzi.com\/de\/wp-content\/uploads\/sites\/2\/2023\/08\/Vicenzi-Sustainability-2022.jpg\",\"width\":1000,\"height\":1416},{\"@type\":\"BreadcrumbList\",\"@id\":\"https:\/\/www.matildevicenzi.com\/de\/unternehmensgruppe\/nachhaltigkeit-ethik-kodex\/#breadcrumb\",\"itemListElement\":[{\"@type\":\"ListItem\",\"position\":1,\"name\":\"Home\",\"item\":\"https:\/\/www.matildevicenzi.com\/de\/\"},{\"@type\":\"ListItem\",\"position\":2,\"name\":\"Unternehmensgruppe\",\"item\":\"https:\/\/www.matildevicenzi.com\/de\/unternehmensgruppe\/\"},{\"@type\":\"ListItem\",\"position\":3,\"name\":\"Nachhaltigkeit\"}]},{\"@type\":\"WebSite\",\"@id\":\"https:\/\/www.matildevicenzi.com\/de\/#website\",\"url\":\"https:\/\/www.matildevicenzi.com\/de\/\",\"name\":\"Matilde Vicenzi S.p.A.\",\"description\":\"Italienisches Feingeb\u00e4ckseit 1905\",\"publisher\":{\"@id\":\"https:\/\/www.matildevicenzi.com\/de\/#organization\"},\"potentialAction\":[{\"@type\":\"SearchAction\",\"target\":{\"@type\":\"EntryPoint\",\"urlTemplate\":\"https:\/\/www.matildevicenzi.com\/de\/?s={search_term_string}\"},\"query-input\":{\"@type\":\"PropertyValueSpecification\",\"valueRequired\":true,\"valueName\":\"search_term_string\"}}],\"inLanguage\":\"en-US\"},{\"@type\":\"Organization\",\"@id\":\"https:\/\/www.matildevicenzi.com\/de\/#organization\",\"name\":\"Matilde Vicenzi S.p.A.\",\"url\":\"https:\/\/www.matildevicenzi.com\/de\/\",\"logo\":{\"@type\":\"ImageObject\",\"inLanguage\":\"en-US\",\"@id\":\"https:\/\/www.matildevicenzi.com\/de\/#\/schema\/logo\/image\/\",\"url\":\"https:\/\/www.matildevicenzi.com\/de\/wp-content\/uploads\/sites\/2\/2023\/06\/matilde_logo_new.png\",\"contentUrl\":\"https:\/\/www.matildevicenzi.com\/de\/wp-content\/uploads\/sites\/2\/2023\/06\/matilde_logo_new.png\",\"width\":606,\"height\":606,\"caption\":\"Matilde Vicenzi S.p.A.\"},\"image\":{\"@id\":\"https:\/\/www.matildevicenzi.com\/de\/#\/schema\/logo\/image\/\"}}]}<\/script>\n<!-- \/ Yoast SEO plugin. -->","yoast_head_json":{"title":"Nachhaltigkeit | Matilde Vicenzi S.p.A.","robots":{"index":"index","follow":"follow","max-snippet":"max-snippet:-1","max-image-preview":"max-image-preview:large","max-video-preview":"max-video-preview:-1"},"canonical":"https:\/\/www.matildevicenzi.com\/de\/unternehmensgruppe\/nachhaltigkeit-ethik-kodex\/","og_locale":"en_US","og_type":"article","og_title":"Nachhaltigkeit | Matilde Vicenzi S.p.A.","og_description":"Den Blick auf die Zukunft gerichtet, sind wir bereit zur Erforschung neuer \u201eWelten\u201c Unser Blick ist auf die Zukunft gerichtet. Der nunmehr zum vierten Mal erscheinende Nachhaltigkeitsbericht von Vicenzi dokumentiert eine der komplexesten historischen Phasen der italienischen Wirtschaft seit der Nachkriegszeit, gekennzeichnet durch die Pandemie, die Schlie\u00dfung der Grenzen, den Krieg in der Ukraine, die [&hellip;]","og_url":"https:\/\/www.matildevicenzi.com\/de\/unternehmensgruppe\/nachhaltigkeit-ethik-kodex\/","og_site_name":"Matilde Vicenzi S.p.A.","article_modified_time":"2024-06-19T08:43:15+00:00","og_image":[{"url":"https:\/\/www.matildevicenzi.com\/de\/wp-content\/uploads\/sites\/2\/2023\/08\/Vicenzi-Sustainability-2022-723x1024.jpg","type":"","width":"","height":""}],"twitter_card":"summary_large_image","twitter_misc":{"Est. reading time":"2 minutes"},"schema":{"@context":"https:\/\/schema.org","@graph":[{"@type":"WebPage","@id":"https:\/\/www.matildevicenzi.com\/de\/unternehmensgruppe\/nachhaltigkeit-ethik-kodex\/","url":"https:\/\/www.matildevicenzi.com\/de\/unternehmensgruppe\/nachhaltigkeit-ethik-kodex\/","name":"Nachhaltigkeit | Matilde Vicenzi S.p.A.","isPartOf":{"@id":"https:\/\/www.matildevicenzi.com\/de\/#website"},"primaryImageOfPage":{"@id":"https:\/\/www.matildevicenzi.com\/de\/unternehmensgruppe\/nachhaltigkeit-ethik-kodex\/#primaryimage"},"image":{"@id":"https:\/\/www.matildevicenzi.com\/de\/unternehmensgruppe\/nachhaltigkeit-ethik-kodex\/#primaryimage"},"thumbnailUrl":"https:\/\/www.matildevicenzi.com\/de\/wp-content\/uploads\/sites\/2\/2023\/08\/Vicenzi-Sustainability-2022-723x1024.jpg","datePublished":"2020-12-11T10:26:16+00:00","dateModified":"2024-06-19T08:43:15+00:00","breadcrumb":{"@id":"https:\/\/www.matildevicenzi.com\/de\/unternehmensgruppe\/nachhaltigkeit-ethik-kodex\/#breadcrumb"},"inLanguage":"en-US","potentialAction":[{"@type":"ReadAction","target":["https:\/\/www.matildevicenzi.com\/de\/unternehmensgruppe\/nachhaltigkeit-ethik-kodex\/"]}]},{"@type":"ImageObject","inLanguage":"en-US","@id":"https:\/\/www.matildevicenzi.com\/de\/unternehmensgruppe\/nachhaltigkeit-ethik-kodex\/#primaryimage","url":"https:\/\/www.matildevicenzi.com\/de\/wp-content\/uploads\/sites\/2\/2023\/08\/Vicenzi-Sustainability-2022.jpg","contentUrl":"https:\/\/www.matildevicenzi.com\/de\/wp-content\/uploads\/sites\/2\/2023\/08\/Vicenzi-Sustainability-2022.jpg","width":1000,"height":1416},{"@type":"BreadcrumbList","@id":"https:\/\/www.matildevicenzi.com\/de\/unternehmensgruppe\/nachhaltigkeit-ethik-kodex\/#breadcrumb","itemListElement":[{"@type":"ListItem","position":1,"name":"Home","item":"https:\/\/www.matildevicenzi.com\/de\/"},{"@type":"ListItem","position":2,"name":"Unternehmensgruppe","item":"https:\/\/www.matildevicenzi.com\/de\/unternehmensgruppe\/"},{"@type":"ListItem","position":3,"name":"Nachhaltigkeit"}]},{"@type":"WebSite","@id":"https:\/\/www.matildevicenzi.com\/de\/#website","url":"https:\/\/www.matildevicenzi.com\/de\/","name":"Matilde Vicenzi S.p.A.","description":"Italienisches Feingeb\u00e4ckseit 1905","publisher":{"@id":"https:\/\/www.matildevicenzi.com\/de\/#organization"},"potentialAction":[{"@type":"SearchAction","target":{"@type":"EntryPoint","urlTemplate":"https:\/\/www.matildevicenzi.com\/de\/?s={search_term_string}"},"query-input":{"@type":"PropertyValueSpecification","valueRequired":true,"valueName":"search_term_string"}}],"inLanguage":"en-US"},{"@type":"Organization","@id":"https:\/\/www.matildevicenzi.com\/de\/#organization","name":"Matilde Vicenzi S.p.A.","url":"https:\/\/www.matildevicenzi.com\/de\/","logo":{"@type":"ImageObject","inLanguage":"en-US","@id":"https:\/\/www.matildevicenzi.com\/de\/#\/schema\/logo\/image\/","url":"https:\/\/www.matildevicenzi.com\/de\/wp-content\/uploads\/sites\/2\/2023\/06\/matilde_logo_new.png","contentUrl":"https:\/\/www.matildevicenzi.com\/de\/wp-content\/uploads\/sites\/2\/2023\/06\/matilde_logo_new.png","width":606,"height":606,"caption":"Matilde Vicenzi S.p.A."},"image":{"@id":"https:\/\/www.matildevicenzi.com\/de\/#\/schema\/logo\/image\/"}}]}},"_links":{"self":[{"href":"https:\/\/www.matildevicenzi.com\/de\/wp-json\/wp\/v2\/pages\/8048","targetHints":{"allow":["GET"]}}],"collection":[{"href":"https:\/\/www.matildevicenzi.com\/de\/wp-json\/wp\/v2\/pages"}],"about":[{"href":"https:\/\/www.matildevicenzi.com\/de\/wp-json\/wp\/v2\/types\/page"}],"author":[{"embeddable":true,"href":"https:\/\/www.matildevicenzi.com\/de\/wp-json\/wp\/v2\/users\/1"}],"replies":[{"embeddable":true,"href":"https:\/\/www.matildevicenzi.com\/de\/wp-json\/wp\/v2\/comments?post=8048"}],"version-history":[{"count":17,"href":"https:\/\/www.matildevicenzi.com\/de\/wp-json\/wp\/v2\/pages\/8048\/revisions"}],"predecessor-version":[{"id":41264,"href":"https:\/\/www.matildevicenzi.com\/de\/wp-json\/wp\/v2\/pages\/8048\/revisions\/41264"}],"up":[{"embeddable":true,"href":"https:\/\/www.matildevicenzi.com\/de\/wp-json\/wp\/v2\/pages\/7721"}],"wp:attachment":[{"href":"https:\/\/www.matildevicenzi.com\/de\/wp-json\/wp\/v2\/media?parent=8048"}],"curies":[{"name":"wp","href":"https:\/\/api.w.org\/{rel}","templated":true}]}}