{"id":6142,"date":"2020-10-26T13:23:31","date_gmt":"2020-10-26T13:23:31","guid":{"rendered":"http:\/\/matilde.kina.it\/?page_id=6142"},"modified":"2023-12-21T12:04:55","modified_gmt":"2023-12-21T12:04:55","slug":"professionals","status":"publish","type":"page","link":"https:\/\/www.matildevicenzi.com\/es\/profesionales\/","title":{"rendered":"Profesionales"},"content":{"rendered":"<h1>Profesionales<\/h1>\n<h2>Matilde en el mundo<\/h2>\n<p>Con m\u00e1s de un siglo de historia, Vicenzi Group se distingue como l\u00edder en la producci\u00f3n de <strong>surtidos de pasteles, incluidos los de hojaldre, galletas rellenas, bases de tarta, productos de bienvenida y monodosis<\/strong>.<\/p>\n<p><strong>Combinando innovaci\u00f3n y tradici\u00f3n, la empresa familiar<\/strong> ha sabido exportar el legado de la pasteler\u00eda italiana a m\u00e1s de 110 pa\u00edses.<\/p>\n<p>Uno de los recursos principales de la empresa es la <strong>diversificaci\u00f3n estrat\u00e9gica de la distribuci\u00f3n<\/strong>.<\/p>\n<p>Vicenzi se ha posicionado en los siguientes canales:<\/p>\n<ul>\n<li>cadenas de supermercados<\/li>\n<li>tiendas gastron\u00f3micas gourmet<\/li>\n<li>vending y Ho.re.ca.<\/li>\n<li>bares<\/li>\n<li>aeropuertos y estaciones ferroviarias<\/li>\n<li>estaciones de servicio<\/li>\n<\/ul>\n<p>La estandarizaci\u00f3n de los procesos de producci\u00f3n, con el uso de sistemas automatizados, asegura un alto est\u00e1ndar de calidad en cada una de las fases.<\/p>\n<p>\t\t\t\t\t\t\t\t\t\t\t\t<img decoding=\"async\" width=\"1280\" height=\"718\" src=\"https:\/\/www.matildevicenzi.com\/es\/wp-content\/uploads\/sites\/17\/2023\/10\/tabella-es-1280x718.jpg\" alt=\"\" loading=\"lazy\" srcset=\"https:\/\/www.matildevicenzi.com\/es\/wp-content\/uploads\/sites\/17\/2023\/10\/tabella-es-1280x718.jpg 1280w, https:\/\/www.matildevicenzi.com\/es\/wp-content\/uploads\/sites\/17\/2023\/10\/tabella-es-640x359.jpg 640w, https:\/\/www.matildevicenzi.com\/es\/wp-content\/uploads\/sites\/17\/2023\/10\/tabella-es-768x431.jpg 768w, https:\/\/www.matildevicenzi.com\/es\/wp-content\/uploads\/sites\/17\/2023\/10\/tabella-es.jpg 1307w\" sizes=\"auto, (max-width: 1280px) 100vw, 1280px\" \/>\t\t\t\t\t\t\t\t\t\t\t\t\t\t<\/p>\n<h2>Principales clientes internacionales<\/h2>\n<p><strong>Con sus 3 instalaciones certificadas a nivel internacional<\/strong>,\u00a0la empresa logra respaldar los procesos de venta y atender a todo tipo de clientes de todo el mundo mediante un\u00a0<strong>departamento de exportaci\u00f3n<\/strong> bien estructurado:<\/p>\n<ul>\n<li>Atenci\u00f3n al cliente (Europa y mercado mundial)<\/li>\n<li>Departamento de Marketing<\/li>\n<li>Log\u00edstica y cadena de suministro<\/li>\n<li>Una extensa red de directores de \u00e1rea regionales en todos los territorios<\/li>\n<li>Una sucursal en Estados Unidos:\u00a0 Vicenzi USA, ubicada en Miami<\/li>\n<\/ul>\n<p>Gracias a su s\u00f3lida organizaci\u00f3n, Vicenzi Group ha sido elegida por las cadenas m\u00e1s importantes de todo el mundo: <strong>COSTCO, WALMART-SAM\u2019S, PRICESMART, LOBLAWS, CENCOSUD, CARREFOUR, METRO, LULU and so on.<\/strong><\/p>\n<p><strong>\u00a0<\/strong><\/p>\n<p>https:\/\/www.matildevicenzi.com\/wp-content\/uploads\/video\/matilde-vicenzi-2023-practices.mp4<br \/>\n\t\t\t\t\t\t\t\t\t\t\t\t<img decoding=\"async\" width=\"1280\" height=\"711\" src=\"https:\/\/www.matildevicenzi.com\/es\/wp-content\/uploads\/sites\/17\/2023\/09\/mappa_clienti-1280x711.jpg\" alt=\"\" loading=\"lazy\" srcset=\"https:\/\/www.matildevicenzi.com\/es\/wp-content\/uploads\/sites\/17\/2023\/09\/mappa_clienti-1280x711.jpg 1280w, https:\/\/www.matildevicenzi.com\/es\/wp-content\/uploads\/sites\/17\/2023\/09\/mappa_clienti-640x355.jpg 640w, https:\/\/www.matildevicenzi.com\/es\/wp-content\/uploads\/sites\/17\/2023\/09\/mappa_clienti-768x427.jpg 768w, https:\/\/www.matildevicenzi.com\/es\/wp-content\/uploads\/sites\/17\/2023\/09\/mappa_clienti-1536x853.jpg 1536w, https:\/\/www.matildevicenzi.com\/es\/wp-content\/uploads\/sites\/17\/2023\/09\/mappa_clienti-2048x1138.jpg 2048w\" sizes=\"auto, (max-width: 1280px) 100vw, 1280px\" \/>\t\t\t\t\t\t\t\t\t\t\t\t\t\t<\/p>\n<h2>Servicios para clientes profesionales<\/h2>\n<figure><a href=\"https:\/\/www.matildevicenzi.com\/es\/products\/\"><img decoding=\"async\" width=\"640\" height=\"640\" src=\"https:\/\/www.matildevicenzi.com\/es\/wp-content\/uploads\/sites\/17\/2020\/12\/1960-matilde-vicenzi-amaretto-production-640x640.jpg\" alt=\"\" loading=\"lazy\" \/><\/a><\/figure>\n<h3><a href=\"https:\/\/www.matildevicenzi.com\/es\/products\/\">Productos profesionales<\/a><\/h3>\n<figure><img decoding=\"async\" width=\"600\" height=\"600\" src=\"https:\/\/www.matildevicenzi.com\/es\/wp-content\/uploads\/sites\/17\/2020\/10\/fair-and-events.jpg\" alt=\"\" loading=\"lazy\" \/><\/figure>\n<h3>Ferias y eventos<\/h3>\n<figure><a href=\"https:\/\/www.matildevicenzi.com\/es\/group\/certifications\/\"><img decoding=\"async\" width=\"600\" height=\"600\" src=\"https:\/\/www.matildevicenzi.com\/es\/wp-content\/uploads\/sites\/17\/2020\/12\/certifications-01.jpg\" alt=\"\" loading=\"lazy\" \/><\/a><\/figure>\n<h3><a href=\"https:\/\/www.matildevicenzi.com\/es\/group\/certifications\/\">Certificaciones<\/a><\/h3>\n<h2>Materias primas<\/h2>\n<p style=\"text-align: center;\">La selecci\u00f3n de nuestros ingredientes se basa en varios factores: el respeto por las recetas tradicionales, el deseo de mejorar constantemente el perfil nutricional de los productos y de seguir las nuevas tendencias de los mercados internacionales, siempre orientados a la sostenibilidad medioambiental, as\u00ed como la atenci\u00f3n en la procedencia de los ingredientes.Las principales materias primas utilizadas en los productos Vicenzi son <strong>huevos, mantequilla, harina, az\u00facar, aceites vegetales y cacao:<\/strong><\/p>\n<p style=\"text-align: center;\"><strong>\u00a0<\/strong><\/p>\n<ul style=\"list-style-type: none;\">\n<li style=\"text-align: left;\"><strong>Huevos de primera calidad<\/strong>procedentes de proveedores con larga trayectoria de colaboraci\u00f3n con el Grupo<\/li>\n<li style=\"text-align: left;\"> <strong>Mantequilla fresca<\/strong><\/li>\n<li style=\"text-align: left;\"> <strong>Harina de trigo<\/strong> , el ingrediente m\u00e1s utilizado, fundamental en la producci\u00f3n de pasteles y bocaditos. El tipo de harina y su grado de refinamiento cambian seg\u00fan el tipo de producto para elaborar.<\/li>\n<li style=\"text-align: left;\">El Grupo se decanta cada vez m\u00e1s por el uso de la <strong>harina integral<\/strong>, que aporta un mayor contenido de fibras.<\/li>\n<\/ul>\n<ul style=\"list-style-type: none;\">\n<li style=\"text-align: left;\">Por lo que ata\u00f1e el <strong>az\u00facar<\/strong>, la intenci\u00f3n de Vicenzi es avanzar cada vez m\u00e1s hacia el uso de ingredientes procedentes de la cadena de suministro italiana certificada, cubriendo casi el 30% de la demanda total para 2022, destin\u00e1ndolo principalmente a la producci\u00f3n de la marca.<\/li>\n<li style=\"text-align: left;\">Los productos con <strong>aceite de palma certificado por RSPO<\/strong> conforme con los Sistemas de Certificaci\u00f3n para la Cadena de Suministro RSPO (Mesa redonda sobre el Aceite de Palma Sostenible, por sus siglas en ingl\u00e9s), tiene por objetivo desarrollar y aplicar una normativa mundial para la <em>producci\u00f3n sostenible de aceite de palma.<\/em><\/li>\n<li style=\"text-align: left;\"><strong>Cacao sostenible<\/strong>, cuyo objetivo es garantizar que la producci\u00f3n primaria se lleve a cabo correctamente y sin inconvenientes para el personal y la poblaci\u00f3n local.<\/li>\n<\/ul>\n<p style=\"text-align: center;\">Adem\u00e1s de los ingredientes \u201cb\u00e1sicos\u201d, Vicenzi tambi\u00e9n utiliza otros de alta calidad, como:<\/p>\n<ul style=\"list-style-type: none;\">\n<li style=\"text-align: left;\"><strong>Almendras<\/strong> sicilianas<\/li>\n<li style=\"text-align: left;\"><strong>Semillas de albaricoque <\/strong> seleccionadas<\/li>\n<\/ul>\n<ul style=\"list-style-type: none;\">\n<li style=\"text-align: left;\"> <strong>Avellanas y pasta de avellanas<\/strong>, ingredientes en algunas versiones de los pasteles de hojaldre Bocconcini y Millefoglie, as\u00ed como en el surtido de pasteles Minivoglie.<\/li>\n<\/ul>\n<h2>T\u00e9rminos y condiciones comerciales<\/h2>\n<p><strong>MOQ\u00a0<\/strong>(Cantidad m\u00ednima de pedido, por sus siglas en ingl\u00e9s):<strong>\u00a02 palets<br \/><\/strong>Algunos productos NO EST\u00c1N EN STOCK \u2013 SOLO SE PRODUCEN BAJO PEDIDO.<\/p>\n<p><strong>PALETIZACI\u00d3N: est\u00e1ndar 80\u00d7120 (palet europeo).<br \/><\/strong>*La empresa puede trabajar con diferentes tipos de palets.<\/p>\n<p><strong>PLAZO DE EJECUCI\u00d3N <\/strong>(tiempo necesario para la preparaci\u00f3n del pedido a partir de la confirmaci\u00f3n de la factura proforma):\u00a0<strong>20 d\u00edas h\u00e1biles.<\/strong><\/p>\n<p><strong>CONDICIONES DE PAGO:<\/strong>\u00a0Pagos con carta de cr\u00e9dito (L\/C) o transferencia bancaria (T\/T)<\/p>\n<p>Las <strong>CONDICIONES DE ENTREGA<\/strong>\u00a0deben tratarse con el representante de ventas.<\/p>\n<h2>Categor\u00edas m\u00e1s vendidas<\/h2>\n<figure><img decoding=\"async\" width=\"600\" height=\"600\" src=\"https:\/\/www.matildevicenzi.com\/es\/wp-content\/uploads\/sites\/17\/2020\/10\/matildes-tins.png\" alt=\"\" loading=\"lazy\" \/><\/figure>\n<h3>Matilde's Tins<\/h3>\n<figure><img decoding=\"async\" width=\"600\" height=\"600\" src=\"https:\/\/www.matildevicenzi.com\/es\/wp-content\/uploads\/sites\/17\/2020\/10\/catering.png\" alt=\"\" loading=\"lazy\" \/><\/figure>\n<h3>Ho.Re.Ca & Food Service<\/h3>\n<h3>Suscr\u00edbete a nuestro bolet\u00edn informativo profesional<\/h3>\n<form id=\"personale-form\" action=\"\" method=\"POST\">\n        <input name=\"token\" type=\"hidden\" value=\"eyJhbGciOiJIUzI1NiIsInR5cCI6IkpXVCJ9.eyJodHRwOi8vc2NoZW1hcy54bWxzb2FwLm9yZy93cy8yMDA1LzA1L2lkZW50aXR5L2NsYWltcy9uYW1lIjoia2luYSIsInN1YiI6ImtpbmEiLCJqdGkiOiIxZDhkMDdkMS0wMTQ5LTRhODYtOGQxNS04YTNkOTMwYzI5MzciLCJpYXQiOjEzMzQ3NjMzODk0Nzc3MDY5MSwibmJmIjoxNzAzMTYwMjk0LCJleHAiOjE3MDMxNjIwOTQsImlzcyI6IlZpY2VuemlNaW5pQ3JtIiwiYXVkIjoiVmljZW56aU1pbmlDcm1BcGkifQ.IWQxQ5lq2pAwlKKSdjSmb_iBUSge8EWap98JjUJ-ZoQ\" \/><br \/>\n                <input name=\"typecon\" type=\"hidden\" value=\"b2b\" \/><br \/>\n                    <input type=\"text\" name=\"surname\" placeholder=\"Nombre de la empresa *\" maxlength=\"50\" required><br \/>\n            <input type=\"text\" name=\"notes_field1\" placeholder=\"N\u00famero de IVA: xxxxxxxxxxx *\" maxlength=\"50\" required><br \/>\n                    <input type=\"text\" name=\"email\" placeholder=\"Direcci\u00f3n de correo electr\u00f3nico *\" maxlength=\"100\" id=\"emailb2c\" required><br \/>\n                <a href=\"\/privacy-policy\" target=\"_blank\" style=\"margon-top:30px;color:#541900\" rel=\"noopener\">He le\u00eddo la Pol\u00edtica de Privacidad y<\/a>:   <br \/>\n                <input type=\"checkbox\" name=\"privacy1\" value=\"true\" style=\"margin-right:20px;margin-top:10px\" required> autorizo el env\u00edo de comunicaciones sobre sus productos e iniciativas, incluidos boletines informativos.<br \/>\n            <input type=\"submit\" name=\"submit\" value=\"Suscripci\u00f3n\" style=\"font-size:14px;margin:0 auto;margin-top:20px\" id=\"submitButton\"><br \/>\n    <\/form>\n","protected":false},"excerpt":{"rendered":"<p>Profesionales Matilde en el mundo Con m\u00e1s de un siglo de historia, Vicenzi Group se distingue como l\u00edder en la producci\u00f3n de surtidos de pasteles, incluidos los de hojaldre, galletas rellenas, bases de tarta, productos de bienvenida y monodosis. Combinando innovaci\u00f3n y tradici\u00f3n, la empresa familiar ha sabido exportar el legado de la pasteler\u00eda italiana [&hellip;]<\/p>\n","protected":false},"author":1,"featured_media":0,"parent":0,"menu_order":0,"comment_status":"closed","ping_status":"closed","template":"","meta":{"_acf_changed":false,"inline_featured_image":false,"footnotes":""},"class_list":["post-6142","page","type-page","status-publish","hentry"],"acf":[],"yoast_head":"<!-- This site is optimized with the Yoast SEO plugin v26.2 - https:\/\/yoast.com\/wordpress\/plugins\/seo\/ -->\n<title>Matilde Vicenzi for Profesionales - Matilde Vicenzi S.p.A.<\/title>\n<meta name=\"description\" content=\"Vicenzi Group stands out as a premium manufacturer of puff pastries, assorted pastries, filled cookies, cake bases, courtesy products and single dose.\" \/>\n<meta name=\"robots\" content=\"index, follow, max-snippet:-1, max-image-preview:large, max-video-preview:-1\" \/>\n<link rel=\"canonical\" href=\"https:\/\/www.matildevicenzi.com\/es\/profesionales\/\" \/>\n<meta property=\"og:locale\" content=\"es_ES\" \/>\n<meta property=\"og:type\" content=\"article\" \/>\n<meta property=\"og:title\" content=\"Matilde Vicenzi for Profesionales - Matilde Vicenzi S.p.A.\" \/>\n<meta property=\"og:description\" content=\"Vicenzi Group stands out as a premium manufacturer of puff pastries, assorted pastries, filled cookies, cake bases, courtesy products and single dose.\" \/>\n<meta property=\"og:url\" content=\"https:\/\/www.matildevicenzi.com\/es\/profesionales\/\" \/>\n<meta property=\"og:site_name\" content=\"Matilde Vicenzi S.p.A.\" \/>\n<meta property=\"article:modified_time\" content=\"2023-12-21T12:04:55+00:00\" \/>\n<meta property=\"og:image\" content=\"https:\/\/www.matildevicenzi.com\/es\/wp-content\/uploads\/sites\/17\/2023\/10\/tabella-es-1280x718.jpg\" \/>\n<meta name=\"twitter:card\" content=\"summary_large_image\" \/>\n<meta name=\"twitter:label1\" content=\"Tiempo de lectura\" \/>\n\t<meta name=\"twitter:data1\" content=\"5 minutos\" \/>\n<script type=\"application\/ld+json\" class=\"yoast-schema-graph\">{\"@context\":\"https:\/\/schema.org\",\"@graph\":[{\"@type\":\"WebPage\",\"@id\":\"https:\/\/www.matildevicenzi.com\/es\/profesionales\/\",\"url\":\"https:\/\/www.matildevicenzi.com\/es\/profesionales\/\",\"name\":\"Matilde Vicenzi for Profesionales - Matilde Vicenzi S.p.A.\",\"isPartOf\":{\"@id\":\"https:\/\/www.matildevicenzi.com\/es\/#website\"},\"primaryImageOfPage\":{\"@id\":\"https:\/\/www.matildevicenzi.com\/es\/profesionales\/#primaryimage\"},\"image\":{\"@id\":\"https:\/\/www.matildevicenzi.com\/es\/profesionales\/#primaryimage\"},\"thumbnailUrl\":\"https:\/\/www.matildevicenzi.com\/es\/wp-content\/uploads\/sites\/17\/2023\/10\/tabella-es-1280x718.jpg\",\"datePublished\":\"2020-10-26T13:23:31+00:00\",\"dateModified\":\"2023-12-21T12:04:55+00:00\",\"description\":\"Vicenzi Group stands out as a premium manufacturer of puff pastries, assorted pastries, filled cookies, cake bases, courtesy products and single dose.\",\"breadcrumb\":{\"@id\":\"https:\/\/www.matildevicenzi.com\/es\/profesionales\/#breadcrumb\"},\"inLanguage\":\"es\",\"potentialAction\":[{\"@type\":\"ReadAction\",\"target\":[\"https:\/\/www.matildevicenzi.com\/es\/profesionales\/\"]}]},{\"@type\":\"ImageObject\",\"inLanguage\":\"es\",\"@id\":\"https:\/\/www.matildevicenzi.com\/es\/profesionales\/#primaryimage\",\"url\":\"https:\/\/www.matildevicenzi.com\/es\/wp-content\/uploads\/sites\/17\/2023\/10\/tabella-es.jpg\",\"contentUrl\":\"https:\/\/www.matildevicenzi.com\/es\/wp-content\/uploads\/sites\/17\/2023\/10\/tabella-es.jpg\",\"width\":1307,\"height\":733},{\"@type\":\"BreadcrumbList\",\"@id\":\"https:\/\/www.matildevicenzi.com\/es\/profesionales\/#breadcrumb\",\"itemListElement\":[{\"@type\":\"ListItem\",\"position\":1,\"name\":\"Home\",\"item\":\"https:\/\/www.matildevicenzi.com\/es\/\"},{\"@type\":\"ListItem\",\"position\":2,\"name\":\"Profesionales\"}]},{\"@type\":\"WebSite\",\"@id\":\"https:\/\/www.matildevicenzi.com\/es\/#website\",\"url\":\"https:\/\/www.matildevicenzi.com\/es\/\",\"name\":\"Matilde Vicenzi S.p.A.\",\"description\":\"Pasteler\u00eda fina italiana desde 1905\",\"publisher\":{\"@id\":\"https:\/\/www.matildevicenzi.com\/es\/#organization\"},\"potentialAction\":[{\"@type\":\"SearchAction\",\"target\":{\"@type\":\"EntryPoint\",\"urlTemplate\":\"https:\/\/www.matildevicenzi.com\/es\/?s={search_term_string}\"},\"query-input\":{\"@type\":\"PropertyValueSpecification\",\"valueRequired\":true,\"valueName\":\"search_term_string\"}}],\"inLanguage\":\"es\"},{\"@type\":\"Organization\",\"@id\":\"https:\/\/www.matildevicenzi.com\/es\/#organization\",\"name\":\"Matilde Vicenzi S.p.A.\",\"url\":\"https:\/\/www.matildevicenzi.com\/es\/\",\"logo\":{\"@type\":\"ImageObject\",\"inLanguage\":\"es\",\"@id\":\"https:\/\/www.matildevicenzi.com\/es\/#\/schema\/logo\/image\/\",\"url\":\"https:\/\/www.matildevicenzi.com\/es\/wp-content\/uploads\/sites\/17\/2023\/06\/matilde_logo_new.png\",\"contentUrl\":\"https:\/\/www.matildevicenzi.com\/es\/wp-content\/uploads\/sites\/17\/2023\/06\/matilde_logo_new.png\",\"width\":606,\"height\":606,\"caption\":\"Matilde Vicenzi S.p.A.\"},\"image\":{\"@id\":\"https:\/\/www.matildevicenzi.com\/es\/#\/schema\/logo\/image\/\"}}]}<\/script>\n<!-- \/ Yoast SEO plugin. -->","yoast_head_json":{"title":"Matilde Vicenzi for Profesionales - Matilde Vicenzi S.p.A.","description":"Vicenzi Group stands out as a premium manufacturer of puff pastries, assorted pastries, filled cookies, cake bases, courtesy products and single dose.","robots":{"index":"index","follow":"follow","max-snippet":"max-snippet:-1","max-image-preview":"max-image-preview:large","max-video-preview":"max-video-preview:-1"},"canonical":"https:\/\/www.matildevicenzi.com\/es\/profesionales\/","og_locale":"es_ES","og_type":"article","og_title":"Matilde Vicenzi for Profesionales - Matilde Vicenzi S.p.A.","og_description":"Vicenzi Group stands out as a premium manufacturer of puff pastries, assorted pastries, filled cookies, cake bases, courtesy products and single dose.","og_url":"https:\/\/www.matildevicenzi.com\/es\/profesionales\/","og_site_name":"Matilde Vicenzi S.p.A.","article_modified_time":"2023-12-21T12:04:55+00:00","og_image":[{"url":"https:\/\/www.matildevicenzi.com\/es\/wp-content\/uploads\/sites\/17\/2023\/10\/tabella-es-1280x718.jpg","type":"","width":"","height":""}],"twitter_card":"summary_large_image","twitter_misc":{"Tiempo de lectura":"5 minutos"},"schema":{"@context":"https:\/\/schema.org","@graph":[{"@type":"WebPage","@id":"https:\/\/www.matildevicenzi.com\/es\/profesionales\/","url":"https:\/\/www.matildevicenzi.com\/es\/profesionales\/","name":"Matilde Vicenzi for Profesionales - Matilde Vicenzi S.p.A.","isPartOf":{"@id":"https:\/\/www.matildevicenzi.com\/es\/#website"},"primaryImageOfPage":{"@id":"https:\/\/www.matildevicenzi.com\/es\/profesionales\/#primaryimage"},"image":{"@id":"https:\/\/www.matildevicenzi.com\/es\/profesionales\/#primaryimage"},"thumbnailUrl":"https:\/\/www.matildevicenzi.com\/es\/wp-content\/uploads\/sites\/17\/2023\/10\/tabella-es-1280x718.jpg","datePublished":"2020-10-26T13:23:31+00:00","dateModified":"2023-12-21T12:04:55+00:00","description":"Vicenzi Group stands out as a premium manufacturer of puff pastries, assorted pastries, filled cookies, cake bases, courtesy products and single dose.","breadcrumb":{"@id":"https:\/\/www.matildevicenzi.com\/es\/profesionales\/#breadcrumb"},"inLanguage":"es","potentialAction":[{"@type":"ReadAction","target":["https:\/\/www.matildevicenzi.com\/es\/profesionales\/"]}]},{"@type":"ImageObject","inLanguage":"es","@id":"https:\/\/www.matildevicenzi.com\/es\/profesionales\/#primaryimage","url":"https:\/\/www.matildevicenzi.com\/es\/wp-content\/uploads\/sites\/17\/2023\/10\/tabella-es.jpg","contentUrl":"https:\/\/www.matildevicenzi.com\/es\/wp-content\/uploads\/sites\/17\/2023\/10\/tabella-es.jpg","width":1307,"height":733},{"@type":"BreadcrumbList","@id":"https:\/\/www.matildevicenzi.com\/es\/profesionales\/#breadcrumb","itemListElement":[{"@type":"ListItem","position":1,"name":"Home","item":"https:\/\/www.matildevicenzi.com\/es\/"},{"@type":"ListItem","position":2,"name":"Profesionales"}]},{"@type":"WebSite","@id":"https:\/\/www.matildevicenzi.com\/es\/#website","url":"https:\/\/www.matildevicenzi.com\/es\/","name":"Matilde Vicenzi S.p.A.","description":"Pasteler\u00eda fina italiana desde 1905","publisher":{"@id":"https:\/\/www.matildevicenzi.com\/es\/#organization"},"potentialAction":[{"@type":"SearchAction","target":{"@type":"EntryPoint","urlTemplate":"https:\/\/www.matildevicenzi.com\/es\/?s={search_term_string}"},"query-input":{"@type":"PropertyValueSpecification","valueRequired":true,"valueName":"search_term_string"}}],"inLanguage":"es"},{"@type":"Organization","@id":"https:\/\/www.matildevicenzi.com\/es\/#organization","name":"Matilde Vicenzi S.p.A.","url":"https:\/\/www.matildevicenzi.com\/es\/","logo":{"@type":"ImageObject","inLanguage":"es","@id":"https:\/\/www.matildevicenzi.com\/es\/#\/schema\/logo\/image\/","url":"https:\/\/www.matildevicenzi.com\/es\/wp-content\/uploads\/sites\/17\/2023\/06\/matilde_logo_new.png","contentUrl":"https:\/\/www.matildevicenzi.com\/es\/wp-content\/uploads\/sites\/17\/2023\/06\/matilde_logo_new.png","width":606,"height":606,"caption":"Matilde Vicenzi S.p.A."},"image":{"@id":"https:\/\/www.matildevicenzi.com\/es\/#\/schema\/logo\/image\/"}}]}},"_links":{"self":[{"href":"https:\/\/www.matildevicenzi.com\/es\/wp-json\/wp\/v2\/pages\/6142","targetHints":{"allow":["GET"]}}],"collection":[{"href":"https:\/\/www.matildevicenzi.com\/es\/wp-json\/wp\/v2\/pages"}],"about":[{"href":"https:\/\/www.matildevicenzi.com\/es\/wp-json\/wp\/v2\/types\/page"}],"author":[{"embeddable":true,"href":"https:\/\/www.matildevicenzi.com\/es\/wp-json\/wp\/v2\/users\/1"}],"replies":[{"embeddable":true,"href":"https:\/\/www.matildevicenzi.com\/es\/wp-json\/wp\/v2\/comments?post=6142"}],"version-history":[{"count":148,"href":"https:\/\/www.matildevicenzi.com\/es\/wp-json\/wp\/v2\/pages\/6142\/revisions"}],"predecessor-version":[{"id":41473,"href":"https:\/\/www.matildevicenzi.com\/es\/wp-json\/wp\/v2\/pages\/6142\/revisions\/41473"}],"wp:attachment":[{"href":"https:\/\/www.matildevicenzi.com\/es\/wp-json\/wp\/v2\/media?parent=6142"}],"curies":[{"name":"wp","href":"https:\/\/api.w.org\/{rel}","templated":true}]}}