{"id":6166,"date":"2020-10-27T07:45:21","date_gmt":"2020-10-27T07:45:21","guid":{"rendered":"http:\/\/matilde.kina.it\/?page_id=6166"},"modified":"2022-08-03T13:29:30","modified_gmt":"2022-08-03T13:29:30","slug":"products","status":"publish","type":"page","link":"https:\/\/www.matildevicenzi.com\/es\/productos\/","title":{"rendered":"Productos"},"content":{"rendered":"<h1>Productos<\/h1>\n<p style=\"text-align: center;\">Desde 1905, la alta tradici\u00f3n pastelera italiana lleva el nombre de Matilde Vicenzi. Su calidad es un punto de referencia en el pa\u00eds y en el resto del mundo para quienes buscan el delicioso sabor y toda la dulzura de la aut\u00e9ntica reposter\u00eda italiana.<\/p>\n<p style=\"text-align: center;\"><strong>La pasteler\u00eda de primera calidad solo puede nacer de una gran pasi\u00f3n:<\/strong>&nbsp;<strong>la que la familia Vicenzi transmiti\u00f3 atentamente de generaci\u00f3n en generaci\u00f3n.<\/strong><\/p>\n<p style=\"text-align: center;\">Desde el primer saboyano, las especialidades pasteleras de Matilde Vicenzi han sabido mantener su unicidad. Todos los productos ofrecen un sabor y un aroma incomparables, as\u00ed como una versatilidad sin igual: los cl\u00e1sicos son eternos, y nuestras recetas ofrecen todo tipo de inspiraci\u00f3n creativa.<\/p>\n<p>\t\t\t<a href=\"https:\/\/www.matildevicenzi.com\/es\/blog\/types\/classics\/\" title=\"Classics\"><img decoding=\"async\" src=\"https:\/\/www.matildevicenzi.com\/es\/wp-content\/uploads\/sites\/17\/2020\/11\/matilde-vicenzi-vicenzovo-products.png\" alt=\"Classics\"><\/a><\/p>\n<p><a href=\"https:\/\/www.matildevicenzi.com\/es\/blog\/types\/classics\/\" title=\"Classics\"><\/p>\n<h3>Classics<\/h3>\n<p><\/a><a href=\"https:\/\/www.matildevicenzi.com\/es\/blog\/types\/classics\/\" title=\"Classics\"><\/a><a href=\"https:\/\/www.matildevicenzi.com\/es\/blog\/types\/puff-pastry\/\" title=\"Puff Pastry\"><img decoding=\"async\" src=\"https:\/\/www.matildevicenzi.com\/es\/wp-content\/uploads\/sites\/17\/2020\/11\/matilde-vicenzi-puff-pastry-products.png\" alt=\"Puff Pastry\"><\/a><\/p>\n<p><a href=\"https:\/\/www.matildevicenzi.com\/es\/blog\/types\/puff-pastry\/\" title=\"Puff Pastry\"><\/p>\n<h3>Puff Pastry<\/h3>\n<p><\/a><a href=\"https:\/\/www.matildevicenzi.com\/es\/blog\/types\/puff-pastry\/\" title=\"Puff Pastry\"><\/a><a href=\"https:\/\/www.matildevicenzi.com\/es\/blog\/types\/matildes-tins\/\" title=\"Matilde\" s=\"\" tins'=\"\"><img decoding=\"async\" src=\"https:\/\/www.matildevicenzi.com\/es\/wp-content\/uploads\/sites\/17\/2020\/11\/matilde-vicenzi-tins-products.png\" alt=\"Matilde\" s=\"\" tins'=\"\"><\/a><\/p>\n<p><a href=\"https:\/\/www.matildevicenzi.com\/es\/blog\/types\/matildes-tins\/\" title=\"Matilde\" s=\"\" tins'=\"\"><\/p>\n<h3>Matilde's Tins<\/h3>\n<p><\/a><a href=\"https:\/\/www.matildevicenzi.com\/es\/blog\/types\/matildes-tins\/\" title=\"Matilde\" s=\"\" tins'=\"\"><\/a><a href=\"https:\/\/www.matildevicenzi.com\/es\/blog\/types\/grisbi\/\" title=\"Grisb\u00ec\"><img decoding=\"async\" src=\"https:\/\/www.matildevicenzi.com\/es\/wp-content\/uploads\/sites\/17\/2020\/11\/matilde-vicenzi-grisbi-product.png\" alt=\"Grisb\u00ec\"><\/a><\/p>\n<p><a href=\"https:\/\/www.matildevicenzi.com\/es\/blog\/types\/grisbi\/\" title=\"Grisb\u00ec\"><\/p>\n<h3>Grisb\u00ec<\/h3>\n<p><\/a><a href=\"https:\/\/www.matildevicenzi.com\/es\/blog\/types\/grisbi\/\" title=\"Grisb\u00ec\"><\/a><a href=\"https:\/\/www.matildevicenzi.com\/es\/blog\/types\/free-from\/\" title=\"Free from\"><img decoding=\"async\" src=\"https:\/\/www.matildevicenzi.com\/es\/wp-content\/uploads\/sites\/17\/2020\/12\/vicenzovo-gluten-free.png\" alt=\"Free from\"><\/a><\/p>\n<p><a href=\"https:\/\/www.matildevicenzi.com\/es\/blog\/types\/free-from\/\" title=\"Free from\"><\/p>\n<h3>Free from<\/h3>\n<p><\/a><a href=\"https:\/\/www.matildevicenzi.com\/es\/blog\/types\/free-from\/\" title=\"Free from\"><\/a><a href=\"https:\/\/www.matildevicenzi.com\/es\/blog\/types\/wafer\/\" title=\"Wafer\"><img decoding=\"async\" src=\"https:\/\/www.matildevicenzi.com\/es\/wp-content\/uploads\/sites\/17\/2020\/11\/matilde-vicenzi-wafer-products.png\" alt=\"Wafer\"><\/a><\/p>\n<p><a href=\"https:\/\/www.matildevicenzi.com\/es\/blog\/types\/wafer\/\" title=\"Wafer\"><\/p>\n<h3>Wafer<\/h3>\n<p><\/a><a href=\"https:\/\/www.matildevicenzi.com\/es\/blog\/types\/wafer\/\" title=\"Wafer\"><\/a><a href=\"https:\/\/www.matildevicenzi.com\/es\/blog\/types\/horeca-food-service\/\" title=\"Ho.re.ca. &amp; Food Service Industries\"><img decoding=\"async\" src=\"https:\/\/www.matildevicenzi.com\/es\/wp-content\/uploads\/sites\/17\/2020\/12\/horeca-and-food-service.png\" alt=\"Ho.re.ca. &amp; Food Service Industries\"><\/a><\/p>\n<p><a href=\"https:\/\/www.matildevicenzi.com\/es\/blog\/types\/horeca-food-service\/\" title=\"Ho.re.ca. &amp; Food Service Industries\"><\/p>\n<h3>Ho.re.ca. &amp; Food Service Industries<\/h3>\n<p><\/a><a href=\"https:\/\/www.matildevicenzi.com\/es\/blog\/types\/horeca-food-service\/\" title=\"Ho.re.ca. &amp; Food Service Industries\"><\/a><a href=\"https:\/\/www.matildevicenzi.com\/es\/blog\/types\/shelf-ready-display-cases\/\" title=\"Shelf ready Display &amp; Cases\"><img decoding=\"async\" src=\"https:\/\/www.matildevicenzi.com\/es\/wp-content\/uploads\/sites\/17\/2020\/11\/floor-display.png\" alt=\"Shelf ready Display &amp; Cases\"><\/a><\/p>\n<p><a href=\"https:\/\/www.matildevicenzi.com\/es\/blog\/types\/shelf-ready-display-cases\/\" title=\"Shelf ready Display &amp; Cases\"><\/p>\n<h3>Shelf ready Display &amp; Cases<\/h3>\n<p><\/a><a href=\"https:\/\/www.matildevicenzi.com\/es\/blog\/types\/shelf-ready-display-cases\/\" title=\"Shelf ready Display &amp; Cases\"><\/a><\/p>\n","protected":false},"excerpt":{"rendered":"<p>Productos Desde 1905, la alta tradici\u00f3n pastelera italiana lleva el nombre de Matilde Vicenzi. Su calidad es un punto de referencia en el pa\u00eds y en el resto del mundo para quienes buscan el delicioso sabor y toda la dulzura de la aut\u00e9ntica reposter\u00eda italiana. La pasteler\u00eda de primera calidad solo puede nacer de una [&hellip;]<\/p>\n","protected":false},"author":1,"featured_media":0,"parent":0,"menu_order":0,"comment_status":"closed","ping_status":"closed","template":"","meta":{"_acf_changed":false,"inline_featured_image":false,"footnotes":""},"class_list":["post-6166","page","type-page","status-publish","hentry"],"acf":[],"yoast_head":"<!-- This site is optimized with the Yoast SEO plugin v26.2 - https:\/\/yoast.com\/wordpress\/plugins\/seo\/ -->\n<title>Productos - Matilde Vicenzi S.p.A.<\/title>\n<meta name=\"robots\" content=\"index, follow, max-snippet:-1, max-image-preview:large, max-video-preview:-1\" \/>\n<link rel=\"canonical\" href=\"https:\/\/www.matildevicenzi.com\/es\/productos\/\" \/>\n<meta property=\"og:locale\" content=\"es_ES\" \/>\n<meta property=\"og:type\" content=\"article\" \/>\n<meta property=\"og:title\" content=\"Productos - Matilde Vicenzi S.p.A.\" \/>\n<meta property=\"og:description\" content=\"Productos Desde 1905, la alta tradici\u00f3n pastelera italiana lleva el nombre de Matilde Vicenzi. Su calidad es un punto de referencia en el pa\u00eds y en el resto del mundo para quienes buscan el delicioso sabor y toda la dulzura de la aut\u00e9ntica reposter\u00eda italiana. La pasteler\u00eda de primera calidad solo puede nacer de una [&hellip;]\" \/>\n<meta property=\"og:url\" content=\"https:\/\/www.matildevicenzi.com\/es\/productos\/\" \/>\n<meta property=\"og:site_name\" content=\"Matilde Vicenzi S.p.A.\" \/>\n<meta property=\"article:modified_time\" content=\"2022-08-03T13:29:30+00:00\" \/>\n<meta property=\"og:image\" content=\"https:\/\/www.matildevicenzi.com\/es\/wp-content\/uploads\/sites\/17\/2020\/11\/matilde-vicenzi-vicenzovo-products.png\" \/>\n<meta name=\"twitter:card\" content=\"summary_large_image\" \/>\n<meta name=\"twitter:label1\" content=\"Tiempo de lectura\" \/>\n\t<meta name=\"twitter:data1\" content=\"3 minutos\" \/>\n<script type=\"application\/ld+json\" class=\"yoast-schema-graph\">{\"@context\":\"https:\/\/schema.org\",\"@graph\":[{\"@type\":\"WebPage\",\"@id\":\"https:\/\/www.matildevicenzi.com\/es\/productos\/\",\"url\":\"https:\/\/www.matildevicenzi.com\/es\/productos\/\",\"name\":\"Productos - Matilde Vicenzi S.p.A.\",\"isPartOf\":{\"@id\":\"https:\/\/www.matildevicenzi.com\/es\/#website\"},\"primaryImageOfPage\":{\"@id\":\"https:\/\/www.matildevicenzi.com\/es\/productos\/#primaryimage\"},\"image\":{\"@id\":\"https:\/\/www.matildevicenzi.com\/es\/productos\/#primaryimage\"},\"thumbnailUrl\":\"https:\/\/www.matildevicenzi.com\/es\/wp-content\/uploads\/sites\/17\/2020\/11\/matilde-vicenzi-vicenzovo-products.png\",\"datePublished\":\"2020-10-27T07:45:21+00:00\",\"dateModified\":\"2022-08-03T13:29:30+00:00\",\"breadcrumb\":{\"@id\":\"https:\/\/www.matildevicenzi.com\/es\/productos\/#breadcrumb\"},\"inLanguage\":\"es\",\"potentialAction\":[{\"@type\":\"ReadAction\",\"target\":[\"https:\/\/www.matildevicenzi.com\/es\/productos\/\"]}]},{\"@type\":\"ImageObject\",\"inLanguage\":\"es\",\"@id\":\"https:\/\/www.matildevicenzi.com\/es\/productos\/#primaryimage\",\"url\":\"https:\/\/www.matildevicenzi.com\/es\/wp-content\/uploads\/sites\/17\/2020\/11\/matilde-vicenzi-vicenzovo-products.png\",\"contentUrl\":\"https:\/\/www.matildevicenzi.com\/es\/wp-content\/uploads\/sites\/17\/2020\/11\/matilde-vicenzi-vicenzovo-products.png\",\"width\":1000,\"height\":1000},{\"@type\":\"BreadcrumbList\",\"@id\":\"https:\/\/www.matildevicenzi.com\/es\/productos\/#breadcrumb\",\"itemListElement\":[{\"@type\":\"ListItem\",\"position\":1,\"name\":\"Home\",\"item\":\"https:\/\/www.matildevicenzi.com\/es\/\"},{\"@type\":\"ListItem\",\"position\":2,\"name\":\"Productos\"}]},{\"@type\":\"WebSite\",\"@id\":\"https:\/\/www.matildevicenzi.com\/es\/#website\",\"url\":\"https:\/\/www.matildevicenzi.com\/es\/\",\"name\":\"Matilde Vicenzi S.p.A.\",\"description\":\"Pasteler\u00eda fina italiana desde 1905\",\"publisher\":{\"@id\":\"https:\/\/www.matildevicenzi.com\/es\/#organization\"},\"potentialAction\":[{\"@type\":\"SearchAction\",\"target\":{\"@type\":\"EntryPoint\",\"urlTemplate\":\"https:\/\/www.matildevicenzi.com\/es\/?s={search_term_string}\"},\"query-input\":{\"@type\":\"PropertyValueSpecification\",\"valueRequired\":true,\"valueName\":\"search_term_string\"}}],\"inLanguage\":\"es\"},{\"@type\":\"Organization\",\"@id\":\"https:\/\/www.matildevicenzi.com\/es\/#organization\",\"name\":\"Matilde Vicenzi S.p.A.\",\"url\":\"https:\/\/www.matildevicenzi.com\/es\/\",\"logo\":{\"@type\":\"ImageObject\",\"inLanguage\":\"es\",\"@id\":\"https:\/\/www.matildevicenzi.com\/es\/#\/schema\/logo\/image\/\",\"url\":\"https:\/\/www.matildevicenzi.com\/es\/wp-content\/uploads\/sites\/17\/2023\/06\/matilde_logo_new.png\",\"contentUrl\":\"https:\/\/www.matildevicenzi.com\/es\/wp-content\/uploads\/sites\/17\/2023\/06\/matilde_logo_new.png\",\"width\":606,\"height\":606,\"caption\":\"Matilde Vicenzi S.p.A.\"},\"image\":{\"@id\":\"https:\/\/www.matildevicenzi.com\/es\/#\/schema\/logo\/image\/\"}}]}<\/script>\n<!-- \/ Yoast SEO plugin. -->","yoast_head_json":{"title":"Productos - Matilde Vicenzi S.p.A.","robots":{"index":"index","follow":"follow","max-snippet":"max-snippet:-1","max-image-preview":"max-image-preview:large","max-video-preview":"max-video-preview:-1"},"canonical":"https:\/\/www.matildevicenzi.com\/es\/productos\/","og_locale":"es_ES","og_type":"article","og_title":"Productos - Matilde Vicenzi S.p.A.","og_description":"Productos Desde 1905, la alta tradici\u00f3n pastelera italiana lleva el nombre de Matilde Vicenzi. Su calidad es un punto de referencia en el pa\u00eds y en el resto del mundo para quienes buscan el delicioso sabor y toda la dulzura de la aut\u00e9ntica reposter\u00eda italiana. La pasteler\u00eda de primera calidad solo puede nacer de una [&hellip;]","og_url":"https:\/\/www.matildevicenzi.com\/es\/productos\/","og_site_name":"Matilde Vicenzi S.p.A.","article_modified_time":"2022-08-03T13:29:30+00:00","og_image":[{"url":"https:\/\/www.matildevicenzi.com\/es\/wp-content\/uploads\/sites\/17\/2020\/11\/matilde-vicenzi-vicenzovo-products.png","type":"","width":"","height":""}],"twitter_card":"summary_large_image","twitter_misc":{"Tiempo de lectura":"3 minutos"},"schema":{"@context":"https:\/\/schema.org","@graph":[{"@type":"WebPage","@id":"https:\/\/www.matildevicenzi.com\/es\/productos\/","url":"https:\/\/www.matildevicenzi.com\/es\/productos\/","name":"Productos - Matilde Vicenzi S.p.A.","isPartOf":{"@id":"https:\/\/www.matildevicenzi.com\/es\/#website"},"primaryImageOfPage":{"@id":"https:\/\/www.matildevicenzi.com\/es\/productos\/#primaryimage"},"image":{"@id":"https:\/\/www.matildevicenzi.com\/es\/productos\/#primaryimage"},"thumbnailUrl":"https:\/\/www.matildevicenzi.com\/es\/wp-content\/uploads\/sites\/17\/2020\/11\/matilde-vicenzi-vicenzovo-products.png","datePublished":"2020-10-27T07:45:21+00:00","dateModified":"2022-08-03T13:29:30+00:00","breadcrumb":{"@id":"https:\/\/www.matildevicenzi.com\/es\/productos\/#breadcrumb"},"inLanguage":"es","potentialAction":[{"@type":"ReadAction","target":["https:\/\/www.matildevicenzi.com\/es\/productos\/"]}]},{"@type":"ImageObject","inLanguage":"es","@id":"https:\/\/www.matildevicenzi.com\/es\/productos\/#primaryimage","url":"https:\/\/www.matildevicenzi.com\/es\/wp-content\/uploads\/sites\/17\/2020\/11\/matilde-vicenzi-vicenzovo-products.png","contentUrl":"https:\/\/www.matildevicenzi.com\/es\/wp-content\/uploads\/sites\/17\/2020\/11\/matilde-vicenzi-vicenzovo-products.png","width":1000,"height":1000},{"@type":"BreadcrumbList","@id":"https:\/\/www.matildevicenzi.com\/es\/productos\/#breadcrumb","itemListElement":[{"@type":"ListItem","position":1,"name":"Home","item":"https:\/\/www.matildevicenzi.com\/es\/"},{"@type":"ListItem","position":2,"name":"Productos"}]},{"@type":"WebSite","@id":"https:\/\/www.matildevicenzi.com\/es\/#website","url":"https:\/\/www.matildevicenzi.com\/es\/","name":"Matilde Vicenzi S.p.A.","description":"Pasteler\u00eda fina italiana desde 1905","publisher":{"@id":"https:\/\/www.matildevicenzi.com\/es\/#organization"},"potentialAction":[{"@type":"SearchAction","target":{"@type":"EntryPoint","urlTemplate":"https:\/\/www.matildevicenzi.com\/es\/?s={search_term_string}"},"query-input":{"@type":"PropertyValueSpecification","valueRequired":true,"valueName":"search_term_string"}}],"inLanguage":"es"},{"@type":"Organization","@id":"https:\/\/www.matildevicenzi.com\/es\/#organization","name":"Matilde Vicenzi S.p.A.","url":"https:\/\/www.matildevicenzi.com\/es\/","logo":{"@type":"ImageObject","inLanguage":"es","@id":"https:\/\/www.matildevicenzi.com\/es\/#\/schema\/logo\/image\/","url":"https:\/\/www.matildevicenzi.com\/es\/wp-content\/uploads\/sites\/17\/2023\/06\/matilde_logo_new.png","contentUrl":"https:\/\/www.matildevicenzi.com\/es\/wp-content\/uploads\/sites\/17\/2023\/06\/matilde_logo_new.png","width":606,"height":606,"caption":"Matilde Vicenzi S.p.A."},"image":{"@id":"https:\/\/www.matildevicenzi.com\/es\/#\/schema\/logo\/image\/"}}]}},"_links":{"self":[{"href":"https:\/\/www.matildevicenzi.com\/es\/wp-json\/wp\/v2\/pages\/6166","targetHints":{"allow":["GET"]}}],"collection":[{"href":"https:\/\/www.matildevicenzi.com\/es\/wp-json\/wp\/v2\/pages"}],"about":[{"href":"https:\/\/www.matildevicenzi.com\/es\/wp-json\/wp\/v2\/types\/page"}],"author":[{"embeddable":true,"href":"https:\/\/www.matildevicenzi.com\/es\/wp-json\/wp\/v2\/users\/1"}],"replies":[{"embeddable":true,"href":"https:\/\/www.matildevicenzi.com\/es\/wp-json\/wp\/v2\/comments?post=6166"}],"version-history":[{"count":35,"href":"https:\/\/www.matildevicenzi.com\/es\/wp-json\/wp\/v2\/pages\/6166\/revisions"}],"predecessor-version":[{"id":40697,"href":"https:\/\/www.matildevicenzi.com\/es\/wp-json\/wp\/v2\/pages\/6166\/revisions\/40697"}],"wp:attachment":[{"href":"https:\/\/www.matildevicenzi.com\/es\/wp-json\/wp\/v2\/media?parent=6166"}],"curies":[{"name":"wp","href":"https:\/\/api.w.org\/{rel}","templated":true}]}}