{"id":6174,"date":"2020-10-27T08:37:27","date_gmt":"2020-10-27T08:37:27","guid":{"rendered":"http:\/\/matilde.kina.it\/?page_id=6174"},"modified":"2023-10-13T10:41:41","modified_gmt":"2023-10-13T10:41:41","slug":"homepage","status":"publish","type":"page","link":"https:\/\/www.matildevicenzi.com\/es\/","title":{"rendered":"Homepage"},"content":{"rendered":"<p>Alta pasteler\u00eda italiana<br \/>desde 1905Prueba nuestros productos<a href=\"https:\/\/www.matildevicenzi.com\/es\/productos\/\">M\u00e1s informaci\u00f3n<\/a>\t\t\t\t<\/p>\n<h2>Misi\u00f3n y visi\u00f3n<\/h2>\n<p>El Grupo ha sabido crecer a lo largo de los a\u00f1os gracias a su habilidad de compaginar los principios empresariales con<strong> los valores t\u00edpicos de una empresa familiar, cuyo legado se transmite de generaci\u00f3n en generaci\u00f3n. Materias primas de alta calidad<\/strong>, la atenci\u00f3n en los detalles y la pasi\u00f3n por la buena cocina son las directrices que han guiado cada paso de su desarrollo. Los productos Vicenzi son sin\u00f3nimo de tradici\u00f3n y de la sutil elegancia de las cosas sencillas. Sencillas como nuestros ingredientes: huevos, harina, mantequilla, az\u00facar, combinados tal como lo hac\u00eda Matilde Vicenzi.<\/p>\n<p>\u00a0Todos los productos del Grupo Vicenzi son de <strong>producci\u00f3n italiana<\/strong> siguiendo determinados procesos de elaboraci\u00f3n \u2014de la masa a la cocci\u00f3n y al envasado\u2014 basados en pautas de calidad.<\/p>\n<p>\u00a0Todos los productos del Grupo Vicenzi son de <strong>producci\u00f3n italiana<\/strong> siguiendo determinados procesos de elaboraci\u00f3n \u2014de la masa a la cocci\u00f3n y al envasado\u2014 basados en pautas de calidad.<\/p>\n<p>Para ello, las tres instalaciones del Grupo han implementado unos\u00a0<strong>sistemas de control de calidad (ISO 9001)<\/strong> y, relativamente a la seguridad de los productos alimenticios, obtuvieron\u00a0la <strong>certificaci\u00f3n global de seguridad alimentaria (BRC)<\/strong>\u00a0y la\u00a0<strong>certificaci\u00f3n internacional de seguridad alimentaria (IFS)<\/strong>.<\/p>\n<p>\u00a0Asegurar la calidad total de un producto no solo significa garantizar su sabor, sino tambi\u00e9n la seguridad de las materias primas para el consumidor.<\/p>\n<p>\t\t\t\t\t\t\t\t\t\t\t\t<img decoding=\"async\" width=\"600\" height=\"311\" src=\"https:\/\/www.matildevicenzi.com\/es\/wp-content\/uploads\/sites\/17\/2020\/11\/vicenzi-group.jpg\" alt=\"\" loading=\"lazy\" \/>\t\t\t\t\t\t\t\t\t\t\t\t\t\t<\/p>\n<p>Para ello, las tres instalaciones del Grupo han implementado unos\u00a0<strong>sistemas de control de calidad (ISO 9001)<\/strong> y, relativamente a la seguridad de los productos alimenticios, obtuvieron\u00a0la <strong>certificaci\u00f3n global de seguridad alimentaria (BRC)<\/strong>\u00a0y la\u00a0<strong>certificaci\u00f3n internacional de seguridad alimentaria (IFS)<\/strong>.<\/p>\n<p>Asegurar la calidad total de un producto no solo significa garantizar su sabor, sino tambi\u00e9n la seguridad de las materias primas para el consumidor.<\/p>\n<p>\t\t\t<a href=\"https:\/\/www.matildevicenzi.com\/es\/grupo\/la-empresa\/\" role=\"button\"><br \/>\n\t\t\t\t\t\tM\u00e1s informaci\u00f3n<br \/>\n\t\t\t\t\t<\/a><\/p>\n<h3>Alta pasteler\u00eda italiana desde 1905<\/h3>\n<p><strong>Desde 1905 el nombre Matilde Vicenzi es sin\u00f3nimo de la alta tradici\u00f3n pastelera italiana<\/strong>, y su calidad un punto de referencia en el pa\u00eds y en el resto del mundo para quienes desean el delicioso sabor y toda la dulzura de la aut\u00e9ntica reposter\u00eda italiana.<\/p>\n<p><strong>La pasteler\u00eda de primera calidad solo puede nacer de una gran pasi\u00f3n: la que la familia Vicenzi transmiti\u00f3 atentamente de generaci\u00f3n en generaci\u00f3n.<\/strong><\/p>\n<p>Desde el primer saboyano, las especialidades pasteleras de Matilde Vicenzi han sabido mantener su unicidad. Todos nuestros productos son deliciosamente arom\u00e1ticos, con un sabor incomparable y una versatilidad sin igual: los cl\u00e1sicos son eternos, y nuestras recetas ofrecen todo tipo de inspiraci\u00f3n creativa.<\/p>\n<p>\t\t\t<a href=\"https:\/\/www.matildevicenzi.com\/es\/productos\/\" role=\"button\"><br \/>\n\t\t\t\t\t\tM\u00e1s informaci\u00f3n<br \/>\n\t\t\t\t\t<\/a><br \/>\n\t\t\t\t\t\t\t\t\t\t\t\t<img decoding=\"async\" width=\"640\" height=\"512\" src=\"https:\/\/www.matildevicenzi.com\/es\/wp-content\/uploads\/sites\/17\/2020\/12\/matilde-vicenzi-all-products-640x512.jpg\" alt=\"\" loading=\"lazy\" srcset=\"https:\/\/www.matildevicenzi.com\/es\/wp-content\/uploads\/sites\/17\/2020\/12\/matilde-vicenzi-all-products-640x512.jpg 640w, https:\/\/www.matildevicenzi.com\/es\/wp-content\/uploads\/sites\/17\/2020\/12\/matilde-vicenzi-all-products.jpg 750w\" sizes=\"auto, (max-width: 640px) 100vw, 640px\" \/><br \/>\n\t\t\t\t\t\t\t\t\t\t\t\t<img decoding=\"async\" width=\"600\" height=\"467\" src=\"https:\/\/www.matildevicenzi.com\/es\/wp-content\/uploads\/sites\/17\/2020\/11\/matilde-vicenzi-first-store.jpg\" alt=\"\" loading=\"lazy\" \/>\t\t\t\t\t\t\t\t\t\t\t\t\t\t<\/p>\n<h3>Todo comenz\u00f3 en un peque\u00f1o obrador cerca de Verona<\/h3>\n<p><strong>La historia de Matilde Vicenzi comenz\u00f3 en 1905 en una peque\u00f1a tienda en San Giovanni Lupatoto, cerca de Verona<\/strong>, donde la misma Matilde abri\u00f3 un obrador para vender \"amaretti\" y pasteles artesanales, preparados seg\u00fan su libro de recetas.<\/p>\n<p>La sede central a\u00fan se encuentra cerca del lugar donde tuvo inicio esta dulce historia.<\/p>\n<p>\t\t\t<a href=\"https:\/\/www.matildevicenzi.com\/es\/grupo\/historia\/\" role=\"button\"><br \/>\n\t\t\t\t\t\tM\u00e1s informaci\u00f3n<br \/>\n\t\t\t\t\t<\/a><\/p>\n<h2>\u00bfEres un\/a profesional?<\/h2>\n<p style=\"text-align: left;\">Gracias a sus tres instalaciones certificadas a nivel internacional y a su vasto departamento de exportaci\u00f3n, <strong>la empresa vende sus productos a todo tipo de clientes en todo el mundo<\/strong> a trav\u00e9s de los siguientes canales:<\/p>\n<ul>\n<li>cadenas de supermercados<\/li>\n<li>tiendas gastron\u00f3micas gourmet<\/li>\n<li>sectores de vending, hoteler\u00eda y catering<\/li>\n<li>bares<\/li>\n<li>aeropuertos y estaciones ferroviarias<\/li>\n<li>estaciones de servicio<\/li>\n<\/ul>\n<p>\t\t\t<a href=\"https:\/\/www.matildevicenzi.com\/es\/profesionales\/\" role=\"button\"><br \/>\n\t\t\t\t\t\tM\u00e1s informaci\u00f3n<br \/>\n\t\t\t\t\t<\/a><\/p>\n<h3>Recetas<\/h3>\n<p style=\"text-align: center;\">Han pasado muchos a\u00f1os desde cuando <strong>Matilde Vicenzi<\/strong> abri\u00f3 su peque\u00f1a pasteler\u00eda cerca de Verona. Como empresaria, y tambi\u00e9n como madre y abuela, <strong>su deseo era compartir con nosotros sus deliciosas recetas<\/strong> y proponer consejos sobre c\u00f3mo utilizar algunas de sus especialidades, como los saboyanos Vicenzovo, las galletas Amaretti y el hojaldre Millefoglie d\u2019Italia.<\/p>\n","protected":false},"excerpt":{"rendered":"<p>Alta pasteler\u00eda italianadesde 1905Prueba nuestros productosM\u00e1s informaci\u00f3n Misi\u00f3n y visi\u00f3n El Grupo ha sabido crecer a lo largo de los a\u00f1os gracias a su habilidad de compaginar los principios empresariales con los valores t\u00edpicos de una empresa familiar, cuyo legado se transmite de generaci\u00f3n en generaci\u00f3n. Materias primas de alta calidad, la atenci\u00f3n en los [&hellip;]<\/p>\n","protected":false},"author":1,"featured_media":0,"parent":0,"menu_order":0,"comment_status":"closed","ping_status":"closed","template":"","meta":{"_acf_changed":false,"inline_featured_image":false,"footnotes":""},"class_list":["post-6174","page","type-page","status-publish","hentry"],"acf":[],"yoast_head":"<!-- This site is optimized with the Yoast SEO plugin v26.2 - https:\/\/yoast.com\/wordpress\/plugins\/seo\/ -->\n<title>Alta pasteler\u00eda italiana desde 1905 - Matilde Vicenzi S.p.A.<\/title>\n<meta name=\"robots\" content=\"index, follow, max-snippet:-1, max-image-preview:large, max-video-preview:-1\" \/>\n<link rel=\"canonical\" href=\"https:\/\/www.matildevicenzi.com\/es\/\" \/>\n<meta property=\"og:locale\" content=\"es_ES\" \/>\n<meta property=\"og:type\" content=\"article\" \/>\n<meta property=\"og:title\" content=\"Alta pasteler\u00eda italiana desde 1905 - Matilde Vicenzi S.p.A.\" \/>\n<meta property=\"og:description\" content=\"Alta pasteler\u00eda italianadesde 1905Prueba nuestros productosM\u00e1s informaci\u00f3n Misi\u00f3n y visi\u00f3n El Grupo ha sabido crecer a lo largo de los a\u00f1os gracias a su habilidad de compaginar los principios empresariales con los valores t\u00edpicos de una empresa familiar, cuyo legado se transmite de generaci\u00f3n en generaci\u00f3n. Materias primas de alta calidad, la atenci\u00f3n en los [&hellip;]\" \/>\n<meta property=\"og:url\" content=\"https:\/\/www.matildevicenzi.com\/es\/\" \/>\n<meta property=\"og:site_name\" content=\"Matilde Vicenzi S.p.A.\" \/>\n<meta property=\"article:modified_time\" content=\"2023-10-13T10:41:41+00:00\" \/>\n<meta property=\"og:image\" content=\"https:\/\/www.matildevicenzi.com\/es\/wp-content\/uploads\/sites\/17\/2020\/12\/matilde-vicenzi-all-products.jpg\" \/>\n\t<meta property=\"og:image:width\" content=\"750\" \/>\n\t<meta property=\"og:image:height\" content=\"600\" \/>\n\t<meta property=\"og:image:type\" content=\"image\/jpeg\" \/>\n<meta name=\"twitter:card\" content=\"summary_large_image\" \/>\n<meta name=\"twitter:image\" content=\"https:\/\/www.matildevicenzi.com\/es\/wp-content\/uploads\/sites\/17\/2020\/12\/matilde-vicenzi-all-products.jpg\" \/>\n<meta name=\"twitter:label1\" content=\"Tiempo de lectura\" \/>\n\t<meta name=\"twitter:data1\" content=\"5 minutos\" \/>\n<script type=\"application\/ld+json\" class=\"yoast-schema-graph\">{\"@context\":\"https:\/\/schema.org\",\"@graph\":[{\"@type\":\"WebPage\",\"@id\":\"https:\/\/www.matildevicenzi.com\/es\/\",\"url\":\"https:\/\/www.matildevicenzi.com\/es\/\",\"name\":\"Alta pasteler\u00eda italiana desde 1905 - Matilde Vicenzi S.p.A.\",\"isPartOf\":{\"@id\":\"https:\/\/www.matildevicenzi.com\/es\/#website\"},\"primaryImageOfPage\":{\"@id\":\"https:\/\/www.matildevicenzi.com\/es\/#primaryimage\"},\"image\":{\"@id\":\"https:\/\/www.matildevicenzi.com\/es\/#primaryimage\"},\"thumbnailUrl\":\"https:\/\/www.matildevicenzi.com\/es\/wp-content\/uploads\/sites\/17\/2020\/11\/vicenzi-group.jpg\",\"datePublished\":\"2020-10-27T08:37:27+00:00\",\"dateModified\":\"2023-10-13T10:41:41+00:00\",\"breadcrumb\":{\"@id\":\"https:\/\/www.matildevicenzi.com\/es\/#breadcrumb\"},\"inLanguage\":\"es\",\"potentialAction\":[{\"@type\":\"ReadAction\",\"target\":[\"https:\/\/www.matildevicenzi.com\/es\/\"]}]},{\"@type\":\"ImageObject\",\"inLanguage\":\"es\",\"@id\":\"https:\/\/www.matildevicenzi.com\/es\/#primaryimage\",\"url\":\"https:\/\/www.matildevicenzi.com\/es\/wp-content\/uploads\/sites\/17\/2020\/11\/vicenzi-group.jpg\",\"contentUrl\":\"https:\/\/www.matildevicenzi.com\/es\/wp-content\/uploads\/sites\/17\/2020\/11\/vicenzi-group.jpg\",\"width\":600,\"height\":311},{\"@type\":\"BreadcrumbList\",\"@id\":\"https:\/\/www.matildevicenzi.com\/es\/#breadcrumb\",\"itemListElement\":[{\"@type\":\"ListItem\",\"position\":1,\"name\":\"Home\",\"item\":\"https:\/\/www.matildevicenzi.com\/es\/\"},{\"@type\":\"ListItem\",\"position\":2,\"name\":\"Homepage\"}]},{\"@type\":\"WebSite\",\"@id\":\"https:\/\/www.matildevicenzi.com\/es\/#website\",\"url\":\"https:\/\/www.matildevicenzi.com\/es\/\",\"name\":\"Matilde Vicenzi S.p.A.\",\"description\":\"Pasteler\u00eda fina italiana desde 1905\",\"publisher\":{\"@id\":\"https:\/\/www.matildevicenzi.com\/es\/#organization\"},\"potentialAction\":[{\"@type\":\"SearchAction\",\"target\":{\"@type\":\"EntryPoint\",\"urlTemplate\":\"https:\/\/www.matildevicenzi.com\/es\/?s={search_term_string}\"},\"query-input\":{\"@type\":\"PropertyValueSpecification\",\"valueRequired\":true,\"valueName\":\"search_term_string\"}}],\"inLanguage\":\"es\"},{\"@type\":\"Organization\",\"@id\":\"https:\/\/www.matildevicenzi.com\/es\/#organization\",\"name\":\"Matilde Vicenzi S.p.A.\",\"url\":\"https:\/\/www.matildevicenzi.com\/es\/\",\"logo\":{\"@type\":\"ImageObject\",\"inLanguage\":\"es\",\"@id\":\"https:\/\/www.matildevicenzi.com\/es\/#\/schema\/logo\/image\/\",\"url\":\"https:\/\/www.matildevicenzi.com\/es\/wp-content\/uploads\/sites\/17\/2023\/06\/matilde_logo_new.png\",\"contentUrl\":\"https:\/\/www.matildevicenzi.com\/es\/wp-content\/uploads\/sites\/17\/2023\/06\/matilde_logo_new.png\",\"width\":606,\"height\":606,\"caption\":\"Matilde Vicenzi S.p.A.\"},\"image\":{\"@id\":\"https:\/\/www.matildevicenzi.com\/es\/#\/schema\/logo\/image\/\"}}]}<\/script>\n<!-- \/ Yoast SEO plugin. -->","yoast_head_json":{"title":"Alta pasteler\u00eda italiana desde 1905 - Matilde Vicenzi S.p.A.","robots":{"index":"index","follow":"follow","max-snippet":"max-snippet:-1","max-image-preview":"max-image-preview:large","max-video-preview":"max-video-preview:-1"},"canonical":"https:\/\/www.matildevicenzi.com\/es\/","og_locale":"es_ES","og_type":"article","og_title":"Alta pasteler\u00eda italiana desde 1905 - Matilde Vicenzi S.p.A.","og_description":"Alta pasteler\u00eda italianadesde 1905Prueba nuestros productosM\u00e1s informaci\u00f3n Misi\u00f3n y visi\u00f3n El Grupo ha sabido crecer a lo largo de los a\u00f1os gracias a su habilidad de compaginar los principios empresariales con los valores t\u00edpicos de una empresa familiar, cuyo legado se transmite de generaci\u00f3n en generaci\u00f3n. Materias primas de alta calidad, la atenci\u00f3n en los [&hellip;]","og_url":"https:\/\/www.matildevicenzi.com\/es\/","og_site_name":"Matilde Vicenzi S.p.A.","article_modified_time":"2023-10-13T10:41:41+00:00","og_image":[{"width":750,"height":600,"url":"https:\/\/www.matildevicenzi.com\/es\/wp-content\/uploads\/sites\/17\/2020\/12\/matilde-vicenzi-all-products.jpg","type":"image\/jpeg"}],"twitter_card":"summary_large_image","twitter_image":"https:\/\/www.matildevicenzi.com\/es\/wp-content\/uploads\/sites\/17\/2020\/12\/matilde-vicenzi-all-products.jpg","twitter_misc":{"Tiempo de lectura":"5 minutos"},"schema":{"@context":"https:\/\/schema.org","@graph":[{"@type":"WebPage","@id":"https:\/\/www.matildevicenzi.com\/es\/","url":"https:\/\/www.matildevicenzi.com\/es\/","name":"Alta pasteler\u00eda italiana desde 1905 - Matilde Vicenzi S.p.A.","isPartOf":{"@id":"https:\/\/www.matildevicenzi.com\/es\/#website"},"primaryImageOfPage":{"@id":"https:\/\/www.matildevicenzi.com\/es\/#primaryimage"},"image":{"@id":"https:\/\/www.matildevicenzi.com\/es\/#primaryimage"},"thumbnailUrl":"https:\/\/www.matildevicenzi.com\/es\/wp-content\/uploads\/sites\/17\/2020\/11\/vicenzi-group.jpg","datePublished":"2020-10-27T08:37:27+00:00","dateModified":"2023-10-13T10:41:41+00:00","breadcrumb":{"@id":"https:\/\/www.matildevicenzi.com\/es\/#breadcrumb"},"inLanguage":"es","potentialAction":[{"@type":"ReadAction","target":["https:\/\/www.matildevicenzi.com\/es\/"]}]},{"@type":"ImageObject","inLanguage":"es","@id":"https:\/\/www.matildevicenzi.com\/es\/#primaryimage","url":"https:\/\/www.matildevicenzi.com\/es\/wp-content\/uploads\/sites\/17\/2020\/11\/vicenzi-group.jpg","contentUrl":"https:\/\/www.matildevicenzi.com\/es\/wp-content\/uploads\/sites\/17\/2020\/11\/vicenzi-group.jpg","width":600,"height":311},{"@type":"BreadcrumbList","@id":"https:\/\/www.matildevicenzi.com\/es\/#breadcrumb","itemListElement":[{"@type":"ListItem","position":1,"name":"Home","item":"https:\/\/www.matildevicenzi.com\/es\/"},{"@type":"ListItem","position":2,"name":"Homepage"}]},{"@type":"WebSite","@id":"https:\/\/www.matildevicenzi.com\/es\/#website","url":"https:\/\/www.matildevicenzi.com\/es\/","name":"Matilde Vicenzi S.p.A.","description":"Pasteler\u00eda fina italiana desde 1905","publisher":{"@id":"https:\/\/www.matildevicenzi.com\/es\/#organization"},"potentialAction":[{"@type":"SearchAction","target":{"@type":"EntryPoint","urlTemplate":"https:\/\/www.matildevicenzi.com\/es\/?s={search_term_string}"},"query-input":{"@type":"PropertyValueSpecification","valueRequired":true,"valueName":"search_term_string"}}],"inLanguage":"es"},{"@type":"Organization","@id":"https:\/\/www.matildevicenzi.com\/es\/#organization","name":"Matilde Vicenzi S.p.A.","url":"https:\/\/www.matildevicenzi.com\/es\/","logo":{"@type":"ImageObject","inLanguage":"es","@id":"https:\/\/www.matildevicenzi.com\/es\/#\/schema\/logo\/image\/","url":"https:\/\/www.matildevicenzi.com\/es\/wp-content\/uploads\/sites\/17\/2023\/06\/matilde_logo_new.png","contentUrl":"https:\/\/www.matildevicenzi.com\/es\/wp-content\/uploads\/sites\/17\/2023\/06\/matilde_logo_new.png","width":606,"height":606,"caption":"Matilde Vicenzi S.p.A."},"image":{"@id":"https:\/\/www.matildevicenzi.com\/es\/#\/schema\/logo\/image\/"}}]}},"_links":{"self":[{"href":"https:\/\/www.matildevicenzi.com\/es\/wp-json\/wp\/v2\/pages\/6174","targetHints":{"allow":["GET"]}}],"collection":[{"href":"https:\/\/www.matildevicenzi.com\/es\/wp-json\/wp\/v2\/pages"}],"about":[{"href":"https:\/\/www.matildevicenzi.com\/es\/wp-json\/wp\/v2\/types\/page"}],"author":[{"embeddable":true,"href":"https:\/\/www.matildevicenzi.com\/es\/wp-json\/wp\/v2\/users\/1"}],"replies":[{"embeddable":true,"href":"https:\/\/www.matildevicenzi.com\/es\/wp-json\/wp\/v2\/comments?post=6174"}],"version-history":[{"count":124,"href":"https:\/\/www.matildevicenzi.com\/es\/wp-json\/wp\/v2\/pages\/6174\/revisions"}],"predecessor-version":[{"id":41146,"href":"https:\/\/www.matildevicenzi.com\/es\/wp-json\/wp\/v2\/pages\/6174\/revisions\/41146"}],"wp:attachment":[{"href":"https:\/\/www.matildevicenzi.com\/es\/wp-json\/wp\/v2\/media?parent=6174"}],"curies":[{"name":"wp","href":"https:\/\/api.w.org\/{rel}","templated":true}]}}