{"id":7208,"date":"2020-11-23T14:52:40","date_gmt":"2020-11-23T14:52:40","guid":{"rendered":"http:\/\/matilde.kina.it\/?page_id=7208"},"modified":"2022-09-27T08:51:10","modified_gmt":"2022-09-27T08:51:10","slug":"recipes","status":"publish","type":"page","link":"https:\/\/www.matildevicenzi.com\/es\/recetas\/","title":{"rendered":"Recetas"},"content":{"rendered":"<p style=\"text-align: center;\">Ya han pasado muchos a\u00f1os desde cuando <strong>Matilde Vicenzi<\/strong> abri\u00f3 su peque\u00f1a pasteler\u00eda cerca de Verona.<\/p>\n<p style=\"text-align: center;\">Como empresaria, y tambi\u00e9n como madre y abuela, su deseo era compartir con nosotros sus deliciosas recetas y proponer consejos sobre c\u00f3mo utilizar algunas de sus m\u00e1s c\u00e9lebres especialidades, como <strong>los Vicenzovo, las galletas Amaretti y el hojaldre Millefoglie di Matilde<\/strong><\/p>\n<figure><img decoding=\"async\" width=\"640\" height=\"640\" src=\"https:\/\/www.matildevicenzi.com\/es\/wp-content\/uploads\/sites\/17\/2020\/11\/matilde-vicenzi-anniversary-recipes-640x640.jpg\" alt=\"\" loading=\"lazy\" \/><\/figure>\n<h3>Celebraciones<\/h3>\n<figure><img decoding=\"async\" width=\"640\" height=\"640\" src=\"https:\/\/www.matildevicenzi.com\/es\/wp-content\/uploads\/sites\/17\/2020\/11\/matilde-vicenzi-tiramisu-recipes-1-640x640.jpg\" alt=\"\" loading=\"lazy\" \/><\/figure>\n<h3>Tiramis\u00f9<\/h3>\n<figure><img decoding=\"async\" width=\"640\" height=\"640\" src=\"https:\/\/www.matildevicenzi.com\/es\/wp-content\/uploads\/sites\/17\/2020\/11\/matilde-vicenzi-dessert-fine-pastry-recipes-640x640.jpg\" alt=\"\" loading=\"lazy\" \/><\/figure>\n<h3>Postres<\/h3>\n<figure><img decoding=\"async\" width=\"640\" height=\"640\" src=\"https:\/\/www.matildevicenzi.com\/es\/wp-content\/uploads\/sites\/17\/2020\/11\/matilde-vicenzi-festive-recipes-640x640.jpg\" alt=\"\" loading=\"lazy\" \/><\/figure>\n<h3>Festividades<\/h3>\n<figure><img decoding=\"async\" width=\"640\" height=\"640\" src=\"https:\/\/www.matildevicenzi.com\/es\/wp-content\/uploads\/sites\/17\/2020\/11\/matilde-vicenzi-summer-recipes-640x640.jpg\" alt=\"\" loading=\"lazy\" \/><\/figure>\n<h3>Para el verano<\/h3>\n<figure><img decoding=\"async\" width=\"640\" height=\"640\" src=\"https:\/\/www.matildevicenzi.com\/es\/wp-content\/uploads\/sites\/17\/2020\/11\/matilde-vicenzi-classic-recipes-640x640.jpg\" alt=\"\" loading=\"lazy\" \/><\/figure>\n<h3>Alta pasteler\u00eda cl\u00e1sica italiana<\/h3>\n<figure><img decoding=\"async\" width=\"640\" height=\"640\" src=\"https:\/\/www.matildevicenzi.com\/es\/wp-content\/uploads\/sites\/17\/2020\/11\/matilde-vicenzi-winter-recipes-640x640.jpg\" alt=\"\" loading=\"lazy\" \/><\/figure>\n<h3>Para el invierno<\/h3>\n","protected":false},"excerpt":{"rendered":"<p>Ya han pasado muchos a\u00f1os desde cuando Matilde Vicenzi abri\u00f3 su peque\u00f1a pasteler\u00eda cerca de Verona. Como empresaria, y tambi\u00e9n como madre y abuela, su deseo era compartir con nosotros sus deliciosas recetas y proponer consejos sobre c\u00f3mo utilizar algunas de sus m\u00e1s c\u00e9lebres especialidades, como los Vicenzovo, las galletas Amaretti y el hojaldre Millefoglie [&hellip;]<\/p>\n","protected":false},"author":1,"featured_media":0,"parent":0,"menu_order":0,"comment_status":"closed","ping_status":"closed","template":"","meta":{"_acf_changed":false,"inline_featured_image":false,"footnotes":""},"class_list":["post-7208","page","type-page","status-publish","hentry"],"acf":[],"yoast_head":"<!-- This site is optimized with the Yoast SEO plugin v26.2 - https:\/\/yoast.com\/wordpress\/plugins\/seo\/ -->\n<title>Recetas - Matilde Vicenzi S.p.A.<\/title>\n<meta name=\"robots\" content=\"index, follow, max-snippet:-1, max-image-preview:large, max-video-preview:-1\" \/>\n<link rel=\"canonical\" href=\"https:\/\/www.matildevicenzi.com\/es\/recetas\/\" \/>\n<meta property=\"og:locale\" content=\"es_ES\" \/>\n<meta property=\"og:type\" content=\"article\" \/>\n<meta property=\"og:title\" content=\"Recetas - Matilde Vicenzi S.p.A.\" \/>\n<meta property=\"og:description\" content=\"Ya han pasado muchos a\u00f1os desde cuando Matilde Vicenzi abri\u00f3 su peque\u00f1a pasteler\u00eda cerca de Verona. Como empresaria, y tambi\u00e9n como madre y abuela, su deseo era compartir con nosotros sus deliciosas recetas y proponer consejos sobre c\u00f3mo utilizar algunas de sus m\u00e1s c\u00e9lebres especialidades, como los Vicenzovo, las galletas Amaretti y el hojaldre Millefoglie [&hellip;]\" \/>\n<meta property=\"og:url\" content=\"https:\/\/www.matildevicenzi.com\/es\/recetas\/\" \/>\n<meta property=\"og:site_name\" content=\"Matilde Vicenzi S.p.A.\" \/>\n<meta property=\"article:modified_time\" content=\"2022-09-27T08:51:10+00:00\" \/>\n<meta property=\"og:image\" content=\"https:\/\/www.matildevicenzi.com\/es\/wp-content\/uploads\/sites\/17\/2020\/11\/matilde-vicenzi-anniversary-recipes-640x640.jpg\" \/>\n<meta name=\"twitter:card\" content=\"summary_large_image\" \/>\n<meta name=\"twitter:label1\" content=\"Tiempo de lectura\" \/>\n\t<meta name=\"twitter:data1\" content=\"2 minutos\" \/>\n<script type=\"application\/ld+json\" class=\"yoast-schema-graph\">{\"@context\":\"https:\/\/schema.org\",\"@graph\":[{\"@type\":\"WebPage\",\"@id\":\"https:\/\/www.matildevicenzi.com\/es\/recetas\/\",\"url\":\"https:\/\/www.matildevicenzi.com\/es\/recetas\/\",\"name\":\"Recetas - Matilde Vicenzi S.p.A.\",\"isPartOf\":{\"@id\":\"https:\/\/www.matildevicenzi.com\/es\/#website\"},\"primaryImageOfPage\":{\"@id\":\"https:\/\/www.matildevicenzi.com\/es\/recetas\/#primaryimage\"},\"image\":{\"@id\":\"https:\/\/www.matildevicenzi.com\/es\/recetas\/#primaryimage\"},\"thumbnailUrl\":\"https:\/\/www.matildevicenzi.com\/es\/wp-content\/uploads\/sites\/17\/2020\/11\/matilde-vicenzi-anniversary-recipes-640x640.jpg\",\"datePublished\":\"2020-11-23T14:52:40+00:00\",\"dateModified\":\"2022-09-27T08:51:10+00:00\",\"breadcrumb\":{\"@id\":\"https:\/\/www.matildevicenzi.com\/es\/recetas\/#breadcrumb\"},\"inLanguage\":\"es\",\"potentialAction\":[{\"@type\":\"ReadAction\",\"target\":[\"https:\/\/www.matildevicenzi.com\/es\/recetas\/\"]}]},{\"@type\":\"ImageObject\",\"inLanguage\":\"es\",\"@id\":\"https:\/\/www.matildevicenzi.com\/es\/recetas\/#primaryimage\",\"url\":\"https:\/\/www.matildevicenzi.com\/es\/wp-content\/uploads\/sites\/17\/2020\/11\/matilde-vicenzi-anniversary-recipes.jpg\",\"contentUrl\":\"https:\/\/www.matildevicenzi.com\/es\/wp-content\/uploads\/sites\/17\/2020\/11\/matilde-vicenzi-anniversary-recipes.jpg\",\"width\":1000,\"height\":1000},{\"@type\":\"BreadcrumbList\",\"@id\":\"https:\/\/www.matildevicenzi.com\/es\/recetas\/#breadcrumb\",\"itemListElement\":[{\"@type\":\"ListItem\",\"position\":1,\"name\":\"Home\",\"item\":\"https:\/\/www.matildevicenzi.com\/es\/\"},{\"@type\":\"ListItem\",\"position\":2,\"name\":\"Recetas\"}]},{\"@type\":\"WebSite\",\"@id\":\"https:\/\/www.matildevicenzi.com\/es\/#website\",\"url\":\"https:\/\/www.matildevicenzi.com\/es\/\",\"name\":\"Matilde Vicenzi S.p.A.\",\"description\":\"Pasteler\u00eda fina italiana desde 1905\",\"publisher\":{\"@id\":\"https:\/\/www.matildevicenzi.com\/es\/#organization\"},\"potentialAction\":[{\"@type\":\"SearchAction\",\"target\":{\"@type\":\"EntryPoint\",\"urlTemplate\":\"https:\/\/www.matildevicenzi.com\/es\/?s={search_term_string}\"},\"query-input\":{\"@type\":\"PropertyValueSpecification\",\"valueRequired\":true,\"valueName\":\"search_term_string\"}}],\"inLanguage\":\"es\"},{\"@type\":\"Organization\",\"@id\":\"https:\/\/www.matildevicenzi.com\/es\/#organization\",\"name\":\"Matilde Vicenzi S.p.A.\",\"url\":\"https:\/\/www.matildevicenzi.com\/es\/\",\"logo\":{\"@type\":\"ImageObject\",\"inLanguage\":\"es\",\"@id\":\"https:\/\/www.matildevicenzi.com\/es\/#\/schema\/logo\/image\/\",\"url\":\"https:\/\/www.matildevicenzi.com\/es\/wp-content\/uploads\/sites\/17\/2023\/06\/matilde_logo_new.png\",\"contentUrl\":\"https:\/\/www.matildevicenzi.com\/es\/wp-content\/uploads\/sites\/17\/2023\/06\/matilde_logo_new.png\",\"width\":606,\"height\":606,\"caption\":\"Matilde Vicenzi S.p.A.\"},\"image\":{\"@id\":\"https:\/\/www.matildevicenzi.com\/es\/#\/schema\/logo\/image\/\"}}]}<\/script>\n<!-- \/ Yoast SEO plugin. -->","yoast_head_json":{"title":"Recetas - Matilde Vicenzi S.p.A.","robots":{"index":"index","follow":"follow","max-snippet":"max-snippet:-1","max-image-preview":"max-image-preview:large","max-video-preview":"max-video-preview:-1"},"canonical":"https:\/\/www.matildevicenzi.com\/es\/recetas\/","og_locale":"es_ES","og_type":"article","og_title":"Recetas - Matilde Vicenzi S.p.A.","og_description":"Ya han pasado muchos a\u00f1os desde cuando Matilde Vicenzi abri\u00f3 su peque\u00f1a pasteler\u00eda cerca de Verona. Como empresaria, y tambi\u00e9n como madre y abuela, su deseo era compartir con nosotros sus deliciosas recetas y proponer consejos sobre c\u00f3mo utilizar algunas de sus m\u00e1s c\u00e9lebres especialidades, como los Vicenzovo, las galletas Amaretti y el hojaldre Millefoglie [&hellip;]","og_url":"https:\/\/www.matildevicenzi.com\/es\/recetas\/","og_site_name":"Matilde Vicenzi S.p.A.","article_modified_time":"2022-09-27T08:51:10+00:00","og_image":[{"url":"https:\/\/www.matildevicenzi.com\/es\/wp-content\/uploads\/sites\/17\/2020\/11\/matilde-vicenzi-anniversary-recipes-640x640.jpg","type":"","width":"","height":""}],"twitter_card":"summary_large_image","twitter_misc":{"Tiempo de lectura":"2 minutos"},"schema":{"@context":"https:\/\/schema.org","@graph":[{"@type":"WebPage","@id":"https:\/\/www.matildevicenzi.com\/es\/recetas\/","url":"https:\/\/www.matildevicenzi.com\/es\/recetas\/","name":"Recetas - Matilde Vicenzi S.p.A.","isPartOf":{"@id":"https:\/\/www.matildevicenzi.com\/es\/#website"},"primaryImageOfPage":{"@id":"https:\/\/www.matildevicenzi.com\/es\/recetas\/#primaryimage"},"image":{"@id":"https:\/\/www.matildevicenzi.com\/es\/recetas\/#primaryimage"},"thumbnailUrl":"https:\/\/www.matildevicenzi.com\/es\/wp-content\/uploads\/sites\/17\/2020\/11\/matilde-vicenzi-anniversary-recipes-640x640.jpg","datePublished":"2020-11-23T14:52:40+00:00","dateModified":"2022-09-27T08:51:10+00:00","breadcrumb":{"@id":"https:\/\/www.matildevicenzi.com\/es\/recetas\/#breadcrumb"},"inLanguage":"es","potentialAction":[{"@type":"ReadAction","target":["https:\/\/www.matildevicenzi.com\/es\/recetas\/"]}]},{"@type":"ImageObject","inLanguage":"es","@id":"https:\/\/www.matildevicenzi.com\/es\/recetas\/#primaryimage","url":"https:\/\/www.matildevicenzi.com\/es\/wp-content\/uploads\/sites\/17\/2020\/11\/matilde-vicenzi-anniversary-recipes.jpg","contentUrl":"https:\/\/www.matildevicenzi.com\/es\/wp-content\/uploads\/sites\/17\/2020\/11\/matilde-vicenzi-anniversary-recipes.jpg","width":1000,"height":1000},{"@type":"BreadcrumbList","@id":"https:\/\/www.matildevicenzi.com\/es\/recetas\/#breadcrumb","itemListElement":[{"@type":"ListItem","position":1,"name":"Home","item":"https:\/\/www.matildevicenzi.com\/es\/"},{"@type":"ListItem","position":2,"name":"Recetas"}]},{"@type":"WebSite","@id":"https:\/\/www.matildevicenzi.com\/es\/#website","url":"https:\/\/www.matildevicenzi.com\/es\/","name":"Matilde Vicenzi S.p.A.","description":"Pasteler\u00eda fina italiana desde 1905","publisher":{"@id":"https:\/\/www.matildevicenzi.com\/es\/#organization"},"potentialAction":[{"@type":"SearchAction","target":{"@type":"EntryPoint","urlTemplate":"https:\/\/www.matildevicenzi.com\/es\/?s={search_term_string}"},"query-input":{"@type":"PropertyValueSpecification","valueRequired":true,"valueName":"search_term_string"}}],"inLanguage":"es"},{"@type":"Organization","@id":"https:\/\/www.matildevicenzi.com\/es\/#organization","name":"Matilde Vicenzi S.p.A.","url":"https:\/\/www.matildevicenzi.com\/es\/","logo":{"@type":"ImageObject","inLanguage":"es","@id":"https:\/\/www.matildevicenzi.com\/es\/#\/schema\/logo\/image\/","url":"https:\/\/www.matildevicenzi.com\/es\/wp-content\/uploads\/sites\/17\/2023\/06\/matilde_logo_new.png","contentUrl":"https:\/\/www.matildevicenzi.com\/es\/wp-content\/uploads\/sites\/17\/2023\/06\/matilde_logo_new.png","width":606,"height":606,"caption":"Matilde Vicenzi S.p.A."},"image":{"@id":"https:\/\/www.matildevicenzi.com\/es\/#\/schema\/logo\/image\/"}}]}},"_links":{"self":[{"href":"https:\/\/www.matildevicenzi.com\/es\/wp-json\/wp\/v2\/pages\/7208","targetHints":{"allow":["GET"]}}],"collection":[{"href":"https:\/\/www.matildevicenzi.com\/es\/wp-json\/wp\/v2\/pages"}],"about":[{"href":"https:\/\/www.matildevicenzi.com\/es\/wp-json\/wp\/v2\/types\/page"}],"author":[{"embeddable":true,"href":"https:\/\/www.matildevicenzi.com\/es\/wp-json\/wp\/v2\/users\/1"}],"replies":[{"embeddable":true,"href":"https:\/\/www.matildevicenzi.com\/es\/wp-json\/wp\/v2\/comments?post=7208"}],"version-history":[{"count":67,"href":"https:\/\/www.matildevicenzi.com\/es\/wp-json\/wp\/v2\/pages\/7208\/revisions"}],"predecessor-version":[{"id":40765,"href":"https:\/\/www.matildevicenzi.com\/es\/wp-json\/wp\/v2\/pages\/7208\/revisions\/40765"}],"wp:attachment":[{"href":"https:\/\/www.matildevicenzi.com\/es\/wp-json\/wp\/v2\/media?parent=7208"}],"curies":[{"name":"wp","href":"https:\/\/api.w.org\/{rel}","templated":true}]}}