{"id":7252,"date":"2020-11-24T07:17:25","date_gmt":"2020-11-24T07:17:25","guid":{"rendered":"http:\/\/matilde.kina.it\/?page_id=7252"},"modified":"2023-05-08T14:31:19","modified_gmt":"2023-05-08T14:31:19","slug":"company","status":"publish","type":"page","link":"https:\/\/www.matildevicenzi.com\/es\/grupo\/la-empresa\/","title":{"rendered":"La Empresa"},"content":{"rendered":"<h2>Estructura de la empresa<\/h2>\n<p>El Grupo Vicenzi incluye\u00a0<strong>tres marcas de excelencia: Matilde Vicenzi<\/strong>, basada en la identidad y la tradici\u00f3n italianas,\u00a0<strong>Grisb\u00ec<\/strong>, la indulgencia y el placer de la pastaflora rellena de aterciopelada crema, y\u00a0<strong>Mr. Day<\/strong>, que, gracias a la sencillez de su delicioso bizcocho, destaca en el gran escenario competitivo del mercado de la boller\u00eda y los snacks.<\/p>\n<p><strong>L\u00edder en una amplia gama de productos t\u00edpicos<\/strong>, el Grupo Vicenzi se distingue como productor de calidad suprema de pastas frescas y surtidas, pastaflora y galletas, productos de servicio para la restauraci\u00f3n y el catering, productos listos para consumir, galletas de cortes\u00eda y de bienvenida, especialidades en tama\u00f1o snack y productos para m\u00e1quinas expendedoras para un bocado dulce listo para llevar.<\/p>\n<p>El <strong>Grupo Vicenzi fue fundado en 2005<\/strong>, cuando Giuseppe Vicenzi adquiri\u00f3 toda la rama de productos horneados de Parmalat, incluidas las dos conocidas marcas Grisb\u00ec y Mr. Day.<\/p>\n<p>Un pilar fundamental de la filosof\u00eda de la empresa es\u00a0<strong>estar presente en los mercados con una combinaci\u00f3n de productos estrat\u00e9gicos y diversificar la distribuci\u00f3n<\/strong>, desde las cadenas de supermercados cl\u00e1sicas hasta las tiendas de alimentaci\u00f3n gourmet, desde las m\u00e1quinas expendedoras, la restauraci\u00f3n y la hosteler\u00eda hasta los bares, estaciones de tren y aeropuertos con productos monoporci\u00f3n.<\/p>\n<p>\t\t\t\t\t\t\t\t\t\t\t\t<img decoding=\"async\" width=\"600\" height=\"600\" src=\"https:\/\/www.matildevicenzi.com\/es\/wp-content\/uploads\/sites\/17\/2023\/02\/empresa.jpg\" alt=\"\" loading=\"lazy\" srcset=\"https:\/\/www.matildevicenzi.com\/es\/wp-content\/uploads\/sites\/17\/2023\/02\/empresa.jpg 600w, https:\/\/www.matildevicenzi.com\/es\/wp-content\/uploads\/sites\/17\/2023\/02\/empresa-160x160.jpg 160w\" sizes=\"auto, (max-width: 600px) 100vw, 600px\" \/><br \/>\n\t\t\t\t\t\t\t\t\t\t\t\t<img decoding=\"async\" width=\"600\" height=\"600\" src=\"https:\/\/www.matildevicenzi.com\/es\/wp-content\/uploads\/sites\/17\/2023\/02\/italia.jpg\" alt=\"\" loading=\"lazy\" srcset=\"https:\/\/www.matildevicenzi.com\/es\/wp-content\/uploads\/sites\/17\/2023\/02\/italia.jpg 600w, https:\/\/www.matildevicenzi.com\/es\/wp-content\/uploads\/sites\/17\/2023\/02\/italia-160x160.jpg 160w\" sizes=\"auto, (max-width: 600px) 100vw, 600px\" \/><br \/>\n\t\t\t\t\t\t\t\t\t\t\t\t<img decoding=\"async\" width=\"600\" height=\"600\" src=\"https:\/\/www.matildevicenzi.com\/es\/wp-content\/uploads\/sites\/17\/2023\/02\/exportacion.jpg\" alt=\"\" loading=\"lazy\" srcset=\"https:\/\/www.matildevicenzi.com\/es\/wp-content\/uploads\/sites\/17\/2023\/02\/exportacion.jpg 600w, https:\/\/www.matildevicenzi.com\/es\/wp-content\/uploads\/sites\/17\/2023\/02\/exportacion-160x160.jpg 160w\" sizes=\"auto, (max-width: 600px) 100vw, 600px\" \/>\t\t\t\t\t\t\t\t\t\t\t\t\t\t<\/p>\n<h2>En Italia, nuestras plantas<br \/>de producci\u00f3n y log\u00edstica<\/h2>\n<h3>San Giovanni Lupatoto (Verona)<\/h3>\n<p style=\"text-align: center;\"><strong>SUPERFICIE<\/strong><br \/>45 000 m\u00b2, de los cuales<br \/>18 000 cubiertos<\/p>\n<p style=\"text-align: center;\"><strong>L\u00cdNEAS<\/strong><br \/>7 automatizadas<\/p>\n<p style=\"text-align: center;\"><strong>PRODUCTOS ACABADOS<\/strong><br \/>65 000 kg diarios<\/p>\n<h3>Bovolone<br \/>(Verona)<\/h3>\n<p style=\"text-align: center;\"><strong>SUPERFICIE<\/strong><br \/>16 000 m\u00b2, de los cuales<br \/>10 200 cubiertos<\/p>\n<p style=\"text-align: center;\"><strong>L\u00cdNEAS<\/strong><br \/>5 automatizadas<\/p>\n<p style=\"text-align: center;\"><strong>PRODUCTOS ACABADOS<\/strong><br \/>55 000 kg diarios<\/p>\n<h3>Nusco<br \/> (Avellino)<\/h3>\n<p style=\"text-align: center;\"><strong>SUPERFICIE<\/strong><br \/>12 000 m\u00b2, de los cuales<br \/>5 300 cubiertos<\/p>\n<p style=\"text-align: center;\"><strong>L\u00cdNEAS<\/strong><br \/>2 automatizadas<\/p>\n<p>\u00a0<\/p>\n<p>\u00a0<\/p>\n<h2>Export Market<\/h2>\n<h4>35 MILLONES<\/h4>\n<h4>de hojaldres con mantequilla \u2018Millefoglie Di Matilde\u2019<\/h4>\n<p>\t\t\t\t\t\t\t\t\t\t\t\t<img decoding=\"async\" width=\"640\" height=\"310\" src=\"https:\/\/www.matildevicenzi.com\/es\/wp-content\/uploads\/sites\/17\/2020\/11\/matilde-vicenzi-millefoglie-product-640x310.png\" alt=\"\" loading=\"lazy\" srcset=\"https:\/\/www.matildevicenzi.com\/es\/wp-content\/uploads\/sites\/17\/2020\/11\/matilde-vicenzi-millefoglie-product-640x310.png 640w, https:\/\/www.matildevicenzi.com\/es\/wp-content\/uploads\/sites\/17\/2020\/11\/matilde-vicenzi-millefoglie-product-768x372.png 768w, https:\/\/www.matildevicenzi.com\/es\/wp-content\/uploads\/sites\/17\/2020\/11\/matilde-vicenzi-millefoglie-product.png 1048w\" sizes=\"auto, (max-width: 640px) 100vw, 640px\" \/>\t\t\t\t\t\t\t\t\t\t\t\t\t\t<\/p>\n<h4>50 MILLONES<\/h4>\n<h4>de Bizcochos<br \/>de soletilla<\/h4>\n<p>\t\t\t\t\t\t\t\t\t\t\t\t<img decoding=\"async\" width=\"640\" height=\"310\" src=\"https:\/\/www.matildevicenzi.com\/es\/wp-content\/uploads\/sites\/17\/2020\/11\/vicenzovo-ladyfingers-640x310.png\" alt=\"\" loading=\"lazy\" srcset=\"https:\/\/www.matildevicenzi.com\/es\/wp-content\/uploads\/sites\/17\/2020\/11\/vicenzovo-ladyfingers-640x310.png 640w, https:\/\/www.matildevicenzi.com\/es\/wp-content\/uploads\/sites\/17\/2020\/11\/vicenzovo-ladyfingers-768x372.png 768w, https:\/\/www.matildevicenzi.com\/es\/wp-content\/uploads\/sites\/17\/2020\/11\/vicenzovo-ladyfingers.png 1048w\" sizes=\"auto, (max-width: 640px) 100vw, 640px\" \/>\t\t\t\t\t\t\t\t\t\t\t\t\t\t<\/p>\n<h4>10 MILLONES<\/h4>\n<h4>de Minisnack<\/h4>\n<p>\t\t\t\t\t\t\t\t\t\t\t\t<img decoding=\"async\" width=\"640\" height=\"310\" src=\"https:\/\/www.matildevicenzi.com\/es\/wp-content\/uploads\/sites\/17\/2020\/12\/minisnack-1-640x310.png\" alt=\"\" loading=\"lazy\" srcset=\"https:\/\/www.matildevicenzi.com\/es\/wp-content\/uploads\/sites\/17\/2020\/12\/minisnack-1-640x310.png 640w, https:\/\/www.matildevicenzi.com\/es\/wp-content\/uploads\/sites\/17\/2020\/12\/minisnack-1-768x372.png 768w, https:\/\/www.matildevicenzi.com\/es\/wp-content\/uploads\/sites\/17\/2020\/12\/minisnack-1.png 1048w\" sizes=\"auto, (max-width: 640px) 100vw, 640px\" \/>\t\t\t\t\t\t\t\t\t\t\t\t\t\t<\/p>\n<h4>160 MILLONES<\/h4>\n<h4>de mostachones<br \/>\u2018Amaretti Di Matilde\u2019<\/h4>\n<p>\t\t\t\t\t\t\t\t\t\t\t\t<img decoding=\"async\" width=\"640\" height=\"310\" src=\"https:\/\/www.matildevicenzi.com\/es\/wp-content\/uploads\/sites\/17\/2020\/12\/matilde-vicenzi-amaretto-d-italia-640x310.png\" alt=\"\" loading=\"lazy\" srcset=\"https:\/\/www.matildevicenzi.com\/es\/wp-content\/uploads\/sites\/17\/2020\/12\/matilde-vicenzi-amaretto-d-italia-640x310.png 640w, https:\/\/www.matildevicenzi.com\/es\/wp-content\/uploads\/sites\/17\/2020\/12\/matilde-vicenzi-amaretto-d-italia-768x372.png 768w, https:\/\/www.matildevicenzi.com\/es\/wp-content\/uploads\/sites\/17\/2020\/12\/matilde-vicenzi-amaretto-d-italia.png 1048w\" sizes=\"auto, (max-width: 640px) 100vw, 640px\" \/>\t\t\t\t\t\t\t\t\t\t\t\t\t\t<\/p>\n<h4>EXPORTADOS A TODO EL MUNDO DURANTE 2021<\/h4>\n","protected":false},"excerpt":{"rendered":"<p>Estructura de la empresa El Grupo Vicenzi incluye\u00a0tres marcas de excelencia: Matilde Vicenzi, basada en la identidad y la tradici\u00f3n italianas,\u00a0Grisb\u00ec, la indulgencia y el placer de la pastaflora rellena de aterciopelada crema, y\u00a0Mr. Day, que, gracias a la sencillez de su delicioso bizcocho, destaca en el gran escenario competitivo del mercado de la boller\u00eda [&hellip;]<\/p>\n","protected":false},"author":1,"featured_media":0,"parent":7721,"menu_order":0,"comment_status":"closed","ping_status":"closed","template":"","meta":{"_acf_changed":false,"inline_featured_image":false,"footnotes":""},"class_list":["post-7252","page","type-page","status-publish","hentry"],"acf":[],"yoast_head":"<!-- This site is optimized with the Yoast SEO plugin v26.2 - https:\/\/yoast.com\/wordpress\/plugins\/seo\/ -->\n<title>La Empresa - Matilde Vicenzi S.p.A.<\/title>\n<meta name=\"robots\" content=\"index, follow, max-snippet:-1, max-image-preview:large, max-video-preview:-1\" \/>\n<link rel=\"canonical\" href=\"https:\/\/www.matildevicenzi.com\/es\/grupo\/la-empresa\/\" \/>\n<meta property=\"og:locale\" content=\"es_ES\" \/>\n<meta property=\"og:type\" content=\"article\" \/>\n<meta property=\"og:title\" content=\"La Empresa - Matilde Vicenzi S.p.A.\" \/>\n<meta property=\"og:description\" content=\"Estructura de la empresa El Grupo Vicenzi incluye\u00a0tres marcas de excelencia: Matilde Vicenzi, basada en la identidad y la tradici\u00f3n italianas,\u00a0Grisb\u00ec, la indulgencia y el placer de la pastaflora rellena de aterciopelada crema, y\u00a0Mr. Day, que, gracias a la sencillez de su delicioso bizcocho, destaca en el gran escenario competitivo del mercado de la boller\u00eda [&hellip;]\" \/>\n<meta property=\"og:url\" content=\"https:\/\/www.matildevicenzi.com\/es\/grupo\/la-empresa\/\" \/>\n<meta property=\"og:site_name\" content=\"Matilde Vicenzi S.p.A.\" \/>\n<meta property=\"article:modified_time\" content=\"2023-05-08T14:31:19+00:00\" \/>\n<meta property=\"og:image\" content=\"https:\/\/www.matildevicenzi.com\/es\/wp-content\/uploads\/sites\/17\/2023\/02\/empresa.jpg\" \/>\n<meta name=\"twitter:card\" content=\"summary_large_image\" \/>\n<meta name=\"twitter:label1\" content=\"Tiempo de lectura\" \/>\n\t<meta name=\"twitter:data1\" content=\"3 minutos\" \/>\n<script type=\"application\/ld+json\" class=\"yoast-schema-graph\">{\"@context\":\"https:\/\/schema.org\",\"@graph\":[{\"@type\":\"WebPage\",\"@id\":\"https:\/\/www.matildevicenzi.com\/es\/grupo\/la-empresa\/\",\"url\":\"https:\/\/www.matildevicenzi.com\/es\/grupo\/la-empresa\/\",\"name\":\"La Empresa - Matilde Vicenzi S.p.A.\",\"isPartOf\":{\"@id\":\"https:\/\/www.matildevicenzi.com\/es\/#website\"},\"primaryImageOfPage\":{\"@id\":\"https:\/\/www.matildevicenzi.com\/es\/grupo\/la-empresa\/#primaryimage\"},\"image\":{\"@id\":\"https:\/\/www.matildevicenzi.com\/es\/grupo\/la-empresa\/#primaryimage\"},\"thumbnailUrl\":\"https:\/\/www.matildevicenzi.com\/es\/wp-content\/uploads\/sites\/17\/2023\/02\/empresa.jpg\",\"datePublished\":\"2020-11-24T07:17:25+00:00\",\"dateModified\":\"2023-05-08T14:31:19+00:00\",\"breadcrumb\":{\"@id\":\"https:\/\/www.matildevicenzi.com\/es\/grupo\/la-empresa\/#breadcrumb\"},\"inLanguage\":\"es\",\"potentialAction\":[{\"@type\":\"ReadAction\",\"target\":[\"https:\/\/www.matildevicenzi.com\/es\/grupo\/la-empresa\/\"]}]},{\"@type\":\"ImageObject\",\"inLanguage\":\"es\",\"@id\":\"https:\/\/www.matildevicenzi.com\/es\/grupo\/la-empresa\/#primaryimage\",\"url\":\"https:\/\/www.matildevicenzi.com\/es\/wp-content\/uploads\/sites\/17\/2023\/02\/empresa.jpg\",\"contentUrl\":\"https:\/\/www.matildevicenzi.com\/es\/wp-content\/uploads\/sites\/17\/2023\/02\/empresa.jpg\",\"width\":600,\"height\":600},{\"@type\":\"BreadcrumbList\",\"@id\":\"https:\/\/www.matildevicenzi.com\/es\/grupo\/la-empresa\/#breadcrumb\",\"itemListElement\":[{\"@type\":\"ListItem\",\"position\":1,\"name\":\"Home\",\"item\":\"https:\/\/www.matildevicenzi.com\/es\/\"},{\"@type\":\"ListItem\",\"position\":2,\"name\":\"Grupo\",\"item\":\"https:\/\/www.matildevicenzi.com\/es\/grupo\/\"},{\"@type\":\"ListItem\",\"position\":3,\"name\":\"La Empresa\"}]},{\"@type\":\"WebSite\",\"@id\":\"https:\/\/www.matildevicenzi.com\/es\/#website\",\"url\":\"https:\/\/www.matildevicenzi.com\/es\/\",\"name\":\"Matilde Vicenzi S.p.A.\",\"description\":\"Pasteler\u00eda fina italiana desde 1905\",\"publisher\":{\"@id\":\"https:\/\/www.matildevicenzi.com\/es\/#organization\"},\"potentialAction\":[{\"@type\":\"SearchAction\",\"target\":{\"@type\":\"EntryPoint\",\"urlTemplate\":\"https:\/\/www.matildevicenzi.com\/es\/?s={search_term_string}\"},\"query-input\":{\"@type\":\"PropertyValueSpecification\",\"valueRequired\":true,\"valueName\":\"search_term_string\"}}],\"inLanguage\":\"es\"},{\"@type\":\"Organization\",\"@id\":\"https:\/\/www.matildevicenzi.com\/es\/#organization\",\"name\":\"Matilde Vicenzi S.p.A.\",\"url\":\"https:\/\/www.matildevicenzi.com\/es\/\",\"logo\":{\"@type\":\"ImageObject\",\"inLanguage\":\"es\",\"@id\":\"https:\/\/www.matildevicenzi.com\/es\/#\/schema\/logo\/image\/\",\"url\":\"https:\/\/www.matildevicenzi.com\/es\/wp-content\/uploads\/sites\/17\/2023\/06\/matilde_logo_new.png\",\"contentUrl\":\"https:\/\/www.matildevicenzi.com\/es\/wp-content\/uploads\/sites\/17\/2023\/06\/matilde_logo_new.png\",\"width\":606,\"height\":606,\"caption\":\"Matilde Vicenzi S.p.A.\"},\"image\":{\"@id\":\"https:\/\/www.matildevicenzi.com\/es\/#\/schema\/logo\/image\/\"}}]}<\/script>\n<!-- \/ Yoast SEO plugin. -->","yoast_head_json":{"title":"La Empresa - Matilde Vicenzi S.p.A.","robots":{"index":"index","follow":"follow","max-snippet":"max-snippet:-1","max-image-preview":"max-image-preview:large","max-video-preview":"max-video-preview:-1"},"canonical":"https:\/\/www.matildevicenzi.com\/es\/grupo\/la-empresa\/","og_locale":"es_ES","og_type":"article","og_title":"La Empresa - Matilde Vicenzi S.p.A.","og_description":"Estructura de la empresa El Grupo Vicenzi incluye\u00a0tres marcas de excelencia: Matilde Vicenzi, basada en la identidad y la tradici\u00f3n italianas,\u00a0Grisb\u00ec, la indulgencia y el placer de la pastaflora rellena de aterciopelada crema, y\u00a0Mr. Day, que, gracias a la sencillez de su delicioso bizcocho, destaca en el gran escenario competitivo del mercado de la boller\u00eda [&hellip;]","og_url":"https:\/\/www.matildevicenzi.com\/es\/grupo\/la-empresa\/","og_site_name":"Matilde Vicenzi S.p.A.","article_modified_time":"2023-05-08T14:31:19+00:00","og_image":[{"url":"https:\/\/www.matildevicenzi.com\/es\/wp-content\/uploads\/sites\/17\/2023\/02\/empresa.jpg","type":"","width":"","height":""}],"twitter_card":"summary_large_image","twitter_misc":{"Tiempo de lectura":"3 minutos"},"schema":{"@context":"https:\/\/schema.org","@graph":[{"@type":"WebPage","@id":"https:\/\/www.matildevicenzi.com\/es\/grupo\/la-empresa\/","url":"https:\/\/www.matildevicenzi.com\/es\/grupo\/la-empresa\/","name":"La Empresa - Matilde Vicenzi S.p.A.","isPartOf":{"@id":"https:\/\/www.matildevicenzi.com\/es\/#website"},"primaryImageOfPage":{"@id":"https:\/\/www.matildevicenzi.com\/es\/grupo\/la-empresa\/#primaryimage"},"image":{"@id":"https:\/\/www.matildevicenzi.com\/es\/grupo\/la-empresa\/#primaryimage"},"thumbnailUrl":"https:\/\/www.matildevicenzi.com\/es\/wp-content\/uploads\/sites\/17\/2023\/02\/empresa.jpg","datePublished":"2020-11-24T07:17:25+00:00","dateModified":"2023-05-08T14:31:19+00:00","breadcrumb":{"@id":"https:\/\/www.matildevicenzi.com\/es\/grupo\/la-empresa\/#breadcrumb"},"inLanguage":"es","potentialAction":[{"@type":"ReadAction","target":["https:\/\/www.matildevicenzi.com\/es\/grupo\/la-empresa\/"]}]},{"@type":"ImageObject","inLanguage":"es","@id":"https:\/\/www.matildevicenzi.com\/es\/grupo\/la-empresa\/#primaryimage","url":"https:\/\/www.matildevicenzi.com\/es\/wp-content\/uploads\/sites\/17\/2023\/02\/empresa.jpg","contentUrl":"https:\/\/www.matildevicenzi.com\/es\/wp-content\/uploads\/sites\/17\/2023\/02\/empresa.jpg","width":600,"height":600},{"@type":"BreadcrumbList","@id":"https:\/\/www.matildevicenzi.com\/es\/grupo\/la-empresa\/#breadcrumb","itemListElement":[{"@type":"ListItem","position":1,"name":"Home","item":"https:\/\/www.matildevicenzi.com\/es\/"},{"@type":"ListItem","position":2,"name":"Grupo","item":"https:\/\/www.matildevicenzi.com\/es\/grupo\/"},{"@type":"ListItem","position":3,"name":"La Empresa"}]},{"@type":"WebSite","@id":"https:\/\/www.matildevicenzi.com\/es\/#website","url":"https:\/\/www.matildevicenzi.com\/es\/","name":"Matilde Vicenzi S.p.A.","description":"Pasteler\u00eda fina italiana desde 1905","publisher":{"@id":"https:\/\/www.matildevicenzi.com\/es\/#organization"},"potentialAction":[{"@type":"SearchAction","target":{"@type":"EntryPoint","urlTemplate":"https:\/\/www.matildevicenzi.com\/es\/?s={search_term_string}"},"query-input":{"@type":"PropertyValueSpecification","valueRequired":true,"valueName":"search_term_string"}}],"inLanguage":"es"},{"@type":"Organization","@id":"https:\/\/www.matildevicenzi.com\/es\/#organization","name":"Matilde Vicenzi S.p.A.","url":"https:\/\/www.matildevicenzi.com\/es\/","logo":{"@type":"ImageObject","inLanguage":"es","@id":"https:\/\/www.matildevicenzi.com\/es\/#\/schema\/logo\/image\/","url":"https:\/\/www.matildevicenzi.com\/es\/wp-content\/uploads\/sites\/17\/2023\/06\/matilde_logo_new.png","contentUrl":"https:\/\/www.matildevicenzi.com\/es\/wp-content\/uploads\/sites\/17\/2023\/06\/matilde_logo_new.png","width":606,"height":606,"caption":"Matilde Vicenzi S.p.A."},"image":{"@id":"https:\/\/www.matildevicenzi.com\/es\/#\/schema\/logo\/image\/"}}]}},"_links":{"self":[{"href":"https:\/\/www.matildevicenzi.com\/es\/wp-json\/wp\/v2\/pages\/7252","targetHints":{"allow":["GET"]}}],"collection":[{"href":"https:\/\/www.matildevicenzi.com\/es\/wp-json\/wp\/v2\/pages"}],"about":[{"href":"https:\/\/www.matildevicenzi.com\/es\/wp-json\/wp\/v2\/types\/page"}],"author":[{"embeddable":true,"href":"https:\/\/www.matildevicenzi.com\/es\/wp-json\/wp\/v2\/users\/1"}],"replies":[{"embeddable":true,"href":"https:\/\/www.matildevicenzi.com\/es\/wp-json\/wp\/v2\/comments?post=7252"}],"version-history":[{"count":96,"href":"https:\/\/www.matildevicenzi.com\/es\/wp-json\/wp\/v2\/pages\/7252\/revisions"}],"predecessor-version":[{"id":41476,"href":"https:\/\/www.matildevicenzi.com\/es\/wp-json\/wp\/v2\/pages\/7252\/revisions\/41476"}],"up":[{"embeddable":true,"href":"https:\/\/www.matildevicenzi.com\/es\/wp-json\/wp\/v2\/pages\/7721"}],"wp:attachment":[{"href":"https:\/\/www.matildevicenzi.com\/es\/wp-json\/wp\/v2\/media?parent=7252"}],"curies":[{"name":"wp","href":"https:\/\/api.w.org\/{rel}","templated":true}]}}