{"id":7517,"date":"2020-12-10T08:46:10","date_gmt":"2020-12-10T08:46:10","guid":{"rendered":"http:\/\/matilde.kina.it\/?page_id=7517"},"modified":"2024-06-27T08:09:28","modified_gmt":"2024-06-27T08:09:28","slug":"certifications","status":"publish","type":"page","link":"https:\/\/www.matildevicenzi.com\/es\/grupo\/certificaciones\/","title":{"rendered":"Certificaciones"},"content":{"rendered":"<p style=\"text-align: center;\">Todos los productos del Grupo Vicenzi son de <strong>producci\u00f3n italiana<\/strong> siguiendo determinados procesos de elaboraci\u00f3n \u2014de la masa a la cocci\u00f3n y al envasado\u2014 basados en pautas de calidad.<\/p>\n<p style=\"text-align: center;\">Para ello, las tres instalaciones del Grupo han implementado unos\u00a0<strong>sistemas de control de calidad (ISO 9001)<\/strong> y, relativamente a la seguridad de los productos alimenticios, obtuvieron\u00a0la <strong>certificaci\u00f3n global de seguridad alimentaria (BRC)<\/strong>\u00a0y la\u00a0<strong>certificaci\u00f3n internacional de seguridad alimentaria (IFS)<\/strong>.<\/p>\n<p style=\"text-align: center;\">Asimismo, el Grupo dispone de certificaciones Halal, Kosher y Sin gluten.<\/p>\n<p>\t\t\t\t\t\t\t\t\t\t\t\t<img decoding=\"async\" width=\"510\" height=\"486\" src=\"https:\/\/www.matildevicenzi.com\/es\/wp-content\/uploads\/sites\/17\/2023\/11\/iso9001.jpg\" alt=\"\" loading=\"lazy\" \/><br \/>\n\t\t\t<a href=\"https:\/\/www.matildevicenzi.com\/es\/wp-content\/uploads\/2021\/12\/ISO-9001-matilde-vicenzi.pdf\" role=\"button\"><br \/>\n\t\t\t\t\t\tISO 9001:2015<br \/>\n\t\t\t\t\t<\/a><br \/>\n\t\t\t\t\t\t\t\t\t\t\t\t<img decoding=\"async\" width=\"640\" height=\"482\" src=\"https:\/\/www.matildevicenzi.com\/es\/wp-content\/uploads\/sites\/17\/2021\/02\/BRCGS_CERT_FOOD_LOGO_RGB-640x482.jpg\" alt=\"\" loading=\"lazy\" srcset=\"https:\/\/www.matildevicenzi.com\/es\/wp-content\/uploads\/sites\/17\/2021\/02\/BRCGS_CERT_FOOD_LOGO_RGB-640x482.jpg 640w, https:\/\/www.matildevicenzi.com\/es\/wp-content\/uploads\/sites\/17\/2021\/02\/BRCGS_CERT_FOOD_LOGO_RGB.jpg 690w\" sizes=\"auto, (max-width: 640px) 100vw, 640px\" \/><br \/>\n\t\t\t<a href=\"https:\/\/www.matildevicenzi.com\/es\/wp-content\/uploads\/sites\/17\/2024\/05\/SGL-2024-BRC-certificate.pdf\" role=\"button\"><br \/>\n\t\t\t\t\t\tCertificaci\u00f3n BRC - Instalaci\u00f3n de S.G. Lupatoto<br \/>\n\t\t\t\t\t<\/a><br \/>\n\t\t\t<a href=\"https:\/\/www.matildevicenzi.com\/es\/wp-content\/uploads\/sites\/17\/2023\/05\/BOV-2023-BRC-certificate.pdf\" role=\"button\"><br \/>\n\t\t\t\t\t\tCertificaci\u00f3n BRC - Instalaci\u00f3n de Bovolone<br \/>\n\t\t\t\t\t<\/a><br \/>\n\t\t\t\t\t\t\t\t\t\t\t\t<img decoding=\"async\" width=\"250\" height=\"250\" src=\"https:\/\/www.matildevicenzi.com\/es\/wp-content\/uploads\/sites\/17\/2020\/12\/IFS-logo-1.jpg\" alt=\"\" loading=\"lazy\" srcset=\"https:\/\/www.matildevicenzi.com\/es\/wp-content\/uploads\/sites\/17\/2020\/12\/IFS-logo-1.jpg 250w, https:\/\/www.matildevicenzi.com\/es\/wp-content\/uploads\/sites\/17\/2020\/12\/IFS-logo-1-160x160.jpg 160w\" sizes=\"auto, (max-width: 250px) 100vw, 250px\" \/><br \/>\n\t\t\t<a href=\"https:\/\/www.matildevicenzi.com\/es\/wp-content\/uploads\/sites\/17\/2024\/05\/SGL-2024-IFS-certificate.pdf\" role=\"button\"><br \/>\n\t\t\t\t\t\tCertificaci\u00f3n IFS - Instalaci\u00f3n de S.G. Lupatoto<br \/>\n\t\t\t\t\t<\/a><br \/>\n\t\t\t<a href=\"https:\/\/www.matildevicenzi.com\/es\/wp-content\/uploads\/sites\/17\/2023\/05\/BOV-2023-IFS-certificate.pdf\" role=\"button\"><br \/>\n\t\t\t\t\t\tCertificaci\u00f3n IFS - Instalaci\u00f3n de Bovolone<br \/>\n\t\t\t\t\t<\/a><br \/>\n\t\t\t<a href=\"https:\/\/www.matildevicenzi.com\/es\/wp-content\/uploads\/sites\/17\/2023\/06\/NUSCO-2023_IFS-certificato.pdf\" role=\"button\"><br \/>\n\t\t\t\t\t\tCertificaci\u00f3n IFS - Instalaci\u00f3n de Nusco<br \/>\n\t\t\t\t\t<\/a><br \/>\n\t\t\t\t\t\t\t\t\t\t\t\t<img decoding=\"async\" width=\"1280\" height=\"1024\" src=\"https:\/\/www.matildevicenzi.com\/es\/wp-content\/uploads\/sites\/17\/2024\/06\/OU-bodycopy-logo-1280x1024.jpg\" alt=\"\" loading=\"lazy\" srcset=\"https:\/\/www.matildevicenzi.com\/es\/wp-content\/uploads\/sites\/17\/2024\/06\/OU-bodycopy-logo-1280x1024.jpg 1280w, https:\/\/www.matildevicenzi.com\/es\/wp-content\/uploads\/sites\/17\/2024\/06\/OU-bodycopy-logo-640x512.jpg 640w, https:\/\/www.matildevicenzi.com\/es\/wp-content\/uploads\/sites\/17\/2024\/06\/OU-bodycopy-logo-768x614.jpg 768w, https:\/\/www.matildevicenzi.com\/es\/wp-content\/uploads\/sites\/17\/2024\/06\/OU-bodycopy-logo.jpg 1500w\" sizes=\"auto, (max-width: 1280px) 100vw, 1280px\" \/><br \/>\n\t\t\t<a href=\"https:\/\/www.matildevicenzi.com\/es\/wp-content\/uploads\/sites\/17\/2024\/03\/kosher-2024.pdf\" role=\"button\"><br \/>\n\t\t\t\t\t\tCertificaci\u00f3n Kosher<br \/>\n\t\t\t\t\t<\/a><br \/>\n\t\t\t\t\t\t\t\t\t\t\t\t<img decoding=\"async\" width=\"300\" height=\"300\" src=\"https:\/\/www.matildevicenzi.com\/es\/wp-content\/uploads\/sites\/17\/2021\/12\/halal.png\" alt=\"\" loading=\"lazy\" srcset=\"https:\/\/www.matildevicenzi.com\/es\/wp-content\/uploads\/sites\/17\/2021\/12\/halal.png 300w, https:\/\/www.matildevicenzi.com\/es\/wp-content\/uploads\/sites\/17\/2021\/12\/halal-160x160.png 160w\" sizes=\"auto, (max-width: 300px) 100vw, 300px\" \/>\t\t\t\t\t\t\t\t\t\t\t\t\t\t<\/p>\n<p>*Con la excepci\u00f3n de los saboyanos<\/p>\n<p>\t\t\t<a href=\"https:\/\/www.matildevicenzi.com\/wp-content\/uploads\/halal-cert-2023-web.pdf\" role=\"button\"><br \/>\n\t\t\t\t\t\tCertificaci\u00f3n Halal - Instalaci\u00f3n de S.G. Lupatoto*<br \/>\n\t\t\t\t\t<\/a><br \/>\n\t\t\t\t\t\t\t\t\t\t\t\t<img decoding=\"async\" width=\"250\" height=\"250\" src=\"https:\/\/www.matildevicenzi.com\/es\/wp-content\/uploads\/sites\/17\/2020\/12\/Gluten-free_logo-1.jpg\" alt=\"\" loading=\"lazy\" srcset=\"https:\/\/www.matildevicenzi.com\/es\/wp-content\/uploads\/sites\/17\/2020\/12\/Gluten-free_logo-1.jpg 250w, https:\/\/www.matildevicenzi.com\/es\/wp-content\/uploads\/sites\/17\/2020\/12\/Gluten-free_logo-1-160x160.jpg 160w\" sizes=\"auto, (max-width: 250px) 100vw, 250px\" \/><br \/>\n\t\t\t<a href=\"https:\/\/www.matildevicenzi.com\/es\/wp-content\/uploads\/sites\/17\/2023\/08\/Gluten-free-certificate-2023.pdf\" role=\"button\"><br \/>\n\t\t\t\t\t\tCertificaci\u00f3n Sin gluten<br \/>\n\t\t\t\t\t<\/a><\/p>\n<p style=\"text-align: center;\">Los productos estrella de Vicenzi, como los <strong>saboyanos \u201cVicenzovo\u201d y las galletas \u201cAmaretto d\u2019Italia\u201d<\/strong>, est\u00e1n elaborados con el m\u00e1ximo cuidado y atenci\u00f3n, ya desde la selecci\u00f3n de las materias primas. Por consiguiente, han sido <strong>certificados como productos de \u201calta calidad\u201d<\/strong> que cumplen con las prescripciones vigentes (D. M. 22\/07\/2005).<\/p>\n<p style=\"text-align: center;\">La estandarizaci\u00f3n de los procesos de producci\u00f3n, con el uso de sistemas automatizados, asegura en cada fase un alto est\u00e1ndar de calidad.<\/p>\n<p style=\"text-align: center;\"><em>\u201cTodas las instalaciones est\u00e1n certificadas a nivel internacional\u201d.<\/em><\/p>\n<p style=\"text-align: center;\"><em>\u00a0<\/em><\/p>\n<h2>\u00bfOGM? No, gracias.<\/h2>\n<h3>Vicenzi utiliza solo materias primas no modificadas gen\u00e9ticamente.<\/h3>\n<p>Si no es posible garantizar fuentes de suministro no transg\u00e9nicas, la pol\u00edtica de sostenibilidad del Grupo exige absolutamente la sustituci\u00f3n del ingrediente. Este principio es el que est\u00e1 detr\u00e1s de numerosas decisiones importantes, como el uso de <strong>leticina de girasol<\/strong>\u00a0en lugar de <strong>leticina de soja<\/strong>.<\/p>\n","protected":false},"excerpt":{"rendered":"<p>Todos los productos del Grupo Vicenzi son de producci\u00f3n italiana siguiendo determinados procesos de elaboraci\u00f3n \u2014de la masa a la cocci\u00f3n y al envasado\u2014 basados en pautas de calidad. Para ello, las tres instalaciones del Grupo han implementado unos\u00a0sistemas de control de calidad (ISO 9001) y, relativamente a la seguridad de los productos alimenticios, obtuvieron\u00a0la [&hellip;]<\/p>\n","protected":false},"author":1,"featured_media":0,"parent":7721,"menu_order":0,"comment_status":"closed","ping_status":"closed","template":"","meta":{"_acf_changed":false,"inline_featured_image":false,"footnotes":""},"class_list":["post-7517","page","type-page","status-publish","hentry"],"acf":[],"yoast_head":"<!-- This site is optimized with the Yoast SEO plugin v26.2 - https:\/\/yoast.com\/wordpress\/plugins\/seo\/ -->\n<title>Certificaciones Matilde Vicenzi Group - Matilde Vicenzi S.p.A.<\/title>\n<meta name=\"description\" content=\"All Vicenzi Group products are made in Italy according to specific manufacturing processes based on the principles of quality.\" \/>\n<meta name=\"robots\" content=\"index, follow, max-snippet:-1, max-image-preview:large, max-video-preview:-1\" \/>\n<link rel=\"canonical\" href=\"https:\/\/www.matildevicenzi.com\/es\/grupo\/certificaciones\/\" \/>\n<meta property=\"og:locale\" content=\"es_ES\" \/>\n<meta property=\"og:type\" content=\"article\" \/>\n<meta property=\"og:title\" content=\"Certificaciones Matilde Vicenzi Group - Matilde Vicenzi S.p.A.\" \/>\n<meta property=\"og:description\" content=\"All Vicenzi Group products are made in Italy according to specific manufacturing processes based on the principles of quality.\" \/>\n<meta property=\"og:url\" content=\"https:\/\/www.matildevicenzi.com\/es\/grupo\/certificaciones\/\" \/>\n<meta property=\"og:site_name\" content=\"Matilde Vicenzi S.p.A.\" \/>\n<meta property=\"article:modified_time\" content=\"2024-06-27T08:09:28+00:00\" \/>\n<meta property=\"og:image\" content=\"https:\/\/www.matildevicenzi.com\/es\/wp-content\/uploads\/sites\/17\/2023\/11\/iso9001.jpg\" \/>\n<meta name=\"twitter:card\" content=\"summary_large_image\" \/>\n<meta name=\"twitter:label1\" content=\"Tiempo de lectura\" \/>\n\t<meta name=\"twitter:data1\" content=\"3 minutos\" \/>\n<script type=\"application\/ld+json\" class=\"yoast-schema-graph\">{\"@context\":\"https:\/\/schema.org\",\"@graph\":[{\"@type\":\"WebPage\",\"@id\":\"https:\/\/www.matildevicenzi.com\/es\/grupo\/certificaciones\/\",\"url\":\"https:\/\/www.matildevicenzi.com\/es\/grupo\/certificaciones\/\",\"name\":\"Certificaciones Matilde Vicenzi Group - Matilde Vicenzi S.p.A.\",\"isPartOf\":{\"@id\":\"https:\/\/www.matildevicenzi.com\/es\/#website\"},\"primaryImageOfPage\":{\"@id\":\"https:\/\/www.matildevicenzi.com\/es\/grupo\/certificaciones\/#primaryimage\"},\"image\":{\"@id\":\"https:\/\/www.matildevicenzi.com\/es\/grupo\/certificaciones\/#primaryimage\"},\"thumbnailUrl\":\"https:\/\/www.matildevicenzi.com\/es\/wp-content\/uploads\/sites\/17\/2023\/11\/iso9001.jpg\",\"datePublished\":\"2020-12-10T08:46:10+00:00\",\"dateModified\":\"2024-06-27T08:09:28+00:00\",\"description\":\"All Vicenzi Group products are made in Italy according to specific manufacturing processes based on the principles of quality.\",\"breadcrumb\":{\"@id\":\"https:\/\/www.matildevicenzi.com\/es\/grupo\/certificaciones\/#breadcrumb\"},\"inLanguage\":\"es\",\"potentialAction\":[{\"@type\":\"ReadAction\",\"target\":[\"https:\/\/www.matildevicenzi.com\/es\/grupo\/certificaciones\/\"]}]},{\"@type\":\"ImageObject\",\"inLanguage\":\"es\",\"@id\":\"https:\/\/www.matildevicenzi.com\/es\/grupo\/certificaciones\/#primaryimage\",\"url\":\"https:\/\/www.matildevicenzi.com\/es\/wp-content\/uploads\/sites\/17\/2023\/11\/iso9001.jpg\",\"contentUrl\":\"https:\/\/www.matildevicenzi.com\/es\/wp-content\/uploads\/sites\/17\/2023\/11\/iso9001.jpg\",\"width\":510,\"height\":486},{\"@type\":\"BreadcrumbList\",\"@id\":\"https:\/\/www.matildevicenzi.com\/es\/grupo\/certificaciones\/#breadcrumb\",\"itemListElement\":[{\"@type\":\"ListItem\",\"position\":1,\"name\":\"Home\",\"item\":\"https:\/\/www.matildevicenzi.com\/es\/\"},{\"@type\":\"ListItem\",\"position\":2,\"name\":\"Grupo\",\"item\":\"https:\/\/www.matildevicenzi.com\/es\/grupo\/\"},{\"@type\":\"ListItem\",\"position\":3,\"name\":\"Certificaciones\"}]},{\"@type\":\"WebSite\",\"@id\":\"https:\/\/www.matildevicenzi.com\/es\/#website\",\"url\":\"https:\/\/www.matildevicenzi.com\/es\/\",\"name\":\"Matilde Vicenzi S.p.A.\",\"description\":\"Pasteler\u00eda fina italiana desde 1905\",\"publisher\":{\"@id\":\"https:\/\/www.matildevicenzi.com\/es\/#organization\"},\"potentialAction\":[{\"@type\":\"SearchAction\",\"target\":{\"@type\":\"EntryPoint\",\"urlTemplate\":\"https:\/\/www.matildevicenzi.com\/es\/?s={search_term_string}\"},\"query-input\":{\"@type\":\"PropertyValueSpecification\",\"valueRequired\":true,\"valueName\":\"search_term_string\"}}],\"inLanguage\":\"es\"},{\"@type\":\"Organization\",\"@id\":\"https:\/\/www.matildevicenzi.com\/es\/#organization\",\"name\":\"Matilde Vicenzi S.p.A.\",\"url\":\"https:\/\/www.matildevicenzi.com\/es\/\",\"logo\":{\"@type\":\"ImageObject\",\"inLanguage\":\"es\",\"@id\":\"https:\/\/www.matildevicenzi.com\/es\/#\/schema\/logo\/image\/\",\"url\":\"https:\/\/www.matildevicenzi.com\/es\/wp-content\/uploads\/sites\/17\/2023\/06\/matilde_logo_new.png\",\"contentUrl\":\"https:\/\/www.matildevicenzi.com\/es\/wp-content\/uploads\/sites\/17\/2023\/06\/matilde_logo_new.png\",\"width\":606,\"height\":606,\"caption\":\"Matilde Vicenzi S.p.A.\"},\"image\":{\"@id\":\"https:\/\/www.matildevicenzi.com\/es\/#\/schema\/logo\/image\/\"}}]}<\/script>\n<!-- \/ Yoast SEO plugin. -->","yoast_head_json":{"title":"Certificaciones Matilde Vicenzi Group - Matilde Vicenzi S.p.A.","description":"All Vicenzi Group products are made in Italy according to specific manufacturing processes based on the principles of quality.","robots":{"index":"index","follow":"follow","max-snippet":"max-snippet:-1","max-image-preview":"max-image-preview:large","max-video-preview":"max-video-preview:-1"},"canonical":"https:\/\/www.matildevicenzi.com\/es\/grupo\/certificaciones\/","og_locale":"es_ES","og_type":"article","og_title":"Certificaciones Matilde Vicenzi Group - Matilde Vicenzi S.p.A.","og_description":"All Vicenzi Group products are made in Italy according to specific manufacturing processes based on the principles of quality.","og_url":"https:\/\/www.matildevicenzi.com\/es\/grupo\/certificaciones\/","og_site_name":"Matilde Vicenzi S.p.A.","article_modified_time":"2024-06-27T08:09:28+00:00","og_image":[{"url":"https:\/\/www.matildevicenzi.com\/es\/wp-content\/uploads\/sites\/17\/2023\/11\/iso9001.jpg","type":"","width":"","height":""}],"twitter_card":"summary_large_image","twitter_misc":{"Tiempo de lectura":"3 minutos"},"schema":{"@context":"https:\/\/schema.org","@graph":[{"@type":"WebPage","@id":"https:\/\/www.matildevicenzi.com\/es\/grupo\/certificaciones\/","url":"https:\/\/www.matildevicenzi.com\/es\/grupo\/certificaciones\/","name":"Certificaciones Matilde Vicenzi Group - Matilde Vicenzi S.p.A.","isPartOf":{"@id":"https:\/\/www.matildevicenzi.com\/es\/#website"},"primaryImageOfPage":{"@id":"https:\/\/www.matildevicenzi.com\/es\/grupo\/certificaciones\/#primaryimage"},"image":{"@id":"https:\/\/www.matildevicenzi.com\/es\/grupo\/certificaciones\/#primaryimage"},"thumbnailUrl":"https:\/\/www.matildevicenzi.com\/es\/wp-content\/uploads\/sites\/17\/2023\/11\/iso9001.jpg","datePublished":"2020-12-10T08:46:10+00:00","dateModified":"2024-06-27T08:09:28+00:00","description":"All Vicenzi Group products are made in Italy according to specific manufacturing processes based on the principles of quality.","breadcrumb":{"@id":"https:\/\/www.matildevicenzi.com\/es\/grupo\/certificaciones\/#breadcrumb"},"inLanguage":"es","potentialAction":[{"@type":"ReadAction","target":["https:\/\/www.matildevicenzi.com\/es\/grupo\/certificaciones\/"]}]},{"@type":"ImageObject","inLanguage":"es","@id":"https:\/\/www.matildevicenzi.com\/es\/grupo\/certificaciones\/#primaryimage","url":"https:\/\/www.matildevicenzi.com\/es\/wp-content\/uploads\/sites\/17\/2023\/11\/iso9001.jpg","contentUrl":"https:\/\/www.matildevicenzi.com\/es\/wp-content\/uploads\/sites\/17\/2023\/11\/iso9001.jpg","width":510,"height":486},{"@type":"BreadcrumbList","@id":"https:\/\/www.matildevicenzi.com\/es\/grupo\/certificaciones\/#breadcrumb","itemListElement":[{"@type":"ListItem","position":1,"name":"Home","item":"https:\/\/www.matildevicenzi.com\/es\/"},{"@type":"ListItem","position":2,"name":"Grupo","item":"https:\/\/www.matildevicenzi.com\/es\/grupo\/"},{"@type":"ListItem","position":3,"name":"Certificaciones"}]},{"@type":"WebSite","@id":"https:\/\/www.matildevicenzi.com\/es\/#website","url":"https:\/\/www.matildevicenzi.com\/es\/","name":"Matilde Vicenzi S.p.A.","description":"Pasteler\u00eda fina italiana desde 1905","publisher":{"@id":"https:\/\/www.matildevicenzi.com\/es\/#organization"},"potentialAction":[{"@type":"SearchAction","target":{"@type":"EntryPoint","urlTemplate":"https:\/\/www.matildevicenzi.com\/es\/?s={search_term_string}"},"query-input":{"@type":"PropertyValueSpecification","valueRequired":true,"valueName":"search_term_string"}}],"inLanguage":"es"},{"@type":"Organization","@id":"https:\/\/www.matildevicenzi.com\/es\/#organization","name":"Matilde Vicenzi S.p.A.","url":"https:\/\/www.matildevicenzi.com\/es\/","logo":{"@type":"ImageObject","inLanguage":"es","@id":"https:\/\/www.matildevicenzi.com\/es\/#\/schema\/logo\/image\/","url":"https:\/\/www.matildevicenzi.com\/es\/wp-content\/uploads\/sites\/17\/2023\/06\/matilde_logo_new.png","contentUrl":"https:\/\/www.matildevicenzi.com\/es\/wp-content\/uploads\/sites\/17\/2023\/06\/matilde_logo_new.png","width":606,"height":606,"caption":"Matilde Vicenzi S.p.A."},"image":{"@id":"https:\/\/www.matildevicenzi.com\/es\/#\/schema\/logo\/image\/"}}]}},"_links":{"self":[{"href":"https:\/\/www.matildevicenzi.com\/es\/wp-json\/wp\/v2\/pages\/7517","targetHints":{"allow":["GET"]}}],"collection":[{"href":"https:\/\/www.matildevicenzi.com\/es\/wp-json\/wp\/v2\/pages"}],"about":[{"href":"https:\/\/www.matildevicenzi.com\/es\/wp-json\/wp\/v2\/types\/page"}],"author":[{"embeddable":true,"href":"https:\/\/www.matildevicenzi.com\/es\/wp-json\/wp\/v2\/users\/1"}],"replies":[{"embeddable":true,"href":"https:\/\/www.matildevicenzi.com\/es\/wp-json\/wp\/v2\/comments?post=7517"}],"version-history":[{"count":179,"href":"https:\/\/www.matildevicenzi.com\/es\/wp-json\/wp\/v2\/pages\/7517\/revisions"}],"predecessor-version":[{"id":41480,"href":"https:\/\/www.matildevicenzi.com\/es\/wp-json\/wp\/v2\/pages\/7517\/revisions\/41480"}],"up":[{"embeddable":true,"href":"https:\/\/www.matildevicenzi.com\/es\/wp-json\/wp\/v2\/pages\/7721"}],"wp:attachment":[{"href":"https:\/\/www.matildevicenzi.com\/es\/wp-json\/wp\/v2\/media?parent=7517"}],"curies":[{"name":"wp","href":"https:\/\/api.w.org\/{rel}","templated":true}]}}