{"id":7679,"date":"2020-12-09T09:19:49","date_gmt":"2020-12-09T09:19:49","guid":{"rendered":"http:\/\/matilde.kina.it\/?page_id=7679"},"modified":"2024-07-24T13:14:42","modified_gmt":"2024-07-24T13:14:42","slug":"privacy-policy","status":"publish","type":"page","link":"https:\/\/www.matildevicenzi.com\/es\/politica-de-privacidad\/","title":{"rendered":"Pol\u00edtica de Privacidad\ufffc"},"content":{"rendered":"<h2>Pol\u00edtica de Privacidad<\/h2>\n<p><strong>Tratamiento de datos personales<\/strong><\/p>\n<p>Vicenzi S.p.A. (en adelante \u00abVicenzi\u00bb), en su calidad de Responsable del Tratamiento, le informa de que el acceso al sitio web y\/o el registro en las distintas secciones del mismo y\/o cualquier solicitud de informaci\u00f3n o servicios requiere el suministro de datos personales, que ser\u00e1n tratados en pleno cumplimiento del Reglamento Europeo 2016\/679 (en adelante \u00abRGPD\u00bb). Esta pol\u00edtica de privacidad permite a los usuarios conocer de antemano los m\u00e9todos de tratamiento necesarios para utilizar determinadas \u00e1reas del sitio web de Vicenzi S.p.A. (en adelante tambi\u00e9n denominado \u00abSitio Web\u00bb) y\/o suscribirse a la newsletter.<\/p>\n<p>De acuerdo con la citada Ley, el tratamiento de datos se basar\u00e1 en los principios de lealtad, licitud y transparencia, protegiendo su privacidad y sus derechos.<\/p>\n<p>La pol\u00edtica de privacidad solo es efectiva para este sitio web y no se extiende a otros sitios web que los usuarios puedan visitar a trav\u00e9s de enlaces externos.<\/p>\n<p><strong>Cambios a esta Pol\u00edtica de Privacidad<\/strong><\/p>\n<p>Vicenzi se reserva el derecho a realizar cambios en esta pol\u00edtica en cualquier momento, informando de ello a los usuarios en esta p\u00e1gina y\/o notific\u00e1ndolo por correo electr\u00f3nico si es posible. Por lo tanto, le rogamos que consulte esta p\u00e1gina con frecuencia, tomando como referencia la fecha de la actualizaci\u00f3n m\u00e1s reciente indicada en la parte inferior. En caso de que un usuario no acepte los cambios introducidos en esta Pol\u00edtica de Privacidad, deber\u00e1 dejar de utilizar esta plataforma, solicitando directamente al Responsable del Tratamiento la eliminaci\u00f3n de sus datos personales. A menos que se especifique lo contrario, la Pol\u00edtica de Privacidad anterior seguir\u00e1 aplic\u00e1ndose a los datos personales recogidos hasta ese momento.<\/p>\n<p><strong>Delegado de Protecci\u00f3n de Datos<\/strong><\/p>\n<p>Vicenzi S.p.A, de conformidad con el art. 37 del RGPD, design\u00f3 al responsable de la protecci\u00f3n de datos (RPD), con quien es posible contactar en la siguiente direcci\u00f3n de correo electr\u00f3nico: <a href=\"mailto:dpo@vicenzi.it\">dpo@vicenzi.it<\/a><\/p>\n<p><strong>Fines del tratamiento de datos y base jur\u00eddica<\/strong><\/p>\n<p>En funci\u00f3n de las necesidades expresadas en cada momento por el usuario que accede a las distintas secciones del Sitio Web (y a excepci\u00f3n de las normas especiales y los avisos informativos para operaciones individuales que impliquen el suministro de datos personales espec\u00edficos, publicados en cada momento en el Sitio Web), a continuaci\u00f3n se indican los fines del tratamiento de los datos personales, es decir, los datos personales proporcionados directamente por los usuarios rellenando formularios en l\u00ednea o utilizando enlaces para acceder directamente a la direcci\u00f3n de correo electr\u00f3nico relacionada con el servicio solicitado, o los datos personales adquiridos de forma autom\u00e1tica a trav\u00e9s de la navegaci\u00f3n (v\u00e9ase a continuaci\u00f3n la secci\u00f3n \u00abCategor\u00edas de datos personales sujetos a tratamiento\u00bb) (en adelante, \u00abDatos Personales\u00bb):<\/p>\n<ol>\n<li>Responder a solicitudes recibidas directamente (formulario web de \u00abcontacto\u00bb del Servicio de Atenci\u00f3n al Cliente); este tratamiento tambi\u00e9n puede implicar el env\u00edo de correos electr\u00f3nicos \u00abtransaccionales\u00bb, cuyo fin est\u00e1 relacionado con el procedimiento para confirmar que sus solicitudes han sido recibidas. Base legal del tratamiento: la ejecuci\u00f3n de medidas precontractuales (Art. 6(1)(b))<\/li>\n<li>Responder a las solicitudes de ofertas\/informaci\u00f3n relativas al suministro de productos vendidos por Vicenzi S.p.A.; este tratamiento puede implicar tambi\u00e9n el env\u00edo de correos electr\u00f3nicos \u00abtransaccionales\u00bb, cuyo fin est\u00e1 conectado con el procedimiento para confirmar que sus solicitudes han sido recibidas. Base legal del tratamiento: la ejecuci\u00f3n de medidas precontractuales y\/o contractuales (Art. 6(1)(b))<\/li>\n<li>Con el consentimiento del usuario y hasta que se retire dicho consentimiento, para llevar a cabo actividades de marketing relacionadas con los productos y servicios de la empresa abajo firmante, utilizando la direcci\u00f3n de correo electr\u00f3nico que se nos ha proporcionado (suscripci\u00f3n a la newsletter).\u00a0 Base legal del tratamiento: consentimiento (Art. 6(1)(a))<\/li>\n<li>La necesidad de confirmar, ejercer o defender un derecho ante los tribunales. Base legal del tratamiento: inter\u00e9s leg\u00edtimo (Art. 6(1)(f))<\/li>\n<li>Gestionar y cumplir las obligaciones legales (contables, administrativas, fiscales, etc.). Base legal del tratamiento: cumplimiento de una obligaci\u00f3n legal (Art. 6 (1)(c))<\/li>\n<\/ol>\n<p><strong>M\u00e9todos de tratamiento<\/strong><\/p>\n<p>Por tratamiento de datos se entiende cualquier operaci\u00f3n o conjunto de operaciones realizadas con o sin ayuda de medios electr\u00f3nicos o automatizados, relativas a la recogida, registro, organizaci\u00f3n, almacenamiento, tratamiento, modificaci\u00f3n, extracci\u00f3n, comparaci\u00f3n, utilizaci\u00f3n, divulgaci\u00f3n, difusi\u00f3n, interconexi\u00f3n, bloqueo, supresi\u00f3n, destrucci\u00f3n y selecci\u00f3n de datos.<\/p>\n<p>Los Datos Personales se tratar\u00e1n principalmente de forma automatizada, pero tambi\u00e9n en papel, con una l\u00f3gica estrictamente relacionada con los fines mencionados, utilizando las bases de datos y las plataformas electr\u00f3nicas gestionadas por el Responsable del Tratamiento o por terceros designados como Encargados del Tratamiento (para la lista actualizada, los usuarios pueden ponerse en contacto con el Responsable del Tratamiento en la direcci\u00f3n indicada) y\/o los sistemas inform\u00e1ticos integrados y\/o los sitios web de propiedad o utilizados por Vicenzi S.p.A. El Responsable del Tratamiento ha adoptado las medidas de seguridad t\u00e9cnicas y organizativas adecuadas para proteger a los usuarios contra el riesgo de p\u00e9rdida, abuso o alteraci\u00f3n de los datos.\u00a0 En particular, utiliza los protocolos de transmisi\u00f3n de datos protegidos conocidos como HTTPS. Adem\u00e1s, almacena los datos de los usuarios en servidores ubicados en Europa. Los servidores est\u00e1n sometidos a un avanzado sistema diario de copias de seguridad y recuperaci\u00f3n ante desastres.<\/p>\n<p><strong>Duraci\u00f3n del tratamiento<\/strong><\/p>\n<p>Los datos facilitados solo se almacenar\u00e1n durante el tiempo necesario para cumplir los fines para los que se tratan dichos datos personales, o durante un per\u00edodo m\u00e1s largo, para los fines permitidos por la ley, y en cualquier caso se eliminar\u00e1n sin dilaci\u00f3n indebida.<\/p>\n<p>Para fines relacionados con solicitudes de informaci\u00f3n: en relaci\u00f3n con el tipo de solicitud, durante el tiempo necesario para cumplir la obligaci\u00f3n legal de retenci\u00f3n de datos y\/o para cualquier otro requisito legal. Para solicitudes generales, un m\u00e1ximo de 12 meses. Para suscripciones a newsletters, un m\u00e1ximo de 24 meses a partir de la \u00faltima interacci\u00f3n (por ejemplo, cuando usted abre el correo electr\u00f3nico que contiene nuestra newsletter).<\/p>\n<p><strong>D\u00f3nde se tratan los datos<\/strong><\/p>\n<p>Los datos personales se tratan principalmente en la sede del Responsable del Tratamiento y\/o en los lugares donde se encuentran los Encargados del Tratamiento. Para obtener m\u00e1s informaci\u00f3n, los usuarios pueden ponerse en contacto con el Responsable del Tratamiento, tal y como se ha descrito anteriormente.<\/p>\n<p><strong>Naturaleza y m\u00e9todos de suministro de los Datos Personales<\/strong><\/p>\n<p>El suministro de datos personales es opcional; sin embargo, si no se proporcionan los datos ser\u00e1 imposible procesar su solicitud y\/o registrarse en la newsletter y\/o permitirle utilizar los servicios disponibles en el Sitio Web que requieren registro. Los Datos Personales pueden proporcionarse rellenando los campos correspondientes en las distintas secciones del Sitio Web o enviando solicitudes por correo electr\u00f3nico cuando sea necesario.<\/p>\n<p><strong>Categor\u00edas de Datos Personales sujetos a tratamiento<\/strong><\/p>\n<p>Adem\u00e1s de los Datos Personales proporcionados directamente por los usuarios (como nombre, apellidos, direcci\u00f3n, direcci\u00f3n de correo electr\u00f3nico, etc.), al conectarse al Sitio Web, los sistemas inform\u00e1ticos y los procedimientos de software utilizados para el funcionamiento del Sitio Web proporcionan y\/o adquieren, de forma autom\u00e1tica e indirecta, cierta informaci\u00f3n que podr\u00eda constituir Datos Personales, que se debe transmitir para utilizar los protocolos de comunicaci\u00f3n de Internet (incluyendo, pero sin limitarse a ello, las llamadas \u00abcookies\u00bb (como se especifica mejor m\u00e1s adelante), las direcciones \u00abIP\u00bb, los nombres de dominio de los ordenadores utilizados por quienes se conectan al Sitio Web, las direcciones \u00abURL\u00bb de los recursos solicitados, la hora de la solicitud al servidor, la navegaci\u00f3n en el Sitio Web.<\/p>\n<p><strong>Categor\u00edas de personas que pueden tener conocimiento de los Datos Personales de los usuarios<\/strong><\/p>\n<p>Los empleados o colaboradores del Responsable del Tratamiento pueden tener conocimiento de los Datos Personales. Estas personas, que act\u00faan bajo la autoridad directa del Responsable del Tratamiento, procesan los datos y son designados como Encargados del Tratamiento o personas autorizadas para tratar los datos de conformidad con los art\u00edculos 24-29 del Reg. Europeo 2016\/679.\u00a0 Los administradores del sistema tambi\u00e9n podr\u00e1n tener conocimiento de los Datos Personales y estas personas recibir\u00e1n las instrucciones operativas adecuadas al respecto por parte del Responsable del Tratamiento; lo mismo se har\u00e1 \u2013bajo la responsabilidad de los Encargados del Tratamiento designados por el Responsable del Tratamiento\u2013 respecto a los empleados o colaboradores de dichos Encargados del Tratamiento. Los Encargados del Tratamiento, designados por el Responsable del Tratamiento, pueden ser empresas terceras u otras partes que realizan actividades de subcontrataci\u00f3n en nombre de Vicenzi S.p.A.\u00a0 (por ejemplo, pero sin limitarse a ello, partes designadas para prestar servicios de asistencia, comunicaci\u00f3n, promoci\u00f3n y venta de productos y\/o servicios, proveedores de servicios inform\u00e1ticos, gestores y\/o desarrolladores de sitios web o de aplicaciones contenidas en ellos, gestores de plataformas electr\u00f3nicas, socios).<\/p>\n<p><strong>Alcance de la divulgaci\u00f3n o difusi\u00f3n de los Datos Personales de los usuarios<\/strong><\/p>\n<p>Los empleados o colaboradores del Responsable del Tratamiento pueden tener conocimiento de los Datos Personales; estas personas, que act\u00faan bajo la autoridad directa del Responsable del Tratamiento, procesan los datos y est\u00e1n autorizadas a hacerlo; los administradores del sistema tambi\u00e9n pueden tener conocimiento de los Datos Personales y recibir\u00e1n las instrucciones operativas adecuadas por parte del Responsable del Tratamiento.<\/p>\n<p>Los Datos Personales pueden ponerse en conocimiento tambi\u00e9n de los Encargados del Tratamiento designados por el Responsable del Tratamiento, as\u00ed como de empresas terceras u otras partes que realizan actividades de subcontrataci\u00f3n en nombre de Vicenzi S.p.A. (por ejemplo, pero sin limitarse a ello, partes designadas para prestar servicios de asistencia, comunicaci\u00f3n, promoci\u00f3n y venta de productos y\/o servicios, organizaci\u00f3n y gesti\u00f3n de concursos, proveedores de servicios inform\u00e1ticos, gestores y\/o desarrolladores de sitios web o de aplicaciones contenidas en ellos, gestores de plataformas electr\u00f3nicas, empresas de transportes, empresas de gesti\u00f3n del servicio de atenci\u00f3n al cliente).<\/p>\n<p><strong>Transferencia de Datos Personales de los usuarios fuera de la UE<\/strong><\/p>\n<p>El Responsable del Tratamiento puede transferir sus Datos Personales fuera del Espacio Econ\u00f3mico Europeo, en cuyo caso la transferencia ser\u00e1 llevada a cabo por el Responsable del Tratamiento sujeto a la elaboraci\u00f3n de Cl\u00e1usulas Contractuales Tipo con los proveedores de servidores y\/o servicios de acuerdo con las plantillas proporcionadas por la Comisi\u00f3n Europea.<\/p>\n<p><strong>Menores de edad<\/strong><\/p>\n<p>El sitio web no contiene pr\u00e1cticamente ninguna informaci\u00f3n dirigida directamente a menores.\u00a0 Los menores no deben proporcionar ninguna informaci\u00f3n o dato personal. Solo los adultos pueden participar en los concursos que puedan estar presentes en el sitio web.<\/p>\n<p><strong>Uso de cookies<\/strong><\/p>\n<p>La pol\u00edtica de cookies completa est\u00e1 disponible en el enlace \u00abPol\u00edtica de cookies\u00bb del sitio web.<\/p>\n<p><strong>Plugins de Redes Sociales<\/strong><\/p>\n<p>Este sitio web tambi\u00e9n cuenta con plugins y\/o botones que permiten compartir contenido en las redes sociales utilizadas por el visitante.\u00a0 Cuando usted visita una p\u00e1gina de nuestro sitio web que contiene un plugin, su navegador se conecta directamente a los servidores de la red social desde la que se carga el plugin, que puede rastrear su visita a nuestro sitio web y posiblemente tambi\u00e9n asociarla con su cuenta de la red social, especialmente si est\u00e1 conectado en el momento de su visita o si ha navegado recientemente por un sitio web que contiene plugins sociales. Si no desea que la red social registre datos sobre su visita a nuestro sitio web, debe cerrar la sesi\u00f3n de su cuenta de la red social y tambi\u00e9n le sugerimos que elimine las cookies que la red social ha instalado en su navegador (consulte tambi\u00e9n las instrucciones proporcionadas en nuestra pol\u00edtica de cookies).<\/p>\n<p>La recogida y el uso de la informaci\u00f3n por parte de dichos terceros se rigen por sus respectivas pol\u00edticas de privacidad, que le rogamos consulte.<\/p>\n<p><strong>Derechos de los usuarios<\/strong><\/p>\n<p>Los usuarios pueden ejercer sus derechos en virtud de los art\u00edculos 16 a 21 del Reg. Europeo 2016\/679 (Derecho de rectificaci\u00f3n, derecho de supresi\u00f3n, derecho a la limitaci\u00f3n del tratamiento, derecho a la portabilidad de los datos, derecho de oposici\u00f3n). Por \u00faltimo, los usuarios tambi\u00e9n pueden presentar una reclamaci\u00f3n ante la autoridad de protecci\u00f3n de datos <em>[en Italia:<\/em><em> Autorit\u00e0 Garante per la protezione dei dati personali<\/em>], si es necesario, o pueden ponerse en contacto con dicha autoridad para solicitar informaci\u00f3n sobre c\u00f3mo ejercer sus derechos en virtud del Reglamento Europeo 2016\/679. M\u00e1s concretamente:<\/p>\n<ul>\n<li>Derecho de acceso: a obtener confirmaci\u00f3n de si se est\u00e1n tratando o no datos personales que le conciernen y a obtener acceso a dichos datos y a informaci\u00f3n espec\u00edfica (por ejemplo, los fines del tratamiento, las categor\u00edas de datos de que se trate, los destinatarios a los que ser\u00e1n comunicados los datos);<\/li>\n<li>Derecho de rectificaci\u00f3n: a que se rectifiquen sin dilaci\u00f3n los datos inexactos que le conciernan. En este caso, el responsable del tratamiento estar\u00e1 obligado a notificar esta rectificaci\u00f3n a todos los destinatarios a los que se hayan enviado los datos, a menos que ello suponga un esfuerzo desproporcionado.<\/li>\n<li>Derecho de supresi\u00f3n: a obtener la supresi\u00f3n de los datos personales que le conciernan sin dilaci\u00f3n indebida y el responsable del tratamiento estar\u00e1 obligado a suprimir sin dilaci\u00f3n indebida los datos personales cuando concurran determinados motivos (por ejemplo, que los datos personales ya no sean necesarios en relaci\u00f3n con los fines para los que fueron recogidos; el interesado retire el consentimiento; los datos deban suprimirse para el cumplimiento de una obligaci\u00f3n legal).\u00a0 En este caso, el responsable del tratamiento estar\u00e1 obligado a notificar esta supresi\u00f3n a todos los destinatarios a los que se hayan enviado los datos, a menos que ello suponga un esfuerzo desproporcionado.<\/li>\n<li>Derecho a la limitaci\u00f3n del tratamiento: es posible obtener del responsable del tratamiento la limitaci\u00f3n del tratamiento, por ejemplo, permitiendo solo el almacenamiento y excluyendo cualquier otro uso, en determinadas circunstancias (por ejemplo, que el tratamiento sea il\u00edcito y el interesado se oponga a la supresi\u00f3n de los datos personales; que el interesado impugne la exactitud de los datos personales, durante un plazo que permita al responsable del tratamiento verificar la exactitud de los mismos, etc.). En este caso, el responsable del tratamiento estar\u00e1 obligado a notificar esta limitaci\u00f3n del tratamiento a todos los destinatarios a los que se hayan enviado los datos, a menos que ello suponga un esfuerzo desproporcionado.<\/li>\n<li>Derecho a la portabilidad de los datos: a que se le devuelvan los datos personales facilitados y a enviarlos a otros, o a solicitar que se env\u00eden de un responsable del tratamiento a otro, si es t\u00e9cnicamente posible.<\/li>\n<li>Derecho de oposici\u00f3n: a oponerse en cualquier momento al tratamiento con fines de inter\u00e9s p\u00fablico o inter\u00e9s leg\u00edtimo; con fines de mercadotecnia; con fines de investigaci\u00f3n cient\u00edfica, hist\u00f3rica o estad\u00edstica.<\/li>\n<\/ul>\n<p>Los interesados tambi\u00e9n pueden presentar una reclamaci\u00f3n ante la autoridad de protecci\u00f3n de datos <em>[en Italia:<\/em><em> \u2018Autorit\u00e0 Garante per la protezione dei dati personali\u2019]<\/em>:\u00a0<a href=\"http:\/\/www.garanteprivacy.it\/\">www.garanteprivacy.it<\/a>), si es necesario, o simplemente pueden ponerse en contacto con dicha autoridad para obtener informaci\u00f3n sobre c\u00f3mo ejercer sus derechos en virtud del Reg. 2016\/679 de la UE.<\/p>\n","protected":false},"excerpt":{"rendered":"<p>Pol\u00edtica de Privacidad Tratamiento de datos personales Vicenzi S.p.A. (en adelante \u00abVicenzi\u00bb), en su calidad de Responsable del Tratamiento, le informa de que el acceso al sitio web y\/o el registro en las distintas secciones del mismo y\/o cualquier solicitud de informaci\u00f3n o servicios requiere el suministro de datos personales, que ser\u00e1n tratados en pleno [&hellip;]<\/p>\n","protected":false},"author":1,"featured_media":0,"parent":0,"menu_order":0,"comment_status":"closed","ping_status":"closed","template":"","meta":{"_acf_changed":false,"inline_featured_image":false,"footnotes":""},"class_list":["post-7679","page","type-page","status-publish","hentry"],"acf":[],"yoast_head":"<!-- This site is optimized with the Yoast SEO plugin v26.2 - https:\/\/yoast.com\/wordpress\/plugins\/seo\/ -->\n<title>Privacy Policy<\/title>\n<meta name=\"robots\" content=\"index, follow, max-snippet:-1, max-image-preview:large, max-video-preview:-1\" \/>\n<link rel=\"canonical\" href=\"https:\/\/www.matildevicenzi.com\/es\/politica-de-privacidad\/\" \/>\n<meta property=\"og:locale\" content=\"es_ES\" \/>\n<meta property=\"og:type\" content=\"article\" \/>\n<meta property=\"og:title\" content=\"Privacy Policy\" \/>\n<meta property=\"og:description\" content=\"Pol\u00edtica de Privacidad Tratamiento de datos personales Vicenzi S.p.A. (en adelante \u00abVicenzi\u00bb), en su calidad de Responsable del Tratamiento, le informa de que el acceso al sitio web y\/o el registro en las distintas secciones del mismo y\/o cualquier solicitud de informaci\u00f3n o servicios requiere el suministro de datos personales, que ser\u00e1n tratados en pleno [&hellip;]\" \/>\n<meta property=\"og:url\" content=\"https:\/\/www.matildevicenzi.com\/es\/politica-de-privacidad\/\" \/>\n<meta property=\"og:site_name\" content=\"Matilde Vicenzi S.p.A.\" \/>\n<meta property=\"article:modified_time\" content=\"2024-07-24T13:14:42+00:00\" \/>\n<meta name=\"twitter:card\" content=\"summary_large_image\" \/>\n<meta name=\"twitter:label1\" content=\"Tiempo de lectura\" \/>\n\t<meta name=\"twitter:data1\" content=\"11 minutos\" \/>\n<script type=\"application\/ld+json\" class=\"yoast-schema-graph\">{\"@context\":\"https:\/\/schema.org\",\"@graph\":[{\"@type\":\"WebPage\",\"@id\":\"https:\/\/www.matildevicenzi.com\/es\/politica-de-privacidad\/\",\"url\":\"https:\/\/www.matildevicenzi.com\/es\/politica-de-privacidad\/\",\"name\":\"Privacy Policy\",\"isPartOf\":{\"@id\":\"https:\/\/www.matildevicenzi.com\/es\/#website\"},\"datePublished\":\"2020-12-09T09:19:49+00:00\",\"dateModified\":\"2024-07-24T13:14:42+00:00\",\"breadcrumb\":{\"@id\":\"https:\/\/www.matildevicenzi.com\/es\/politica-de-privacidad\/#breadcrumb\"},\"inLanguage\":\"es\",\"potentialAction\":[{\"@type\":\"ReadAction\",\"target\":[\"https:\/\/www.matildevicenzi.com\/es\/politica-de-privacidad\/\"]}]},{\"@type\":\"BreadcrumbList\",\"@id\":\"https:\/\/www.matildevicenzi.com\/es\/politica-de-privacidad\/#breadcrumb\",\"itemListElement\":[{\"@type\":\"ListItem\",\"position\":1,\"name\":\"Home\",\"item\":\"https:\/\/www.matildevicenzi.com\/es\/\"},{\"@type\":\"ListItem\",\"position\":2,\"name\":\"Pol\u00edtica de Privacidad\ufffc\"}]},{\"@type\":\"WebSite\",\"@id\":\"https:\/\/www.matildevicenzi.com\/es\/#website\",\"url\":\"https:\/\/www.matildevicenzi.com\/es\/\",\"name\":\"Matilde Vicenzi S.p.A.\",\"description\":\"Pasteler\u00eda fina italiana desde 1905\",\"publisher\":{\"@id\":\"https:\/\/www.matildevicenzi.com\/es\/#organization\"},\"potentialAction\":[{\"@type\":\"SearchAction\",\"target\":{\"@type\":\"EntryPoint\",\"urlTemplate\":\"https:\/\/www.matildevicenzi.com\/es\/?s={search_term_string}\"},\"query-input\":{\"@type\":\"PropertyValueSpecification\",\"valueRequired\":true,\"valueName\":\"search_term_string\"}}],\"inLanguage\":\"es\"},{\"@type\":\"Organization\",\"@id\":\"https:\/\/www.matildevicenzi.com\/es\/#organization\",\"name\":\"Matilde Vicenzi S.p.A.\",\"url\":\"https:\/\/www.matildevicenzi.com\/es\/\",\"logo\":{\"@type\":\"ImageObject\",\"inLanguage\":\"es\",\"@id\":\"https:\/\/www.matildevicenzi.com\/es\/#\/schema\/logo\/image\/\",\"url\":\"https:\/\/www.matildevicenzi.com\/es\/wp-content\/uploads\/sites\/17\/2023\/06\/matilde_logo_new.png\",\"contentUrl\":\"https:\/\/www.matildevicenzi.com\/es\/wp-content\/uploads\/sites\/17\/2023\/06\/matilde_logo_new.png\",\"width\":606,\"height\":606,\"caption\":\"Matilde Vicenzi S.p.A.\"},\"image\":{\"@id\":\"https:\/\/www.matildevicenzi.com\/es\/#\/schema\/logo\/image\/\"}}]}<\/script>\n<!-- \/ Yoast SEO plugin. -->","yoast_head_json":{"title":"Privacy Policy","robots":{"index":"index","follow":"follow","max-snippet":"max-snippet:-1","max-image-preview":"max-image-preview:large","max-video-preview":"max-video-preview:-1"},"canonical":"https:\/\/www.matildevicenzi.com\/es\/politica-de-privacidad\/","og_locale":"es_ES","og_type":"article","og_title":"Privacy Policy","og_description":"Pol\u00edtica de Privacidad Tratamiento de datos personales Vicenzi S.p.A. (en adelante \u00abVicenzi\u00bb), en su calidad de Responsable del Tratamiento, le informa de que el acceso al sitio web y\/o el registro en las distintas secciones del mismo y\/o cualquier solicitud de informaci\u00f3n o servicios requiere el suministro de datos personales, que ser\u00e1n tratados en pleno [&hellip;]","og_url":"https:\/\/www.matildevicenzi.com\/es\/politica-de-privacidad\/","og_site_name":"Matilde Vicenzi S.p.A.","article_modified_time":"2024-07-24T13:14:42+00:00","twitter_card":"summary_large_image","twitter_misc":{"Tiempo de lectura":"11 minutos"},"schema":{"@context":"https:\/\/schema.org","@graph":[{"@type":"WebPage","@id":"https:\/\/www.matildevicenzi.com\/es\/politica-de-privacidad\/","url":"https:\/\/www.matildevicenzi.com\/es\/politica-de-privacidad\/","name":"Privacy Policy","isPartOf":{"@id":"https:\/\/www.matildevicenzi.com\/es\/#website"},"datePublished":"2020-12-09T09:19:49+00:00","dateModified":"2024-07-24T13:14:42+00:00","breadcrumb":{"@id":"https:\/\/www.matildevicenzi.com\/es\/politica-de-privacidad\/#breadcrumb"},"inLanguage":"es","potentialAction":[{"@type":"ReadAction","target":["https:\/\/www.matildevicenzi.com\/es\/politica-de-privacidad\/"]}]},{"@type":"BreadcrumbList","@id":"https:\/\/www.matildevicenzi.com\/es\/politica-de-privacidad\/#breadcrumb","itemListElement":[{"@type":"ListItem","position":1,"name":"Home","item":"https:\/\/www.matildevicenzi.com\/es\/"},{"@type":"ListItem","position":2,"name":"Pol\u00edtica de Privacidad\ufffc"}]},{"@type":"WebSite","@id":"https:\/\/www.matildevicenzi.com\/es\/#website","url":"https:\/\/www.matildevicenzi.com\/es\/","name":"Matilde Vicenzi S.p.A.","description":"Pasteler\u00eda fina italiana desde 1905","publisher":{"@id":"https:\/\/www.matildevicenzi.com\/es\/#organization"},"potentialAction":[{"@type":"SearchAction","target":{"@type":"EntryPoint","urlTemplate":"https:\/\/www.matildevicenzi.com\/es\/?s={search_term_string}"},"query-input":{"@type":"PropertyValueSpecification","valueRequired":true,"valueName":"search_term_string"}}],"inLanguage":"es"},{"@type":"Organization","@id":"https:\/\/www.matildevicenzi.com\/es\/#organization","name":"Matilde Vicenzi S.p.A.","url":"https:\/\/www.matildevicenzi.com\/es\/","logo":{"@type":"ImageObject","inLanguage":"es","@id":"https:\/\/www.matildevicenzi.com\/es\/#\/schema\/logo\/image\/","url":"https:\/\/www.matildevicenzi.com\/es\/wp-content\/uploads\/sites\/17\/2023\/06\/matilde_logo_new.png","contentUrl":"https:\/\/www.matildevicenzi.com\/es\/wp-content\/uploads\/sites\/17\/2023\/06\/matilde_logo_new.png","width":606,"height":606,"caption":"Matilde Vicenzi S.p.A."},"image":{"@id":"https:\/\/www.matildevicenzi.com\/es\/#\/schema\/logo\/image\/"}}]}},"_links":{"self":[{"href":"https:\/\/www.matildevicenzi.com\/es\/wp-json\/wp\/v2\/pages\/7679","targetHints":{"allow":["GET"]}}],"collection":[{"href":"https:\/\/www.matildevicenzi.com\/es\/wp-json\/wp\/v2\/pages"}],"about":[{"href":"https:\/\/www.matildevicenzi.com\/es\/wp-json\/wp\/v2\/types\/page"}],"author":[{"embeddable":true,"href":"https:\/\/www.matildevicenzi.com\/es\/wp-json\/wp\/v2\/users\/1"}],"replies":[{"embeddable":true,"href":"https:\/\/www.matildevicenzi.com\/es\/wp-json\/wp\/v2\/comments?post=7679"}],"version-history":[{"count":14,"href":"https:\/\/www.matildevicenzi.com\/es\/wp-json\/wp\/v2\/pages\/7679\/revisions"}],"predecessor-version":[{"id":41251,"href":"https:\/\/www.matildevicenzi.com\/es\/wp-json\/wp\/v2\/pages\/7679\/revisions\/41251"}],"wp:attachment":[{"href":"https:\/\/www.matildevicenzi.com\/es\/wp-json\/wp\/v2\/media?parent=7679"}],"curies":[{"name":"wp","href":"https:\/\/api.w.org\/{rel}","templated":true}]}}