{"id":7681,"date":"2020-12-09T09:22:22","date_gmt":"2020-12-09T09:22:22","guid":{"rendered":"http:\/\/matilde.kina.it\/?page_id=7681"},"modified":"2024-08-30T07:51:13","modified_gmt":"2024-08-30T07:51:13","slug":"cookie-policy","status":"publish","type":"page","link":"https:\/\/www.matildevicenzi.com\/es\/cookie-policy\/","title":{"rendered":"Cookie Policy"},"content":{"rendered":"<h2>Aviso sobre cookies<\/h2>\n<p>Con este aviso, Vicenzi S.p.A. pretende proporcionar informaci\u00f3n adecuada sobre las tecnolog\u00edas que permiten a este Sitio Web lograr los fines descritos a continuaci\u00f3n.<\/p>\n<p>Dichas tecnolog\u00edas, en adelante denominadas \u00abHerramientas de Seguimiento\u00bb, permiten al Responsable del Tratamiento recoger y guardar informaci\u00f3n (por ejemplo, mediante el uso de Cookies) o utilizar recursos (por ejemplo, ejecutando un script) en el dispositivo del Usuario cuando \u00e9ste interact\u00faa con este Sitio Web.<\/p>\n<p>Algunos de los fines para los que se utilizan Herramientas de Seguimiento podr\u00edan requerir el consentimiento del Usuario.&nbsp;<\/p>\n<p>Este Sitio Web utiliza Herramientas de Seguimiento gestionadas directamente por el Responsable del Tratamiento (denominadas \u00ab&nbsp; de primeros\u00bb) y Herramientas de seguimiento que habilitan servicios prestados por terceros (denominados \u00abde terceros\u00bb); a menos que se especifique lo contrario, estos terceros tienen acceso a las respectivas Herramientas de Seguimiento.<\/p>\n<p>La duraci\u00f3n y el tiempo de conservaci\u00f3n de las Cookies y de las dem\u00e1s Herramientas de Seguimiento se indican en la tabla adjunta a este documento y pueden variar en funci\u00f3n de lo establecido por el Responsable del Tratamiento o por cada proveedor tercero.<\/p>\n<p>Adem\u00e1s de lo que ya se ha especificado en la descripci\u00f3n de cada una de las categor\u00edas que figuran a continuaci\u00f3n, los Usuarios pueden obtener informaci\u00f3n m\u00e1s detallada y actualizada sobre la duraci\u00f3n, as\u00ed como cualquier otra informaci\u00f3n relevante \u2013como la presencia de otras Herramientas de Seguimiento\u2013 en las pol\u00edticas de privacidad de los respectivos proveedores terceros (a trav\u00e9s de los enlaces puestos a disposici\u00f3n) o poni\u00e9ndose en contacto con el Responsable del Tratamiento.<\/p>\n<p>Este sitio web utiliza cookies y Herramientas de Seguimiento para personalizar contenido y anuncios, para ofrecer funcionalidades de redes sociales y para analizar nuestro tr\u00e1fico. Adem\u00e1s, compartimos informaci\u00f3n sobre el empleo que el Usuario hace de nuestro sitio web con nuestros socios que se ocupan de an\u00e1lisis de datos web, publicidad y redes sociales, quienes podr\u00edan combinarla con otra informaci\u00f3n que el Usuario les haya proporcionado o que hayan recopilado a partir del uso que hace de sus servicios.<\/p>\n<p>Las cookies son peque\u00f1os archivos de texto que pueden ser utilizados por los sitios web para hacer m\u00e1s eficiente la experiencia del usuario.<\/p>\n<p>La ley establece que podemos almacenar cookies en el dispositivo del Usuario, sin obtener su consentimiento previo, solo si son estrictamente necesarias para el funcionamiento de este Sitio Web. Para todos los dem\u00e1s tipos de cookies necesitamos el consentimiento del Usuario, que puede ser retirado libremente en cualquier momento siguiendo las instrucciones de este documento.<\/p>\n<h3>C\u00f3mo gestionar las preferencias y dar o retirar el consentimiento<\/h3>\n<p>Hay varias formas de gestionar las preferencias relativas a las Herramientas de Seguimiento y de dar o retirar el consentimiento cuando sea necesario:<\/p>\n<p>Los Usuarios pueden gestionar las preferencias relativas a las Herramientas de Seguimiento directamente a trav\u00e9s de la configuraci\u00f3n de su dispositivo; por ejemplo, pueden impedir el uso o el almacenamiento de las Herramientas de Seguimiento.<\/p>\n<p>Adem\u00e1s, siempre que el uso de las Herramientas de Seguimiento dependa del consentimiento, el Usuario puede dar o retirar dicho consentimiento configurando sus preferencias dentro del aviso sobre cookies o actualizando dichas preferencias a trav\u00e9s del widget de configuraci\u00f3n de seguimiento, si lo hubiere.<\/p>\n<p>Gracias a funciones especiales del navegador o del dispositivo, tambi\u00e9n es posible eliminar Herramientas de Seguimiento guardadas anteriormente.<\/p>\n<p>Otras Herramientas de Seguimiento presentes en la memoria local del navegador pueden eliminarse borrando el historial de navegaci\u00f3n.<\/p>\n<p>Con respecto a las Herramientas de Seguimiento de terceros, los Usuarios pueden gestionar sus preferencias y retirar su consentimiento visitando el enlace de desactivaci\u00f3n (opt out) correspondiente (cuando est\u00e9 disponible), utilizando las herramientas descritas en la pol\u00edtica de privacidad del tercero o poni\u00e9ndose en contacto directamente con \u00e9l.<\/p>\n<p>Por favor, especifique la identificaci\u00f3n de su consentimiento y la fecha en la que se puso en contacto con nosotros en relaci\u00f3n con su consentimiento.<\/p>\n<h3>Derechos de los usuarios\u200b<\/h3>\n<p>Los usuarios pueden ejercer sus derechos en virtud de los art\u00edculos 16 a 21 del Reglamento Europeo 2016\/679 (Derecho de rectificaci\u00f3n, derecho al olvido, derecho a la limitaci\u00f3n del tratamiento, derecho a la portabilidad de los datos, derecho de oposici\u00f3n), que se exponen a continuaci\u00f3n.<\/p>\n<p>Para recibir cualquier informaci\u00f3n relacionada con este aviso y para ejercer los derechos que se indican a continuaci\u00f3n, el Usuario puede ponerse en contacto con:<\/p>\n<ul>\n<li>el Delegado de Protecci\u00f3n de Datos (DPO, por sus siglas en ingl\u00e9s), el Abogado D. Roberto Vasapolli, nombrado por Vicenzi S.p.A. en su calidad de Responsable del Tratamiento, en la direcci\u00f3n dpo@vicenzi.it<\/li>\n<li>El Responsable del Tratamiento, Vicenzi S.p.A., enviando una carta certificada a su domicilio social ubicado en Via Forte Garofolo 1, 37057 San Giovanni Lupatoto, Verona, Italia, o enviando un correo electr\u00f3nico certificado a vicenzibiscotti@mail-cert.it.<\/li>\n<\/ul>\n<p>Sin embargo, se puntualiza que, en lo que respecta a las cookies u otras Herramientas de Seguimiento de terceros, el responsable del tratamiento no es Vicenzi S.p.A., sino el tercero en cuesti\u00f3n. Le recomendamos que consulte el aviso proporcionado por ese tercero.<\/p>\n<p>Por \u00faltimo, los Usuarios podr\u00e1n presentar una reclamaci\u00f3n ante la Autoridad de protecci\u00f3n de datos <em>[en Italia, Autorit\u00e0 Garante per la protezione dei dati personali]<\/em> si es necesario, o bien ponerse en contacto con dicha autoridad para solicitar informaci\u00f3n sobre c\u00f3mo ejercer sus derechos en virtud del Reglamento Europeo 2016\/679.<\/p>\n<p>M\u00e1s concretamente:<\/p>\n<ul>\n<li>el <strong>derecho de acceso <\/strong>permite obtener confirmaci\u00f3n de si se est\u00e1n tratando o no datos personales que le conciernen y obtener acceso a dichos datos y a informaci\u00f3n espec\u00edfica (por ejemplo, los fines del tratamiento, las categor\u00edas de datos de que se trate, los destinatarios a los que ser\u00e1n comunicados los datos);<\/li>\n<\/ul>\n<ul>\n<li>el <strong>derecho de rectificaci\u00f3n<\/strong> permite obtener sin dilaci\u00f3n indebida la rectificaci\u00f3n de los datos inexactos que le conciernan. En este caso, el responsable del tratamiento estar\u00e1 obligado a comunicar la rectificaci\u00f3n a todos los destinatarios a los que se hayan transmitido los datos, a menos que ello suponga un esfuerzo desproporcionado;<\/li>\n<\/ul>\n<ul>\n<li>el <strong>derecho de supresi\u00f3n<\/strong> permite obtener sin dilaci\u00f3n indebida la supresi\u00f3n de los datos personales que le conciernan, y el responsable del tratamiento estar\u00e1 obligado a suprimir sin dilaci\u00f3n indebida los datos cuando concurran determinadas circunstancias (por ejemplo, los datos personales ya no sean necesarios en relaci\u00f3n con los fines para los que fueron recogidos; el interesado retire el consentimiento; los datos deban suprimirse por una obligaci\u00f3n legal). En este caso, el responsable del tratamiento estar\u00e1 obligado a comunicar la supresi\u00f3n a todos los destinatarios a los que se hayan transmitido los datos, a menos que ello suponga un esfuerzo desproporcionado;<\/li>\n<\/ul>\n<ul>\n<li>el <strong>derecho a la limitaci\u00f3n del tratamiento<\/strong> permite imponer al responsable del tratamiento una restricci\u00f3n del tratamiento de los datos, por ejemplo, al almacenamiento \u00fanicamente, con exclusi\u00f3n de cualquier otro uso, en determinados casos (por ejemplo, que el tratamiento sea il\u00edcito y el interesado se oponga a la supresi\u00f3n de los datos; que el interesado impugne la exactitud, durante un plazo que permita verificar la exactitud...). En este caso, el responsable del tratamiento estar\u00e1 obligado a comunicar la limitaci\u00f3n del tratamiento a todos los destinatarios a los que se hayan transmitido los datos, a menos que ello suponga un esfuerzo desproporcionado;<\/li>\n<\/ul>\n<ul>\n<li>el <strong>derecho a la portabilidad de los datos<\/strong> permite obtener la devoluci\u00f3n de los datos personales facilitados y transmitirlos a otros o solicitar la transmisi\u00f3n de un responsable a otro, si es t\u00e9cnicamente posible;<\/li>\n<\/ul>\n<ul>\n<li>el <strong>derecho de oposici\u00f3n<\/strong> permite oponerse en cualquier momento al tratamiento con fines de inter\u00e9s p\u00fablico o inter\u00e9s leg\u00edtimo; con fines de mercadotecnia; con fines de investigaci\u00f3n cient\u00edfica, hist\u00f3rica o estad\u00edstica.<\/li>\n<\/ul>\n<p>Los interesados pueden presentar una reclamaci\u00f3n ante la Autoridad de Protecci\u00f3n de Datos (www.garanteprivacy.it), si es necesario, o simplemente pueden ponerse en contacto con dicha autoridad para obtener informaci\u00f3n sobre c\u00f3mo ejercer sus derechos reconocidos por el Reg. UE 2016\/679.<\/p>\n<h3>Tipos de cookies y herramientas de seguimiento<\/h3>\n<p><script id=\"CookieDeclaration\" src=\"https:\/\/consent.cookiebot.com\/0a28b7e3-6763-4034-9870-7bd4bfa679a0\/cd.js\" type=\"text\/javascript\" async=\"\"><\/script><br \/>\n<strong>M\u00e1s informaci\u00f3n<\/strong><\/p>\n<p><strong>Google Analytics con IP anonimizado (Google Inc.)<\/strong><\/p>\n<p>Google Analytics es un servicio de an\u00e1lisis web prestado por Google Inc. (\u00ab<strong>Google<\/strong>\u00bb). Google utiliza los Datos Personales recogidos con el fin de rastrear y examinar el uso de esta Aplicaci\u00f3n, rellenar informes y compartirlos con los dem\u00e1s servicios desarrollados por Google.<\/p>\n<p>Google podr\u00eda utilizar los Datos Personales para contextualizar y personalizar los anuncios de su red publicitaria.<\/p>\n<p>Vicenzi S.p.A. adopta esta integraci\u00f3n de Google Analytics que anonimiza la direcci\u00f3n IP de los usuarios. La anonimizaci\u00f3n funciona abreviando la direcci\u00f3n IP de los Usuarios dentro de las fronteras de los estados miembros de la Uni\u00f3n Europea o en otros pa\u00edses adheridos al acuerdo sobre el Espacio Econ\u00f3mico Europeo. Solo en casos excepcionales, la direcci\u00f3n IP se enviar\u00e1 a los servidores de Google y se abreviar\u00e1 dentro de Estados Unidos.<\/p>\n<p>Datos Personales recogidos: Cookies y Datos de Uso. Lugar del tratamiento: EE. UU.<\/p>\n<p>El usuario puede recibir informaci\u00f3n sobre las actividades de tratamiento de sus datos personales por parte de Google Analytics en la siguiente direcci\u00f3n: &nbsp;<a href=\"https:\/\/support.google.com\/analytics\/answer\/6004245\">https:\/\/support.google.com\/analytics\/answer\/6004245<\/a>; M\u00e1s informaci\u00f3n sobre la funcionalidad de anonimizaci\u00f3n IP de Google Analytics:<\/p>\n<p><a href=\"https:\/\/support.google.com\/analytics\/answer\/2763052?hl=it\">https:\/\/support.google.com\/analytics\/answer\/2763052?hl=it<\/a><\/p>\n<p>Desactivaci\u00f3n (\u00abopt-out\u00bb) de las cookies:<\/p>\n<p>Las normas sobre protecci\u00f3n de datos establecen que el usuario puede autorizar el uso de cookies (\u00abopt-in\u00bb) si contin\u00faa navegando tras haber le\u00eddo la ventana con la advertencia sobre el uso de cookies. Asimismo, el usuario puede desactivar cookies ya administradas (\u00abopt- out\u00bb). El opt-out est\u00e1 previsto para las denominadas \u00abcookies t\u00e9cnicas\u00bb (art. 122 del C\u00f3digo), as\u00ed como para las cookies que no entran en el \u00e1mbito de las \u00abcookies t\u00e9cnicas\u00bb (\u00abtargeting cookie\u00bb y \u00abcookie analytics\u00bb) previamente aceptadas (\u00abopt in\u00bb) por el usuario (si las hubiere).<\/p>\n<p>En virtud de esta distinci\u00f3n, el usuario puede proceder a desactivar y\/o suprimir las cookies (\u00abopt-out\u00bb) a trav\u00e9s de la configuraci\u00f3n correspondiente del propio navegador y a desactivar y\/o suprimir las cookies individuales no \u00abt\u00e9cnicas\u00bb accediendo a los siguientes sitios:<\/p>\n<ol>\n<li><a href=\"https:\/\/tools.google.com\/dlpage\/gaoptout?hl=it%20\">https:\/\/tools.google.com\/dlpage\/gaoptout?hl=it<\/a>para la desactivaci\u00f3n de Google Analytics<\/li>\n<li><a href=\"http:\/\/www.youronlinechoices.eu\/\">youronlinechoices.eu<\/a>, sitio web gestionado por la Alianza Europea de Publicidad Digital Interactiva (EDAA), para la supresi\u00f3n de las dem\u00e1s cookies en el caso de usuarios con sede en la Uni\u00f3n Europea,<\/li>\n<\/ol>\n<p><a href=\"http:\/\/www.aboutads.info\/choises\/\">http:\/\/www.aboutads.info\/choises\/<\/a>, para la supresi\u00f3n de las dem\u00e1s cookies en el caso de usuarios residentes en los Estados Unidos de Am\u00e9rica. Estos sitios no son gestionados por Vicenzi S.p.A., que por lo tanto no asume ninguna responsabilidad por su contenido.<\/p>\n<p>C\u00f3mo activar o desactivar las cookies en los propios navegadores:<\/p>\n<p>El usuario puede bloquear la aceptaci\u00f3n de cookies por parte del navegador. Sin embargo, esta operaci\u00f3n podr\u00eda hacer menos eficiente o impedir el acceso a algunas funciones o p\u00e1ginas del Sitio web. A continuaci\u00f3n se indican las modalidades que ofrecen los principales navegadores para bloquear la aceptaci\u00f3n de las cookies de navegaci\u00f3n:<\/p>\n<p>Microsoft Edge:&nbsp;<a href=\"https:\/\/support.microsoft.com\/it-it\/help\/4468242\/microsoft-edge-browsing-data-and-privacy-microsoft-privacy\">https:\/\/support.microsoft.com\/it-it\/help\/4468242\/microsoft-edge-browsing-data-and-privacy-microsoft-privacy<\/a><br \/>\nInternet Explorer:&nbsp;<a href=\"http:\/\/windows.microsoft.com\/it-it\/internet-explorer\/delete-manage-cookies%22%20\/l%20%22ie=ie-11\">http:\/\/windows.microsoft.com\/it-it\/internet-explorer\/delete-manage-cookies#ie=ie-11<\/a><br \/>\nFirefox:&nbsp;<a href=\"https:\/\/support.mozilla.org\/it\/kb\/Gestione%20dei%20cookie\">https:\/\/support.mozilla.org\/it\/kb\/Gestione%20dei%20cookie<\/a><br \/>\nChrome:&nbsp;<a href=\"https:\/\/support.google.com\/chrome\/answer\/95647?hl=it\">https:\/\/support.google.com\/chrome\/answer\/95647?hl=it&nbsp;<\/a><br \/>\nSafari:<a href=\"http:\/\/support.apple.com\/kb\/HT1677?viewlocale=it_IT\">http:\/\/support.apple.com\/kb\/HT1677?viewlocale=it_IT<\/a><\/p>\n<p><b>Enlaces a sitios de terceros.<\/b><\/p>\n<p>Vicenzi S.p.A. no es responsable de las pol\u00edticas aplicadas por los sitios conectados ni de la informaci\u00f3n o los contenidos de los mismos. A menudo, los enlaces a otros sitios est\u00e1n presentes solo como \u00abpuntos de informaci\u00f3n y\/o profundizaci\u00f3n\u00bb sobre determinados temas que pueden ser \u00fatiles para los usuarios. Es preciso recordar que cuando un Usuario se conecta desde nuestro sitio a otro, nuestra pol\u00edtica de privacidad deja de ser efectiva. La navegaci\u00f3n y la interacci\u00f3n con otros sitios, incluidos los sitios conectados al nuestro, est\u00e1n sujetas a sus propias reglas y pol\u00edticas. Se invita a leer atentamente las reglas y pol\u00edticas presentes antes de continuar. El riesgo en la navegaci\u00f3n por estos sitios de propiedad de terceros corre enteramente a cargo del Usuario. El enlace a sitios de terceros, o a cualquier producto, proceso, publicaci\u00f3n, servicio u oferta de terceros no constituyen ni implican aprobaci\u00f3n o recomendaci\u00f3n de dichos productos o servicios por parte de Vicenzi S.p.A.<\/p>\n","protected":false},"excerpt":{"rendered":"<p>Aviso sobre cookies Con este aviso, Vicenzi S.p.A. pretende proporcionar informaci\u00f3n adecuada sobre las tecnolog\u00edas que permiten a este Sitio Web lograr los fines descritos a continuaci\u00f3n. Dichas tecnolog\u00edas, en adelante denominadas \u00abHerramientas de Seguimiento\u00bb, permiten al Responsable del Tratamiento recoger y guardar informaci\u00f3n (por ejemplo, mediante el uso de Cookies) o utilizar recursos (por [&hellip;]<\/p>\n","protected":false},"author":1,"featured_media":0,"parent":0,"menu_order":0,"comment_status":"closed","ping_status":"closed","template":"","meta":{"_acf_changed":false,"inline_featured_image":false,"footnotes":""},"class_list":["post-7681","page","type-page","status-publish","hentry"],"acf":[],"yoast_head":"<!-- This site is optimized with the Yoast SEO plugin v26.2 - https:\/\/yoast.com\/wordpress\/plugins\/seo\/ -->\n<title>Cookie Policy<\/title>\n<meta name=\"robots\" content=\"index, follow, max-snippet:-1, max-image-preview:large, max-video-preview:-1\" \/>\n<link rel=\"canonical\" href=\"https:\/\/www.matildevicenzi.com\/es\/cookie-policy\/\" \/>\n<meta property=\"og:locale\" content=\"es_ES\" \/>\n<meta property=\"og:type\" content=\"article\" \/>\n<meta property=\"og:title\" content=\"Cookie Policy\" \/>\n<meta property=\"og:description\" content=\"Aviso sobre cookies Con este aviso, Vicenzi S.p.A. pretende proporcionar informaci\u00f3n adecuada sobre las tecnolog\u00edas que permiten a este Sitio Web lograr los fines descritos a continuaci\u00f3n. Dichas tecnolog\u00edas, en adelante denominadas \u00abHerramientas de Seguimiento\u00bb, permiten al Responsable del Tratamiento recoger y guardar informaci\u00f3n (por ejemplo, mediante el uso de Cookies) o utilizar recursos (por [&hellip;]\" \/>\n<meta property=\"og:url\" content=\"https:\/\/www.matildevicenzi.com\/es\/cookie-policy\/\" \/>\n<meta property=\"og:site_name\" content=\"Matilde Vicenzi S.p.A.\" \/>\n<meta property=\"article:modified_time\" content=\"2024-08-30T07:51:13+00:00\" \/>\n<meta name=\"twitter:card\" content=\"summary_large_image\" \/>\n<meta name=\"twitter:label1\" content=\"Tiempo de lectura\" \/>\n\t<meta name=\"twitter:data1\" content=\"9 minutos\" \/>\n<script type=\"application\/ld+json\" class=\"yoast-schema-graph\">{\"@context\":\"https:\/\/schema.org\",\"@graph\":[{\"@type\":\"WebPage\",\"@id\":\"https:\/\/www.matildevicenzi.com\/es\/cookie-policy\/\",\"url\":\"https:\/\/www.matildevicenzi.com\/es\/cookie-policy\/\",\"name\":\"Cookie Policy\",\"isPartOf\":{\"@id\":\"https:\/\/www.matildevicenzi.com\/es\/#website\"},\"datePublished\":\"2020-12-09T09:22:22+00:00\",\"dateModified\":\"2024-08-30T07:51:13+00:00\",\"breadcrumb\":{\"@id\":\"https:\/\/www.matildevicenzi.com\/es\/cookie-policy\/#breadcrumb\"},\"inLanguage\":\"es\",\"potentialAction\":[{\"@type\":\"ReadAction\",\"target\":[\"https:\/\/www.matildevicenzi.com\/es\/cookie-policy\/\"]}]},{\"@type\":\"BreadcrumbList\",\"@id\":\"https:\/\/www.matildevicenzi.com\/es\/cookie-policy\/#breadcrumb\",\"itemListElement\":[{\"@type\":\"ListItem\",\"position\":1,\"name\":\"Home\",\"item\":\"https:\/\/www.matildevicenzi.com\/es\/\"},{\"@type\":\"ListItem\",\"position\":2,\"name\":\"Cookie Policy\"}]},{\"@type\":\"WebSite\",\"@id\":\"https:\/\/www.matildevicenzi.com\/es\/#website\",\"url\":\"https:\/\/www.matildevicenzi.com\/es\/\",\"name\":\"Matilde Vicenzi S.p.A.\",\"description\":\"Pasteler\u00eda fina italiana desde 1905\",\"publisher\":{\"@id\":\"https:\/\/www.matildevicenzi.com\/es\/#organization\"},\"potentialAction\":[{\"@type\":\"SearchAction\",\"target\":{\"@type\":\"EntryPoint\",\"urlTemplate\":\"https:\/\/www.matildevicenzi.com\/es\/?s={search_term_string}\"},\"query-input\":{\"@type\":\"PropertyValueSpecification\",\"valueRequired\":true,\"valueName\":\"search_term_string\"}}],\"inLanguage\":\"es\"},{\"@type\":\"Organization\",\"@id\":\"https:\/\/www.matildevicenzi.com\/es\/#organization\",\"name\":\"Matilde Vicenzi S.p.A.\",\"url\":\"https:\/\/www.matildevicenzi.com\/es\/\",\"logo\":{\"@type\":\"ImageObject\",\"inLanguage\":\"es\",\"@id\":\"https:\/\/www.matildevicenzi.com\/es\/#\/schema\/logo\/image\/\",\"url\":\"https:\/\/www.matildevicenzi.com\/es\/wp-content\/uploads\/sites\/17\/2023\/06\/matilde_logo_new.png\",\"contentUrl\":\"https:\/\/www.matildevicenzi.com\/es\/wp-content\/uploads\/sites\/17\/2023\/06\/matilde_logo_new.png\",\"width\":606,\"height\":606,\"caption\":\"Matilde Vicenzi S.p.A.\"},\"image\":{\"@id\":\"https:\/\/www.matildevicenzi.com\/es\/#\/schema\/logo\/image\/\"}}]}<\/script>\n<!-- \/ Yoast SEO plugin. -->","yoast_head_json":{"title":"Cookie Policy","robots":{"index":"index","follow":"follow","max-snippet":"max-snippet:-1","max-image-preview":"max-image-preview:large","max-video-preview":"max-video-preview:-1"},"canonical":"https:\/\/www.matildevicenzi.com\/es\/cookie-policy\/","og_locale":"es_ES","og_type":"article","og_title":"Cookie Policy","og_description":"Aviso sobre cookies Con este aviso, Vicenzi S.p.A. pretende proporcionar informaci\u00f3n adecuada sobre las tecnolog\u00edas que permiten a este Sitio Web lograr los fines descritos a continuaci\u00f3n. Dichas tecnolog\u00edas, en adelante denominadas \u00abHerramientas de Seguimiento\u00bb, permiten al Responsable del Tratamiento recoger y guardar informaci\u00f3n (por ejemplo, mediante el uso de Cookies) o utilizar recursos (por [&hellip;]","og_url":"https:\/\/www.matildevicenzi.com\/es\/cookie-policy\/","og_site_name":"Matilde Vicenzi S.p.A.","article_modified_time":"2024-08-30T07:51:13+00:00","twitter_card":"summary_large_image","twitter_misc":{"Tiempo de lectura":"9 minutos"},"schema":{"@context":"https:\/\/schema.org","@graph":[{"@type":"WebPage","@id":"https:\/\/www.matildevicenzi.com\/es\/cookie-policy\/","url":"https:\/\/www.matildevicenzi.com\/es\/cookie-policy\/","name":"Cookie Policy","isPartOf":{"@id":"https:\/\/www.matildevicenzi.com\/es\/#website"},"datePublished":"2020-12-09T09:22:22+00:00","dateModified":"2024-08-30T07:51:13+00:00","breadcrumb":{"@id":"https:\/\/www.matildevicenzi.com\/es\/cookie-policy\/#breadcrumb"},"inLanguage":"es","potentialAction":[{"@type":"ReadAction","target":["https:\/\/www.matildevicenzi.com\/es\/cookie-policy\/"]}]},{"@type":"BreadcrumbList","@id":"https:\/\/www.matildevicenzi.com\/es\/cookie-policy\/#breadcrumb","itemListElement":[{"@type":"ListItem","position":1,"name":"Home","item":"https:\/\/www.matildevicenzi.com\/es\/"},{"@type":"ListItem","position":2,"name":"Cookie Policy"}]},{"@type":"WebSite","@id":"https:\/\/www.matildevicenzi.com\/es\/#website","url":"https:\/\/www.matildevicenzi.com\/es\/","name":"Matilde Vicenzi S.p.A.","description":"Pasteler\u00eda fina italiana desde 1905","publisher":{"@id":"https:\/\/www.matildevicenzi.com\/es\/#organization"},"potentialAction":[{"@type":"SearchAction","target":{"@type":"EntryPoint","urlTemplate":"https:\/\/www.matildevicenzi.com\/es\/?s={search_term_string}"},"query-input":{"@type":"PropertyValueSpecification","valueRequired":true,"valueName":"search_term_string"}}],"inLanguage":"es"},{"@type":"Organization","@id":"https:\/\/www.matildevicenzi.com\/es\/#organization","name":"Matilde Vicenzi S.p.A.","url":"https:\/\/www.matildevicenzi.com\/es\/","logo":{"@type":"ImageObject","inLanguage":"es","@id":"https:\/\/www.matildevicenzi.com\/es\/#\/schema\/logo\/image\/","url":"https:\/\/www.matildevicenzi.com\/es\/wp-content\/uploads\/sites\/17\/2023\/06\/matilde_logo_new.png","contentUrl":"https:\/\/www.matildevicenzi.com\/es\/wp-content\/uploads\/sites\/17\/2023\/06\/matilde_logo_new.png","width":606,"height":606,"caption":"Matilde Vicenzi S.p.A."},"image":{"@id":"https:\/\/www.matildevicenzi.com\/es\/#\/schema\/logo\/image\/"}}]}},"_links":{"self":[{"href":"https:\/\/www.matildevicenzi.com\/es\/wp-json\/wp\/v2\/pages\/7681","targetHints":{"allow":["GET"]}}],"collection":[{"href":"https:\/\/www.matildevicenzi.com\/es\/wp-json\/wp\/v2\/pages"}],"about":[{"href":"https:\/\/www.matildevicenzi.com\/es\/wp-json\/wp\/v2\/types\/page"}],"author":[{"embeddable":true,"href":"https:\/\/www.matildevicenzi.com\/es\/wp-json\/wp\/v2\/users\/1"}],"replies":[{"embeddable":true,"href":"https:\/\/www.matildevicenzi.com\/es\/wp-json\/wp\/v2\/comments?post=7681"}],"version-history":[{"count":56,"href":"https:\/\/www.matildevicenzi.com\/es\/wp-json\/wp\/v2\/pages\/7681\/revisions"}],"predecessor-version":[{"id":41739,"href":"https:\/\/www.matildevicenzi.com\/es\/wp-json\/wp\/v2\/pages\/7681\/revisions\/41739"}],"wp:attachment":[{"href":"https:\/\/www.matildevicenzi.com\/es\/wp-json\/wp\/v2\/media?parent=7681"}],"curies":[{"name":"wp","href":"https:\/\/api.w.org\/{rel}","templated":true}]}}