{"id":7924,"date":"2020-12-01T14:57:10","date_gmt":"2020-12-01T14:57:10","guid":{"rendered":"http:\/\/matilde.kina.it\/?page_id=7924"},"modified":"2022-06-28T07:45:31","modified_gmt":"2022-06-28T07:45:31","slug":"premium-quality","status":"publish","type":"page","link":"https:\/\/www.matildevicenzi.com\/es\/grupo\/calidad-suprema\/","title":{"rendered":"Calidad Suprema"},"content":{"rendered":"<p style=\"text-align: center;\">El secreto para hacer pastas tan deliciosas como las de Matilde Vicenzi reside en\u00a0<strong>el uso de excelentes materias primas, seleccionadas mediante duraderas colaboraciones con proveedores hist\u00f3ricos<\/strong>.<\/p>\n<p style=\"text-align: center;\">Estos ingredientes se mezclan a la perfecci\u00f3n seg\u00fan una antigua tradici\u00f3n italiana, para garantizar un producto de calidad suprema y obsequiar a los consumidores con una experiencia sensorial \u00fanica.\u00a0 Los ingredientes de calidad superior se combinan para garantizar el sabor \u00fanico de la exquisita gama de pastas de alto nivel, que deleita el paladar en cada bocado, todo ello gracias a la artesan\u00eda experta y a la focalizaci\u00f3n en la calidad en cada paso.<\/p>\n<h2>Innovaci\u00f3n de productos<\/h2>\n<p>Todo el proceso de producci\u00f3n de Matilde Vicenzi, desde la mezcla hasta el horneado, se lleva a cabo seg\u00fan la tradici\u00f3n de la reposter\u00eda italiana.<\/p>\n<p>En la producci\u00f3n de hojaldre se crean hasta 192 capas finas de masa para garantizar la fragancia y la ligereza t\u00edpicas del producto acabado.<\/p>\n<p>El <strong>proceso de horneado lento, utilizado principalmente para los productos de pastaflora<\/strong>, es t\u00edpico de la reposter\u00eda artesanal y contribuye a garantizar la fragancia y el sabor de la autenticidad... como en los buenos tiempos.<\/p>\n<p>A continuaci\u00f3n, las galletas se sellan inmediatamente en un envase especialmente dise\u00f1ado para preservar sus propiedades organol\u00e9pticas.<\/p>\n<p>La planta cuenta con <strong>un laboratorio interno dotado de personal t\u00e9cnico cualificado que supervisa y analiza minuciosamente todas las fases de la producci\u00f3n<\/strong>: desde la llegada de las materias primas, pasando por la producci\u00f3n propiamente dicha, hasta el producto acabado.<\/p>\n<p>\t\t\t\t\t\t\t<a href=\"https:\/\/www.matildevicenzi.com\/es\/wp-content\/uploads\/sites\/17\/2020\/12\/Matilde-Vicenzi-research-and-development-02.jpg\" data-elementor-open-lightbox=\"yes\" data-elementor-lightbox-slideshow=\"all-f284033\" data-elementor-lightbox-title=\"Matilde Vicenzi research and development 02\" e-action-hash=\"#elementor-action%3Aaction%3Dlightbox%26settings%3DeyJpZCI6Nzg5MywidXJsIjoiaHR0cHM6XC9cL3d3dy5tYXRpbGRldmljZW56aS5jb21cL2VzXC93cC1jb250ZW50XC91cGxvYWRzXC9zaXRlc1wvMTdcLzIwMjBcLzEyXC9NYXRpbGRlLVZpY2VuemktcmVzZWFyY2gtYW5kLWRldmVsb3BtZW50LTAyLmpwZyIsInNsaWRlc2hvdyI6ImFsbC1mMjg0MDMzIn0%3D\"><br \/>\n\t\t\t\t\t\t\t\t\t\t\t\t\t\t<\/a><br \/>\n\t\t\t\t\t\t\t<a href=\"https:\/\/www.matildevicenzi.com\/es\/wp-content\/uploads\/sites\/17\/2020\/12\/Matilde-Vicenzi-research-and-development-01.jpg\" data-elementor-open-lightbox=\"yes\" data-elementor-lightbox-slideshow=\"all-f284033\" data-elementor-lightbox-title=\"Scientists in laboratory working on research\" e-action-hash=\"#elementor-action%3Aaction%3Dlightbox%26settings%3DeyJpZCI6Nzg5MiwidXJsIjoiaHR0cHM6XC9cL3d3dy5tYXRpbGRldmljZW56aS5jb21cL2VzXC93cC1jb250ZW50XC91cGxvYWRzXC9zaXRlc1wvMTdcLzIwMjBcLzEyXC9NYXRpbGRlLVZpY2VuemktcmVzZWFyY2gtYW5kLWRldmVsb3BtZW50LTAxLmpwZyIsInNsaWRlc2hvdyI6ImFsbC1mMjg0MDMzIn0%3D\"><br \/>\n\t\t\t\t\t\t\t\t\t\t\t\t\t\t<\/a><br \/>\n\t\t\t\t\t\t\t<a href=\"https:\/\/www.matildevicenzi.com\/es\/wp-content\/uploads\/sites\/17\/2020\/12\/ricerca_sviluppo_bocconcini_esa-1-scaled.jpg\" data-elementor-open-lightbox=\"yes\" data-elementor-lightbox-slideshow=\"all-f284033\" data-elementor-lightbox-title=\"ricerca_sviluppo_bocconcini_esa\" e-action-hash=\"#elementor-action%3Aaction%3Dlightbox%26settings%3DeyJpZCI6Nzg3NiwidXJsIjoiaHR0cHM6XC9cL3d3dy5tYXRpbGRldmljZW56aS5jb21cL2VzXC93cC1jb250ZW50XC91cGxvYWRzXC9zaXRlc1wvMTdcLzIwMjBcLzEyXC9yaWNlcmNhX3N2aWx1cHBvX2JvY2NvbmNpbmlfZXNhLTEtc2NhbGVkLmpwZyIsInNsaWRlc2hvdyI6ImFsbC1mMjg0MDMzIn0%3D\"><br \/>\n\t\t\t\t\t\t\t\t\t\t\t\t\t\t<\/a><\/p>\n<p><i>\"<em>\u00abLa receta de la exquisitez se compone de unos pocos y sencillos ingredientes: materias primas de alta calidad combinadas con la creatividad de nuestra cultura, la habilidad tradicional y las recetas de larga tradici\u00f3n. Esto es lo que hace que mi reposter\u00eda sea tan genuina y sabrosa<\/em>\"<\/i><\/p>\n<p style=\"text-align: center;\">Giuseppe Vicenzi, Presidente del Grupo Vicenzi<\/p>\n<p>\t\t\t\t\t\t\t\t\t\t\t\t<img decoding=\"async\" width=\"800\" height=\"800\" src=\"https:\/\/www.matildevicenzi.com\/es\/wp-content\/uploads\/sites\/17\/2022\/06\/qualita-materie-1-SPA.jpg\" alt=\"\" loading=\"lazy\" srcset=\"https:\/\/www.matildevicenzi.com\/es\/wp-content\/uploads\/sites\/17\/2022\/06\/qualita-materie-1-SPA.jpg 800w, https:\/\/www.matildevicenzi.com\/es\/wp-content\/uploads\/sites\/17\/2022\/06\/qualita-materie-1-SPA-640x640.jpg 640w, https:\/\/www.matildevicenzi.com\/es\/wp-content\/uploads\/sites\/17\/2022\/06\/qualita-materie-1-SPA-160x160.jpg 160w, https:\/\/www.matildevicenzi.com\/es\/wp-content\/uploads\/sites\/17\/2022\/06\/qualita-materie-1-SPA-768x768.jpg 768w\" sizes=\"auto, (max-width: 800px) 100vw, 800px\" \/><br \/>\n\t\t\t\t\t\t\t\t\t\t\t\t<img decoding=\"async\" width=\"800\" height=\"801\" src=\"https:\/\/www.matildevicenzi.com\/es\/wp-content\/uploads\/sites\/17\/2022\/06\/qualita-materie-2_SPA.jpg\" alt=\"\" loading=\"lazy\" srcset=\"https:\/\/www.matildevicenzi.com\/es\/wp-content\/uploads\/sites\/17\/2022\/06\/qualita-materie-2_SPA.jpg 800w, https:\/\/www.matildevicenzi.com\/es\/wp-content\/uploads\/sites\/17\/2022\/06\/qualita-materie-2_SPA-640x641.jpg 640w, https:\/\/www.matildevicenzi.com\/es\/wp-content\/uploads\/sites\/17\/2022\/06\/qualita-materie-2_SPA-160x160.jpg 160w, https:\/\/www.matildevicenzi.com\/es\/wp-content\/uploads\/sites\/17\/2022\/06\/qualita-materie-2_SPA-768x769.jpg 768w\" sizes=\"auto, (max-width: 800px) 100vw, 800px\" \/><br \/>\n\t\t\t\t\t\t\t\t\t\t\t\t<img decoding=\"async\" width=\"800\" height=\"800\" src=\"https:\/\/www.matildevicenzi.com\/es\/wp-content\/uploads\/sites\/17\/2022\/06\/qualita-materie-3_SPA.jpg\" alt=\"\" loading=\"lazy\" srcset=\"https:\/\/www.matildevicenzi.com\/es\/wp-content\/uploads\/sites\/17\/2022\/06\/qualita-materie-3_SPA.jpg 800w, https:\/\/www.matildevicenzi.com\/es\/wp-content\/uploads\/sites\/17\/2022\/06\/qualita-materie-3_SPA-640x640.jpg 640w, https:\/\/www.matildevicenzi.com\/es\/wp-content\/uploads\/sites\/17\/2022\/06\/qualita-materie-3_SPA-160x160.jpg 160w, https:\/\/www.matildevicenzi.com\/es\/wp-content\/uploads\/sites\/17\/2022\/06\/qualita-materie-3_SPA-768x768.jpg 768w\" sizes=\"auto, (max-width: 800px) 100vw, 800px\" \/>\t\t\t\t\t\t\t\t\t\t\t\t\t\t<\/p>\n<h2>Aseguramiento de calidad<\/h2>\n<p style=\"text-align: center;\">Asegurar la calidad total de un producto no solo significa garantizar su sabor, sino tambi\u00e9n la seguridad de las materias primas para el consumidor.<\/p>\n<p style=\"text-align: center;\"><strong>Cada ingrediente utilizado por el Grupo se somete a un estricto proceso de selecci\u00f3n y control para garantizar la ausencia de cualquier tipo de contaminante<\/strong>.<\/p>\n<p style=\"text-align: center;\">En 2019 se realizaron aproximadamente 165 000 controles de materias primas, productos acabados y envases en las tres plantas de San Giovanni, Bovolone y Nusco.<\/p>\n","protected":false},"excerpt":{"rendered":"<p>El secreto para hacer pastas tan deliciosas como las de Matilde Vicenzi reside en\u00a0el uso de excelentes materias primas, seleccionadas mediante duraderas colaboraciones con proveedores hist\u00f3ricos. Estos ingredientes se mezclan a la perfecci\u00f3n seg\u00fan una antigua tradici\u00f3n italiana, para garantizar un producto de calidad suprema y obsequiar a los consumidores con una experiencia sensorial \u00fanica.\u00a0 [&hellip;]<\/p>\n","protected":false},"author":1,"featured_media":0,"parent":7721,"menu_order":0,"comment_status":"closed","ping_status":"closed","template":"","meta":{"_acf_changed":false,"inline_featured_image":false,"footnotes":""},"class_list":["post-7924","page","type-page","status-publish","hentry"],"acf":[],"yoast_head":"<!-- This site is optimized with the Yoast SEO plugin v26.2 - https:\/\/yoast.com\/wordpress\/plugins\/seo\/ -->\n<title>Matilde Vicenzi Calidad Suprema<\/title>\n<meta name=\"robots\" content=\"index, follow, max-snippet:-1, max-image-preview:large, max-video-preview:-1\" \/>\n<link rel=\"canonical\" href=\"https:\/\/www.matildevicenzi.com\/es\/grupo\/calidad-suprema\/\" \/>\n<meta property=\"og:locale\" content=\"es_ES\" \/>\n<meta property=\"og:type\" content=\"article\" \/>\n<meta property=\"og:title\" content=\"Matilde Vicenzi Calidad Suprema\" \/>\n<meta property=\"og:description\" content=\"El secreto para hacer pastas tan deliciosas como las de Matilde Vicenzi reside en\u00a0el uso de excelentes materias primas, seleccionadas mediante duraderas colaboraciones con proveedores hist\u00f3ricos. Estos ingredientes se mezclan a la perfecci\u00f3n seg\u00fan una antigua tradici\u00f3n italiana, para garantizar un producto de calidad suprema y obsequiar a los consumidores con una experiencia sensorial \u00fanica.\u00a0 [&hellip;]\" \/>\n<meta property=\"og:url\" content=\"https:\/\/www.matildevicenzi.com\/es\/grupo\/calidad-suprema\/\" \/>\n<meta property=\"og:site_name\" content=\"Matilde Vicenzi S.p.A.\" \/>\n<meta property=\"article:modified_time\" content=\"2022-06-28T07:45:31+00:00\" \/>\n<meta property=\"og:image\" content=\"https:\/\/www.matildevicenzi.com\/es\/wp-content\/uploads\/sites\/17\/2022\/06\/qualita-materie-1-SPA.jpg\" \/>\n<meta name=\"twitter:card\" content=\"summary_large_image\" \/>\n<meta name=\"twitter:label1\" content=\"Tiempo de lectura\" \/>\n\t<meta name=\"twitter:data1\" content=\"3 minutos\" \/>\n<script type=\"application\/ld+json\" class=\"yoast-schema-graph\">{\"@context\":\"https:\/\/schema.org\",\"@graph\":[{\"@type\":\"WebPage\",\"@id\":\"https:\/\/www.matildevicenzi.com\/es\/grupo\/calidad-suprema\/\",\"url\":\"https:\/\/www.matildevicenzi.com\/es\/grupo\/calidad-suprema\/\",\"name\":\"Matilde Vicenzi Calidad Suprema\",\"isPartOf\":{\"@id\":\"https:\/\/www.matildevicenzi.com\/es\/#website\"},\"primaryImageOfPage\":{\"@id\":\"https:\/\/www.matildevicenzi.com\/es\/grupo\/calidad-suprema\/#primaryimage\"},\"image\":{\"@id\":\"https:\/\/www.matildevicenzi.com\/es\/grupo\/calidad-suprema\/#primaryimage\"},\"thumbnailUrl\":\"https:\/\/www.matildevicenzi.com\/es\/wp-content\/uploads\/sites\/17\/2022\/06\/qualita-materie-1-SPA.jpg\",\"datePublished\":\"2020-12-01T14:57:10+00:00\",\"dateModified\":\"2022-06-28T07:45:31+00:00\",\"breadcrumb\":{\"@id\":\"https:\/\/www.matildevicenzi.com\/es\/grupo\/calidad-suprema\/#breadcrumb\"},\"inLanguage\":\"es\",\"potentialAction\":[{\"@type\":\"ReadAction\",\"target\":[\"https:\/\/www.matildevicenzi.com\/es\/grupo\/calidad-suprema\/\"]}]},{\"@type\":\"ImageObject\",\"inLanguage\":\"es\",\"@id\":\"https:\/\/www.matildevicenzi.com\/es\/grupo\/calidad-suprema\/#primaryimage\",\"url\":\"https:\/\/www.matildevicenzi.com\/es\/wp-content\/uploads\/sites\/17\/2022\/06\/qualita-materie-1-SPA.jpg\",\"contentUrl\":\"https:\/\/www.matildevicenzi.com\/es\/wp-content\/uploads\/sites\/17\/2022\/06\/qualita-materie-1-SPA.jpg\",\"width\":800,\"height\":800},{\"@type\":\"BreadcrumbList\",\"@id\":\"https:\/\/www.matildevicenzi.com\/es\/grupo\/calidad-suprema\/#breadcrumb\",\"itemListElement\":[{\"@type\":\"ListItem\",\"position\":1,\"name\":\"Home\",\"item\":\"https:\/\/www.matildevicenzi.com\/es\/\"},{\"@type\":\"ListItem\",\"position\":2,\"name\":\"Grupo\",\"item\":\"https:\/\/www.matildevicenzi.com\/es\/grupo\/\"},{\"@type\":\"ListItem\",\"position\":3,\"name\":\"Calidad Suprema\"}]},{\"@type\":\"WebSite\",\"@id\":\"https:\/\/www.matildevicenzi.com\/es\/#website\",\"url\":\"https:\/\/www.matildevicenzi.com\/es\/\",\"name\":\"Matilde Vicenzi S.p.A.\",\"description\":\"Pasteler\u00eda fina italiana desde 1905\",\"publisher\":{\"@id\":\"https:\/\/www.matildevicenzi.com\/es\/#organization\"},\"potentialAction\":[{\"@type\":\"SearchAction\",\"target\":{\"@type\":\"EntryPoint\",\"urlTemplate\":\"https:\/\/www.matildevicenzi.com\/es\/?s={search_term_string}\"},\"query-input\":{\"@type\":\"PropertyValueSpecification\",\"valueRequired\":true,\"valueName\":\"search_term_string\"}}],\"inLanguage\":\"es\"},{\"@type\":\"Organization\",\"@id\":\"https:\/\/www.matildevicenzi.com\/es\/#organization\",\"name\":\"Matilde Vicenzi S.p.A.\",\"url\":\"https:\/\/www.matildevicenzi.com\/es\/\",\"logo\":{\"@type\":\"ImageObject\",\"inLanguage\":\"es\",\"@id\":\"https:\/\/www.matildevicenzi.com\/es\/#\/schema\/logo\/image\/\",\"url\":\"https:\/\/www.matildevicenzi.com\/es\/wp-content\/uploads\/sites\/17\/2023\/06\/matilde_logo_new.png\",\"contentUrl\":\"https:\/\/www.matildevicenzi.com\/es\/wp-content\/uploads\/sites\/17\/2023\/06\/matilde_logo_new.png\",\"width\":606,\"height\":606,\"caption\":\"Matilde Vicenzi S.p.A.\"},\"image\":{\"@id\":\"https:\/\/www.matildevicenzi.com\/es\/#\/schema\/logo\/image\/\"}}]}<\/script>\n<!-- \/ Yoast SEO plugin. -->","yoast_head_json":{"title":"Matilde Vicenzi Calidad Suprema","robots":{"index":"index","follow":"follow","max-snippet":"max-snippet:-1","max-image-preview":"max-image-preview:large","max-video-preview":"max-video-preview:-1"},"canonical":"https:\/\/www.matildevicenzi.com\/es\/grupo\/calidad-suprema\/","og_locale":"es_ES","og_type":"article","og_title":"Matilde Vicenzi Calidad Suprema","og_description":"El secreto para hacer pastas tan deliciosas como las de Matilde Vicenzi reside en\u00a0el uso de excelentes materias primas, seleccionadas mediante duraderas colaboraciones con proveedores hist\u00f3ricos. Estos ingredientes se mezclan a la perfecci\u00f3n seg\u00fan una antigua tradici\u00f3n italiana, para garantizar un producto de calidad suprema y obsequiar a los consumidores con una experiencia sensorial \u00fanica.\u00a0 [&hellip;]","og_url":"https:\/\/www.matildevicenzi.com\/es\/grupo\/calidad-suprema\/","og_site_name":"Matilde Vicenzi S.p.A.","article_modified_time":"2022-06-28T07:45:31+00:00","og_image":[{"url":"https:\/\/www.matildevicenzi.com\/es\/wp-content\/uploads\/sites\/17\/2022\/06\/qualita-materie-1-SPA.jpg","type":"","width":"","height":""}],"twitter_card":"summary_large_image","twitter_misc":{"Tiempo de lectura":"3 minutos"},"schema":{"@context":"https:\/\/schema.org","@graph":[{"@type":"WebPage","@id":"https:\/\/www.matildevicenzi.com\/es\/grupo\/calidad-suprema\/","url":"https:\/\/www.matildevicenzi.com\/es\/grupo\/calidad-suprema\/","name":"Matilde Vicenzi Calidad Suprema","isPartOf":{"@id":"https:\/\/www.matildevicenzi.com\/es\/#website"},"primaryImageOfPage":{"@id":"https:\/\/www.matildevicenzi.com\/es\/grupo\/calidad-suprema\/#primaryimage"},"image":{"@id":"https:\/\/www.matildevicenzi.com\/es\/grupo\/calidad-suprema\/#primaryimage"},"thumbnailUrl":"https:\/\/www.matildevicenzi.com\/es\/wp-content\/uploads\/sites\/17\/2022\/06\/qualita-materie-1-SPA.jpg","datePublished":"2020-12-01T14:57:10+00:00","dateModified":"2022-06-28T07:45:31+00:00","breadcrumb":{"@id":"https:\/\/www.matildevicenzi.com\/es\/grupo\/calidad-suprema\/#breadcrumb"},"inLanguage":"es","potentialAction":[{"@type":"ReadAction","target":["https:\/\/www.matildevicenzi.com\/es\/grupo\/calidad-suprema\/"]}]},{"@type":"ImageObject","inLanguage":"es","@id":"https:\/\/www.matildevicenzi.com\/es\/grupo\/calidad-suprema\/#primaryimage","url":"https:\/\/www.matildevicenzi.com\/es\/wp-content\/uploads\/sites\/17\/2022\/06\/qualita-materie-1-SPA.jpg","contentUrl":"https:\/\/www.matildevicenzi.com\/es\/wp-content\/uploads\/sites\/17\/2022\/06\/qualita-materie-1-SPA.jpg","width":800,"height":800},{"@type":"BreadcrumbList","@id":"https:\/\/www.matildevicenzi.com\/es\/grupo\/calidad-suprema\/#breadcrumb","itemListElement":[{"@type":"ListItem","position":1,"name":"Home","item":"https:\/\/www.matildevicenzi.com\/es\/"},{"@type":"ListItem","position":2,"name":"Grupo","item":"https:\/\/www.matildevicenzi.com\/es\/grupo\/"},{"@type":"ListItem","position":3,"name":"Calidad Suprema"}]},{"@type":"WebSite","@id":"https:\/\/www.matildevicenzi.com\/es\/#website","url":"https:\/\/www.matildevicenzi.com\/es\/","name":"Matilde Vicenzi S.p.A.","description":"Pasteler\u00eda fina italiana desde 1905","publisher":{"@id":"https:\/\/www.matildevicenzi.com\/es\/#organization"},"potentialAction":[{"@type":"SearchAction","target":{"@type":"EntryPoint","urlTemplate":"https:\/\/www.matildevicenzi.com\/es\/?s={search_term_string}"},"query-input":{"@type":"PropertyValueSpecification","valueRequired":true,"valueName":"search_term_string"}}],"inLanguage":"es"},{"@type":"Organization","@id":"https:\/\/www.matildevicenzi.com\/es\/#organization","name":"Matilde Vicenzi S.p.A.","url":"https:\/\/www.matildevicenzi.com\/es\/","logo":{"@type":"ImageObject","inLanguage":"es","@id":"https:\/\/www.matildevicenzi.com\/es\/#\/schema\/logo\/image\/","url":"https:\/\/www.matildevicenzi.com\/es\/wp-content\/uploads\/sites\/17\/2023\/06\/matilde_logo_new.png","contentUrl":"https:\/\/www.matildevicenzi.com\/es\/wp-content\/uploads\/sites\/17\/2023\/06\/matilde_logo_new.png","width":606,"height":606,"caption":"Matilde Vicenzi S.p.A."},"image":{"@id":"https:\/\/www.matildevicenzi.com\/es\/#\/schema\/logo\/image\/"}}]}},"_links":{"self":[{"href":"https:\/\/www.matildevicenzi.com\/es\/wp-json\/wp\/v2\/pages\/7924","targetHints":{"allow":["GET"]}}],"collection":[{"href":"https:\/\/www.matildevicenzi.com\/es\/wp-json\/wp\/v2\/pages"}],"about":[{"href":"https:\/\/www.matildevicenzi.com\/es\/wp-json\/wp\/v2\/types\/page"}],"author":[{"embeddable":true,"href":"https:\/\/www.matildevicenzi.com\/es\/wp-json\/wp\/v2\/users\/1"}],"replies":[{"embeddable":true,"href":"https:\/\/www.matildevicenzi.com\/es\/wp-json\/wp\/v2\/comments?post=7924"}],"version-history":[{"count":58,"href":"https:\/\/www.matildevicenzi.com\/es\/wp-json\/wp\/v2\/pages\/7924\/revisions"}],"predecessor-version":[{"id":41478,"href":"https:\/\/www.matildevicenzi.com\/es\/wp-json\/wp\/v2\/pages\/7924\/revisions\/41478"}],"up":[{"embeddable":true,"href":"https:\/\/www.matildevicenzi.com\/es\/wp-json\/wp\/v2\/pages\/7721"}],"wp:attachment":[{"href":"https:\/\/www.matildevicenzi.com\/es\/wp-json\/wp\/v2\/media?parent=7924"}],"curies":[{"name":"wp","href":"https:\/\/api.w.org\/{rel}","templated":true}]}}