{"id":8048,"date":"2020-12-11T10:26:16","date_gmt":"2020-12-11T10:26:16","guid":{"rendered":"http:\/\/matilde.kina.it\/?page_id=8048"},"modified":"2024-07-23T13:01:22","modified_gmt":"2024-07-23T13:01:22","slug":"sustainability","status":"publish","type":"page","link":"https:\/\/www.matildevicenzi.com\/es\/grupo\/sostenibilidad-y-codigo-etico\/","title":{"rendered":"Sostenibilidad"},"content":{"rendered":"<p><strong><em>Miramos a los ojos al futuro, listos para explorar nuevos \u2018mundos\u2019<\/em><\/strong><\/p>\n<p><em>Estamos mirando a los ojos al futuro. El Informe de Sustentabilidad de Vicenzi, en su cuarta edici\u00f3n, ha acompa\u00f1ado uno de los periodos hist\u00f3ricos m\u00e1s complicados del empresariado italiano desde la posguerra hasta nuestros d\u00edas. La pandemia, el cierre de fronteras, la guerra en Ucrania, las dificultades para encontrar materias primas, las subidas de precios. Sin embargo, el Grupo Vicenzi nunca ha dejado de creer que era necesario, incluso con perseverancia y sacrificio, mantener la atenci\u00f3n en los grandes temas que nos propulsar\u00e1n a las pr\u00f3ximas d\u00e9cadas. Ante todo, la sostenibilidad y el cuidado de nuestro planeta Tierra.<\/em><\/p>\n<p><em>En el centro siempre hemos puesto ideas, proyectos que he compartido con hijas y nietos, con la certeza, como subray\u00e9 en el primer Informe de Sustentabilidad hace cuatro a\u00f1os, de que \u00abtoda persona u organizaci\u00f3n debe dejar una huella positiva de su compromiso, una referencia virtuosa de comportamiento en inter\u00e9s de las generaciones futuras\u00bb.<\/em><\/p>\n<p><em>Una historia, la actual, que alg\u00fan d\u00eda estaremos orgullosos de narrar. Mirando tanto los esfuerzos realizados, como los peque\u00f1os y grandes pasos dados en nuevos \u2018planetas\u2019. Un pie tras otro, para explorar nuevos mundos. Como estamos haciendo nosotros, en busca de proyectos y actividades filantr\u00f3picas y \u00e9ticas que nos permitan ser parte activa del gran cambio que se est\u00e1 produciendo. Plantar una semilla para que el brote d\u00e9 sus frutos. Tanto en la naturaleza, porque amamos y respetamos esas materias primas que constituyen el origen de nuestro trabajo. Como en el progreso, porque nuestro intelecto est\u00e1 siempre en efervescencia, en busca de una nueva ecolog\u00eda humana, capaz de hacer sostenible la vida de las personas y del planeta. Una visi\u00f3n previsora, atenta a las prioridades de las nuevas generaciones. Un impulso propulsor que nos llevar\u00e1 a los pr\u00f3ximos a\u00f1os. El carburante ser\u00e1 de nuevo las ideas y la pasi\u00f3n, elementos que han escrito la historia de nuestra compa\u00f1\u00eda desde sus inicios.<\/em><\/p>\n<p><strong>Giuseppe Vicenzi<\/strong><\/p>\n<p>\u00a0<\/p>\n<p>\t\t\t\t\t\t\t\t\t\t\t\t\t<a href=\"https:\/\/www.matildevicenzi.com\/es\/sustainability-report-view\/\"><br \/>\n\t\t\t\t\t\t\t<img decoding=\"async\" width=\"1000\" height=\"1416\" src=\"https:\/\/www.matildevicenzi.com\/es\/wp-content\/uploads\/sites\/17\/2023\/10\/sustainability-report-2023.jpg\" alt=\"\" loading=\"lazy\" srcset=\"https:\/\/www.matildevicenzi.com\/es\/wp-content\/uploads\/sites\/17\/2023\/10\/sustainability-report-2023.jpg 1000w, https:\/\/www.matildevicenzi.com\/es\/wp-content\/uploads\/sites\/17\/2023\/10\/sustainability-report-2023-640x906.jpg 640w, https:\/\/www.matildevicenzi.com\/es\/wp-content\/uploads\/sites\/17\/2023\/10\/sustainability-report-2023-768x1087.jpg 768w\" sizes=\"auto, (max-width: 1000px) 100vw, 1000px\" \/>\t\t\t\t\t\t\t\t<\/a><\/p>\n<p style=\"text-align: center;\">Click the image to view PDF<\/p>\n<h2>C\u00f3digo \u00e9tico<\/h2>\n<p style=\"text-align: center;\">Puedes encontrar la \u00faltima edici\u00f3n de nuestro C\u00f3digo \u00e9tico aqu\u00ed<\/p>\n<p>\t\t\t<a href=\"https:\/\/www.matildevicenzi.com\/es\/wp-content\/uploads\/sites\/17\/2024\/06\/Ethical-Code-Vicenzi.pdf\" target=\"_blank\" role=\"button\" rel=\"noopener\"><br \/>\n\t\t\t\t\t\tDESCARGAR C\u00d3DIGO \u00c9TICO<br \/>\n\t\t\t\t\t<\/a><\/p>\n","protected":false},"excerpt":{"rendered":"<p>Miramos a los ojos al futuro, listos para explorar nuevos \u2018mundos\u2019 Estamos mirando a los ojos al futuro. El Informe de Sustentabilidad de Vicenzi, en su cuarta edici\u00f3n, ha acompa\u00f1ado uno de los periodos hist\u00f3ricos m\u00e1s complicados del empresariado italiano desde la posguerra hasta nuestros d\u00edas. La pandemia, el cierre de fronteras, la guerra en [&hellip;]<\/p>\n","protected":false},"author":1,"featured_media":0,"parent":7721,"menu_order":0,"comment_status":"closed","ping_status":"closed","template":"","meta":{"_acf_changed":false,"inline_featured_image":false,"footnotes":""},"class_list":["post-8048","page","type-page","status-publish","hentry"],"acf":[],"yoast_head":"<!-- This site is optimized with the Yoast SEO plugin v26.2 - https:\/\/yoast.com\/wordpress\/plugins\/seo\/ -->\n<title>Matilde Vicenzi Sostenibilidad<\/title>\n<meta name=\"robots\" content=\"index, follow, max-snippet:-1, max-image-preview:large, max-video-preview:-1\" \/>\n<link rel=\"canonical\" href=\"https:\/\/www.matildevicenzi.com\/es\/grupo\/sostenibilidad-y-codigo-etico\/\" \/>\n<meta property=\"og:locale\" content=\"es_ES\" \/>\n<meta property=\"og:type\" content=\"article\" \/>\n<meta property=\"og:title\" content=\"Matilde Vicenzi Sostenibilidad\" \/>\n<meta property=\"og:description\" content=\"Miramos a los ojos al futuro, listos para explorar nuevos \u2018mundos\u2019 Estamos mirando a los ojos al futuro. El Informe de Sustentabilidad de Vicenzi, en su cuarta edici\u00f3n, ha acompa\u00f1ado uno de los periodos hist\u00f3ricos m\u00e1s complicados del empresariado italiano desde la posguerra hasta nuestros d\u00edas. La pandemia, el cierre de fronteras, la guerra en [&hellip;]\" \/>\n<meta property=\"og:url\" content=\"https:\/\/www.matildevicenzi.com\/es\/grupo\/sostenibilidad-y-codigo-etico\/\" \/>\n<meta property=\"og:site_name\" content=\"Matilde Vicenzi S.p.A.\" \/>\n<meta property=\"article:modified_time\" content=\"2024-07-23T13:01:22+00:00\" \/>\n<meta property=\"og:image\" content=\"https:\/\/www.matildevicenzi.com\/es\/wp-content\/uploads\/sites\/17\/2023\/10\/sustainability-report-2023.jpg\" \/>\n<meta name=\"twitter:card\" content=\"summary_large_image\" \/>\n<meta name=\"twitter:label1\" content=\"Tiempo de lectura\" \/>\n\t<meta name=\"twitter:data1\" content=\"2 minutos\" \/>\n<script type=\"application\/ld+json\" class=\"yoast-schema-graph\">{\"@context\":\"https:\/\/schema.org\",\"@graph\":[{\"@type\":\"WebPage\",\"@id\":\"https:\/\/www.matildevicenzi.com\/es\/grupo\/sostenibilidad-y-codigo-etico\/\",\"url\":\"https:\/\/www.matildevicenzi.com\/es\/grupo\/sostenibilidad-y-codigo-etico\/\",\"name\":\"Matilde Vicenzi Sostenibilidad\",\"isPartOf\":{\"@id\":\"https:\/\/www.matildevicenzi.com\/es\/#website\"},\"primaryImageOfPage\":{\"@id\":\"https:\/\/www.matildevicenzi.com\/es\/grupo\/sostenibilidad-y-codigo-etico\/#primaryimage\"},\"image\":{\"@id\":\"https:\/\/www.matildevicenzi.com\/es\/grupo\/sostenibilidad-y-codigo-etico\/#primaryimage\"},\"thumbnailUrl\":\"https:\/\/www.matildevicenzi.com\/es\/wp-content\/uploads\/sites\/17\/2023\/10\/sustainability-report-2023.jpg\",\"datePublished\":\"2020-12-11T10:26:16+00:00\",\"dateModified\":\"2024-07-23T13:01:22+00:00\",\"breadcrumb\":{\"@id\":\"https:\/\/www.matildevicenzi.com\/es\/grupo\/sostenibilidad-y-codigo-etico\/#breadcrumb\"},\"inLanguage\":\"es\",\"potentialAction\":[{\"@type\":\"ReadAction\",\"target\":[\"https:\/\/www.matildevicenzi.com\/es\/grupo\/sostenibilidad-y-codigo-etico\/\"]}]},{\"@type\":\"ImageObject\",\"inLanguage\":\"es\",\"@id\":\"https:\/\/www.matildevicenzi.com\/es\/grupo\/sostenibilidad-y-codigo-etico\/#primaryimage\",\"url\":\"https:\/\/www.matildevicenzi.com\/es\/wp-content\/uploads\/sites\/17\/2023\/10\/sustainability-report-2023.jpg\",\"contentUrl\":\"https:\/\/www.matildevicenzi.com\/es\/wp-content\/uploads\/sites\/17\/2023\/10\/sustainability-report-2023.jpg\",\"width\":1000,\"height\":1416},{\"@type\":\"BreadcrumbList\",\"@id\":\"https:\/\/www.matildevicenzi.com\/es\/grupo\/sostenibilidad-y-codigo-etico\/#breadcrumb\",\"itemListElement\":[{\"@type\":\"ListItem\",\"position\":1,\"name\":\"Home\",\"item\":\"https:\/\/www.matildevicenzi.com\/es\/\"},{\"@type\":\"ListItem\",\"position\":2,\"name\":\"Grupo\",\"item\":\"https:\/\/www.matildevicenzi.com\/es\/grupo\/\"},{\"@type\":\"ListItem\",\"position\":3,\"name\":\"Sostenibilidad\"}]},{\"@type\":\"WebSite\",\"@id\":\"https:\/\/www.matildevicenzi.com\/es\/#website\",\"url\":\"https:\/\/www.matildevicenzi.com\/es\/\",\"name\":\"Matilde Vicenzi S.p.A.\",\"description\":\"Pasteler\u00eda fina italiana desde 1905\",\"publisher\":{\"@id\":\"https:\/\/www.matildevicenzi.com\/es\/#organization\"},\"potentialAction\":[{\"@type\":\"SearchAction\",\"target\":{\"@type\":\"EntryPoint\",\"urlTemplate\":\"https:\/\/www.matildevicenzi.com\/es\/?s={search_term_string}\"},\"query-input\":{\"@type\":\"PropertyValueSpecification\",\"valueRequired\":true,\"valueName\":\"search_term_string\"}}],\"inLanguage\":\"es\"},{\"@type\":\"Organization\",\"@id\":\"https:\/\/www.matildevicenzi.com\/es\/#organization\",\"name\":\"Matilde Vicenzi S.p.A.\",\"url\":\"https:\/\/www.matildevicenzi.com\/es\/\",\"logo\":{\"@type\":\"ImageObject\",\"inLanguage\":\"es\",\"@id\":\"https:\/\/www.matildevicenzi.com\/es\/#\/schema\/logo\/image\/\",\"url\":\"https:\/\/www.matildevicenzi.com\/es\/wp-content\/uploads\/sites\/17\/2023\/06\/matilde_logo_new.png\",\"contentUrl\":\"https:\/\/www.matildevicenzi.com\/es\/wp-content\/uploads\/sites\/17\/2023\/06\/matilde_logo_new.png\",\"width\":606,\"height\":606,\"caption\":\"Matilde Vicenzi S.p.A.\"},\"image\":{\"@id\":\"https:\/\/www.matildevicenzi.com\/es\/#\/schema\/logo\/image\/\"}}]}<\/script>\n<!-- \/ Yoast SEO plugin. -->","yoast_head_json":{"title":"Matilde Vicenzi Sostenibilidad","robots":{"index":"index","follow":"follow","max-snippet":"max-snippet:-1","max-image-preview":"max-image-preview:large","max-video-preview":"max-video-preview:-1"},"canonical":"https:\/\/www.matildevicenzi.com\/es\/grupo\/sostenibilidad-y-codigo-etico\/","og_locale":"es_ES","og_type":"article","og_title":"Matilde Vicenzi Sostenibilidad","og_description":"Miramos a los ojos al futuro, listos para explorar nuevos \u2018mundos\u2019 Estamos mirando a los ojos al futuro. El Informe de Sustentabilidad de Vicenzi, en su cuarta edici\u00f3n, ha acompa\u00f1ado uno de los periodos hist\u00f3ricos m\u00e1s complicados del empresariado italiano desde la posguerra hasta nuestros d\u00edas. La pandemia, el cierre de fronteras, la guerra en [&hellip;]","og_url":"https:\/\/www.matildevicenzi.com\/es\/grupo\/sostenibilidad-y-codigo-etico\/","og_site_name":"Matilde Vicenzi S.p.A.","article_modified_time":"2024-07-23T13:01:22+00:00","og_image":[{"url":"https:\/\/www.matildevicenzi.com\/es\/wp-content\/uploads\/sites\/17\/2023\/10\/sustainability-report-2023.jpg","type":"","width":"","height":""}],"twitter_card":"summary_large_image","twitter_misc":{"Tiempo de lectura":"2 minutos"},"schema":{"@context":"https:\/\/schema.org","@graph":[{"@type":"WebPage","@id":"https:\/\/www.matildevicenzi.com\/es\/grupo\/sostenibilidad-y-codigo-etico\/","url":"https:\/\/www.matildevicenzi.com\/es\/grupo\/sostenibilidad-y-codigo-etico\/","name":"Matilde Vicenzi Sostenibilidad","isPartOf":{"@id":"https:\/\/www.matildevicenzi.com\/es\/#website"},"primaryImageOfPage":{"@id":"https:\/\/www.matildevicenzi.com\/es\/grupo\/sostenibilidad-y-codigo-etico\/#primaryimage"},"image":{"@id":"https:\/\/www.matildevicenzi.com\/es\/grupo\/sostenibilidad-y-codigo-etico\/#primaryimage"},"thumbnailUrl":"https:\/\/www.matildevicenzi.com\/es\/wp-content\/uploads\/sites\/17\/2023\/10\/sustainability-report-2023.jpg","datePublished":"2020-12-11T10:26:16+00:00","dateModified":"2024-07-23T13:01:22+00:00","breadcrumb":{"@id":"https:\/\/www.matildevicenzi.com\/es\/grupo\/sostenibilidad-y-codigo-etico\/#breadcrumb"},"inLanguage":"es","potentialAction":[{"@type":"ReadAction","target":["https:\/\/www.matildevicenzi.com\/es\/grupo\/sostenibilidad-y-codigo-etico\/"]}]},{"@type":"ImageObject","inLanguage":"es","@id":"https:\/\/www.matildevicenzi.com\/es\/grupo\/sostenibilidad-y-codigo-etico\/#primaryimage","url":"https:\/\/www.matildevicenzi.com\/es\/wp-content\/uploads\/sites\/17\/2023\/10\/sustainability-report-2023.jpg","contentUrl":"https:\/\/www.matildevicenzi.com\/es\/wp-content\/uploads\/sites\/17\/2023\/10\/sustainability-report-2023.jpg","width":1000,"height":1416},{"@type":"BreadcrumbList","@id":"https:\/\/www.matildevicenzi.com\/es\/grupo\/sostenibilidad-y-codigo-etico\/#breadcrumb","itemListElement":[{"@type":"ListItem","position":1,"name":"Home","item":"https:\/\/www.matildevicenzi.com\/es\/"},{"@type":"ListItem","position":2,"name":"Grupo","item":"https:\/\/www.matildevicenzi.com\/es\/grupo\/"},{"@type":"ListItem","position":3,"name":"Sostenibilidad"}]},{"@type":"WebSite","@id":"https:\/\/www.matildevicenzi.com\/es\/#website","url":"https:\/\/www.matildevicenzi.com\/es\/","name":"Matilde Vicenzi S.p.A.","description":"Pasteler\u00eda fina italiana desde 1905","publisher":{"@id":"https:\/\/www.matildevicenzi.com\/es\/#organization"},"potentialAction":[{"@type":"SearchAction","target":{"@type":"EntryPoint","urlTemplate":"https:\/\/www.matildevicenzi.com\/es\/?s={search_term_string}"},"query-input":{"@type":"PropertyValueSpecification","valueRequired":true,"valueName":"search_term_string"}}],"inLanguage":"es"},{"@type":"Organization","@id":"https:\/\/www.matildevicenzi.com\/es\/#organization","name":"Matilde Vicenzi S.p.A.","url":"https:\/\/www.matildevicenzi.com\/es\/","logo":{"@type":"ImageObject","inLanguage":"es","@id":"https:\/\/www.matildevicenzi.com\/es\/#\/schema\/logo\/image\/","url":"https:\/\/www.matildevicenzi.com\/es\/wp-content\/uploads\/sites\/17\/2023\/06\/matilde_logo_new.png","contentUrl":"https:\/\/www.matildevicenzi.com\/es\/wp-content\/uploads\/sites\/17\/2023\/06\/matilde_logo_new.png","width":606,"height":606,"caption":"Matilde Vicenzi S.p.A."},"image":{"@id":"https:\/\/www.matildevicenzi.com\/es\/#\/schema\/logo\/image\/"}}]}},"_links":{"self":[{"href":"https:\/\/www.matildevicenzi.com\/es\/wp-json\/wp\/v2\/pages\/8048","targetHints":{"allow":["GET"]}}],"collection":[{"href":"https:\/\/www.matildevicenzi.com\/es\/wp-json\/wp\/v2\/pages"}],"about":[{"href":"https:\/\/www.matildevicenzi.com\/es\/wp-json\/wp\/v2\/types\/page"}],"author":[{"embeddable":true,"href":"https:\/\/www.matildevicenzi.com\/es\/wp-json\/wp\/v2\/users\/1"}],"replies":[{"embeddable":true,"href":"https:\/\/www.matildevicenzi.com\/es\/wp-json\/wp\/v2\/comments?post=8048"}],"version-history":[{"count":96,"href":"https:\/\/www.matildevicenzi.com\/es\/wp-json\/wp\/v2\/pages\/8048\/revisions"}],"predecessor-version":[{"id":41481,"href":"https:\/\/www.matildevicenzi.com\/es\/wp-json\/wp\/v2\/pages\/8048\/revisions\/41481"}],"up":[{"embeddable":true,"href":"https:\/\/www.matildevicenzi.com\/es\/wp-json\/wp\/v2\/pages\/7721"}],"wp:attachment":[{"href":"https:\/\/www.matildevicenzi.com\/es\/wp-json\/wp\/v2\/media?parent=8048"}],"curies":[{"name":"wp","href":"https:\/\/api.w.org\/{rel}","templated":true}]}}